{"id":2759,"date":"2022-08-14T17:02:46","date_gmt":"2022-08-14T22:02:46","guid":{"rendered":"https:\/\/liversurgeryny.com\/?page_id=2759"},"modified":"2024-01-22T11:13:11","modified_gmt":"2024-01-22T16:13:11","slug":"chirurgie-du-cancer-du-foie-chirurgien-du-cancer-du-foie-a-nyc","status":"publish","type":"page","link":"https:\/\/liversurgeryny.com\/fr\/meilleur-chirurgien-du-foie-et-des-voies-biliaires-a-new-york\/chirurgie-du-cancer-du-foie-chirurgien-du-cancer-du-foie-a-nyc\/","title":{"rendered":"Chirurgie du cancer du foie: Chirurgien du cancer du foie \u00e0 NYC"},"content":{"rendered":"<p>Le Dr Dmitri Alden r\u00e9alise plus de 200 interventions chirurgicales du foie et des voies biliaires chaque ann\u00e9e pour des patients du monde entier, y compris les \u00c9tats-Unis, le Canada, la Colombie, le Mexique, le Panama, le Qatar, l&rsquo;Arabie saoudite, les \u00c9mirats arabes unis\/Duba\u00ef, le Royaume-Uni et d&rsquo;autres pays.<\/p>\n<p>Le chirurgien du cancer du foie de premier plan \u00e0 NYC propose un programme de chirurgie h\u00e9patique sur mesure, multidisciplinaire et hautement sp\u00e9cialis\u00e9 d\u00e9di\u00e9 au <a href=\"https:\/\/liversurgeryny.com\/fr\/meilleur-chirurgien-du-foie-et-des-voies-biliaires-a-new-york\/\">traitement des adultes et des enfants atteints de toutes les \u00e9tapes des maladies du foie<\/a>, y compris le cancer du foie. Le Dr Alden offre des services complets et personnalis\u00e9s de pointe, comprenant des tests diagnostiques, des traitements m\u00e9dicaux, des interventions chirurgicales du foie, des transplantations h\u00e9patiques, ainsi qu&rsquo;un soutien avant et apr\u00e8s le traitement.<\/p>\n<p>Le Dr Alden dirige une pratique tr\u00e8s sp\u00e9cialis\u00e9e et ultramoderne d\u00e9di\u00e9e exclusivement aux traitements du cancer (foie, voies biliaires, ovaire et pancr\u00e9as). Il a r\u00e9alis\u00e9 plus de 6,000 interventions au cours des 20 derni\u00e8res ann\u00e9es. Le Dr Alden a \u00e9t\u00e9 reconnu comme l&rsquo;un des 100 meilleurs chirurgiens am\u00e9ricains (Conseil de recherche des consommateurs am\u00e9ricains) pour ses r\u00e9alisations en tant que sp\u00e9cialiste et est tr\u00e8s appr\u00e9ci\u00e9 par ses patients pour son \u00ab\u00a0coup d&rsquo;\u0153il\u00a0\u00bb attentionn\u00e9. Le Dr Alden poss\u00e8de une vaste exp\u00e9rience dans les interventions traditionnelles sur le foie et le pancr\u00e9as, ainsi qu&rsquo;une formation et une exp\u00e9rience sp\u00e9cialis\u00e9es approfondies dans la r\u00e9alisation de chirurgies du cancer du foie et du cancer du pancr\u00e9as par laparoscopie et robotique, offrant ainsi une gu\u00e9rison rapide, un r\u00e9tablissement rapide, un s\u00e9jour hospitalier court, un acc\u00e8s plus rapide aux traitements suppl\u00e9mentaires n\u00e9cessaires et un excellent r\u00e9sultat esth\u00e9tique.<\/p>\n<ul>\n<li>Les patients et les professionnels de la sant\u00e9 des \u00c9tats-Unis et du monde entier recherchent les traitements sp\u00e9cialis\u00e9s de pointe du Dr Alden pour le cancer du foie, ainsi que ses services, notamment sa gestion chirurgicale experte des conditions uniques des patients.<\/li>\n<li>Les patients r\u00e9f\u00e9r\u00e9s au Dr. Alden ont acc\u00e8s \u00e0 une vaste gamme de sp\u00e9cialistes qui font partie des meilleurs dans leur domaine dans le pays (et \u00e9ventuellement dans le monde).<\/li>\n<\/ul>\n<h2>Chirurgie du cancer du foie: Carcinome h\u00e9patocellulaire (CHC) \/ Cancer primitif du foie &#8211; Chirurgien oncologue \u00e0 NYC<\/h2>\n<blockquote><p>Chirurgien du cancer du foie de premier plan \u00e0 New York (bureaux \u00e0 NYC et dans l&rsquo;\u00c9tat de New York). L&rsquo;un des hommes les plus intelligents que j&rsquo;aie jamais rencontr\u00e9s. Il a sauv\u00e9 la vie de mon p\u00e8re. Je ne peux donner aucune recommandation plus \u00e9lev\u00e9e que de dire qu&rsquo;il excelle dans son domaine et que ma famille lui est \u00e9ternellement reconnaissante. Vous \u00eates un chirurgien brillant, merveilleux et comp\u00e9tent, Dr Dmitri Alden. C&rsquo;\u00e9tait vraiment une b\u00e9n\u00e9diction que nous vous ayons trouv\u00e9. Merci, merci, merci!<br \/>\n<strong>~ Google<\/strong><\/p><\/blockquote>\n<p>Le carcinome h\u00e9patocellulaire (CHC) ou cancer primitif du foie est une tumeur qui prend naissance dans le foie. Le CHC ou cancer primitif du foie n&rsquo;est pas une m\u00e9tastase provenant d&rsquo;autres sites et s&rsquo;\u00e9tant propag\u00e9e au foie. Cette tumeur est une complication courante de la cirrhose du foie. La grande majorit\u00e9 des patients atteints de ces tumeurs aux \u00c9tats-Unis ont une h\u00e9patite C ou une cirrhose alcoolique, qui est la principale cause de leur CHC\/cancer du foie. En revanche, en Asie du Sud-Est, l&rsquo;h\u00e9patite B est la cause la plus fr\u00e9quente du CHC.<\/p>\n<p>Il est tr\u00e8s important pour le chirurgien du cancer du foie \u00e0 NYC de d\u00e9terminer la cause du CHC\/cancer primitif du foie chez chaque patient, car la tumeur se comporte tr\u00e8s diff\u00e9remment et a un sch\u00e9ma de propagation et des complications diff\u00e9rents en fonction de la maladie h\u00e9patique sous-jacente. Le CHC repr\u00e9sente 95% des cancers primitifs du foie et est l&rsquo;un des cancers les plus courants. L&rsquo;incidence du CHC\/cancer du foie a plus que doubl\u00e9 au cours des 20 derni\u00e8res ann\u00e9es et, avec le vieillissement des \u00ab\u00a0baby boomers\u00a0\u00bb, les taux de cancer du foie continueront probablement d&rsquo;augmenter. Actuellement, 3.9 million de personnes aux \u00c9tats-Unis sont infect\u00e9es par l&rsquo;h\u00e9patite C, et beaucoup d&rsquo;entre elles d\u00e9velopperont un CHC.<\/p>\n<p><strong>Veuillez noter:<\/strong> Le Dr Alden accepte les assurances et accepte \u00e9galement les avantages complets des assurances hors r\u00e9seau (nous contacterons votre compagnie d&rsquo;assurance et les soumettrons pour vous). Vous b\u00e9n\u00e9ficierez du luxe et des avantages de la m\u00e9decine acad\u00e9mique dans un environnement de conciergerie de premier plan, sans les tracas des longs temps d&rsquo;attente en salle d&rsquo;attente \u00e0 l&rsquo;h\u00f4pital et de la paperasserie. La plupart des polices remboursent aux patients la plupart des co\u00fbts de la chirurgie. Notre coordinateur chirurgical vous aidera \u00e0 obtenir un devis.<\/p>\n<h2>Diagnostic du carcinome h\u00e9patocellulaire (CHC) \/ Cancer primitif du foie<\/h2>\n<p>Le diagnostic r\u00e9alis\u00e9 par le chirurgien du cancer du foie de classe mondiale est g\u00e9n\u00e9ralement \u00e9tabli par des \u00e9tudes d&rsquo;imagerie telles que l&rsquo;\u00e9chographie, la tomodensitom\u00e9trie (CT scan) ou l&rsquo;IRM, qui montreront une masse dans le foie. L&rsquo;\u00e9chographie est un excellent outil pour le d\u00e9pistage initial du cancer du foie et d\u00e9tecte 93% des tumeurs de CHC. Si une \u00e9chographie est r\u00e9alis\u00e9e r\u00e9guli\u00e8rement tous les 5-6 mois par un \u00e9chographiste qualifi\u00e9, elle d\u00e9tectera pratiquement toute tumeur jusqu&rsquo;\u00e0 3 cm. La tomodensitom\u00e9trie ou l&rsquo;IRM r\u00e9alis\u00e9e pendant que le produit de contraste \u00ab\u00a0teint\u00e9\u00a0\u00bb circule dans les art\u00e8res du foie montrera \u00e9galement une tumeur. Sans produit de contraste, il est tr\u00e8s difficile de distinguer cette tumeur d&rsquo;un foie normal. La tomodensitom\u00e9trie et l&rsquo;IRM sont toutes deux utiles pour poser un diagnostic et sont des outils essentiels dans la planification du traitement.<\/p>\n<p>Un autre outil extr\u00eamement important dans le d\u00e9pistage et le suivi du CHC est un marqueur tumoral appel\u00e9 l&rsquo;alpha-f\u0153toprot\u00e9ine (AFP). Toute personne atteinte d&rsquo;une maladie du foie doit faire v\u00e9rifier r\u00e9guli\u00e8rement ses taux d&rsquo;AFP. Chez les patients atteints d&rsquo;h\u00e9patite C, le taux d&rsquo;AFP peut augmenter et diminuer de temps en temps, mais un taux \u00e9lev\u00e9 est une cause imm\u00e9diate d&rsquo;une \u00e9tude d&rsquo;imagerie. Le CHC ne produit pas toujours des taux \u00e9lev\u00e9s d&rsquo;AFP, mais des taux tr\u00e8s \u00e9lev\u00e9s d&rsquo;AFP chez un patient atteint de cirrhose alcoolique ou d&rsquo;h\u00e9patite C signifient presque toujours que le patient a un CHC. Seuls 65% des CHC chez les patients atteints de cirrhose alcoolique et environ 75% chez les patients atteints d&rsquo;h\u00e9patite C pr\u00e9sentent des taux \u00e9lev\u00e9s d&rsquo;AFP. En revanche, 93% des patients infect\u00e9s par les deux h\u00e9patites B et C auront des taux \u00e9lev\u00e9s d&rsquo;AFP. Le CHC originaire d&rsquo;un foie normal est extr\u00eamement rare, et seuls 33% de ces patients auront des taux \u00e9lev\u00e9s d&rsquo;AFP.<\/p>\n<h2>Traitement du carcinome h\u00e9patocellulaire (CHC) \/ Cancer primitif du foie<\/h2>\n<p>Le traitement oncologique chirurgical du CHC\/cancer primitif du foie est complexe et n\u00e9cessite une approche multispecialis\u00e9e. La gestion de la tumeur doit \u00eatre envisag\u00e9e en m\u00eame temps que le traitement de toute h\u00e9patite C sous-jacente, de la cirrhose, de l&rsquo;hypertension portale, de l&rsquo;ascite ou des varices \u0153sophagiennes. Le traitement comprend la r\u00e9section du foie, l&rsquo;ablation par micro-ondes (MWA), l&#8217;embolisation art\u00e9rielle et la chimiembolisation, la chimioth\u00e9rapie m\u00e9dicale et la transplantation h\u00e9patique. Les d\u00e9cisions th\u00e9rapeutiques sont g\u00e9n\u00e9ralement bas\u00e9es sur le nombre de tumeurs, leur taille et leur emplacement (qu&rsquo;il s&rsquo;agisse d&rsquo;une concentration dans un lobe du foie ou des deux lobes).<\/p>\n<p>Diff\u00e9rentes opinions existent sur ce qui est pr\u00e9f\u00e9rable pour le CHC: la r\u00e9section du foie ou la transplantation h\u00e9patique, et c&rsquo;est un sujet de d\u00e9bat continu. De nombreux facteurs, tels que l&rsquo;\u00e9tat de la maladie h\u00e9patique sous-jacente, jouent un r\u00f4le dans le processus d\u00e9cisionnel. Dans le monde de la transplantation h\u00e9patique chirurgicale, le \u00ab\u00a0crit\u00e8re de Milan\u00a0\u00bb est le \u00ab\u00a0gold standard\u00a0\u00bb pour l&rsquo;\u00e9ligibilit\u00e9 \u00e0 la transplantation h\u00e9patique. En utilisant le crit\u00e8re de Milan, un patient est s\u00e9lectionn\u00e9 pour la transplantation s&rsquo;il a une tumeur de 5 cm de diam\u00e8tre ou moins, ou 2 \u00e0 3 tumeurs de 3 cm de diam\u00e8tre ou moins.<\/p>\n<p>Selon l&rsquo;avis du chirurgien du cancer du foie \u00e0 NYC, pour le CHC chez un patient pr\u00e9sentant un bon \u00e9tat de sant\u00e9, sans ascite et avec un bon score MELD, la r\u00e9section du foie est le traitement de choix. MELD signifie \u00ab\u00a0Model for End-Stage Liver Disease\u00a0\u00bb et est un syst\u00e8me de notation pour \u00e9valuer la gravit\u00e9 de la maladie h\u00e9patique chronique.<\/p>\n<p>La r\u00e9section peut \u00eatre effectu\u00e9e presque imm\u00e9diatement apr\u00e8s le diagnostic du cancer du foie sans le long d\u00e9lai d&rsquo;attente pour une transplantation h\u00e9patique, \u00e9vitant ainsi le risque de progression de la maladie h\u00e9patique. Parmi les patients atteints de CHC qui d\u00e9cident d&rsquo;attendre une transplantation h\u00e9patique, la tumeur progresse de 30%, et ces patients peuvent finalement devenir in\u00e9ligibles \u00e0 la fois pour la r\u00e9section du foie et la transplantation.<\/p>\n<p>Et si la r\u00e9section du foie n&rsquo;est pas possible? Dans ce cas, l&rsquo;ablation par micro-ondes (MWA) peu invasive et l&#8217;embolisation ou la chimiembolisation art\u00e9rielle sont d&rsquo;excellents choix. L&rsquo;ablation par micro-ondes (MWA) d\u00e9truit les cellules tumorales, et l&#8217;embolisation coupe l&rsquo;approvisionnement sanguin art\u00e9riel de la tumeur. Je crois fermement qu&rsquo;une combinaison de ces deux modalit\u00e9s offre d&rsquo;excellents r\u00e9sultats.<\/p>\n<p>Pour plus d&rsquo;informations sur la chirurgie du cancer du foie: Carcinome h\u00e9patocellulaire (CHC) \/ Cancer primitif du foie ou pour une consultation avec le chirurgien du cancer du foie, veuillez contacter le chirurgien oncologue du foie, du pancr\u00e9as et des voies biliaires \u00e0 NYC, Dmitri Alden, MD, FACS, d\u00e8s aujourd&rsquo;hui en appelant son bureau \u00e0 NYC au <a href=\"tel:2124346216\" class=\"phone_anchor \" aria-label=\"Appelez-nous (212) 434-6216\" dir=\"ltr\"> (212) 434-6216<\/a> ou en <a href=\"https:\/\/liversurgeryny.com\/fr\/contactez-nous\/\">nous contactant en ligne<\/a>.<\/p>\n","protected":false},"excerpt":{"rendered":"<p>Le Dr Dmitri Alden r\u00e9alise plus de 200 interventions chirurgicales du foie et des voies biliaires chaque ann\u00e9e pour des patients du monde entier, y compris les \u00c9tats-Unis, le Canada, la Colombie, le Mexique, le Panama, le Qatar, l&rsquo;Arabie saoudite, les \u00c9mirats arabes unis\/Duba\u00ef, le Royaume-Uni et d&rsquo;autres pays. Le chirurgien du cancer du foie&hellip; <a href=\"https:\/\/liversurgeryny.com\/fr\/meilleur-chirurgien-du-foie-et-des-voies-biliaires-a-new-york\/chirurgie-du-cancer-du-foie-chirurgien-du-cancer-du-foie-a-nyc\/\" class=\"btn btn-outline-primary  more-link d-none\">Continuer la lecture<\/a><\/p>\n","protected":false},"author":1,"featured_media":0,"parent":2587,"menu_order":0,"comment_status":"closed","ping_status":"closed","template":"","meta":{"_acf_changed":false,"footnotes":""},"class_list":["post-2759","page","type-page","status-publish"],"acf":[],"yoast_head":"<!-- This site is optimized with the Yoast SEO plugin v26.6 - https:\/\/yoast.com\/wordpress\/plugins\/seo\/ -->\n<title>Chirurgien de Pointe pour le Cancer du Foie \u00e0 NYC: Dr. Dmitri Alden, MD - Chirurgie H\u00e9patique Expert<\/title>\n<meta name=\"description\" content=\"D\u00e9couvrez la chirurgie de pointe du cancer du foie avec le Dr Dmitri Alden, MD, un sp\u00e9cialiste de premier plan \u00e0 NYC. Fort de plus de 20 ans d&#039;expertise, le Dr Alden propose des traitements personnalis\u00e9s et avanc\u00e9s, notamment la r\u00e9section du foie, la transplantation et des proc\u00e9dures laparoscopiques. B\u00e9n\u00e9ficiez de soins de premier ordre pour le carcinome h\u00e9patocellulaire et le cancer primitif du foie, garantissant des services complets et une r\u00e9cup\u00e9ration rapide. Contactez notre bureau \u00e0 NYC pour une consultation avec l&#039;un des 100 meilleurs chirurgiens am\u00e9ricains, reconnu pour des r\u00e9sultats exceptionnels et des soins attentionn\u00e9s envers les patients.\" \/>\n<meta name=\"robots\" content=\"index, follow, max-snippet:-1, max-image-preview:large, max-video-preview:-1\" \/>\n<link rel=\"canonical\" href=\"https:\/\/liversurgeryny.com\/fr\/meilleur-chirurgien-du-foie-et-des-voies-biliaires-a-new-york\/chirurgie-du-cancer-du-foie-chirurgien-du-cancer-du-foie-a-nyc\/\" \/>\n<meta property=\"og:locale\" content=\"fr_FR\" \/>\n<meta property=\"og:type\" content=\"article\" \/>\n<meta property=\"og:title\" content=\"Chirurgien de Pointe pour le Cancer du Foie \u00e0 NYC: Dr. Dmitri Alden, MD - Chirurgie H\u00e9patique Expert\" \/>\n<meta property=\"og:description\" content=\"D\u00e9couvrez la chirurgie de pointe du cancer du foie avec le Dr Dmitri Alden, MD, un sp\u00e9cialiste de premier plan \u00e0 NYC. Fort de plus de 20 ans d&#039;expertise, le Dr Alden propose des traitements personnalis\u00e9s et avanc\u00e9s, notamment la r\u00e9section du foie, la transplantation et des proc\u00e9dures laparoscopiques. B\u00e9n\u00e9ficiez de soins de premier ordre pour le carcinome h\u00e9patocellulaire et le cancer primitif du foie, garantissant des services complets et une r\u00e9cup\u00e9ration rapide. Contactez notre bureau \u00e0 NYC pour une consultation avec l&#039;un des 100 meilleurs chirurgiens am\u00e9ricains, reconnu pour des r\u00e9sultats exceptionnels et des soins attentionn\u00e9s envers les patients.\" \/>\n<meta property=\"og:url\" content=\"https:\/\/liversurgeryny.com\/fr\/meilleur-chirurgien-du-foie-et-des-voies-biliaires-a-new-york\/chirurgie-du-cancer-du-foie-chirurgien-du-cancer-du-foie-a-nyc\/\" \/>\n<meta property=\"og:site_name\" content=\"Dmitri Alden, MD, FACS\" \/>\n<meta property=\"article:modified_time\" content=\"2024-01-22T16:13:11+00:00\" \/>\n<meta property=\"og:image\" content=\"https:\/\/liversurgeryny.com\/wp-content\/uploads\/2022\/09\/background-2.jpg\" \/>\n<meta name=\"twitter:card\" content=\"summary_large_image\" \/>\n<meta name=\"twitter:image\" content=\"https:\/\/liversurgeryny.com\/wp-content\/uploads\/2022\/09\/background-2.jpg\" \/>\n<meta name=\"twitter:label1\" content=\"Dur\u00e9e de lecture estim\u00e9e\" \/>\n\t<meta name=\"twitter:data1\" content=\"7 minutes\" \/>\n<!-- \/ Yoast SEO plugin. -->","yoast_head_json":{"title":"Chirurgien de Pointe pour le Cancer du Foie \u00e0 NYC: Dr. Dmitri Alden, MD - Chirurgie H\u00e9patique Expert","description":"D\u00e9couvrez la chirurgie de pointe du cancer du foie avec le Dr Dmitri Alden, MD, un sp\u00e9cialiste de premier plan \u00e0 NYC. Fort de plus de 20 ans d'expertise, le Dr Alden propose des traitements personnalis\u00e9s et avanc\u00e9s, notamment la r\u00e9section du foie, la transplantation et des proc\u00e9dures laparoscopiques. B\u00e9n\u00e9ficiez de soins de premier ordre pour le carcinome h\u00e9patocellulaire et le cancer primitif du foie, garantissant des services complets et une r\u00e9cup\u00e9ration rapide. Contactez notre bureau \u00e0 NYC pour une consultation avec l'un des 100 meilleurs chirurgiens am\u00e9ricains, reconnu pour des r\u00e9sultats exceptionnels et des soins attentionn\u00e9s envers les patients.","robots":{"index":"index","follow":"follow","max-snippet":"max-snippet:-1","max-image-preview":"max-image-preview:large","max-video-preview":"max-video-preview:-1"},"canonical":"https:\/\/liversurgeryny.com\/fr\/meilleur-chirurgien-du-foie-et-des-voies-biliaires-a-new-york\/chirurgie-du-cancer-du-foie-chirurgien-du-cancer-du-foie-a-nyc\/","og_locale":"fr_FR","og_type":"article","og_title":"Chirurgien de Pointe pour le Cancer du Foie \u00e0 NYC: Dr. Dmitri Alden, MD - Chirurgie H\u00e9patique Expert","og_description":"D\u00e9couvrez la chirurgie de pointe du cancer du foie avec le Dr Dmitri Alden, MD, un sp\u00e9cialiste de premier plan \u00e0 NYC. Fort de plus de 20 ans d'expertise, le Dr Alden propose des traitements personnalis\u00e9s et avanc\u00e9s, notamment la r\u00e9section du foie, la transplantation et des proc\u00e9dures laparoscopiques. B\u00e9n\u00e9ficiez de soins de premier ordre pour le carcinome h\u00e9patocellulaire et le cancer primitif du foie, garantissant des services complets et une r\u00e9cup\u00e9ration rapide. Contactez notre bureau \u00e0 NYC pour une consultation avec l'un des 100 meilleurs chirurgiens am\u00e9ricains, reconnu pour des r\u00e9sultats exceptionnels et des soins attentionn\u00e9s envers les patients.","og_url":"https:\/\/liversurgeryny.com\/fr\/meilleur-chirurgien-du-foie-et-des-voies-biliaires-a-new-york\/chirurgie-du-cancer-du-foie-chirurgien-du-cancer-du-foie-a-nyc\/","og_site_name":"Dmitri Alden, MD, FACS","article_modified_time":"2024-01-22T16:13:11+00:00","og_image":[{"url":"https:\/\/liversurgeryny.com\/wp-content\/uploads\/2022\/09\/background-2.jpg","type":"","width":"","height":""}],"twitter_card":"summary_large_image","twitter_image":"https:\/\/liversurgeryny.com\/wp-content\/uploads\/2022\/09\/background-2.jpg","twitter_misc":{"Dur\u00e9e de lecture estim\u00e9e":"7 minutes"},"schema":{"@context":"https:\/\/schema.org","@graph":[{"@type":"WebPage","@id":"https:\/\/liversurgeryny.com\/fr\/meilleur-chirurgien-du-foie-et-des-voies-biliaires-a-new-york\/chirurgie-du-cancer-du-foie-chirurgien-du-cancer-du-foie-a-nyc\/","url":"https:\/\/liversurgeryny.com\/fr\/meilleur-chirurgien-du-foie-et-des-voies-biliaires-a-new-york\/chirurgie-du-cancer-du-foie-chirurgien-du-cancer-du-foie-a-nyc\/","name":"Chirurgien de Pointe pour le Cancer du Foie \u00e0 NYC: Dr. Dmitri Alden, MD - Chirurgie H\u00e9patique Expert","isPartOf":{"@id":"https:\/\/liversurgeryny.com\/#website"},"datePublished":"2022-08-14T22:02:46+00:00","dateModified":"2024-01-22T16:13:11+00:00","description":"D\u00e9couvrez la chirurgie de pointe du cancer du foie avec le Dr Dmitri Alden, MD, un sp\u00e9cialiste de premier plan \u00e0 NYC. Fort de plus de 20 ans d'expertise, le Dr Alden propose des traitements personnalis\u00e9s et avanc\u00e9s, notamment la r\u00e9section du foie, la transplantation et des proc\u00e9dures laparoscopiques. B\u00e9n\u00e9ficiez de soins de premier ordre pour le carcinome h\u00e9patocellulaire et le cancer primitif du foie, garantissant des services complets et une r\u00e9cup\u00e9ration rapide. Contactez notre bureau \u00e0 NYC pour une consultation avec l'un des 100 meilleurs chirurgiens am\u00e9ricains, reconnu pour des r\u00e9sultats exceptionnels et des soins attentionn\u00e9s envers les patients.","breadcrumb":{"@id":"https:\/\/liversurgeryny.com\/fr\/meilleur-chirurgien-du-foie-et-des-voies-biliaires-a-new-york\/chirurgie-du-cancer-du-foie-chirurgien-du-cancer-du-foie-a-nyc\/#breadcrumb"},"inLanguage":"fr-FR","potentialAction":[{"@type":"ReadAction","target":["https:\/\/liversurgeryny.com\/fr\/meilleur-chirurgien-du-foie-et-des-voies-biliaires-a-new-york\/chirurgie-du-cancer-du-foie-chirurgien-du-cancer-du-foie-a-nyc\/"]}]},{"@type":"BreadcrumbList","@id":"https:\/\/liversurgeryny.com\/fr\/meilleur-chirurgien-du-foie-et-des-voies-biliaires-a-new-york\/chirurgie-du-cancer-du-foie-chirurgien-du-cancer-du-foie-a-nyc\/#breadcrumb","itemListElement":[{"@type":"ListItem","position":1,"name":"Home","item":"https:\/\/liversurgeryny.com\/fr\/"},{"@type":"ListItem","position":2,"name":"Meilleur Chirurgien du Foie et des Voies Biliaires \u00e0 New York","item":"https:\/\/liversurgeryny.com\/fr\/meilleur-chirurgien-du-foie-et-des-voies-biliaires-a-new-york\/"},{"@type":"ListItem","position":3,"name":"Chirurgie du cancer du foie: Chirurgien du cancer du foie \u00e0 NYC"}]},{"@type":"WebSite","@id":"https:\/\/liversurgeryny.com\/#website","url":"https:\/\/liversurgeryny.com\/","name":"Dmitri Alden, MD, FACS","description":"","potentialAction":[{"@type":"SearchAction","target":{"@type":"EntryPoint","urlTemplate":"https:\/\/liversurgeryny.com\/?s={search_term_string}"},"query-input":{"@type":"PropertyValueSpecification","valueRequired":true,"valueName":"search_term_string"}}],"inLanguage":"fr-FR"}]}},"_links":{"self":[{"href":"https:\/\/liversurgeryny.com\/fr\/wp-json\/wp\/v2\/pages\/2759","targetHints":{"allow":["GET"]}}],"collection":[{"href":"https:\/\/liversurgeryny.com\/fr\/wp-json\/wp\/v2\/pages"}],"about":[{"href":"https:\/\/liversurgeryny.com\/fr\/wp-json\/wp\/v2\/types\/page"}],"author":[{"embeddable":true,"href":"https:\/\/liversurgeryny.com\/fr\/wp-json\/wp\/v2\/users\/1"}],"replies":[{"embeddable":true,"href":"https:\/\/liversurgeryny.com\/fr\/wp-json\/wp\/v2\/comments?post=2759"}],"version-history":[{"count":3,"href":"https:\/\/liversurgeryny.com\/fr\/wp-json\/wp\/v2\/pages\/2759\/revisions"}],"predecessor-version":[{"id":2762,"href":"https:\/\/liversurgeryny.com\/fr\/wp-json\/wp\/v2\/pages\/2759\/revisions\/2762"}],"up":[{"embeddable":true,"href":"https:\/\/liversurgeryny.com\/fr\/wp-json\/wp\/v2\/pages\/2587"}],"wp:attachment":[{"href":"https:\/\/liversurgeryny.com\/fr\/wp-json\/wp\/v2\/media?parent=2759"}],"curies":[{"name":"wp","href":"https:\/\/api.w.org\/{rel}","templated":true}]}}