{"id":2673,"date":"2018-04-11T12:00:07","date_gmt":"2018-04-11T17:00:07","guid":{"rendered":"https:\/\/liversurgeryny.com\/sitemap\/"},"modified":"2018-04-11T12:00:07","modified_gmt":"2018-04-11T12:00:07","slug":"sitemap","status":"publish","type":"page","link":"https:\/\/liversurgeryny.com\/fr\/sitemap\/","title":{"rendered":"Sitemap"},"content":{"rendered":"<ul><li><a href=\"https:\/\/liversurgeryny.com\/fr\/\">Accueil<\/a><li class=\"page_item page-item-2580\"><a href=\"https:\/\/liversurgeryny.com\/fr\/chirurgie-avancee-pour-les-cancers-abdominaux\/\">Chirurgie Avanc\u00e9e pour les Cancers Abdominaux<\/a><\/li>\n<li class=\"page_item page-item-2630 page_item_has_children\"><a href=\"https:\/\/liversurgeryny.com\/fr\/chirurgien-specialise-en-foie-et-pancreas-chirurgie-du-cancer-du-foie-cancer-pancreatique-a-new-york\/\">Chirurgien Sp\u00e9cialis\u00e9 en Foie et Pancr\u00e9as (Chirurgie du Cancer du Foie\/Cancer Pancr\u00e9atique) \u00e0 New York<\/a>\n<ul class='children'>\n\t<li class=\"page_item page-item-2633\"><a href=\"https:\/\/liversurgeryny.com\/fr\/chirurgien-specialise-en-foie-et-pancreas-chirurgie-du-cancer-du-foie-cancer-pancreatique-a-new-york\/chirurgie-whipple-entierement-robotisee\/\">Chirurgie Whipple Enti\u00e8rement Robotis\u00e9e<\/a><\/li>\n\t<li class=\"page_item page-item-2636\"><a href=\"https:\/\/liversurgeryny.com\/fr\/chirurgien-specialise-en-foie-et-pancreas-chirurgie-du-cancer-du-foie-cancer-pancreatique-a-new-york\/chirurgien-du-cancer-du-pancreas-a-new-york\/\">Chirurgien du cancer du pancr\u00e9as \u00e0 New York<\/a><\/li>\n<\/ul>\n<\/li>\n<li class=\"page_item page-item-2550\"><a href=\"https:\/\/liversurgeryny.com\/fr\/consultations-a-distance-cancer-du-foie-pancreatique-chirurgien-de-classe-mondiale\/\">Consultations \u00e0 distance<\/a><\/li>\n<li class=\"page_item page-item-2578\"><a href=\"https:\/\/liversurgeryny.com\/fr\/contactez-nous\/\">Contact<\/a><\/li>\n<li class=\"page_item page-item-2863\"><a href=\"https:\/\/liversurgeryny.com\/fr\/thank-you\/\">De rien !<\/a><\/li>\n<li class=\"page_item page-item-2671\"><a href=\"https:\/\/liversurgeryny.com\/fr\/demandez-une-consultation\/\">Demandez une consultation<\/a><\/li>\n<li class=\"page_item page-item-2587 page_item_has_children\"><a href=\"https:\/\/liversurgeryny.com\/fr\/meilleur-chirurgien-du-foie-et-des-voies-biliaires-a-new-york\/\">Meilleur Chirurgien du Foie et des Voies Biliaires \u00e0 New York<\/a>\n<ul class='children'>\n\t<li class=\"page_item page-item-2615\"><a href=\"https:\/\/liversurgeryny.com\/fr\/meilleur-chirurgien-du-foie-et-des-voies-biliaires-a-new-york\/cancer-de-lovaire-metastatique-chirurgie\/\">Cancer de l&rsquo;ovaire m\u00e9tastatique \u2013 Chirurgie<\/a><\/li>\n\t<li class=\"page_item page-item-2618\"><a href=\"https:\/\/liversurgeryny.com\/fr\/meilleur-chirurgien-du-foie-et-des-voies-biliaires-a-new-york\/cancer-neuroendocrinien-et-traitement-des-carcinoides\/\">Cancer Neuroendocrinien et Traitement des Carcinoides<\/a><\/li>\n\t<li class=\"page_item page-item-2609\"><a href=\"https:\/\/liversurgeryny.com\/fr\/meilleur-chirurgien-du-foie-et-des-voies-biliaires-a-new-york\/chirurgie-de-pointe-des-metastases-hepatiques\/\">Chirurgie de pointe des m\u00e9tastases h\u00e9patiques<\/a><\/li>\n\t<li class=\"page_item page-item-2759\"><a href=\"https:\/\/liversurgeryny.com\/fr\/meilleur-chirurgien-du-foie-et-des-voies-biliaires-a-new-york\/chirurgie-du-cancer-du-foie-chirurgien-du-cancer-du-foie-a-nyc\/\">Chirurgie du cancer du foie: Chirurgien du cancer du foie \u00e0 NYC<\/a><\/li>\n\t<li class=\"page_item page-item-2601\"><a href=\"https:\/\/liversurgeryny.com\/fr\/meilleur-chirurgien-du-foie-et-des-voies-biliaires-a-new-york\/chirurgie-du-cancer-par-laparoscopie-et-robotique-chirurgien-du-foie-et-du-pancreas-a-new-york\/\">Chirurgie du Cancer par Laparoscopie et Robotique: Chirurgien du Foie et du Pancr\u00e9as \u00e0 New York<\/a><\/li>\n\t<li class=\"page_item page-item-2591\"><a href=\"https:\/\/liversurgeryny.com\/fr\/meilleur-chirurgien-du-foie-et-des-voies-biliaires-a-new-york\/cholangiocarcinome-vesicule-biliaire-et-cancers-des-voies-biliaires-chirurgie\/\">Cholangiocarcinome, V\u00e9sicule Biliaire et Cancers des Voies Biliaires &#8211; Chirurgie<\/a><\/li>\n\t<li class=\"page_item page-item-2621\"><a href=\"https:\/\/liversurgeryny.com\/fr\/meilleur-chirurgien-du-foie-et-des-voies-biliaires-a-new-york\/cholecystectomie-robotique\/\">Chol\u00e9cystectomie Robotique<\/a><\/li>\n\t<li class=\"page_item page-item-2594\"><a href=\"https:\/\/liversurgeryny.com\/fr\/meilleur-chirurgien-du-foie-et-des-voies-biliaires-a-new-york\/resection-hepatique-robotique-da-vinci-xi\/\">R\u00e9section h\u00e9patique robotique Da Vinci Xi\u2122<\/a><\/li>\n\t<li class=\"page_item page-item-2606\"><a href=\"https:\/\/liversurgeryny.com\/fr\/meilleur-chirurgien-du-foie-et-des-voies-biliaires-a-new-york\/traitement-de-la-croissance-du-foie\/\">Traitement de la Croissance du Foie<\/a><\/li>\n\t<li class=\"page_item page-item-2598\"><a href=\"https:\/\/liversurgeryny.com\/fr\/meilleur-chirurgien-du-foie-et-des-voies-biliaires-a-new-york\/traitement-du-cancer-de-la-vesicule-biliaire\/\">Traitement du Cancer de la V\u00e9sicule Biliaire<\/a><\/li>\n\t<li class=\"page_item page-item-2612\"><a href=\"https:\/\/liversurgeryny.com\/fr\/meilleur-chirurgien-du-foie-et-des-voies-biliaires-a-new-york\/traitement-du-melanome-hepatique-metastatique\/\">Traitement du M\u00e9lanome H\u00e9patique M\u00e9tastatique<\/a><\/li>\n<\/ul>\n<\/li>\n<li class=\"page_item page-item-2673\"><a href=\"https:\/\/liversurgeryny.com\/fr\/sitemap\/\">Sitemap<\/a><\/li>\n<li class=\"page_item page-item-2624 page_item_has_children\"><a href=\"https:\/\/liversurgeryny.com\/fr\/traitement-des-tumeurs-abdominales\/\">Traitement des Tumeurs Abdominales<\/a>\n<ul class='children'>\n\t<li class=\"page_item page-item-2627\"><a href=\"https:\/\/liversurgeryny.com\/fr\/chirurgie-robotique-cancer-colon\/\">Chirurgie Robotique du Cancer du C\u00f4lon<\/a><\/li>\n<\/ul>\n<\/li>\n<li><a href=\"https:\/\/liversurgeryny.com\/blog\/\">Blog<\/a><\/li><\/ul>\n","protected":false},"excerpt":{"rendered":"","protected":false},"author":1,"featured_media":0,"parent":0,"menu_order":0,"comment_status":"closed","ping_status":"closed","template":"","meta":{"_acf_changed":false,"footnotes":""},"class_list":["post-2673","page","type-page","status-publish"],"acf":[],"yoast_head":"<!-- This site is optimized with the Yoast SEO plugin v27.4 - https:\/\/yoast.com\/product\/yoast-seo-wordpress\/ -->\n<title>Sitemap | Dmitri Alden, MD, FACS<\/title>\n<meta name=\"robots\" content=\"index, follow, max-snippet:-1, max-image-preview:large, max-video-preview:-1\" \/>\n<link rel=\"canonical\" href=\"https:\/\/liversurgeryny.com\/fr\/sitemap\/\" \/>\n<meta property=\"og:locale\" content=\"fr_FR\" \/>\n<meta property=\"og:type\" content=\"article\" \/>\n<meta property=\"og:title\" content=\"Sitemap | Dmitri Alden, MD, FACS\" \/>\n<meta property=\"og:url\" content=\"https:\/\/liversurgeryny.com\/fr\/sitemap\/\" \/>\n<meta property=\"og:site_name\" content=\"Dmitri Alden, MD, FACS\" \/>\n<meta property=\"og:image\" content=\"https:\/\/liversurgeryny.com\/wp-content\/uploads\/2022\/09\/background-2.jpg\" \/>\n<meta name=\"twitter:card\" content=\"summary_large_image\" \/>\n<meta name=\"twitter:image\" content=\"https:\/\/liversurgeryny.com\/wp-content\/uploads\/2022\/09\/background-2.jpg\" \/>\n<!-- \/ Yoast SEO plugin. -->","yoast_head_json":{"title":"Sitemap | Dmitri Alden, MD, FACS","robots":{"index":"index","follow":"follow","max-snippet":"max-snippet:-1","max-image-preview":"max-image-preview:large","max-video-preview":"max-video-preview:-1"},"canonical":"https:\/\/liversurgeryny.com\/fr\/sitemap\/","og_locale":"fr_FR","og_type":"article","og_title":"Sitemap | Dmitri Alden, MD, FACS","og_url":"https:\/\/liversurgeryny.com\/fr\/sitemap\/","og_site_name":"Dmitri Alden, MD, FACS","og_image":[{"url":"https:\/\/liversurgeryny.com\/wp-content\/uploads\/2022\/09\/background-2.jpg","type":"","width":"","height":""}],"twitter_card":"summary_large_image","twitter_image":"https:\/\/liversurgeryny.com\/wp-content\/uploads\/2022\/09\/background-2.jpg","schema":{"@context":"https:\/\/schema.org","@graph":[{"@type":"WebPage","@id":"https:\/\/liversurgeryny.com\/fr\/sitemap\/","url":"https:\/\/liversurgeryny.com\/fr\/sitemap\/","name":"Sitemap | Dmitri Alden, MD, FACS","isPartOf":{"@id":"https:\/\/liversurgeryny.com\/#website"},"datePublished":"2018-04-11T17:00:07+00:00","breadcrumb":{"@id":"https:\/\/liversurgeryny.com\/fr\/sitemap\/#breadcrumb"},"inLanguage":"fr-FR","potentialAction":[{"@type":"ReadAction","target":["https:\/\/liversurgeryny.com\/fr\/sitemap\/"]}]},{"@type":"BreadcrumbList","@id":"https:\/\/liversurgeryny.com\/fr\/sitemap\/#breadcrumb","itemListElement":[{"@type":"ListItem","position":1,"name":"Home","item":"https:\/\/liversurgeryny.com\/fr\/"},{"@type":"ListItem","position":2,"name":"Sitemap"}]},{"@type":"WebSite","@id":"https:\/\/liversurgeryny.com\/#website","url":"https:\/\/liversurgeryny.com\/","name":"Dmitri Alden, MD, FACS","description":"","potentialAction":[{"@type":"SearchAction","target":{"@type":"EntryPoint","urlTemplate":"https:\/\/liversurgeryny.com\/?s={search_term_string}"},"query-input":{"@type":"PropertyValueSpecification","valueRequired":true,"valueName":"search_term_string"}}],"inLanguage":"fr-FR"}]}},"_links":{"self":[{"href":"https:\/\/liversurgeryny.com\/fr\/wp-json\/wp\/v2\/pages\/2673","targetHints":{"allow":["GET"]}}],"collection":[{"href":"https:\/\/liversurgeryny.com\/fr\/wp-json\/wp\/v2\/pages"}],"about":[{"href":"https:\/\/liversurgeryny.com\/fr\/wp-json\/wp\/v2\/types\/page"}],"author":[{"embeddable":true,"href":"https:\/\/liversurgeryny.com\/fr\/wp-json\/wp\/v2\/users\/1"}],"replies":[{"embeddable":true,"href":"https:\/\/liversurgeryny.com\/fr\/wp-json\/wp\/v2\/comments?post=2673"}],"version-history":[{"count":0,"href":"https:\/\/liversurgeryny.com\/fr\/wp-json\/wp\/v2\/pages\/2673\/revisions"}],"wp:attachment":[{"href":"https:\/\/liversurgeryny.com\/fr\/wp-json\/wp\/v2\/media?parent=2673"}],"curies":[{"name":"wp","href":"https:\/\/api.w.org\/{rel}","templated":true}]}}