{"id":2636,"date":"2022-08-16T06:18:31","date_gmt":"2022-08-16T11:18:31","guid":{"rendered":"https:\/\/liversurgeryny.com\/?page_id=2636"},"modified":"2024-01-22T10:14:56","modified_gmt":"2024-01-22T15:14:56","slug":"chirurgien-du-cancer-du-pancreas-a-new-york","status":"publish","type":"page","link":"https:\/\/liversurgeryny.com\/fr\/chirurgien-specialise-en-foie-et-pancreas-chirurgie-du-cancer-du-foie-cancer-pancreatique-a-new-york\/chirurgien-du-cancer-du-pancreas-a-new-york\/","title":{"rendered":"Chirurgien du cancer du pancr\u00e9as \u00e0 New York"},"content":{"rendered":"<p>En ce qui concerne la chirurgie oncologique du pancr\u00e9as, des \u00e9tudes scientifiques ont d\u00e9montr\u00e9 que les chirurgiens r\u00e9alisant plus de 14 interventions chirurgicales pancr\u00e9atiques par an obtiennent des r\u00e9sultats sup\u00e9rieurs avec leurs patients. La pratique hautement super-sp\u00e9cialis\u00e9e du Dr Alden r\u00e9alise significativement plus de ce nombre de chirurgies pancr\u00e9atiques par an: plus que la plupart des chirurgiens oncologiques.<\/p>\n<p>Le Dr Dmitri Alden, sp\u00e9cialiste de la chirurgie du cancer du foie et du pancr\u00e9as, est \u00e0 la t\u00eate d&rsquo;une pratique hautement sp\u00e9cialis\u00e9e en <a href=\"https:\/\/liversurgeryny.com\/fr\/chirurgien-specialise-en-foie-et-pancreas-chirurgie-du-cancer-du-foie-cancer-pancreatique-a-new-york\/\">chirurgie du foie et du pancr\u00e9as exclusivement d\u00e9di\u00e9e \u00e0 ces organes<\/a>. L&rsquo;approche d\u00e9di\u00e9e de son \u00e9quipe au traitement du cancer a redonn\u00e9 vie \u00e0 ses patients.<\/p>\n<h2>Cancer du pancr\u00e9as et stadification<\/h2>\n<p>Le cancer du pancr\u00e9as est un terme qui englobe plusieurs types de malignit\u00e9s qui commencent dans le pancr\u00e9as. Le pancr\u00e9as est un organe complexe responsable de la production d&rsquo;insuline ainsi que d&rsquo;enzymes digestives (substances qui aident \u00e0 dig\u00e9rer les aliments). L&rsquo;insuline est d\u00e9livr\u00e9e dans la circulation sanguine, mais les enzymes sont s\u00e9cr\u00e9t\u00e9es dans le canal pancr\u00e9atique principal (canal de Wirsung) puis dans l&rsquo;intestin.<\/p>\n<p>En raison des diverses fonctions du pancr\u00e9as, diff\u00e9rents types de tumeurs\/cancers peuvent se d\u00e9velopper \u00e0 partir de diff\u00e9rentes cellules pancr\u00e9atiques. Il existe des tumeurs b\u00e9nignes, malignes et \u00ab\u00a0pr\u00e9-malignes.\u00a0\u00bb Ces cancers du pancr\u00e9as provoquent diff\u00e9rents sympt\u00f4mes et commencent \u00e0 diff\u00e9rents endroits du pancr\u00e9as. Chaque cancer n\u00e9cessite diff\u00e9rents types de chirurgie, le cas \u00e9ch\u00e9ant, et chaque type de cancer est associ\u00e9 \u00e0 des pronostics tr\u00e8s diff\u00e9rents.<\/p>\n<blockquote><p>Le Dr Alden est un chirurgien fantastique qui aime ce qu&rsquo;il fait. Il aime les d\u00e9fis et est \u00e9videmment passionn\u00e9 par l&rsquo;apprentissage constant. Je travaille dans le domaine m\u00e9dical et ai pris soin de nombreux patients de chirurgiens, et j&rsquo;ai choisi le Dr Alden pour ma chirurgie. Tout s&rsquo;est bien pass\u00e9 et je n&rsquo;ai jamais eu de complications. Il a pass\u00e9 au moins une heure avec mon mari et moi au cabinet pour expliquer ce que j&rsquo;avais et nous montrer ses recherches et pourquoi il croyait que j&rsquo;avais ce que j&rsquo;avais. Il m&rsquo;a vraiment fait sentir que j&rsquo;\u00e9tais entre de bonnes mains et qu&rsquo;il ferait tout ce qu&rsquo;il pourrait pour moi en tant que m\u00e9decin.<strong>~ Vitals<\/strong><\/p><\/blockquote>\n<p>L&rsquo;un des cancers pancr\u00e9atiques les plus couramment diagnostiqu\u00e9s est l&rsquo;ad\u00e9nocarcinome. Il s&rsquo;agit du type de tumeur que le grand public associe g\u00e9n\u00e9ralement au terme \u00ab\u00a0cancer du pancr\u00e9as\u00a0\u00bb. La grande majorit\u00e9 de ces cancers commence dans la t\u00eate du pancr\u00e9as, mais ils peuvent \u00eatre situ\u00e9s dans n&rsquo;importe quelle partie, y compris la queue. La pr\u00e9sentation la plus typique est une jaunisse obstructive indolore (coloration jaun\u00e2tre de la peau), qui se produit lorsque la croissance tumorale bloque la partie du canal biliaire qui traverse le pancr\u00e9as avant d&rsquo;entrer dans la partie de l&rsquo;intestin appel\u00e9e le duod\u00e9num. D&rsquo;autres sympt\u00f4mes comprennent une perte de poids, de la fatigue et des douleurs dorsales.<\/p>\n<h2>Faits sur l&rsquo;ad\u00e9nocarcinome pancr\u00e9atique<\/h2>\n<ul>\n<li>33,730 Am\u00e9ricains (17,150 hommes et 16,580 femmes) sont diagnostiqu\u00e9s chaque ann\u00e9e avec un cancer du pancr\u00e9as.<\/li>\n<li>32,300 hommes et femmes am\u00e9ricains meurent chaque ann\u00e9e d&rsquo;un cancer du pancr\u00e9as.<\/li>\n<li>L&rsquo;\u00e2ge m\u00e9dian au moment du diagnostic du cancer du pancr\u00e9as est de 72 ans.<\/li>\n<li>Le taux de survie global \u00e0 5 ans du cancer du pancr\u00e9as est de 4.6 %.<\/li>\n<li>Seulement 7% des cas sont diagnostiqu\u00e9s lorsque le cancer est encore confin\u00e9 au site primaire.<\/li>\n<li>52% des cas sont diagnostiqu\u00e9s apr\u00e8s que le cancer s&rsquo;est d\u00e9j\u00e0 m\u00e9tastas\u00e9 (propag\u00e9 \u00e0 d&rsquo;autres sites du corps).<\/li>\n<\/ul>\n<p><strong>Taux de survie relative \u00e0 5 ans correspondants du cancer du pancr\u00e9as:<\/strong><\/p>\n<ul>\n<li>16.4 % pour les tumeurs localis\u00e9es.<\/li>\n<li>1.8 % pour les patients pr\u00e9sentant une propagation \u00e0 distance.<\/li>\n<\/ul>\n<h2>Diagnostic et traitement du cancer du pancr\u00e9as \/ chirurgie du cancer du pancr\u00e9as<\/h2>\n<p>G\u00e9n\u00e9ralement, le patient atteint de jaunisse obstructive indolore est orient\u00e9 vers un gastro-ent\u00e9rologue, qui r\u00e9alise une endoscopie et une proc\u00e9dure appel\u00e9e CPRE (cholangiopancr\u00e9atographie r\u00e9trograde endoscopique) permettant l&rsquo;insertion d&rsquo;une endoproth\u00e8se (tube en plastique ou en m\u00e9tal) dans le canal biliaire pour contourner l&rsquo;obstruction et soulager la jaunisse. Ensuite, le patient subit g\u00e9n\u00e9ralement une EUS (\u00e9chographie endoscopique), qui peut \u00eatre r\u00e9alis\u00e9e en m\u00eame temps que la CPRE. Une ponction \u00e0 l&rsquo;aiguille fine de la tumeur peut \u00eatre r\u00e9alis\u00e9e en m\u00eame temps pour confirmer le diagnostic. L&rsquo;EUS permet \u00e9galement de d\u00e9terminer si une chirurgie du cancer du pancr\u00e9as serait possible car elle fournit des informations sur la taille de la tumeur, l&rsquo;\u00e9tat des ganglions lymphatiques autour du pancr\u00e9as et l&rsquo;implication tumorale des principaux vaisseaux sanguins entourant le pancr\u00e9as. De plus, un scanner ou une IRM de l&rsquo;abdomen est r\u00e9alis\u00e9. Si une propagation de la tumeur est suspect\u00e9e, des examens compl\u00e9mentaires sont g\u00e9n\u00e9ralement ordonn\u00e9s.<\/p>\n<p>La stadification de l&rsquo;ad\u00e9nocarcinome pancr\u00e9atique est complexe. Elle repose g\u00e9n\u00e9ralement sur la classification TNM (Tumeur, Ganglions, M\u00e9tastases), c&rsquo;est-\u00e0-dire la taille de la tumeur, le statut des ganglions lymphatiques et les m\u00e9tastases \u00e0 distance telles que la propagation dans le foie, les poumons ou d&rsquo;autres organes. Le syst\u00e8me de stadification TNM n&rsquo;est pas parfait et ne refl\u00e8te pas de nombreux facteurs qui jouent un r\u00f4le dans le choix des options de traitement.<\/p>\n<p>Les choix de traitement pour l&rsquo;ad\u00e9nocarcinome pancr\u00e9atique \/ cancer du pancr\u00e9as sont g\u00e9n\u00e9ralement la chirurgie et la chimioth\u00e9rapie. Les tumeurs qui n&rsquo;ont pas de contre-indications sont g\u00e9n\u00e9ralement s\u00e9lectionn\u00e9es pour un traitement chirurgical. Le type de cancer du pancr\u00e9as d\u00e9pend de l&#8217;emplacement de la tumeur. De nombreux m\u00e9decins choisissent aujourd&rsquo;hui une approche de chimioth\u00e9rapie n\u00e9oadjuvante. La chimioth\u00e9rapie n\u00e9oadjuvante signifie la chimioth\u00e9rapie avant la chirurgie. L&rsquo;id\u00e9e est de r\u00e9duire d&rsquo;abord la taille de la tumeur, facilitant ainsi la chirurgie. Dans certains cas, des tumeurs initialement non op\u00e9rables peuvent r\u00e9duire de taille avec le traitement et le patient peut alors devenir candidat pour l&rsquo;op\u00e9ration curative. Avec l&rsquo;av\u00e8nement de nouveaux m\u00e9dicaments et de technologies avanc\u00e9es, de plus en plus de patients sont \u00e9ligibles \u00e0 un traitement chirurgical qui n&rsquo;\u00e9tait pas possible auparavant. Une de ces technologies a \u00e9t\u00e9 pionni\u00e8re par nous et consiste \u00e0 rouvrir les vaisseaux sanguins bloqu\u00e9s par une tumeur, suivie de chimioth\u00e9rapie. Si la tumeur r\u00e9pond \u00e0 la chimioth\u00e9rapie, la chirurgie est r\u00e9alis\u00e9e ult\u00e9rieurement.<\/p>\n<p>De nombreuses ressources sur le web discutent de l&rsquo;ad\u00e9nocarcinome pancr\u00e9atique. Certaines sont des sources fiables et d&rsquo;autres ne le sont pas. Si vous ou un de vos proches \u00eates diagnostiqu\u00e9 avec un cancer du pancr\u00e9as, veuillez parler \u00e0 un professionnel de la sant\u00e9 ayant une vaste exp\u00e9rience dans ce domaine. Id\u00e9alement, ce probl\u00e8me devrait \u00eatre trait\u00e9 par des sp\u00e9cialistes qui r\u00e9alisent r\u00e9guli\u00e8rement des chirurgies pancr\u00e9atiques et travaillent avec une \u00e9quipe d&rsquo;oncologie sp\u00e9cialis\u00e9e dans ce domaine.<\/p>\n<h2>\u00cates-vous un candidat pour la chirurgie oncologique du pancreas?<\/h2>\n<p>D\u00e9terminer si un patient est un candidat pour la chirurgie du pancr\u00e9as est un processus en plusieurs \u00e9tapes. Tout d&rsquo;abord, la maladie elle-m\u00eame est \u00e9tudi\u00e9e en d\u00e9tail ; cela implique des scanners, des IRM, une \u00e9valuation endoscopique, des \u00e9chographies et divers autres examens.<\/p>\n<p>Une fois que le chirurgien du cancer du pancr\u00e9as de New York d\u00e9termine que la tumeur elle-m\u00eame r\u00e9pond aux crit\u00e8res d&rsquo;une intervention chirurgicale, d&rsquo;autres facteurs sont pris en compte. Il est important de confirmer si la tumeur du pancr\u00e9as est confin\u00e9e \u00e0 cet organe ou si elle s&rsquo;est propag\u00e9e dans des ganglions lymphatiques distants et d&rsquo;autres organes. Par exemple, les ad\u00e9nocarcinomes pancr\u00e9atiques sont g\u00e9n\u00e9ralement op\u00e9r\u00e9s uniquement s&rsquo;ils sont confin\u00e9s au pancr\u00e9as et n&rsquo;ont pas encore migr\u00e9.<\/p>\n<p>Cependant, diff\u00e9rents types de cancers du pancr\u00e9as sont trait\u00e9s diff\u00e9remment. Par exemple, dans certains cancers neuroendocriniens du pancr\u00e9as, la chirurgie pour la tumeur primitive dans le pancr\u00e9as ainsi que l&rsquo;ablation des m\u00e9tastases du foie sont consid\u00e9r\u00e9es comme une \u00ab\u00a0norme de soins\u00a0\u00bb.<\/p>\n<p>Ensuite, le meilleur chirurgien pancr\u00e9atique de New York et son \u00e9quipe de classe mondiale d\u00e9terminent si le patient est un candidat \u00e0 la chirurgie. De multiples facteurs m\u00e9dicaux et sociaux jouent un r\u00f4le dans ce processus de prise de d\u00e9cision. Il est tr\u00e8s important de informer votre chirurgien de toutes vos conditions m\u00e9dicales actuelles et pass\u00e9es, y compris toute intervention chirurgicale ant\u00e9rieure. Les interventions chirurgicales ant\u00e9rieures peuvent affecter votre situation actuelle, y compris si vous \u00eates un candidat pour une chirurgie laparoscopique ou robotique mini-invasive.<\/p>\n<p>Des affections m\u00e9dicales telles que les maladies cardiaques, les crises cardiaques ant\u00e9rieures, l&rsquo;hypertension et le diab\u00e8te, pour n&rsquo;en nommer que quelques-unes, peuvent affecter la r\u00e9cup\u00e9ration apr\u00e8s une op\u00e9ration majeure. Nous passons \u00e9galement en revue la liste de vos m\u00e9dicaments actuels. Certaines affections et m\u00e9dicaments peuvent consid\u00e9rablement augmenter le risque de complications postop\u00e9ratoires et prolonger la gu\u00e9rison apr\u00e8s la chirurgie. Par exemple, les m\u00e9dicaments st\u00e9ro\u00efdiens alt\u00e8rent le syst\u00e8me immunitaire, rendant le patient beaucoup plus susceptible aux infections postop\u00e9ratoires et retardant la cicatrisation des nouvelles connexions internes et des plaies chirurgicales.<\/p>\n<p>G\u00e9n\u00e9ralement, la d\u00e9cision concernant la chirurgie est bas\u00e9e sur les opinions obtenues de tous les m\u00e9decins impliqu\u00e9s dans votre prise en charge et est coordonn\u00e9e avec votre m\u00e9decin traitant, cardiologue et d&rsquo;autres sp\u00e9cialistes.<\/p>\n<p>En r\u00e9sum\u00e9, le cancer du pancr\u00e9as est un probl\u00e8me complexe qui n\u00e9cessite une approche multidisciplinaire avant de prendre des d\u00e9cisions concernant le traitement.<\/p>\n<p>Le Dr Dmitri Alden a une vaste exp\u00e9rience dans le diagnostic des patients, dans l&rsquo;\u00e9tablissement de qui est candidat \u00e0 la chirurgie du foie et du pancr\u00e9as, et dans la r\u00e9alisation r\u00e9ussie de proc\u00e9dures chirurgicales hautement complexes dans ce domaine. Le Dr Alden utilise les derni\u00e8res technologies et instruments de pointe pour traiter divers cancers et affections b\u00e9nignes, y compris la chirurgie laparoscopique et robotique du foie et du pancr\u00e9as.<\/p>\n<p>Vos options de traitement d\u00e9pendent du type et de l&#8217;emplacement du cancer du pancr\u00e9as, du stade d&rsquo;avancement du cancer et de l&rsquo;\u00e2ge et de la sant\u00e9 g\u00e9n\u00e9rale de l&rsquo;individu.<\/p>\n<ul>\n<li>Les patients et les professionnels de la sant\u00e9 d&rsquo;Am\u00e9rique et du monde entier recherchent les traitements et services de chirurgie du cancer du pancr\u00e9as personnalis\u00e9s et de classe mondiale du Dr Alden.<\/li>\n<li>Les patients r\u00e9f\u00e9r\u00e9s au Dr. Alden ont acc\u00e8s \u00e0 une vaste gamme de sp\u00e9cialistes qui figurent parmi les meilleurs dans leur domaine au pays (et peut-\u00eatre dans le monde).<\/li>\n<\/ul>\n<p><strong>Veuillez noter:<\/strong> le Dr Alden accepte l&rsquo;assurance s&rsquo;il participe \u00e0 votre plan. De plus, si le Dr Alden ne participe pas \u00e0 votre plan d&rsquo;assurance, le cabinet du Dr Alden peut souvent obtenir une pr\u00e9-autorisation de votre plan d&rsquo;assurance en raison de la sp\u00e9cificit\u00e9 de sa sp\u00e9cialit\u00e9. Nous contacterons votre compagnie d&rsquo;assurance pour comprendre vos avantages et les soumettrons \u00e9galement pour vous. Vous b\u00e9n\u00e9ficierez du luxe et des avantages de la m\u00e9decine universitaire dans un environnement de conciergerie de premier ordre sans les tracas des longs temps d&rsquo;attente \u00e0 l&rsquo;h\u00f4pital et de la paperasserie. La plupart des polices remboursent aux patients la plupart des co\u00fbts de la chirurgie. Notre coordinateur chirurgical vous aidera avec un devis.<\/p>\n<p><strong>En plus d&rsquo;une consultation en cabinet, le chirurgien du cancer du foie et du pancr\u00e9as \u00e0 NYC propose des consultations \u00e0 distance pour les patients et les professionnels de la sant\u00e9 du monde entier. Veuillez appeler notre bureau pour plus de d\u00e9tails.<\/strong><\/p>\n<p>Pour plus d&rsquo;informations sur la chirurgie du cancer du pancr\u00e9as et\/ou la stadification du pancr\u00e9as, ou pour une consultation avec le meilleur chirurgien du foie de sa cat\u00e9gorie, n&rsquo;h\u00e9sitez pas \u00e0 contacter le Dr. Dmitri Alden, MD, FACS, chirurgien oncologique du foie, du pancr\u00e9as et des voies biliaires \u00e0 NYC, d\u00e8s aujourd&rsquo;hui en appelant son bureau \u00e0 New York au <a href=\"tel:2124346216\" class=\"phone_anchor \" aria-label=\"Appelez-nous (212) 434-6216\" dir=\"ltr\"> (212) 434-6216<\/a> ou en nous <a href=\"https:\/\/liversurgeryny.com\/fr\/contactez-nous\/\">contactant en ligne<\/a>.<\/p>\n","protected":false},"excerpt":{"rendered":"<p>En ce qui concerne la chirurgie oncologique du pancr\u00e9as, des \u00e9tudes scientifiques ont d\u00e9montr\u00e9 que les chirurgiens r\u00e9alisant plus de 14 interventions chirurgicales pancr\u00e9atiques par an obtiennent des r\u00e9sultats sup\u00e9rieurs avec leurs patients. La pratique hautement super-sp\u00e9cialis\u00e9e du Dr Alden r\u00e9alise significativement plus de ce nombre de chirurgies pancr\u00e9atiques par an: plus que la plupart&hellip; <a href=\"https:\/\/liversurgeryny.com\/fr\/chirurgien-specialise-en-foie-et-pancreas-chirurgie-du-cancer-du-foie-cancer-pancreatique-a-new-york\/chirurgien-du-cancer-du-pancreas-a-new-york\/\" class=\"btn btn-outline-primary  more-link d-none\">Continuer la lecture<\/a><\/p>\n","protected":false},"author":1,"featured_media":0,"parent":2630,"menu_order":0,"comment_status":"closed","ping_status":"closed","template":"","meta":{"_acf_changed":false,"footnotes":""},"class_list":["post-2636","page","type-page","status-publish"],"acf":[],"yoast_head":"<!-- This site is optimized with the Yoast SEO plugin v27.4 - https:\/\/yoast.com\/product\/yoast-seo-wordpress\/ -->\n<title>Chirurgien du Cancer du Pancr\u00e9as \u00e0 NYC | Dr. Dmitri Alden, Sp\u00e9cialiste en Chirurgie H\u00e9patique et Pancr\u00e9atique<\/title>\n<meta name=\"description\" content=\"D\u00e9couvrez la pratique hautement sp\u00e9cialis\u00e9e du Dr. Dmitri Alden, expert en chirurgie du cancer du foie et du pancr\u00e9as \u00e0 NYC. Des r\u00e9sultats sup\u00e9rieurs, des traitements innovants et une \u00e9quipe d\u00e9di\u00e9e pour redonner une nouvelle vie aux patients. Contactez-nous pour une consultation.\" \/>\n<meta name=\"robots\" content=\"index, follow, max-snippet:-1, max-image-preview:large, max-video-preview:-1\" \/>\n<link rel=\"canonical\" href=\"https:\/\/liversurgeryny.com\/fr\/chirurgien-specialise-en-foie-et-pancreas-chirurgie-du-cancer-du-foie-cancer-pancreatique-a-new-york\/chirurgien-du-cancer-du-pancreas-a-new-york\/\" \/>\n<meta property=\"og:locale\" content=\"fr_FR\" \/>\n<meta property=\"og:type\" content=\"article\" \/>\n<meta property=\"og:title\" content=\"Chirurgien du Cancer du Pancr\u00e9as \u00e0 NYC | Dr. Dmitri Alden, Sp\u00e9cialiste en Chirurgie H\u00e9patique et Pancr\u00e9atique\" \/>\n<meta property=\"og:description\" content=\"D\u00e9couvrez la pratique hautement sp\u00e9cialis\u00e9e du Dr. Dmitri Alden, expert en chirurgie du cancer du foie et du pancr\u00e9as \u00e0 NYC. Des r\u00e9sultats sup\u00e9rieurs, des traitements innovants et une \u00e9quipe d\u00e9di\u00e9e pour redonner une nouvelle vie aux patients. Contactez-nous pour une consultation.\" \/>\n<meta property=\"og:url\" content=\"https:\/\/liversurgeryny.com\/fr\/chirurgien-specialise-en-foie-et-pancreas-chirurgie-du-cancer-du-foie-cancer-pancreatique-a-new-york\/chirurgien-du-cancer-du-pancreas-a-new-york\/\" \/>\n<meta property=\"og:site_name\" content=\"Dmitri Alden, MD, FACS\" \/>\n<meta property=\"article:modified_time\" content=\"2024-01-22T15:14:56+00:00\" \/>\n<meta property=\"og:image\" content=\"https:\/\/liversurgeryny.com\/wp-content\/uploads\/2022\/09\/background-2.jpg\" \/>\n<meta name=\"twitter:card\" content=\"summary_large_image\" \/>\n<meta name=\"twitter:image\" content=\"https:\/\/liversurgeryny.com\/wp-content\/uploads\/2022\/09\/background-2.jpg\" \/>\n<meta name=\"twitter:label1\" content=\"Dur\u00e9e de lecture estim\u00e9e\" \/>\n\t<meta name=\"twitter:data1\" content=\"8 minutes\" \/>\n<!-- \/ Yoast SEO plugin. -->","yoast_head_json":{"title":"Chirurgien du Cancer du Pancr\u00e9as \u00e0 NYC | Dr. Dmitri Alden, Sp\u00e9cialiste en Chirurgie H\u00e9patique et Pancr\u00e9atique","description":"D\u00e9couvrez la pratique hautement sp\u00e9cialis\u00e9e du Dr. Dmitri Alden, expert en chirurgie du cancer du foie et du pancr\u00e9as \u00e0 NYC. Des r\u00e9sultats sup\u00e9rieurs, des traitements innovants et une \u00e9quipe d\u00e9di\u00e9e pour redonner une nouvelle vie aux patients. Contactez-nous pour une consultation.","robots":{"index":"index","follow":"follow","max-snippet":"max-snippet:-1","max-image-preview":"max-image-preview:large","max-video-preview":"max-video-preview:-1"},"canonical":"https:\/\/liversurgeryny.com\/fr\/chirurgien-specialise-en-foie-et-pancreas-chirurgie-du-cancer-du-foie-cancer-pancreatique-a-new-york\/chirurgien-du-cancer-du-pancreas-a-new-york\/","og_locale":"fr_FR","og_type":"article","og_title":"Chirurgien du Cancer du Pancr\u00e9as \u00e0 NYC | Dr. Dmitri Alden, Sp\u00e9cialiste en Chirurgie H\u00e9patique et Pancr\u00e9atique","og_description":"D\u00e9couvrez la pratique hautement sp\u00e9cialis\u00e9e du Dr. Dmitri Alden, expert en chirurgie du cancer du foie et du pancr\u00e9as \u00e0 NYC. Des r\u00e9sultats sup\u00e9rieurs, des traitements innovants et une \u00e9quipe d\u00e9di\u00e9e pour redonner une nouvelle vie aux patients. Contactez-nous pour une consultation.","og_url":"https:\/\/liversurgeryny.com\/fr\/chirurgien-specialise-en-foie-et-pancreas-chirurgie-du-cancer-du-foie-cancer-pancreatique-a-new-york\/chirurgien-du-cancer-du-pancreas-a-new-york\/","og_site_name":"Dmitri Alden, MD, FACS","article_modified_time":"2024-01-22T15:14:56+00:00","og_image":[{"url":"https:\/\/liversurgeryny.com\/wp-content\/uploads\/2022\/09\/background-2.jpg","type":"","width":"","height":""}],"twitter_card":"summary_large_image","twitter_image":"https:\/\/liversurgeryny.com\/wp-content\/uploads\/2022\/09\/background-2.jpg","twitter_misc":{"Dur\u00e9e de lecture estim\u00e9e":"8 minutes"},"schema":{"@context":"https:\/\/schema.org","@graph":[{"@type":"WebPage","@id":"https:\/\/liversurgeryny.com\/fr\/chirurgien-specialise-en-foie-et-pancreas-chirurgie-du-cancer-du-foie-cancer-pancreatique-a-new-york\/chirurgien-du-cancer-du-pancreas-a-new-york\/","url":"https:\/\/liversurgeryny.com\/fr\/chirurgien-specialise-en-foie-et-pancreas-chirurgie-du-cancer-du-foie-cancer-pancreatique-a-new-york\/chirurgien-du-cancer-du-pancreas-a-new-york\/","name":"Chirurgien du Cancer du Pancr\u00e9as \u00e0 NYC | Dr. Dmitri Alden, Sp\u00e9cialiste en Chirurgie H\u00e9patique et Pancr\u00e9atique","isPartOf":{"@id":"https:\/\/liversurgeryny.com\/#website"},"datePublished":"2022-08-16T11:18:31+00:00","dateModified":"2024-01-22T15:14:56+00:00","description":"D\u00e9couvrez la pratique hautement sp\u00e9cialis\u00e9e du Dr. Dmitri Alden, expert en chirurgie du cancer du foie et du pancr\u00e9as \u00e0 NYC. Des r\u00e9sultats sup\u00e9rieurs, des traitements innovants et une \u00e9quipe d\u00e9di\u00e9e pour redonner une nouvelle vie aux patients. Contactez-nous pour une consultation.","breadcrumb":{"@id":"https:\/\/liversurgeryny.com\/fr\/chirurgien-specialise-en-foie-et-pancreas-chirurgie-du-cancer-du-foie-cancer-pancreatique-a-new-york\/chirurgien-du-cancer-du-pancreas-a-new-york\/#breadcrumb"},"inLanguage":"fr-FR","potentialAction":[{"@type":"ReadAction","target":["https:\/\/liversurgeryny.com\/fr\/chirurgien-specialise-en-foie-et-pancreas-chirurgie-du-cancer-du-foie-cancer-pancreatique-a-new-york\/chirurgien-du-cancer-du-pancreas-a-new-york\/"]}]},{"@type":"BreadcrumbList","@id":"https:\/\/liversurgeryny.com\/fr\/chirurgien-specialise-en-foie-et-pancreas-chirurgie-du-cancer-du-foie-cancer-pancreatique-a-new-york\/chirurgien-du-cancer-du-pancreas-a-new-york\/#breadcrumb","itemListElement":[{"@type":"ListItem","position":1,"name":"Home","item":"https:\/\/liversurgeryny.com\/fr\/"},{"@type":"ListItem","position":2,"name":"Chirurgien Sp\u00e9cialis\u00e9 en Foie et Pancr\u00e9as (Chirurgie du Cancer du Foie\/Cancer Pancr\u00e9atique) \u00e0 New York","item":"https:\/\/liversurgeryny.com\/fr\/chirurgien-specialise-en-foie-et-pancreas-chirurgie-du-cancer-du-foie-cancer-pancreatique-a-new-york\/"},{"@type":"ListItem","position":3,"name":"Chirurgien du cancer du pancr\u00e9as \u00e0 New York"}]},{"@type":"WebSite","@id":"https:\/\/liversurgeryny.com\/#website","url":"https:\/\/liversurgeryny.com\/","name":"Dmitri Alden, MD, FACS","description":"","potentialAction":[{"@type":"SearchAction","target":{"@type":"EntryPoint","urlTemplate":"https:\/\/liversurgeryny.com\/?s={search_term_string}"},"query-input":{"@type":"PropertyValueSpecification","valueRequired":true,"valueName":"search_term_string"}}],"inLanguage":"fr-FR"}]}},"_links":{"self":[{"href":"https:\/\/liversurgeryny.com\/fr\/wp-json\/wp\/v2\/pages\/2636","targetHints":{"allow":["GET"]}}],"collection":[{"href":"https:\/\/liversurgeryny.com\/fr\/wp-json\/wp\/v2\/pages"}],"about":[{"href":"https:\/\/liversurgeryny.com\/fr\/wp-json\/wp\/v2\/types\/page"}],"author":[{"embeddable":true,"href":"https:\/\/liversurgeryny.com\/fr\/wp-json\/wp\/v2\/users\/1"}],"replies":[{"embeddable":true,"href":"https:\/\/liversurgeryny.com\/fr\/wp-json\/wp\/v2\/comments?post=2636"}],"version-history":[{"count":3,"href":"https:\/\/liversurgeryny.com\/fr\/wp-json\/wp\/v2\/pages\/2636\/revisions"}],"predecessor-version":[{"id":2741,"href":"https:\/\/liversurgeryny.com\/fr\/wp-json\/wp\/v2\/pages\/2636\/revisions\/2741"}],"up":[{"embeddable":true,"href":"https:\/\/liversurgeryny.com\/fr\/wp-json\/wp\/v2\/pages\/2630"}],"wp:attachment":[{"href":"https:\/\/liversurgeryny.com\/fr\/wp-json\/wp\/v2\/media?parent=2636"}],"curies":[{"name":"wp","href":"https:\/\/api.w.org\/{rel}","templated":true}]}}