{"id":2633,"date":"2022-08-16T06:10:39","date_gmt":"2022-08-16T11:10:39","guid":{"rendered":"https:\/\/liversurgeryny.com\/?page_id=2633"},"modified":"2024-01-22T10:11:45","modified_gmt":"2024-01-22T15:11:45","slug":"chirurgie-whipple-entierement-robotisee","status":"publish","type":"page","link":"https:\/\/liversurgeryny.com\/fr\/chirurgien-specialise-en-foie-et-pancreas-chirurgie-du-cancer-du-foie-cancer-pancreatique-a-new-york\/chirurgie-whipple-entierement-robotisee\/","title":{"rendered":"Chirurgie Whipple Enti\u00e8rement Robotis\u00e9e"},"content":{"rendered":"<p>L&rsquo;une des proc\u00e9dures les plus efficaces pour \u00e9liminer <a href=\"https:\/\/liversurgeryny.com\/fr\/chirurgien-specialise-en-foie-et-pancreas-chirurgie-du-cancer-du-foie-cancer-pancreatique-a-new-york\/\">les tumeurs et autres troubles du pancr\u00e9as<\/a>, des voies biliaires ou des intestins est la proc\u00e9dure de Whipple, \u00e9galement appel\u00e9e pancr\u00e9aticoduod\u00e9nectomie. Il s&rsquo;agit de l&rsquo;une des proc\u00e9dures les plus complexes en chirurgie g\u00e9n\u00e9rale, n\u00e9cessitant l&rsquo;ablation de parties du syst\u00e8me gastro-intestinal avant de reconnecter les diff\u00e9rents \u00e9l\u00e9ments. Le Dr Dmitri Alden est l&rsquo;un des seuls chirurgiens oncologiques \u00e0 New York \u00e0 proposer la proc\u00e9dure de Whipple enti\u00e8rement robotis\u00e9e au sein de sa pratique sur l&rsquo;UES.<\/p>\n<h2>Qu&rsquo;est-ce que la proc\u00e9dure de Whipple?<\/h2>\n<p>La raison la plus courante de recommander la proc\u00e9dure de Whipple est pour les tumeurs ou le cancer du pancr\u00e9as, mais elle peut \u00e9galement \u00eatre utilis\u00e9e pour d&rsquo;autres affections du tractus gastro-intestinal. La proc\u00e9dure consiste \u00e0 retirer la t\u00eate du pancr\u00e9as, la v\u00e9sicule biliaire, le duod\u00e9num (premi\u00e8re partie de l&rsquo;intestin gr\u00eale) et le canal biliaire. Une fois les composants souhait\u00e9s retir\u00e9s, les \u00e9l\u00e9ments restants doivent \u00eatre reconnect\u00e9s chirurgicalement. La chirurgie prenait traditionnellement de 5 \u00e0 6 heures \u00e0 r\u00e9aliser, ce qui peut \u00eatre \u00e9puisant pour les chirurgiens effectuant des alt\u00e9rations chirurgicales pr\u00e9cises et d\u00e9licates.<\/p>\n<h2>Avantages de la Proc\u00e9dure de Whipple Enti\u00e8rement Robotis\u00e9e<\/h2>\n<p>La proc\u00e9dure de Whipple \u00e9tait autrefois r\u00e9alis\u00e9e uniquement par chirurgie ouverte. Elle peut maintenant \u00eatre r\u00e9alis\u00e9e par laparoscopie et avec le syst\u00e8me enti\u00e8rement robotis\u00e9. La proc\u00e9dure de Whipple enti\u00e8rement robotis\u00e9e pr\u00e9sente plusieurs avantages par rapport aux options de chirurgie ouverte, laparoscopique ou assist\u00e9e par robot. Cela inclut:<\/p>\n<ul>\n<li>Des micro-mouvements plus pr\u00e9cis, n\u00e9cessaires dans la proc\u00e9dure de Whipple<\/li>\n<li>Des vues en 3D am\u00e9lior\u00e9es \u00e0 l&rsquo;int\u00e9rieur de l&rsquo;abdomen<\/li>\n<li>Les bras enti\u00e8rement robotis\u00e9s sont m\u00e9caniquement aliment\u00e9s, non pas par le chirurgien<\/li>\n<li>La proc\u00e9dure enti\u00e8rement robotis\u00e9e \u00e9limine la possibilit\u00e9 de tremblements<\/li>\n<li>Des mouvements r\u00e9p\u00e9t\u00e9s peuvent \u00eatre effectu\u00e9s sans fatigue pendant la longue proc\u00e9dure<\/li>\n<li>Des incisions plus petites &#8211; aucune dans le milieu de l&rsquo;abdomen &#8211; pour une r\u00e9cup\u00e9ration plus rapide et un r\u00e9sultat esth\u00e9tiquement plus plaisant pour le patient<\/li>\n<li>S\u00e9jours \u00e0 l&rsquo;h\u00f4pital minimes<\/li>\n<\/ul>\n<p>La proc\u00e9dure de Whipple enti\u00e8rement robotis\u00e9e est une option incroyable pour de nombreux patients atteints de cancer du pancr\u00e9as et de tumeurs du tractus gastro-intestinal. Cependant, tous les patients ne sont pas de bons candidats pour cette chirurgie particuli\u00e8re. Le Dr Dmitri Alden et ses coll\u00e8gues peuvent d\u00e9terminer le meilleur plan de traitement et l&rsquo;option chirurgicale pour les patients qui peuvent b\u00e9n\u00e9ficier d&rsquo;une pancr\u00e9aticoduod\u00e9nectomie.<\/p>\n<p>Si vous avez \u00e9t\u00e9 diagnostiqu\u00e9(e) avec un cancer du pancr\u00e9as, vous voulez un sp\u00e9cialiste \u00e0 vos c\u00f4t\u00e9s capable de r\u00e9aliser les proc\u00e9dures les plus b\u00e9n\u00e9fiques pour la r\u00e9cup\u00e9ration. Le Dr Dmitri Alden propose une chirurgie du cancer du pancr\u00e9as peu invasive avec la proc\u00e9dure de Whipple enti\u00e8rement robotis\u00e9e. <a href=\"https:\/\/liversurgeryny.com\/fr\/contactez-nous\/\">Contactez notre cabinet \u00e0 New York<\/a> pour planifier une consultation avec le Dr Alden.<\/p>\n","protected":false},"excerpt":{"rendered":"<p>L&rsquo;une des proc\u00e9dures les plus efficaces pour \u00e9liminer les tumeurs et autres troubles du pancr\u00e9as, des voies biliaires ou des intestins est la proc\u00e9dure de Whipple, \u00e9galement appel\u00e9e pancr\u00e9aticoduod\u00e9nectomie. Il s&rsquo;agit de l&rsquo;une des proc\u00e9dures les plus complexes en chirurgie g\u00e9n\u00e9rale, n\u00e9cessitant l&rsquo;ablation de parties du syst\u00e8me gastro-intestinal avant de reconnecter les diff\u00e9rents \u00e9l\u00e9ments. Le&hellip; <a href=\"https:\/\/liversurgeryny.com\/fr\/chirurgien-specialise-en-foie-et-pancreas-chirurgie-du-cancer-du-foie-cancer-pancreatique-a-new-york\/chirurgie-whipple-entierement-robotisee\/\" class=\"btn btn-outline-primary  more-link d-none\">Continuer la lecture<\/a><\/p>\n","protected":false},"author":1,"featured_media":0,"parent":2630,"menu_order":0,"comment_status":"closed","ping_status":"closed","template":"","meta":{"_acf_changed":false,"footnotes":""},"class_list":["post-2633","page","type-page","status-publish"],"acf":[],"yoast_head":"<!-- This site is optimized with the Yoast SEO plugin v27.4 - https:\/\/yoast.com\/product\/yoast-seo-wordpress\/ -->\n<title>Chirurgie Whipple Enti\u00e8rement Robotis\u00e9e \u00e0 NYC | Dr. Dmitri Alden, Sp\u00e9cialiste du Cancer du Pancr\u00e9as<\/title>\n<meta name=\"description\" content=\"D\u00e9couvrez la chirurgie Whipple enti\u00e8rement robotis\u00e9e \u00e0 New York avec le Dr. Dmitri Alden. Profitez des avantages de la pr\u00e9cision accrue et d&#039;une r\u00e9cup\u00e9ration plus rapide. Consultez le meilleur sp\u00e9cialiste du cancer du pancr\u00e9as pour une pancr\u00e9aticoduod\u00e9nectomie minimale invasive. Prenez rendez-vous d\u00e8s maintenant.\" \/>\n<meta name=\"robots\" content=\"index, follow, max-snippet:-1, max-image-preview:large, max-video-preview:-1\" \/>\n<link rel=\"canonical\" href=\"https:\/\/liversurgeryny.com\/fr\/chirurgien-specialise-en-foie-et-pancreas-chirurgie-du-cancer-du-foie-cancer-pancreatique-a-new-york\/chirurgie-whipple-entierement-robotisee\/\" \/>\n<meta property=\"og:locale\" content=\"fr_FR\" \/>\n<meta property=\"og:type\" content=\"article\" \/>\n<meta property=\"og:title\" content=\"Chirurgie Whipple Enti\u00e8rement Robotis\u00e9e \u00e0 NYC | Dr. Dmitri Alden, Sp\u00e9cialiste du Cancer du Pancr\u00e9as\" \/>\n<meta property=\"og:description\" content=\"D\u00e9couvrez la chirurgie Whipple enti\u00e8rement robotis\u00e9e \u00e0 New York avec le Dr. Dmitri Alden. Profitez des avantages de la pr\u00e9cision accrue et d&#039;une r\u00e9cup\u00e9ration plus rapide. Consultez le meilleur sp\u00e9cialiste du cancer du pancr\u00e9as pour une pancr\u00e9aticoduod\u00e9nectomie minimale invasive. Prenez rendez-vous d\u00e8s maintenant.\" \/>\n<meta property=\"og:url\" content=\"https:\/\/liversurgeryny.com\/fr\/chirurgien-specialise-en-foie-et-pancreas-chirurgie-du-cancer-du-foie-cancer-pancreatique-a-new-york\/chirurgie-whipple-entierement-robotisee\/\" \/>\n<meta property=\"og:site_name\" content=\"Dmitri Alden, MD, FACS\" \/>\n<meta property=\"article:modified_time\" content=\"2024-01-22T15:11:45+00:00\" \/>\n<meta property=\"og:image\" content=\"https:\/\/liversurgeryny.com\/wp-content\/uploads\/2022\/09\/background-2.jpg\" \/>\n<meta name=\"twitter:card\" content=\"summary_large_image\" \/>\n<meta name=\"twitter:image\" content=\"https:\/\/liversurgeryny.com\/wp-content\/uploads\/2022\/09\/background-2.jpg\" \/>\n<meta name=\"twitter:label1\" content=\"Dur\u00e9e de lecture estim\u00e9e\" \/>\n\t<meta name=\"twitter:data1\" content=\"2 minutes\" \/>\n<!-- \/ Yoast SEO plugin. -->","yoast_head_json":{"title":"Chirurgie Whipple Enti\u00e8rement Robotis\u00e9e \u00e0 NYC | Dr. Dmitri Alden, Sp\u00e9cialiste du Cancer du Pancr\u00e9as","description":"D\u00e9couvrez la chirurgie Whipple enti\u00e8rement robotis\u00e9e \u00e0 New York avec le Dr. Dmitri Alden. Profitez des avantages de la pr\u00e9cision accrue et d'une r\u00e9cup\u00e9ration plus rapide. Consultez le meilleur sp\u00e9cialiste du cancer du pancr\u00e9as pour une pancr\u00e9aticoduod\u00e9nectomie minimale invasive. Prenez rendez-vous d\u00e8s maintenant.","robots":{"index":"index","follow":"follow","max-snippet":"max-snippet:-1","max-image-preview":"max-image-preview:large","max-video-preview":"max-video-preview:-1"},"canonical":"https:\/\/liversurgeryny.com\/fr\/chirurgien-specialise-en-foie-et-pancreas-chirurgie-du-cancer-du-foie-cancer-pancreatique-a-new-york\/chirurgie-whipple-entierement-robotisee\/","og_locale":"fr_FR","og_type":"article","og_title":"Chirurgie Whipple Enti\u00e8rement Robotis\u00e9e \u00e0 NYC | Dr. Dmitri Alden, Sp\u00e9cialiste du Cancer du Pancr\u00e9as","og_description":"D\u00e9couvrez la chirurgie Whipple enti\u00e8rement robotis\u00e9e \u00e0 New York avec le Dr. Dmitri Alden. Profitez des avantages de la pr\u00e9cision accrue et d'une r\u00e9cup\u00e9ration plus rapide. Consultez le meilleur sp\u00e9cialiste du cancer du pancr\u00e9as pour une pancr\u00e9aticoduod\u00e9nectomie minimale invasive. Prenez rendez-vous d\u00e8s maintenant.","og_url":"https:\/\/liversurgeryny.com\/fr\/chirurgien-specialise-en-foie-et-pancreas-chirurgie-du-cancer-du-foie-cancer-pancreatique-a-new-york\/chirurgie-whipple-entierement-robotisee\/","og_site_name":"Dmitri Alden, MD, FACS","article_modified_time":"2024-01-22T15:11:45+00:00","og_image":[{"url":"https:\/\/liversurgeryny.com\/wp-content\/uploads\/2022\/09\/background-2.jpg","type":"","width":"","height":""}],"twitter_card":"summary_large_image","twitter_image":"https:\/\/liversurgeryny.com\/wp-content\/uploads\/2022\/09\/background-2.jpg","twitter_misc":{"Dur\u00e9e de lecture estim\u00e9e":"2 minutes"},"schema":{"@context":"https:\/\/schema.org","@graph":[{"@type":"WebPage","@id":"https:\/\/liversurgeryny.com\/fr\/chirurgien-specialise-en-foie-et-pancreas-chirurgie-du-cancer-du-foie-cancer-pancreatique-a-new-york\/chirurgie-whipple-entierement-robotisee\/","url":"https:\/\/liversurgeryny.com\/fr\/chirurgien-specialise-en-foie-et-pancreas-chirurgie-du-cancer-du-foie-cancer-pancreatique-a-new-york\/chirurgie-whipple-entierement-robotisee\/","name":"Chirurgie Whipple Enti\u00e8rement Robotis\u00e9e \u00e0 NYC | Dr. Dmitri Alden, Sp\u00e9cialiste du Cancer du Pancr\u00e9as","isPartOf":{"@id":"https:\/\/liversurgeryny.com\/#website"},"datePublished":"2022-08-16T11:10:39+00:00","dateModified":"2024-01-22T15:11:45+00:00","description":"D\u00e9couvrez la chirurgie Whipple enti\u00e8rement robotis\u00e9e \u00e0 New York avec le Dr. Dmitri Alden. Profitez des avantages de la pr\u00e9cision accrue et d'une r\u00e9cup\u00e9ration plus rapide. Consultez le meilleur sp\u00e9cialiste du cancer du pancr\u00e9as pour une pancr\u00e9aticoduod\u00e9nectomie minimale invasive. Prenez rendez-vous d\u00e8s maintenant.","breadcrumb":{"@id":"https:\/\/liversurgeryny.com\/fr\/chirurgien-specialise-en-foie-et-pancreas-chirurgie-du-cancer-du-foie-cancer-pancreatique-a-new-york\/chirurgie-whipple-entierement-robotisee\/#breadcrumb"},"inLanguage":"fr-FR","potentialAction":[{"@type":"ReadAction","target":["https:\/\/liversurgeryny.com\/fr\/chirurgien-specialise-en-foie-et-pancreas-chirurgie-du-cancer-du-foie-cancer-pancreatique-a-new-york\/chirurgie-whipple-entierement-robotisee\/"]}]},{"@type":"BreadcrumbList","@id":"https:\/\/liversurgeryny.com\/fr\/chirurgien-specialise-en-foie-et-pancreas-chirurgie-du-cancer-du-foie-cancer-pancreatique-a-new-york\/chirurgie-whipple-entierement-robotisee\/#breadcrumb","itemListElement":[{"@type":"ListItem","position":1,"name":"Home","item":"https:\/\/liversurgeryny.com\/fr\/"},{"@type":"ListItem","position":2,"name":"Chirurgien Sp\u00e9cialis\u00e9 en Foie et Pancr\u00e9as (Chirurgie du Cancer du Foie\/Cancer Pancr\u00e9atique) \u00e0 New York","item":"https:\/\/liversurgeryny.com\/fr\/chirurgien-specialise-en-foie-et-pancreas-chirurgie-du-cancer-du-foie-cancer-pancreatique-a-new-york\/"},{"@type":"ListItem","position":3,"name":"Chirurgie Whipple Enti\u00e8rement Robotis\u00e9e"}]},{"@type":"WebSite","@id":"https:\/\/liversurgeryny.com\/#website","url":"https:\/\/liversurgeryny.com\/","name":"Dmitri Alden, MD, FACS","description":"","potentialAction":[{"@type":"SearchAction","target":{"@type":"EntryPoint","urlTemplate":"https:\/\/liversurgeryny.com\/?s={search_term_string}"},"query-input":{"@type":"PropertyValueSpecification","valueRequired":true,"valueName":"search_term_string"}}],"inLanguage":"fr-FR"}]}},"_links":{"self":[{"href":"https:\/\/liversurgeryny.com\/fr\/wp-json\/wp\/v2\/pages\/2633","targetHints":{"allow":["GET"]}}],"collection":[{"href":"https:\/\/liversurgeryny.com\/fr\/wp-json\/wp\/v2\/pages"}],"about":[{"href":"https:\/\/liversurgeryny.com\/fr\/wp-json\/wp\/v2\/types\/page"}],"author":[{"embeddable":true,"href":"https:\/\/liversurgeryny.com\/fr\/wp-json\/wp\/v2\/users\/1"}],"replies":[{"embeddable":true,"href":"https:\/\/liversurgeryny.com\/fr\/wp-json\/wp\/v2\/comments?post=2633"}],"version-history":[{"count":4,"href":"https:\/\/liversurgeryny.com\/fr\/wp-json\/wp\/v2\/pages\/2633\/revisions"}],"predecessor-version":[{"id":2738,"href":"https:\/\/liversurgeryny.com\/fr\/wp-json\/wp\/v2\/pages\/2633\/revisions\/2738"}],"up":[{"embeddable":true,"href":"https:\/\/liversurgeryny.com\/fr\/wp-json\/wp\/v2\/pages\/2630"}],"wp:attachment":[{"href":"https:\/\/liversurgeryny.com\/fr\/wp-json\/wp\/v2\/media?parent=2633"}],"curies":[{"name":"wp","href":"https:\/\/api.w.org\/{rel}","templated":true}]}}