{"id":2630,"date":"2022-08-16T06:06:48","date_gmt":"2022-08-16T11:06:48","guid":{"rendered":"https:\/\/liversurgeryny.com\/?page_id=2630"},"modified":"2024-01-22T10:07:14","modified_gmt":"2024-01-22T15:07:14","slug":"chirurgien-specialise-en-foie-et-pancreas-chirurgie-du-cancer-du-foie-cancer-pancreatique-a-new-york","status":"publish","type":"page","link":"https:\/\/liversurgeryny.com\/fr\/chirurgien-specialise-en-foie-et-pancreas-chirurgie-du-cancer-du-foie-cancer-pancreatique-a-new-york\/","title":{"rendered":"Chirurgien Sp\u00e9cialis\u00e9 en Foie et Pancr\u00e9as (Chirurgie du Cancer du Foie\/Cancer Pancr\u00e9atique) \u00e0 New York"},"content":{"rendered":"<p>Le <a href=\"https:\/\/liversurgeryny.com\/fr\/\">Dr Dmitri Alden<\/a>, sp\u00e9cialiste de la chirurgie du cancer du foie et du pancr\u00e9as, dirige une pratique hautement sp\u00e9cialis\u00e9e en chirurgie du foie et du pancr\u00e9as exclusivement d\u00e9di\u00e9e \u00e0 ces interventions. L&rsquo;approche d\u00e9vou\u00e9e de son \u00e9quipe au traitement du cancer a redonn\u00e9 vie \u00e0 ses patients.<\/p>\n<p>Le Dr Alden r\u00e9alise plus d&rsquo;interventions chirurgicales du pancr\u00e9as par an que la plupart des autres chirurgiens. Des \u00e9tudes scientifiques ont d\u00e9montr\u00e9 que les chirurgiens r\u00e9alisant plus de 14 interventions chirurgicales du pancr\u00e9as par an obtiennent des r\u00e9sultats sup\u00e9rieurs avec leurs patients. Une telle exp\u00e9rience permet \u00e0 l&rsquo;\u00e9quipe du Dr Alden d&rsquo;op\u00e9rer des patients atteints de tumeurs pancr\u00e9atiques avanc\u00e9es n\u00e9cessitant des r\u00e9sections et des reconstructions vasculaires. La mortalit\u00e9 de la proc\u00e9dure de Whipple du Dr Alden est inf\u00e9rieure \u00e0 1 %, et notre taux de complications postop\u00e9ratoires est extr\u00eamement bas. Cela a \u00e9t\u00e9 accompli en cr\u00e9ant une \u00e9quipe d\u00e9vou\u00e9e travaillant sous la direction d&rsquo;un chirurgien hautement exp\u00e9riment\u00e9, bien form\u00e9 et compatissant.<\/p>\n<blockquote><p>Que puis-je dire pour d\u00e9crire vraiment les soins que j&rsquo;ai re\u00e7us du Dr Alden. En tant que patient MENS1, lorsque je suis all\u00e9 le voir pour une chirurgie du pancr\u00e9as, les deux autres parties de mon syndrome me causaient des probl\u00e8mes. En plus du gastronoma qui me tourmentait. Le Dr Alden m&rsquo;a pris en charge en tant que patient et n&rsquo;a pas cess\u00e9 de plaider en faveur de mon traitement. J&rsquo;ai \u00e9t\u00e9 pr\u00e9sent\u00e9 lors des r\u00e9unions de concertation pluridisciplinaire de l&rsquo;H\u00f4pital Lenox Hill, et il a rassembl\u00e9 tous les m\u00e9decins n\u00e9cessaires pour mon cas et pour me voir. C&rsquo;\u00e9tait quelque chose que je n&rsquo;avais jamais connu auparavant, quelqu&rsquo;un poussant pour s&rsquo;assurer que chaque partie de moi \u00e9tait trait\u00e9e. La chirurgie du pancr\u00e9as que j&rsquo;ai re\u00e7ue \u00e9tait tr\u00e8s peu invasive en raison de sa technique et de son habilet\u00e9. Si \u00e0 l&rsquo;avenir j&rsquo;ai besoin d&rsquo;une autre chirurgie (j&rsquo;avais deux tumeurs), il n&rsquo;y a personne d&rsquo;autre que je vais voir que le Dr Alden. Cet homme est un h\u00e9ros pour moi car j&rsquo;ai souffert longtemps sans soulagement jusqu&rsquo;\u00e0 ce que je le rencontre. N&rsquo;ayez pas peur d&rsquo;appeler ce cabinet, car Taylana est tr\u00e8s amicale et serviable et poussera pour tout ce qui est n\u00e9cessaire, de l&rsquo;assurance aux dates de proc\u00e9dure. N&rsquo;ayez pas peur des factures car vous pouvez faire une r\u00e9clamation aupr\u00e8s de votre assurance apr\u00e8s la visite et r\u00e9cup\u00e9rer de l&rsquo;argent comme je l&rsquo;ai fait. Prenez rendez-vous avec lui aujourd&rsquo;hui, vous vous sentirez mieux comme moi. L&rsquo;un des meilleurs m\u00e9decins sur cette terre.<br \/>\n<strong>~ Google<\/strong><\/p><\/blockquote>\n<p>Des patients et des professionnels de la sant\u00e9 des \u00c9tats-Unis, du Canada, de la Colombie, du Mexique, du Panama, du Qatar, de l&rsquo;Arabie saoudite, des \u00c9mirats arabes unis\/Duba\u00ef, du Royaume-Uni (et du monde entier) recherchent les traitements sp\u00e9cialis\u00e9s de premier ordre de Dr. Alden, y compris sa gestion chirurgicale experte des conditions uniques des patients.<\/p>\n<nav class=\"flc-submenu\" aria-label=\"sub menu\"><ul><li><a href=\"https:\/\/liversurgeryny.com\/fr\/chirurgien-specialise-en-foie-et-pancreas-chirurgie-du-cancer-du-foie-cancer-pancreatique-a-new-york\/chirurgie-whipple-entierement-robotisee\/\">Proc\u00e9dure whipple enti\u00e8rement robotis\u00e9e<\/a><\/li><li><a href=\"https:\/\/liversurgeryny.com\/fr\/meilleur-chirurgien-du-foie-et-des-voies-biliaires-a-new-york\/chirurgie-du-cancer-par-laparoscopie-et-robotique-chirurgien-du-foie-et-du-pancreas-a-new-york\/\">Chirurgie laparoscopique et robotique<\/a><\/li><li><a href=\"https:\/\/liversurgeryny.com\/fr\/chirurgien-specialise-en-foie-et-pancreas-chirurgie-du-cancer-du-foie-cancer-pancreatique-a-new-york\/chirurgien-du-cancer-du-pancreas-a-new-york\/\">Cancer et stadification du pancr\u00e9as<\/a><\/li><li><a href=\"https:\/\/liversurgeryny.com\/pancreatic-pseudocysts-surgeon-nyc\/\">Pseudokystes pancr\u00e9atiques<\/a><\/li><li><a href=\"https:\/\/liversurgeryny.com\/acute-chronic-pancreatitis-surgeon-nyc\/\">Pancr\u00e9atite<\/a><\/li><li><a href=\"https:\/\/liversurgeryny.com\/whipple-procedure-distal-pancreatectomy-pancreatic-cancer-surgeon\/\">Proc\u00e9dure de whipple et pancr\u00e9atectomie distale<\/a><\/li><\/ul><\/nav>\n<p>Les patients r\u00e9f\u00e9r\u00e9s au Dr Alden ont acc\u00e8s \u00e0 un vaste \u00e9ventail de sp\u00e9cialistes qui sont parmi les meilleurs de leur domaine aux \u00c9tats-Unis (et peut-\u00eatre dans le monde).<\/p>\n<p><strong>Veuillez noter:<\/strong> le Dr Alden accepte l&rsquo;assurance s&rsquo;il participe \u00e0 votre plan. De plus, si le Dr Alden ne participe pas \u00e0 votre plan d&rsquo;assurance, le cabinet du Dr Alden est fr\u00e9quemment en mesure d&rsquo;obtenir une pr\u00e9-autorisation de votre plan d&rsquo;assurance en raison de la singularit\u00e9 de sa sp\u00e9cialit\u00e9. Nous contacterons votre compagnie d&rsquo;assurance pour comprendre vos avantages et les soumettrons \u00e9galement pour vous. Vous profiterez de la m\u00e9decine acad\u00e9mique dans un environnement de conciergerie de premier plan sans les tracas des longs temps d&rsquo;attente en salle d&rsquo;attente d&rsquo;h\u00f4pital et de la paperasserie. La plupart des polices remboursent aux patients la plupart des co\u00fbts de la chirurgie. Notre coordinateur chirurgical vous aidera avec un devis.<\/p>\n<p>Le Dr Alden se sp\u00e9cialise dans prendre un soin exceptionnel de chaque patient, de la consultation initiale gratuite \u00e0 la p\u00e9riode postop\u00e9ratoire. L&rsquo;honneur et le privil\u00e8ge de prendre soin des patients impliquent la responsabilit\u00e9 et le d\u00e9vouement du personnel du chirurgien aux normes les plus \u00e9lev\u00e9es d&rsquo;excellence en mati\u00e8re de soins aux patients et de r\u00e9sultats chirurgicaux finaux.<\/p>\n<p>Le Dr Dmitri Alden poss\u00e8de une vaste exp\u00e9rience dans le diagnostic des patients, d\u00e9terminant qui est un candidat pour la chirurgie du foie et du pancr\u00e9as, et effectuant avec succ\u00e8s des interventions chirurgicales hautement complexes dans ce domaine. Le Dr Alden utilise les derni\u00e8res technologies et instruments de pointe pour traiter divers cancers et affections b\u00e9nignes, notamment la chirurgie laparoscopique et robotique du foie et du pancr\u00e9as.<\/p>\n<p><strong>En plus d&rsquo;une consultation en cabinet, le chirurgien oncologique du foie et du pancr\u00e9as \u00e0 New York propose des consultations \u00e0 distance aux patients et aux professionnels de la sant\u00e9 du monde entier. Veuillez appeler notre cabinet pour plus de d\u00e9tails.<\/strong><\/p>\n<p>Le Dr Alden et son \u00e9quipe r\u00e9alisent une grande vari\u00e9t\u00e9 d&rsquo;op\u00e9rations du foie, de l&rsquo;ablation simple de tumeurs h\u00e9patiques \u00e0 des chirurgies reconstructives biliaires (canal biliaire) et vasculaires hautement complexes, notamment la proc\u00e9dure de Whipple et la pancr\u00e9atectomie distale.<\/p>\n<p>Le Dr Alden utilise diverses approches peu invasives pour contr\u00f4ler les tumeurs du foie. L&rsquo;ablation par micro-ondes (MWA) est l&rsquo;un de ces outils.<\/p>\n<p>Le Dr Alden effectue r\u00e9guli\u00e8rement des interventions chirurgicales du pancr\u00e9as pour les m\u00e9tastases h\u00e9patiques et les tumeurs h\u00e9patiques primaires en utilisant diverses techniques radiologiques permettant au foie de se d\u00e9velopper, au cas o\u00f9 l&rsquo;un des lobes serait trop petit pour soutenir le patient apr\u00e8s une op\u00e9ration majeure. L&rsquo;exp\u00e9rience ant\u00e9rieure et la formation approfondie en transplantation h\u00e9patique permettent au Dr Alden d&rsquo;appliquer ces techniques pour lutter contre les cancers du foie les plus avanc\u00e9s et d&rsquo;assurer des r\u00e9sultats s\u00fbrs.<\/p>\n<p>La philosophie du Dr Alden est d&rsquo;adapter l&rsquo;op\u00e9ration aux besoins individuels du patient. En d&rsquo;autres termes, le Dr Alden et son \u00e9quipe ne traitent pas une image sur la tomodensitom\u00e9trie (CT-scan) ou l&rsquo;IRM, ils se concentrent sur les besoins sp\u00e9cifiques du patient, jusqu&rsquo;aux pr\u00e9occupations esth\u00e9tiques de la cicatrice postop\u00e9ratoire.<\/p>\n<p>Le Dr Alden a acquis une exp\u00e9rience \u00e9tendue et une reconnaissance mondiale dans les chirurgies h\u00e9patiques et pancr\u00e9atiques peu invasives. Il r\u00e9alise bon nombre de nos r\u00e9sections pancr\u00e9atiques et h\u00e9patiques \u00e0 l&rsquo;aide du syst\u00e8me robotique da Vinci ou de la laparoscopie (techniques peu invasives), ne laissant pratiquement aucune cicatrice. La plupart des patients du chirurgien sont renvoy\u00e9s chez eux dans les 24 \u00e0 48 heures suivant les op\u00e9rations r\u00e9alis\u00e9es avec ces techniques, ind\u00e9pendamment de la taille de la tumeur ou de la complexit\u00e9 de l&rsquo;intervention chirurgicale.<\/p>\n<p>Pour plus d&rsquo;informations sur la chirurgie du foie et du pancr\u00e9as ou pour une consultation avec le meilleur chirurgien du foie, veuillez contacter Dmitri Alden, MD, FACS, chirurgien oncologique du foie, du pancr\u00e9as et des voies biliaires \u00e0 New York, en appelant son cabinet \u00e0 New York au <a href=\"tel:2124346216\" class=\"phone_anchor \" aria-label=\"Appelez-nous (212) 434-6216\" dir=\"ltr\"> (212) 434-6216<\/a> ou en <a href=\"https:\/\/liversurgeryny.com\/fr\/contactez-nous\/\">utilisant le formulaire en ligne<\/a>.<\/p>\n","protected":false},"excerpt":{"rendered":"<p>Le Dr Dmitri Alden, sp\u00e9cialiste de la chirurgie du cancer du foie et du pancr\u00e9as, dirige une pratique hautement sp\u00e9cialis\u00e9e en chirurgie du foie et du pancr\u00e9as exclusivement d\u00e9di\u00e9e \u00e0 ces interventions. L&rsquo;approche d\u00e9vou\u00e9e de son \u00e9quipe au traitement du cancer a redonn\u00e9 vie \u00e0 ses patients. Le Dr Alden r\u00e9alise plus d&rsquo;interventions chirurgicales du&hellip; <a href=\"https:\/\/liversurgeryny.com\/fr\/chirurgien-specialise-en-foie-et-pancreas-chirurgie-du-cancer-du-foie-cancer-pancreatique-a-new-york\/\" class=\"btn btn-outline-primary  more-link d-none\">Continuer la lecture<\/a><\/p>\n","protected":false},"author":1,"featured_media":0,"parent":0,"menu_order":0,"comment_status":"closed","ping_status":"closed","template":"","meta":{"_acf_changed":false,"footnotes":""},"class_list":["post-2630","page","type-page","status-publish"],"acf":[],"yoast_head":"<!-- This site is optimized with the Yoast SEO plugin v26.6 - https:\/\/yoast.com\/wordpress\/plugins\/seo\/ -->\n<title>Chirurgien Sp\u00e9cialis\u00e9 Foie et Pancr\u00e9as \u00e0 NYC | Traitement du Cancer du Foie et Pancr\u00e9atique par le Dr. Dmitri Alden<\/title>\n<meta name=\"description\" content=\"D\u00e9couvrez les traitements sp\u00e9cialis\u00e9s du cancer du foie et pancr\u00e9atique \u00e0 New York avec le Dr. Dmitri Alden. Expert en chirurgie du foie et du pancr\u00e9as, son \u00e9quipe d\u00e9di\u00e9e offre des interventions de pointe. Obtenez des soins exceptionnels et des r\u00e9sultats r\u00e9ussis. Prenez rendez-vous d\u00e8s aujourd&#039;hui.\" \/>\n<meta name=\"robots\" content=\"index, follow, max-snippet:-1, max-image-preview:large, max-video-preview:-1\" \/>\n<link rel=\"canonical\" href=\"https:\/\/liversurgeryny.com\/fr\/chirurgien-specialise-en-foie-et-pancreas-chirurgie-du-cancer-du-foie-cancer-pancreatique-a-new-york\/\" \/>\n<meta property=\"og:locale\" content=\"fr_FR\" \/>\n<meta property=\"og:type\" content=\"article\" \/>\n<meta property=\"og:title\" content=\"Chirurgien Sp\u00e9cialis\u00e9 Foie et Pancr\u00e9as \u00e0 NYC | Traitement du Cancer du Foie et Pancr\u00e9atique par le Dr. Dmitri Alden\" \/>\n<meta property=\"og:description\" content=\"D\u00e9couvrez les traitements sp\u00e9cialis\u00e9s du cancer du foie et pancr\u00e9atique \u00e0 New York avec le Dr. Dmitri Alden. Expert en chirurgie du foie et du pancr\u00e9as, son \u00e9quipe d\u00e9di\u00e9e offre des interventions de pointe. Obtenez des soins exceptionnels et des r\u00e9sultats r\u00e9ussis. Prenez rendez-vous d\u00e8s aujourd&#039;hui.\" \/>\n<meta property=\"og:url\" content=\"https:\/\/liversurgeryny.com\/fr\/chirurgien-specialise-en-foie-et-pancreas-chirurgie-du-cancer-du-foie-cancer-pancreatique-a-new-york\/\" \/>\n<meta property=\"og:site_name\" content=\"Dmitri Alden, MD, FACS\" \/>\n<meta property=\"article:modified_time\" content=\"2024-01-22T15:07:14+00:00\" \/>\n<meta property=\"og:image\" content=\"https:\/\/liversurgeryny.com\/wp-content\/uploads\/2022\/09\/background-2.jpg\" \/>\n<meta name=\"twitter:card\" content=\"summary_large_image\" \/>\n<meta name=\"twitter:image\" content=\"https:\/\/liversurgeryny.com\/wp-content\/uploads\/2022\/09\/background-2.jpg\" \/>\n<meta name=\"twitter:label1\" content=\"Dur\u00e9e de lecture estim\u00e9e\" \/>\n\t<meta name=\"twitter:data1\" content=\"4 minutes\" \/>\n<!-- \/ Yoast SEO plugin. -->","yoast_head_json":{"title":"Chirurgien Sp\u00e9cialis\u00e9 Foie et Pancr\u00e9as \u00e0 NYC | Traitement du Cancer du Foie et Pancr\u00e9atique par le Dr. Dmitri Alden","description":"D\u00e9couvrez les traitements sp\u00e9cialis\u00e9s du cancer du foie et pancr\u00e9atique \u00e0 New York avec le Dr. Dmitri Alden. Expert en chirurgie du foie et du pancr\u00e9as, son \u00e9quipe d\u00e9di\u00e9e offre des interventions de pointe. Obtenez des soins exceptionnels et des r\u00e9sultats r\u00e9ussis. Prenez rendez-vous d\u00e8s aujourd'hui.","robots":{"index":"index","follow":"follow","max-snippet":"max-snippet:-1","max-image-preview":"max-image-preview:large","max-video-preview":"max-video-preview:-1"},"canonical":"https:\/\/liversurgeryny.com\/fr\/chirurgien-specialise-en-foie-et-pancreas-chirurgie-du-cancer-du-foie-cancer-pancreatique-a-new-york\/","og_locale":"fr_FR","og_type":"article","og_title":"Chirurgien Sp\u00e9cialis\u00e9 Foie et Pancr\u00e9as \u00e0 NYC | Traitement du Cancer du Foie et Pancr\u00e9atique par le Dr. Dmitri Alden","og_description":"D\u00e9couvrez les traitements sp\u00e9cialis\u00e9s du cancer du foie et pancr\u00e9atique \u00e0 New York avec le Dr. Dmitri Alden. Expert en chirurgie du foie et du pancr\u00e9as, son \u00e9quipe d\u00e9di\u00e9e offre des interventions de pointe. Obtenez des soins exceptionnels et des r\u00e9sultats r\u00e9ussis. Prenez rendez-vous d\u00e8s aujourd'hui.","og_url":"https:\/\/liversurgeryny.com\/fr\/chirurgien-specialise-en-foie-et-pancreas-chirurgie-du-cancer-du-foie-cancer-pancreatique-a-new-york\/","og_site_name":"Dmitri Alden, MD, FACS","article_modified_time":"2024-01-22T15:07:14+00:00","og_image":[{"url":"https:\/\/liversurgeryny.com\/wp-content\/uploads\/2022\/09\/background-2.jpg","type":"","width":"","height":""}],"twitter_card":"summary_large_image","twitter_image":"https:\/\/liversurgeryny.com\/wp-content\/uploads\/2022\/09\/background-2.jpg","twitter_misc":{"Dur\u00e9e de lecture estim\u00e9e":"4 minutes"},"schema":{"@context":"https:\/\/schema.org","@graph":[{"@type":"WebPage","@id":"https:\/\/liversurgeryny.com\/fr\/chirurgien-specialise-en-foie-et-pancreas-chirurgie-du-cancer-du-foie-cancer-pancreatique-a-new-york\/","url":"https:\/\/liversurgeryny.com\/fr\/chirurgien-specialise-en-foie-et-pancreas-chirurgie-du-cancer-du-foie-cancer-pancreatique-a-new-york\/","name":"Chirurgien Sp\u00e9cialis\u00e9 Foie et Pancr\u00e9as \u00e0 NYC | Traitement du Cancer du Foie et Pancr\u00e9atique par le Dr. Dmitri Alden","isPartOf":{"@id":"https:\/\/liversurgeryny.com\/#website"},"datePublished":"2022-08-16T11:06:48+00:00","dateModified":"2024-01-22T15:07:14+00:00","description":"D\u00e9couvrez les traitements sp\u00e9cialis\u00e9s du cancer du foie et pancr\u00e9atique \u00e0 New York avec le Dr. Dmitri Alden. Expert en chirurgie du foie et du pancr\u00e9as, son \u00e9quipe d\u00e9di\u00e9e offre des interventions de pointe. Obtenez des soins exceptionnels et des r\u00e9sultats r\u00e9ussis. Prenez rendez-vous d\u00e8s aujourd'hui.","breadcrumb":{"@id":"https:\/\/liversurgeryny.com\/fr\/chirurgien-specialise-en-foie-et-pancreas-chirurgie-du-cancer-du-foie-cancer-pancreatique-a-new-york\/#breadcrumb"},"inLanguage":"fr-FR","potentialAction":[{"@type":"ReadAction","target":["https:\/\/liversurgeryny.com\/fr\/chirurgien-specialise-en-foie-et-pancreas-chirurgie-du-cancer-du-foie-cancer-pancreatique-a-new-york\/"]}]},{"@type":"BreadcrumbList","@id":"https:\/\/liversurgeryny.com\/fr\/chirurgien-specialise-en-foie-et-pancreas-chirurgie-du-cancer-du-foie-cancer-pancreatique-a-new-york\/#breadcrumb","itemListElement":[{"@type":"ListItem","position":1,"name":"Home","item":"https:\/\/liversurgeryny.com\/fr\/"},{"@type":"ListItem","position":2,"name":"Chirurgien Sp\u00e9cialis\u00e9 en Foie et Pancr\u00e9as (Chirurgie du Cancer du Foie\/Cancer Pancr\u00e9atique) \u00e0 New York"}]},{"@type":"WebSite","@id":"https:\/\/liversurgeryny.com\/#website","url":"https:\/\/liversurgeryny.com\/","name":"Dmitri Alden, MD, FACS","description":"","potentialAction":[{"@type":"SearchAction","target":{"@type":"EntryPoint","urlTemplate":"https:\/\/liversurgeryny.com\/?s={search_term_string}"},"query-input":{"@type":"PropertyValueSpecification","valueRequired":true,"valueName":"search_term_string"}}],"inLanguage":"fr-FR"}]}},"_links":{"self":[{"href":"https:\/\/liversurgeryny.com\/fr\/wp-json\/wp\/v2\/pages\/2630","targetHints":{"allow":["GET"]}}],"collection":[{"href":"https:\/\/liversurgeryny.com\/fr\/wp-json\/wp\/v2\/pages"}],"about":[{"href":"https:\/\/liversurgeryny.com\/fr\/wp-json\/wp\/v2\/types\/page"}],"author":[{"embeddable":true,"href":"https:\/\/liversurgeryny.com\/fr\/wp-json\/wp\/v2\/users\/1"}],"replies":[{"embeddable":true,"href":"https:\/\/liversurgeryny.com\/fr\/wp-json\/wp\/v2\/comments?post=2630"}],"version-history":[{"count":3,"href":"https:\/\/liversurgeryny.com\/fr\/wp-json\/wp\/v2\/pages\/2630\/revisions"}],"predecessor-version":[{"id":2733,"href":"https:\/\/liversurgeryny.com\/fr\/wp-json\/wp\/v2\/pages\/2630\/revisions\/2733"}],"wp:attachment":[{"href":"https:\/\/liversurgeryny.com\/fr\/wp-json\/wp\/v2\/media?parent=2630"}],"curies":[{"name":"wp","href":"https:\/\/api.w.org\/{rel}","templated":true}]}}