{"id":2627,"date":"2022-08-16T11:50:48","date_gmt":"2022-08-16T16:50:48","guid":{"rendered":"https:\/\/liversurgeryny.com\/?page_id=2627"},"modified":"2024-01-22T10:03:22","modified_gmt":"2024-01-22T15:03:22","slug":"chirurgie-robotique-du-cancer-du-colon","status":"publish","type":"page","link":"https:\/\/liversurgeryny.com\/fr\/chirurgie-robotique-cancer-colon\/","title":{"rendered":"Chirurgie Robotique du Cancer du C\u00f4lon"},"content":{"rendered":"<p>La chirurgie robotique a r\u00e9volutionn\u00e9 de nombreuses proc\u00e9dures dans le domaine m\u00e9dical, y compris la chirurgie du cancer colorectal. La technologie robotique permet une pr\u00e9cision et un contr\u00f4le accrus lors de <a href=\"https:\/\/liversurgeryny.com\/fr\/traitement-des-tumeurs-abdominales\/\">chirurgies complexes dans la cavit\u00e9 abdominale<\/a> et \u00e0 travers le corps. Le Dr Dmitri Alden est l&rsquo;un des meilleurs chirurgiens oncologiques ayant une vaste exp\u00e9rience et des succ\u00e8s dans la r\u00e9alisation de chirurgies robotiques pour le cancer du c\u00f4lon au sein de sa pratique \u00e0 l&rsquo;UES \u00e0 New York.<\/p>\n<p>La technologie de la chirurgie robotique implique une console chirurgicale permettant de contr\u00f4ler les mouvements des bras robotiques et des petits instruments chirurgicaux. De petites cam\u00e9ras sont ins\u00e9r\u00e9es par de petites incisions pour transmettre des images en 3D haute d\u00e9finition sur des \u00e9crans num\u00e9riques. Cette vue rapproch\u00e9e de la zone chirurgicale est pr\u00e9f\u00e9rable, et les petits instruments peuvent se d\u00e9placer plus facilement dans des zones confin\u00e9es. Pendant la proc\u00e9dure, le Dr Alden contr\u00f4le chaque mouvement des bras robotiques et des instruments, mais avec une pr\u00e9cision am\u00e9lior\u00e9e et une endurance accrue pour mener \u00e0 bien une chirurgie r\u00e9ussie.<\/p>\n<h2>Chirurgie Colorectale Minimale Invasive<\/h2>\n<p>Il existe de nombreux avantages \u00e0 choisir la chirurgie robotique pour le traitement de votre cancer colorectal. La plupart des cas de cancer du c\u00f4lon n\u00e9cessiteront l&rsquo;ablation chirurgicale de parties du rectum et du c\u00f4lon, ainsi que de polypes ou de tumeurs. Contrairement \u00e0 la chirurgie ouverte, qui n\u00e9cessite une grande incision pour acc\u00e9der \u00e0 la cavit\u00e9 abdominale, la chirurgie robotique du c\u00f4lon n&rsquo;utilise que de petites incisions pour permettre aux instruments chirurgicaux miniatures d&rsquo;acc\u00e9der \u00e0 l&rsquo;abdomen. Cela r\u00e9duit les dommages aux tissus entourant le c\u00f4lon, pour moins de douleur et une r\u00e9cup\u00e9ration plus rapide.<\/p>\n<p>La chirurgie robotique minimale invasive est un traitement efficace de premi\u00e8re intention pour le cancer colorectal. La plupart des patients du Dr Alden peuvent r\u00e9duire leur s\u00e9jour \u00e0 l&rsquo;h\u00f4pital \u00e0 24-48 heures apr\u00e8s leur chirurgie, et il y a moins de risques de saignement ou d&rsquo;infection. Comme les patients r\u00e9cup\u00e8rent plus rapidement, ils peuvent commencer d&rsquo;autres phases de leur traitement du cancer du c\u00f4lon plus t\u00f4t, leur offrant une meilleure chance de r\u00e9ussite th\u00e9rapeutique.<\/p>\n<p>Entendre le diagnostic du cancer du c\u00f4lon peut \u00eatre effrayant, mais de nombreuses avanc\u00e9es ont \u00e9t\u00e9 r\u00e9alis\u00e9es dans le traitement. Le Dr Dmitri Alden est l&rsquo;un des chirurgiens oncologiques les plus respect\u00e9s aux \u00c9tats-Unis, et un m\u00e9decin de classe mondiale qui utilise des traitements contre le cancer \u00e0 la pointe de la technologie pour ses patients. Pour planifier une consultation pour le traitement du cancer du c\u00f4lon avec le Dr Alden, <a href=\"https:\/\/liversurgeryny.com\/fr\/contactez-nous\/\">contactez notre centre m\u00e9dical \u00e0 Manhattan<\/a> pour prendre rendez-vous.<\/p>\n","protected":false},"excerpt":{"rendered":"<p>La chirurgie robotique a r\u00e9volutionn\u00e9 de nombreuses proc\u00e9dures dans le domaine m\u00e9dical, y compris la chirurgie du cancer colorectal. La technologie robotique permet une pr\u00e9cision et un contr\u00f4le accrus lors de chirurgies complexes dans la cavit\u00e9 abdominale et \u00e0 travers le corps. Le Dr Dmitri Alden est l&rsquo;un des meilleurs chirurgiens oncologiques ayant une vaste&hellip; <a href=\"https:\/\/liversurgeryny.com\/fr\/chirurgie-robotique-cancer-colon\/\" class=\"btn btn-outline-primary  more-link d-none\">Continuer la lecture<\/a><\/p>\n","protected":false},"author":1,"featured_media":0,"parent":2624,"menu_order":0,"comment_status":"closed","ping_status":"closed","template":"","meta":{"_acf_changed":false,"footnotes":""},"class_list":["post-2627","page","type-page","status-publish"],"acf":[],"yoast_head":"<!-- This site is optimized with the Yoast SEO plugin v27.4 - https:\/\/yoast.com\/product\/yoast-seo-wordpress\/ -->\n<title>Chirurgie Robotique du Cancer du C\u00f4lon \u00e0 New York | Dr. Dmitri Alden, Chirurgien Oncologique de Renom<\/title>\n<meta name=\"description\" content=\"D\u00e9couvrez la chirurgie robotique avanc\u00e9e pour le cancer du c\u00f4lon avec le Dr. Dmitri Alden \u00e0 New York. Profitez de la pr\u00e9cision et du r\u00e9tablissement rapide gr\u00e2ce \u00e0 des techniques minimales invasives. Prenez rendez-vous pour une consultation avec l&#039;un des meilleurs chirurgiens oncologiques sp\u00e9cialis\u00e9s dans le cancer colorectal.\" \/>\n<meta name=\"robots\" content=\"index, follow, max-snippet:-1, max-image-preview:large, max-video-preview:-1\" \/>\n<link rel=\"canonical\" href=\"https:\/\/liversurgeryny.com\/fr\/chirurgie-robotique-cancer-colon\/\" \/>\n<meta property=\"og:locale\" content=\"fr_FR\" \/>\n<meta property=\"og:type\" content=\"article\" \/>\n<meta property=\"og:title\" content=\"Chirurgie Robotique du Cancer du C\u00f4lon \u00e0 New York | Dr. Dmitri Alden, Chirurgien Oncologique de Renom\" \/>\n<meta property=\"og:description\" content=\"D\u00e9couvrez la chirurgie robotique avanc\u00e9e pour le cancer du c\u00f4lon avec le Dr. Dmitri Alden \u00e0 New York. Profitez de la pr\u00e9cision et du r\u00e9tablissement rapide gr\u00e2ce \u00e0 des techniques minimales invasives. Prenez rendez-vous pour une consultation avec l&#039;un des meilleurs chirurgiens oncologiques sp\u00e9cialis\u00e9s dans le cancer colorectal.\" \/>\n<meta property=\"og:url\" content=\"https:\/\/liversurgeryny.com\/fr\/chirurgie-robotique-cancer-colon\/\" \/>\n<meta property=\"og:site_name\" content=\"Dmitri Alden, MD, FACS\" \/>\n<meta property=\"article:modified_time\" content=\"2024-01-22T15:03:22+00:00\" \/>\n<meta property=\"og:image\" content=\"https:\/\/liversurgeryny.com\/wp-content\/uploads\/2022\/09\/background-2.jpg\" \/>\n<meta name=\"twitter:card\" content=\"summary_large_image\" \/>\n<meta name=\"twitter:image\" content=\"https:\/\/liversurgeryny.com\/wp-content\/uploads\/2022\/09\/background-2.jpg\" \/>\n<meta name=\"twitter:label1\" content=\"Dur\u00e9e de lecture estim\u00e9e\" \/>\n\t<meta name=\"twitter:data1\" content=\"2 minutes\" \/>\n<!-- \/ Yoast SEO plugin. -->","yoast_head_json":{"title":"Chirurgie Robotique du Cancer du C\u00f4lon \u00e0 New York | Dr. Dmitri Alden, Chirurgien Oncologique de Renom","description":"D\u00e9couvrez la chirurgie robotique avanc\u00e9e pour le cancer du c\u00f4lon avec le Dr. Dmitri Alden \u00e0 New York. Profitez de la pr\u00e9cision et du r\u00e9tablissement rapide gr\u00e2ce \u00e0 des techniques minimales invasives. Prenez rendez-vous pour une consultation avec l'un des meilleurs chirurgiens oncologiques sp\u00e9cialis\u00e9s dans le cancer colorectal.","robots":{"index":"index","follow":"follow","max-snippet":"max-snippet:-1","max-image-preview":"max-image-preview:large","max-video-preview":"max-video-preview:-1"},"canonical":"https:\/\/liversurgeryny.com\/fr\/chirurgie-robotique-cancer-colon\/","og_locale":"fr_FR","og_type":"article","og_title":"Chirurgie Robotique du Cancer du C\u00f4lon \u00e0 New York | Dr. Dmitri Alden, Chirurgien Oncologique de Renom","og_description":"D\u00e9couvrez la chirurgie robotique avanc\u00e9e pour le cancer du c\u00f4lon avec le Dr. Dmitri Alden \u00e0 New York. Profitez de la pr\u00e9cision et du r\u00e9tablissement rapide gr\u00e2ce \u00e0 des techniques minimales invasives. Prenez rendez-vous pour une consultation avec l'un des meilleurs chirurgiens oncologiques sp\u00e9cialis\u00e9s dans le cancer colorectal.","og_url":"https:\/\/liversurgeryny.com\/fr\/chirurgie-robotique-cancer-colon\/","og_site_name":"Dmitri Alden, MD, FACS","article_modified_time":"2024-01-22T15:03:22+00:00","og_image":[{"url":"https:\/\/liversurgeryny.com\/wp-content\/uploads\/2022\/09\/background-2.jpg","type":"","width":"","height":""}],"twitter_card":"summary_large_image","twitter_image":"https:\/\/liversurgeryny.com\/wp-content\/uploads\/2022\/09\/background-2.jpg","twitter_misc":{"Dur\u00e9e de lecture estim\u00e9e":"2 minutes"},"schema":{"@context":"https:\/\/schema.org","@graph":[{"@type":"WebPage","@id":"https:\/\/liversurgeryny.com\/fr\/chirurgie-robotique-cancer-colon\/","url":"https:\/\/liversurgeryny.com\/fr\/chirurgie-robotique-cancer-colon\/","name":"Chirurgie Robotique du Cancer du C\u00f4lon \u00e0 New York | Dr. Dmitri Alden, Chirurgien Oncologique de Renom","isPartOf":{"@id":"https:\/\/liversurgeryny.com\/#website"},"datePublished":"2022-08-16T16:50:48+00:00","dateModified":"2024-01-22T15:03:22+00:00","description":"D\u00e9couvrez la chirurgie robotique avanc\u00e9e pour le cancer du c\u00f4lon avec le Dr. Dmitri Alden \u00e0 New York. Profitez de la pr\u00e9cision et du r\u00e9tablissement rapide gr\u00e2ce \u00e0 des techniques minimales invasives. Prenez rendez-vous pour une consultation avec l'un des meilleurs chirurgiens oncologiques sp\u00e9cialis\u00e9s dans le cancer colorectal.","breadcrumb":{"@id":"https:\/\/liversurgeryny.com\/fr\/chirurgie-robotique-cancer-colon\/#breadcrumb"},"inLanguage":"fr-FR","potentialAction":[{"@type":"ReadAction","target":["https:\/\/liversurgeryny.com\/fr\/chirurgie-robotique-cancer-colon\/"]}]},{"@type":"BreadcrumbList","@id":"https:\/\/liversurgeryny.com\/fr\/chirurgie-robotique-cancer-colon\/#breadcrumb","itemListElement":[{"@type":"ListItem","position":1,"name":"Home","item":"https:\/\/liversurgeryny.com\/fr\/"},{"@type":"ListItem","position":2,"name":"Traitement des Tumeurs Abdominales","item":"https:\/\/liversurgeryny.com\/fr\/traitement-des-tumeurs-abdominales\/"},{"@type":"ListItem","position":3,"name":"Chirurgie Robotique du Cancer du C\u00f4lon"}]},{"@type":"WebSite","@id":"https:\/\/liversurgeryny.com\/#website","url":"https:\/\/liversurgeryny.com\/","name":"Dmitri Alden, MD, FACS","description":"","potentialAction":[{"@type":"SearchAction","target":{"@type":"EntryPoint","urlTemplate":"https:\/\/liversurgeryny.com\/?s={search_term_string}"},"query-input":{"@type":"PropertyValueSpecification","valueRequired":true,"valueName":"search_term_string"}}],"inLanguage":"fr-FR"}]}},"_links":{"self":[{"href":"https:\/\/liversurgeryny.com\/fr\/wp-json\/wp\/v2\/pages\/2627","targetHints":{"allow":["GET"]}}],"collection":[{"href":"https:\/\/liversurgeryny.com\/fr\/wp-json\/wp\/v2\/pages"}],"about":[{"href":"https:\/\/liversurgeryny.com\/fr\/wp-json\/wp\/v2\/types\/page"}],"author":[{"embeddable":true,"href":"https:\/\/liversurgeryny.com\/fr\/wp-json\/wp\/v2\/users\/1"}],"replies":[{"embeddable":true,"href":"https:\/\/liversurgeryny.com\/fr\/wp-json\/wp\/v2\/comments?post=2627"}],"version-history":[{"count":3,"href":"https:\/\/liversurgeryny.com\/fr\/wp-json\/wp\/v2\/pages\/2627\/revisions"}],"predecessor-version":[{"id":2730,"href":"https:\/\/liversurgeryny.com\/fr\/wp-json\/wp\/v2\/pages\/2627\/revisions\/2730"}],"up":[{"embeddable":true,"href":"https:\/\/liversurgeryny.com\/fr\/wp-json\/wp\/v2\/pages\/2624"}],"wp:attachment":[{"href":"https:\/\/liversurgeryny.com\/fr\/wp-json\/wp\/v2\/media?parent=2627"}],"curies":[{"name":"wp","href":"https:\/\/api.w.org\/{rel}","templated":true}]}}