{"id":2624,"date":"2022-08-16T06:39:27","date_gmt":"2022-08-16T11:39:27","guid":{"rendered":"https:\/\/liversurgeryny.com\/?page_id=2624"},"modified":"2024-01-22T09:54:22","modified_gmt":"2024-01-22T14:54:22","slug":"traitement-des-tumeurs-abdominales","status":"publish","type":"page","link":"https:\/\/liversurgeryny.com\/fr\/traitement-des-tumeurs-abdominales\/","title":{"rendered":"Traitement des Tumeurs Abdominales"},"content":{"rendered":"<p>Les tumeurs abdominales peuvent n\u00e9cessiter des interventions chirurgicales complexes au sein de la cavit\u00e9 abdominale. Les organes vitaux et un r\u00e9seau complexe de nerfs, de vaisseaux sanguins et de tissus mous se trouvent dans l&rsquo;abdomen, et ils doivent \u00eatre soigneusement navigu\u00e9s pour \u00e9liminer les tumeurs. Le <a href=\"https:\/\/liversurgeryny.com\/fr\/\">Dr Dmitri Alden<\/a> est un chirurgien oncologique hautement qualifi\u00e9 et respect\u00e9 qui propose un traitement de pointe des tumeurs abdominales dans le cadre de sa pratique \u00e0 New York.<\/p>\n<p>Le Dr Dmitri Alden dispose de d\u00e9cennies d&rsquo;\u00e9ducation, de formation et de pratique dans son domaine, se sp\u00e9cialisant dans le traitement du cancer de la r\u00e9gion abdominale. Les organes et les tissus \u00e0 l&rsquo;int\u00e9rieur de la cavit\u00e9 abdominale sont interconnect\u00e9s et n\u00e9cessitent des techniques avanc\u00e9es pour \u00e9liminer les tumeurs canc\u00e9reuses. La chirurgie est presque toujours le traitement recommand\u00e9 en premier pour les tumeurs abdominales, pouvant \u00eatre suivie par d&rsquo;autres th\u00e9rapies contre le cancer.<\/p>\n<p>Le Dr Alden est reconnu en tant qu&rsquo;expert en chirurgie peu invasive, utilisant des techniques robotiques et laparoscopiques chaque fois que possible. La plupart de ses chirurgies sp\u00e9cialis\u00e9es pour l&rsquo;ex\u00e9r\u00e8se de tumeurs, les r\u00e9sections d&rsquo;organes et le traitement du cancer sont effectu\u00e9es \u00e0 l&rsquo;H\u00f4pital Lennox Hill, offrant un acc\u00e8s \u00e0 une technologie m\u00e9dicale de classe mondiale et \u00e0 des \u00e9quipements de pointe.<\/p>\n<h2>Chirurgie Avanc\u00e9e du Cancer Abdominal<\/h2>\n<p>De nombreuses tumeurs abdominales sont extr\u00eamement rares et n\u00e9cessitent l&rsquo;expertise d&rsquo;un sp\u00e9cialiste pour leur traitement. Le Dr Alden est tr\u00e8s respect\u00e9 par ses pairs et est souvent consult\u00e9 lorsque des tumeurs abdominales rares sont diagnostiqu\u00e9es. Son ensemble unique de comp\u00e9tences et d&rsquo;exp\u00e9rience est sans \u00e9gal dans son domaine. Le Dr Alden propose des traitements avanc\u00e9s contre le cancer qui ne sont pas disponibles dans d&rsquo;autres cabinets \u00e0 New York. Certains des traitements des tumeurs abdominales offerts dans sa pratique de l&rsquo;UES comprennent:<\/p>\n<nav class=\"flc-submenu\" aria-label=\"sub menu\"><ul><li><a href=\"https:\/\/liversurgeryny.com\/abdominal-sarcoma\/\">Sarcome abdominal<\/a><\/li><li><a href=\"https:\/\/liversurgeryny.com\/adrenal-cancer\/\">Cancer surr\u00e9nalien<\/a><\/li><li><a href=\"https:\/\/liversurgeryny.com\/retroperitoneal-malignancies\/\">Malignit\u00e9s r\u00e9tro-p\u00e9riton\u00e9ales<\/a><\/li><li><a href=\"https:\/\/liversurgeryny.com\/fr\/chirurgie-robotique-cancer-colon\/\">Chirurgie robotique du cancer du colon<\/a><\/li><\/ul><\/nav>\n<p>Les tumeurs abdominales peuvent souvent rester non diagnostiqu\u00e9es pendant de longues p\u00e9riodes en raison de l&rsquo;absence de sympt\u00f4mes pendant de longs laps de temps. Lorsque des sympt\u00f4mes apparaissent, la douleur abdominale, les naus\u00e9es, la perte de poids, les ballonnements abdominaux et les vomissements peuvent \u00eatre parmi les premiers remarqu\u00e9s par le patient. Cependant, les sympt\u00f4mes varient en fonction du type de tumeur, de son stade et de sa localisation.<\/p>\n<p>Si vous avez \u00e9t\u00e9 diagnostiqu\u00e9(e) avec une tumeur abdominale, un traitement est disponible aupr\u00e8s du Dr Dmitri Alden. <a href=\"https:\/\/liversurgeryny.com\/fr\/contactez-nous\/\">Contactez notre bureau<\/a> pour planifier une consultation avec l&rsquo;un des meilleurs chirurgiens oncologiques sp\u00e9cialis\u00e9s dans les tumeurs abdominales du pays.<\/p>\n","protected":false},"excerpt":{"rendered":"<p>Les tumeurs abdominales peuvent n\u00e9cessiter des interventions chirurgicales complexes au sein de la cavit\u00e9 abdominale. Les organes vitaux et un r\u00e9seau complexe de nerfs, de vaisseaux sanguins et de tissus mous se trouvent dans l&rsquo;abdomen, et ils doivent \u00eatre soigneusement navigu\u00e9s pour \u00e9liminer les tumeurs. Le Dr Dmitri Alden est un chirurgien oncologique hautement qualifi\u00e9&hellip; <a href=\"https:\/\/liversurgeryny.com\/fr\/traitement-des-tumeurs-abdominales\/\" class=\"btn btn-outline-primary  more-link d-none\">Continuer la lecture<\/a><\/p>\n","protected":false},"author":1,"featured_media":0,"parent":0,"menu_order":0,"comment_status":"closed","ping_status":"closed","template":"","meta":{"_acf_changed":false,"footnotes":""},"class_list":["post-2624","page","type-page","status-publish"],"acf":[],"yoast_head":"<!-- This site is optimized with the Yoast SEO plugin v27.4 - https:\/\/yoast.com\/product\/yoast-seo-wordpress\/ -->\n<title>Traitement des Tumeurs Abdominales par le Dr. Dmitri Alden \u00e0 New York | Chirurgie Oncologique de Pointe<\/title>\n<meta name=\"description\" content=\"D\u00e9couvrez des traitements avanc\u00e9s contre les tumeurs abdominales \u00e0 New York avec le Dr. Dmitri Alden, expert en chirurgie oncologique. B\u00e9n\u00e9ficiez de d\u00e9cennies d&#039;exp\u00e9rience et de techniques de pointe pour \u00e9liminer les tumeurs abdominales rares. Prenez rendez-vous pour une consultation avec l&#039;un des meilleurs chirurgiens oncologiques sp\u00e9cialis\u00e9s dans les tumeurs abdominales.\" \/>\n<meta name=\"robots\" content=\"index, follow, max-snippet:-1, max-image-preview:large, max-video-preview:-1\" \/>\n<link rel=\"canonical\" href=\"https:\/\/liversurgeryny.com\/fr\/traitement-des-tumeurs-abdominales\/\" \/>\n<meta property=\"og:locale\" content=\"fr_FR\" \/>\n<meta property=\"og:type\" content=\"article\" \/>\n<meta property=\"og:title\" content=\"Traitement des Tumeurs Abdominales par le Dr. Dmitri Alden \u00e0 New York | Chirurgie Oncologique de Pointe\" \/>\n<meta property=\"og:description\" content=\"D\u00e9couvrez des traitements avanc\u00e9s contre les tumeurs abdominales \u00e0 New York avec le Dr. Dmitri Alden, expert en chirurgie oncologique. B\u00e9n\u00e9ficiez de d\u00e9cennies d&#039;exp\u00e9rience et de techniques de pointe pour \u00e9liminer les tumeurs abdominales rares. Prenez rendez-vous pour une consultation avec l&#039;un des meilleurs chirurgiens oncologiques sp\u00e9cialis\u00e9s dans les tumeurs abdominales.\" \/>\n<meta property=\"og:url\" content=\"https:\/\/liversurgeryny.com\/fr\/traitement-des-tumeurs-abdominales\/\" \/>\n<meta property=\"og:site_name\" content=\"Dmitri Alden, MD, FACS\" \/>\n<meta property=\"article:modified_time\" content=\"2024-01-22T14:54:22+00:00\" \/>\n<meta property=\"og:image\" content=\"https:\/\/liversurgeryny.com\/wp-content\/uploads\/2022\/09\/background-2.jpg\" \/>\n<meta name=\"twitter:card\" content=\"summary_large_image\" \/>\n<meta name=\"twitter:image\" content=\"https:\/\/liversurgeryny.com\/wp-content\/uploads\/2022\/09\/background-2.jpg\" \/>\n<meta name=\"twitter:label1\" content=\"Dur\u00e9e de lecture estim\u00e9e\" \/>\n\t<meta name=\"twitter:data1\" content=\"2 minutes\" \/>\n<!-- \/ Yoast SEO plugin. -->","yoast_head_json":{"title":"Traitement des Tumeurs Abdominales par le Dr. Dmitri Alden \u00e0 New York | Chirurgie Oncologique de Pointe","description":"D\u00e9couvrez des traitements avanc\u00e9s contre les tumeurs abdominales \u00e0 New York avec le Dr. Dmitri Alden, expert en chirurgie oncologique. B\u00e9n\u00e9ficiez de d\u00e9cennies d'exp\u00e9rience et de techniques de pointe pour \u00e9liminer les tumeurs abdominales rares. Prenez rendez-vous pour une consultation avec l'un des meilleurs chirurgiens oncologiques sp\u00e9cialis\u00e9s dans les tumeurs abdominales.","robots":{"index":"index","follow":"follow","max-snippet":"max-snippet:-1","max-image-preview":"max-image-preview:large","max-video-preview":"max-video-preview:-1"},"canonical":"https:\/\/liversurgeryny.com\/fr\/traitement-des-tumeurs-abdominales\/","og_locale":"fr_FR","og_type":"article","og_title":"Traitement des Tumeurs Abdominales par le Dr. Dmitri Alden \u00e0 New York | Chirurgie Oncologique de Pointe","og_description":"D\u00e9couvrez des traitements avanc\u00e9s contre les tumeurs abdominales \u00e0 New York avec le Dr. Dmitri Alden, expert en chirurgie oncologique. B\u00e9n\u00e9ficiez de d\u00e9cennies d'exp\u00e9rience et de techniques de pointe pour \u00e9liminer les tumeurs abdominales rares. Prenez rendez-vous pour une consultation avec l'un des meilleurs chirurgiens oncologiques sp\u00e9cialis\u00e9s dans les tumeurs abdominales.","og_url":"https:\/\/liversurgeryny.com\/fr\/traitement-des-tumeurs-abdominales\/","og_site_name":"Dmitri Alden, MD, FACS","article_modified_time":"2024-01-22T14:54:22+00:00","og_image":[{"url":"https:\/\/liversurgeryny.com\/wp-content\/uploads\/2022\/09\/background-2.jpg","type":"","width":"","height":""}],"twitter_card":"summary_large_image","twitter_image":"https:\/\/liversurgeryny.com\/wp-content\/uploads\/2022\/09\/background-2.jpg","twitter_misc":{"Dur\u00e9e de lecture estim\u00e9e":"2 minutes"},"schema":{"@context":"https:\/\/schema.org","@graph":[{"@type":"WebPage","@id":"https:\/\/liversurgeryny.com\/fr\/traitement-des-tumeurs-abdominales\/","url":"https:\/\/liversurgeryny.com\/fr\/traitement-des-tumeurs-abdominales\/","name":"Traitement des Tumeurs Abdominales par le Dr. Dmitri Alden \u00e0 New York | Chirurgie Oncologique de Pointe","isPartOf":{"@id":"https:\/\/liversurgeryny.com\/#website"},"datePublished":"2022-08-16T11:39:27+00:00","dateModified":"2024-01-22T14:54:22+00:00","description":"D\u00e9couvrez des traitements avanc\u00e9s contre les tumeurs abdominales \u00e0 New York avec le Dr. Dmitri Alden, expert en chirurgie oncologique. B\u00e9n\u00e9ficiez de d\u00e9cennies d'exp\u00e9rience et de techniques de pointe pour \u00e9liminer les tumeurs abdominales rares. Prenez rendez-vous pour une consultation avec l'un des meilleurs chirurgiens oncologiques sp\u00e9cialis\u00e9s dans les tumeurs abdominales.","breadcrumb":{"@id":"https:\/\/liversurgeryny.com\/fr\/traitement-des-tumeurs-abdominales\/#breadcrumb"},"inLanguage":"fr-FR","potentialAction":[{"@type":"ReadAction","target":["https:\/\/liversurgeryny.com\/fr\/traitement-des-tumeurs-abdominales\/"]}]},{"@type":"BreadcrumbList","@id":"https:\/\/liversurgeryny.com\/fr\/traitement-des-tumeurs-abdominales\/#breadcrumb","itemListElement":[{"@type":"ListItem","position":1,"name":"Home","item":"https:\/\/liversurgeryny.com\/fr\/"},{"@type":"ListItem","position":2,"name":"Traitement des Tumeurs Abdominales"}]},{"@type":"WebSite","@id":"https:\/\/liversurgeryny.com\/#website","url":"https:\/\/liversurgeryny.com\/","name":"Dmitri Alden, MD, FACS","description":"","potentialAction":[{"@type":"SearchAction","target":{"@type":"EntryPoint","urlTemplate":"https:\/\/liversurgeryny.com\/?s={search_term_string}"},"query-input":{"@type":"PropertyValueSpecification","valueRequired":true,"valueName":"search_term_string"}}],"inLanguage":"fr-FR"}]}},"_links":{"self":[{"href":"https:\/\/liversurgeryny.com\/fr\/wp-json\/wp\/v2\/pages\/2624","targetHints":{"allow":["GET"]}}],"collection":[{"href":"https:\/\/liversurgeryny.com\/fr\/wp-json\/wp\/v2\/pages"}],"about":[{"href":"https:\/\/liversurgeryny.com\/fr\/wp-json\/wp\/v2\/types\/page"}],"author":[{"embeddable":true,"href":"https:\/\/liversurgeryny.com\/fr\/wp-json\/wp\/v2\/users\/1"}],"replies":[{"embeddable":true,"href":"https:\/\/liversurgeryny.com\/fr\/wp-json\/wp\/v2\/comments?post=2624"}],"version-history":[{"count":4,"href":"https:\/\/liversurgeryny.com\/fr\/wp-json\/wp\/v2\/pages\/2624\/revisions"}],"predecessor-version":[{"id":3262,"href":"https:\/\/liversurgeryny.com\/fr\/wp-json\/wp\/v2\/pages\/2624\/revisions\/3262"}],"wp:attachment":[{"href":"https:\/\/liversurgeryny.com\/fr\/wp-json\/wp\/v2\/media?parent=2624"}],"curies":[{"name":"wp","href":"https:\/\/api.w.org\/{rel}","templated":true}]}}