{"id":2621,"date":"2022-08-15T16:22:38","date_gmt":"2022-08-15T21:22:38","guid":{"rendered":"https:\/\/liversurgeryny.com\/?page_id=2621"},"modified":"2024-01-22T09:52:37","modified_gmt":"2024-01-22T14:52:37","slug":"cholecystectomie-robotique","status":"publish","type":"page","link":"https:\/\/liversurgeryny.com\/fr\/meilleur-chirurgien-du-foie-et-des-voies-biliaires-a-new-york\/cholecystectomie-robotique\/","title":{"rendered":"Chol\u00e9cystectomie Robotique"},"content":{"rendered":"<p>La chirurgie robotique a am\u00e9lior\u00e9 la s\u00e9curit\u00e9 et l&rsquo;efficacit\u00e9 de nombreux types d&rsquo;interventions, y compris l&rsquo;ablation de la v\u00e9sicule biliaire. Les syst\u00e8mes assist\u00e9s par robot, tels que le syst\u00e8me Da Vinci, offrent aux chirurgiens une vue en 3D de l&rsquo;anatomie du patient et un contr\u00f4le plus pr\u00e9cis avec les instruments chirurgicaux. Le Dr. Dmitri Alden utilise <a href=\"https:\/\/liversurgeryny.com\/fr\/meilleur-chirurgien-du-foie-et-des-voies-biliaires-a-new-york\/\">la technologie chirurgicale robotique pour de nombreuses proc\u00e9dures<\/a>, y compris la chol\u00e9cystectomie robotique.<\/p>\n<p>La chol\u00e9cystectomie robotique, ou ablation de la v\u00e9sicule biliaire, pr\u00e9sente de nombreux avantages par rapport \u00e0 la chirurgie ouverte ou m\u00eame \u00e0 la chol\u00e9cystectomie laparoscopique. Des d\u00e9cennies de recherche et d&rsquo;essais ont \u00e9t\u00e9 consacr\u00e9es \u00e0 la cr\u00e9ation de ces syst\u00e8mes robotiques avanc\u00e9s qui peuvent accro\u00eetre la s\u00e9curit\u00e9 des interventions chirurgicales pour le patient. Lors de la chirurgie de retrait de la v\u00e9sicule biliaire, le Dr. Alden utilise la console du chirurgien pour visualiser les images en haute d\u00e9finition et en 3D transmises de l&rsquo;int\u00e9rieur de l&rsquo;abdomen du patient. Le syst\u00e8me robotique lui permet de contr\u00f4ler les instruments chirurgicaux de pointe qui peuvent retirer efficacement la v\u00e9sicule biliaire avec une pr\u00e9cision accrue. Il a r\u00e9alis\u00e9 des centaines de chirurgies assist\u00e9es par robot avec d&rsquo;excellents r\u00e9sultats pour ses patients.<\/p>\n<h2>Avantages de la Chirurgie Assist\u00e9e par Robot<\/h2>\n<p>La chol\u00e9cystectomie robotique peut offrir de nombreux avantages aux patients qui doivent subir l&rsquo;ablation de leur v\u00e9sicule biliaire. L&rsquo;imagerie avanc\u00e9e et les instruments chirurgicaux am\u00e9liorent la pr\u00e9cision de la proc\u00e9dure lorsqu&rsquo;ils sont contr\u00f4l\u00e9s par un chirurgien chevronn\u00e9 tel que le Dr. Alden. La proc\u00e9dure est peu invasive, avec de petites incisions pour acc\u00e9der \u00e0 la v\u00e9sicule biliaire. Les patients peuvent g\u00e9n\u00e9ralement rentrer chez eux dans les 24 \u00e0 48 heures suivant leur intervention, r\u00e9duisant ainsi la dur\u00e9e de s\u00e9jour \u00e0 l&rsquo;h\u00f4pital. La r\u00e9cup\u00e9ration est beaucoup plus courte et moins douloureuse que la chirurgie ouverte, avec moins de risques d&rsquo;infection ou d&rsquo;autres complications.<\/p>\n<p>Le Dr. Dmitri Alden a investi dans la meilleure technologie et formation pour offrir \u00e0 ses patients un acc\u00e8s \u00e0 des soins m\u00e9dicaux de premier ordre. Dans la mesure du possible, le Dr. Alden utilise des syst\u00e8mes robotiques pour ses interventions chirurgicales afin d&rsquo;am\u00e9liorer les r\u00e9sultats pour ses patients. Dans la plupart des cas, la chirurgie de retrait de la v\u00e9sicule biliaire est plus s\u00fbre et a un taux de r\u00e9ussite plus \u00e9lev\u00e9 lorsqu&rsquo;elle est r\u00e9alis\u00e9e avec une assistance robotique. Cependant, le Dr. Alden peut \u00e9galement effectuer une chol\u00e9cystectomie en utilisant d&rsquo;autres m\u00e9thodes chirurgicales si n\u00e9cessaire.<\/p>\n<p>Si vous souffrez d&rsquo;une maladie de la v\u00e9sicule biliaire qui ne r\u00e9pond pas aux autres traitements, une intervention chirurgicale de retrait peut \u00eatre recommand\u00e9e. Le Dr. Dmitri Alden propose la chol\u00e9cystectomie robotique de pointe comme option peu invasive et plus s\u00fbre pour ses patients. Pour prendre rendez-vous avec le Dr. Alden, <a href=\"https:\/\/liversurgeryny.com\/fr\/contactez-nous\/\">contactez notre cabinet dans l&rsquo;Upper East Side de Manhattan<\/a>.<\/p>\n","protected":false},"excerpt":{"rendered":"<p>La chirurgie robotique a am\u00e9lior\u00e9 la s\u00e9curit\u00e9 et l&rsquo;efficacit\u00e9 de nombreux types d&rsquo;interventions, y compris l&rsquo;ablation de la v\u00e9sicule biliaire. Les syst\u00e8mes assist\u00e9s par robot, tels que le syst\u00e8me Da Vinci, offrent aux chirurgiens une vue en 3D de l&rsquo;anatomie du patient et un contr\u00f4le plus pr\u00e9cis avec les instruments chirurgicaux. Le Dr. Dmitri Alden&hellip; <a href=\"https:\/\/liversurgeryny.com\/fr\/meilleur-chirurgien-du-foie-et-des-voies-biliaires-a-new-york\/cholecystectomie-robotique\/\" class=\"btn btn-outline-primary  more-link d-none\">Continuer la lecture<\/a><\/p>\n","protected":false},"author":1,"featured_media":0,"parent":2587,"menu_order":0,"comment_status":"closed","ping_status":"closed","template":"","meta":{"_acf_changed":false,"footnotes":""},"class_list":["post-2621","page","type-page","status-publish"],"acf":[],"yoast_head":"<!-- This site is optimized with the Yoast SEO plugin v27.4 - https:\/\/yoast.com\/product\/yoast-seo-wordpress\/ -->\n<title>Chol\u00e9cystectomie Robotique \u00e0 New York | Dr. Dmitri Alden, Chirurgien Expert en Robotique<\/title>\n<meta name=\"description\" content=\"D\u00e9couvrez les avantages de la chol\u00e9cystectomie robotique avec le Dr. Dmitri Alden, chirurgien renomm\u00e9 \u00e0 New York. Proc\u00e9dure pr\u00e9cise et peu invasive pour l&#039;ablation de la v\u00e9sicule biliaire. Prenez rendez-vous pour une consultation dans notre cabinet de l&#039;Upper East Side.\" \/>\n<meta name=\"robots\" content=\"index, follow, max-snippet:-1, max-image-preview:large, max-video-preview:-1\" \/>\n<link rel=\"canonical\" href=\"https:\/\/liversurgeryny.com\/fr\/meilleur-chirurgien-du-foie-et-des-voies-biliaires-a-new-york\/cholecystectomie-robotique\/\" \/>\n<meta property=\"og:locale\" content=\"fr_FR\" \/>\n<meta property=\"og:type\" content=\"article\" \/>\n<meta property=\"og:title\" content=\"Chol\u00e9cystectomie Robotique \u00e0 New York | Dr. Dmitri Alden, Chirurgien Expert en Robotique\" \/>\n<meta property=\"og:description\" content=\"D\u00e9couvrez les avantages de la chol\u00e9cystectomie robotique avec le Dr. Dmitri Alden, chirurgien renomm\u00e9 \u00e0 New York. Proc\u00e9dure pr\u00e9cise et peu invasive pour l&#039;ablation de la v\u00e9sicule biliaire. Prenez rendez-vous pour une consultation dans notre cabinet de l&#039;Upper East Side.\" \/>\n<meta property=\"og:url\" content=\"https:\/\/liversurgeryny.com\/fr\/meilleur-chirurgien-du-foie-et-des-voies-biliaires-a-new-york\/cholecystectomie-robotique\/\" \/>\n<meta property=\"og:site_name\" content=\"Dmitri Alden, MD, FACS\" \/>\n<meta property=\"article:modified_time\" content=\"2024-01-22T14:52:37+00:00\" \/>\n<meta property=\"og:image\" content=\"https:\/\/liversurgeryny.com\/wp-content\/uploads\/2022\/09\/background-2.jpg\" \/>\n<meta name=\"twitter:card\" content=\"summary_large_image\" \/>\n<meta name=\"twitter:image\" content=\"https:\/\/liversurgeryny.com\/wp-content\/uploads\/2022\/09\/background-2.jpg\" \/>\n<meta name=\"twitter:label1\" content=\"Dur\u00e9e de lecture estim\u00e9e\" \/>\n\t<meta name=\"twitter:data1\" content=\"3 minutes\" \/>\n<!-- \/ Yoast SEO plugin. -->","yoast_head_json":{"title":"Chol\u00e9cystectomie Robotique \u00e0 New York | Dr. Dmitri Alden, Chirurgien Expert en Robotique","description":"D\u00e9couvrez les avantages de la chol\u00e9cystectomie robotique avec le Dr. Dmitri Alden, chirurgien renomm\u00e9 \u00e0 New York. Proc\u00e9dure pr\u00e9cise et peu invasive pour l'ablation de la v\u00e9sicule biliaire. Prenez rendez-vous pour une consultation dans notre cabinet de l'Upper East Side.","robots":{"index":"index","follow":"follow","max-snippet":"max-snippet:-1","max-image-preview":"max-image-preview:large","max-video-preview":"max-video-preview:-1"},"canonical":"https:\/\/liversurgeryny.com\/fr\/meilleur-chirurgien-du-foie-et-des-voies-biliaires-a-new-york\/cholecystectomie-robotique\/","og_locale":"fr_FR","og_type":"article","og_title":"Chol\u00e9cystectomie Robotique \u00e0 New York | Dr. Dmitri Alden, Chirurgien Expert en Robotique","og_description":"D\u00e9couvrez les avantages de la chol\u00e9cystectomie robotique avec le Dr. Dmitri Alden, chirurgien renomm\u00e9 \u00e0 New York. Proc\u00e9dure pr\u00e9cise et peu invasive pour l'ablation de la v\u00e9sicule biliaire. Prenez rendez-vous pour une consultation dans notre cabinet de l'Upper East Side.","og_url":"https:\/\/liversurgeryny.com\/fr\/meilleur-chirurgien-du-foie-et-des-voies-biliaires-a-new-york\/cholecystectomie-robotique\/","og_site_name":"Dmitri Alden, MD, FACS","article_modified_time":"2024-01-22T14:52:37+00:00","og_image":[{"url":"https:\/\/liversurgeryny.com\/wp-content\/uploads\/2022\/09\/background-2.jpg","type":"","width":"","height":""}],"twitter_card":"summary_large_image","twitter_image":"https:\/\/liversurgeryny.com\/wp-content\/uploads\/2022\/09\/background-2.jpg","twitter_misc":{"Dur\u00e9e de lecture estim\u00e9e":"3 minutes"},"schema":{"@context":"https:\/\/schema.org","@graph":[{"@type":"WebPage","@id":"https:\/\/liversurgeryny.com\/fr\/meilleur-chirurgien-du-foie-et-des-voies-biliaires-a-new-york\/cholecystectomie-robotique\/","url":"https:\/\/liversurgeryny.com\/fr\/meilleur-chirurgien-du-foie-et-des-voies-biliaires-a-new-york\/cholecystectomie-robotique\/","name":"Chol\u00e9cystectomie Robotique \u00e0 New York | Dr. Dmitri Alden, Chirurgien Expert en Robotique","isPartOf":{"@id":"https:\/\/liversurgeryny.com\/#website"},"datePublished":"2022-08-15T21:22:38+00:00","dateModified":"2024-01-22T14:52:37+00:00","description":"D\u00e9couvrez les avantages de la chol\u00e9cystectomie robotique avec le Dr. Dmitri Alden, chirurgien renomm\u00e9 \u00e0 New York. Proc\u00e9dure pr\u00e9cise et peu invasive pour l'ablation de la v\u00e9sicule biliaire. Prenez rendez-vous pour une consultation dans notre cabinet de l'Upper East Side.","breadcrumb":{"@id":"https:\/\/liversurgeryny.com\/fr\/meilleur-chirurgien-du-foie-et-des-voies-biliaires-a-new-york\/cholecystectomie-robotique\/#breadcrumb"},"inLanguage":"fr-FR","potentialAction":[{"@type":"ReadAction","target":["https:\/\/liversurgeryny.com\/fr\/meilleur-chirurgien-du-foie-et-des-voies-biliaires-a-new-york\/cholecystectomie-robotique\/"]}]},{"@type":"BreadcrumbList","@id":"https:\/\/liversurgeryny.com\/fr\/meilleur-chirurgien-du-foie-et-des-voies-biliaires-a-new-york\/cholecystectomie-robotique\/#breadcrumb","itemListElement":[{"@type":"ListItem","position":1,"name":"Home","item":"https:\/\/liversurgeryny.com\/fr\/"},{"@type":"ListItem","position":2,"name":"Meilleur Chirurgien du Foie et des Voies Biliaires \u00e0 New York","item":"https:\/\/liversurgeryny.com\/fr\/meilleur-chirurgien-du-foie-et-des-voies-biliaires-a-new-york\/"},{"@type":"ListItem","position":3,"name":"Chol\u00e9cystectomie Robotique"}]},{"@type":"WebSite","@id":"https:\/\/liversurgeryny.com\/#website","url":"https:\/\/liversurgeryny.com\/","name":"Dmitri Alden, MD, FACS","description":"","potentialAction":[{"@type":"SearchAction","target":{"@type":"EntryPoint","urlTemplate":"https:\/\/liversurgeryny.com\/?s={search_term_string}"},"query-input":{"@type":"PropertyValueSpecification","valueRequired":true,"valueName":"search_term_string"}}],"inLanguage":"fr-FR"}]}},"_links":{"self":[{"href":"https:\/\/liversurgeryny.com\/fr\/wp-json\/wp\/v2\/pages\/2621","targetHints":{"allow":["GET"]}}],"collection":[{"href":"https:\/\/liversurgeryny.com\/fr\/wp-json\/wp\/v2\/pages"}],"about":[{"href":"https:\/\/liversurgeryny.com\/fr\/wp-json\/wp\/v2\/types\/page"}],"author":[{"embeddable":true,"href":"https:\/\/liversurgeryny.com\/fr\/wp-json\/wp\/v2\/users\/1"}],"replies":[{"embeddable":true,"href":"https:\/\/liversurgeryny.com\/fr\/wp-json\/wp\/v2\/comments?post=2621"}],"version-history":[{"count":3,"href":"https:\/\/liversurgeryny.com\/fr\/wp-json\/wp\/v2\/pages\/2621\/revisions"}],"predecessor-version":[{"id":2723,"href":"https:\/\/liversurgeryny.com\/fr\/wp-json\/wp\/v2\/pages\/2621\/revisions\/2723"}],"up":[{"embeddable":true,"href":"https:\/\/liversurgeryny.com\/fr\/wp-json\/wp\/v2\/pages\/2587"}],"wp:attachment":[{"href":"https:\/\/liversurgeryny.com\/fr\/wp-json\/wp\/v2\/media?parent=2621"}],"curies":[{"name":"wp","href":"https:\/\/api.w.org\/{rel}","templated":true}]}}