{"id":2618,"date":"2022-08-14T17:15:32","date_gmt":"2022-08-14T22:15:32","guid":{"rendered":"https:\/\/liversurgeryny.com\/?page_id=2618"},"modified":"2024-01-22T09:50:38","modified_gmt":"2024-01-22T14:50:38","slug":"cancer-neuroendocrinien-et-traitement-des-carcinoides","status":"publish","type":"page","link":"https:\/\/liversurgeryny.com\/fr\/meilleur-chirurgien-du-foie-et-des-voies-biliaires-a-new-york\/cancer-neuroendocrinien-et-traitement-des-carcinoides\/","title":{"rendered":"Cancer Neuroendocrinien et Traitement des Carcinoides"},"content":{"rendered":"<p>Les cellules neuroendocrines sont de petites cellules sp\u00e9cialis\u00e9es pr\u00e9sentes dans tout le corps, assurant des fonctions pour les syst\u00e8mes nerveux et endocrinien. Le cancer neuroendocrinien concerne les tumeurs contenant des cellules neuroendocrines. Bien que ces tumeurs puissent se former \u00e0 divers endroits, elles se d\u00e9veloppent le plus souvent dans le tractus gastro-intestinal, le pancr\u00e9as ou le rectum. Le Dr. Dmitri Alden est un <a href=\"https:\/\/liversurgeryny.com\/fr\/meilleur-chirurgien-du-foie-et-des-voies-biliaires-a-new-york\/\">chirurgien oncologique de renomm\u00e9e mondiale, sp\u00e9cialis\u00e9 dans le foie, le pancr\u00e9as et les voies biliaires<\/a>, offrant un traitement pour le cancer neuroendocrinien et les carcinoides dans notre centre m\u00e9dical \u00e0 New York.<\/p>\n<p>La plupart des tumeurs neuroendocriniennes sont tr\u00e8s petites et croissent lentement au d\u00e9but. Les patients atteints de cancer neuroendocrinien ont rarement des sympt\u00f4mes au d\u00e9but. Cependant, au fil du temps, la tumeur peut devenir extr\u00eamement volumineuse et d\u00e9placer des zones du corps. \u00c0 mesure que la tumeur \u00e9volue, elle peut se propager \u00e0 d&rsquo;autres organes environnants.<\/p>\n<h2>Diagnostic des Tumeurs Neuroendocriniennes<\/h2>\n<p>Bien qu&rsquo;il soit id\u00e9al de d\u00e9tecter le cancer neuroendocrinien aux premiers stades, ces tumeurs ne sont souvent identifi\u00e9es qu&rsquo;apr\u00e8s avoir atteint une taille importante ou provoqu\u00e9 le syndrome carcino\u00efde ou d&rsquo;autres sympt\u00f4mes. Des tests peuvent \u00eatre efficaces pour diagnostiquer le cancer neuroendocrinien et faciliter le d\u00e9but du traitement. Ceux-ci peuvent inclure:<\/p>\n<ul>\n<li>Analyses sanguines compl\u00e8tes<\/li>\n<li>Examen physique et ant\u00e9c\u00e9dents m\u00e9dicaux<\/li>\n<li>\u00c9tudes chimiques sanguines<\/li>\n<li>Analyse d&rsquo;urine<\/li>\n<\/ul>\n<p>Les dysfonctionnements des organes et cellules affect\u00e9s par le cancer neuroendocrinien peuvent indiquer la possibilit\u00e9 d&rsquo;une tumeur ou de carcinoides. Si des sympt\u00f4mes du syndrome carcino\u00efde tels que des rougeurs, des l\u00e9sions cutan\u00e9es, des difficult\u00e9s respiratoires et des diarrh\u00e9es sont pr\u00e9sents, cela peut indiquer un cancer neuroendocrinien avanc\u00e9.<\/p>\n<h2>Chirurgie du Cancer Neuroendocrinien<\/h2>\n<p>Malheureusement, le cancer neuroendocrinien et les carcinoides ne sont souvent diagnostiqu\u00e9s qu&rsquo;aux stades avanc\u00e9s. De nombreux m\u00e9decins peuvent dissuader les patients de rechercher une chirurgie pour retirer la tumeur en raison des risques de complications. Le Dr. Dmitri Alden est un chirurgien oncologique hautement qualifi\u00e9 qui a une exp\u00e9rience et un succ\u00e8s \u00e9tendus dans le traitement de patients atteints de cancer neuroendocrinien avanc\u00e9 et de carcinoides. Certaines des options chirurgicales qui peuvent \u00eatre recommand\u00e9es comprennent:<\/p>\n<ul>\n<li>R\u00e9section &#8211; enlever tout ou partie d&rsquo;un organe atteint de cancer, tel que la r\u00e9section h\u00e9patique (du foie) ou la chirurgie de r\u00e9section intestinale.<\/li>\n<li>Cryochirurgie &#8211; chirurgie utilis\u00e9e pour congeler et \u00e9liminer les cellules anormales de la r\u00e9gion canc\u00e9reuse.<\/li>\n<li>Appendicectomie &#8211; ablation de l&rsquo;appendice.<\/li>\n<li>Ligature ou embolisation de l&rsquo;art\u00e8re h\u00e9patique &#8211; chirurgie pour ligaturer ou bloquer l&rsquo;art\u00e8re h\u00e9patique afin de couper l&rsquo;approvisionnement sanguin vers le foie.<\/li>\n<li>Fulguration &#8211; chirurgie utilisant un courant \u00e9lectrique pour \u00e9liminer les cellules canc\u00e9reuses et caut\u00e9riser la zone.<\/li>\n<\/ul>\n<p>Pour toute personne suspectant un diagnostic de cancer neuroendocrinien, il est essentiel d&rsquo;\u00eatre inform\u00e9 de toutes les options de traitement et de chirurgie possibles. Le Dr. Dmitri Alden est l&rsquo;un des meilleurs sp\u00e9cialistes mondiaux en cancer neuroendocrinien et en carcinoides, offrant des options avanc\u00e9es de traitement. <a href=\"https:\/\/liversurgeryny.com\/fr\/contactez-nous\/\">Contactez notre centre m\u00e9dical dans l&rsquo;Upper East Side de New York<\/a> pour en savoir plus sur la prise de rendez-vous pour une consultation en personne ou virtuelle avec le Dr. Dmitri Alden.<\/p>\n","protected":false},"excerpt":{"rendered":"<p>Les cellules neuroendocrines sont de petites cellules sp\u00e9cialis\u00e9es pr\u00e9sentes dans tout le corps, assurant des fonctions pour les syst\u00e8mes nerveux et endocrinien. Le cancer neuroendocrinien concerne les tumeurs contenant des cellules neuroendocrines. Bien que ces tumeurs puissent se former \u00e0 divers endroits, elles se d\u00e9veloppent le plus souvent dans le tractus gastro-intestinal, le pancr\u00e9as ou&hellip; <a href=\"https:\/\/liversurgeryny.com\/fr\/meilleur-chirurgien-du-foie-et-des-voies-biliaires-a-new-york\/cancer-neuroendocrinien-et-traitement-des-carcinoides\/\" class=\"btn btn-outline-primary  more-link d-none\">Continuer la lecture<\/a><\/p>\n","protected":false},"author":1,"featured_media":0,"parent":2587,"menu_order":0,"comment_status":"closed","ping_status":"closed","template":"","meta":{"_acf_changed":false,"footnotes":""},"class_list":["post-2618","page","type-page","status-publish"],"acf":[],"yoast_head":"<!-- This site is optimized with the Yoast SEO plugin v26.6 - https:\/\/yoast.com\/wordpress\/plugins\/seo\/ -->\n<title>Traitement du Cancer Neuroendocrinien | Chirurgien Sp\u00e9cialis\u00e9 \u00e0 New York - Dr. Dmitri Alden<\/title>\n<meta name=\"description\" content=\"D\u00e9couvrez le traitement expert du cancer neuroendocrinien et des carcinoides par le Dr. Dmitri Alden, chirurgien oncologique renomm\u00e9 \u00e0 New York. Informez-vous sur les options avanc\u00e9es de chirurgie et de soins. Prenez rendez-vous pour une consultation en personne ou virtuelle dans notre centre m\u00e9dical de l&#039;Upper East Side.\" \/>\n<meta name=\"robots\" content=\"index, follow, max-snippet:-1, max-image-preview:large, max-video-preview:-1\" \/>\n<link rel=\"canonical\" href=\"https:\/\/liversurgeryny.com\/fr\/meilleur-chirurgien-du-foie-et-des-voies-biliaires-a-new-york\/cancer-neuroendocrinien-et-traitement-des-carcinoides\/\" \/>\n<meta property=\"og:locale\" content=\"fr_FR\" \/>\n<meta property=\"og:type\" content=\"article\" \/>\n<meta property=\"og:title\" content=\"Traitement du Cancer Neuroendocrinien | Chirurgien Sp\u00e9cialis\u00e9 \u00e0 New York - Dr. Dmitri Alden\" \/>\n<meta property=\"og:description\" content=\"D\u00e9couvrez le traitement expert du cancer neuroendocrinien et des carcinoides par le Dr. Dmitri Alden, chirurgien oncologique renomm\u00e9 \u00e0 New York. Informez-vous sur les options avanc\u00e9es de chirurgie et de soins. Prenez rendez-vous pour une consultation en personne ou virtuelle dans notre centre m\u00e9dical de l&#039;Upper East Side.\" \/>\n<meta property=\"og:url\" content=\"https:\/\/liversurgeryny.com\/fr\/meilleur-chirurgien-du-foie-et-des-voies-biliaires-a-new-york\/cancer-neuroendocrinien-et-traitement-des-carcinoides\/\" \/>\n<meta property=\"og:site_name\" content=\"Dmitri Alden, MD, FACS\" \/>\n<meta property=\"article:modified_time\" content=\"2024-01-22T14:50:38+00:00\" \/>\n<meta property=\"og:image\" content=\"https:\/\/liversurgeryny.com\/wp-content\/uploads\/2022\/09\/background-2.jpg\" \/>\n<meta name=\"twitter:card\" content=\"summary_large_image\" \/>\n<meta name=\"twitter:image\" content=\"https:\/\/liversurgeryny.com\/wp-content\/uploads\/2022\/09\/background-2.jpg\" \/>\n<meta name=\"twitter:label1\" content=\"Dur\u00e9e de lecture estim\u00e9e\" \/>\n\t<meta name=\"twitter:data1\" content=\"3 minutes\" \/>\n<!-- \/ Yoast SEO plugin. -->","yoast_head_json":{"title":"Traitement du Cancer Neuroendocrinien | Chirurgien Sp\u00e9cialis\u00e9 \u00e0 New York - Dr. Dmitri Alden","description":"D\u00e9couvrez le traitement expert du cancer neuroendocrinien et des carcinoides par le Dr. Dmitri Alden, chirurgien oncologique renomm\u00e9 \u00e0 New York. Informez-vous sur les options avanc\u00e9es de chirurgie et de soins. Prenez rendez-vous pour une consultation en personne ou virtuelle dans notre centre m\u00e9dical de l'Upper East Side.","robots":{"index":"index","follow":"follow","max-snippet":"max-snippet:-1","max-image-preview":"max-image-preview:large","max-video-preview":"max-video-preview:-1"},"canonical":"https:\/\/liversurgeryny.com\/fr\/meilleur-chirurgien-du-foie-et-des-voies-biliaires-a-new-york\/cancer-neuroendocrinien-et-traitement-des-carcinoides\/","og_locale":"fr_FR","og_type":"article","og_title":"Traitement du Cancer Neuroendocrinien | Chirurgien Sp\u00e9cialis\u00e9 \u00e0 New York - Dr. Dmitri Alden","og_description":"D\u00e9couvrez le traitement expert du cancer neuroendocrinien et des carcinoides par le Dr. Dmitri Alden, chirurgien oncologique renomm\u00e9 \u00e0 New York. Informez-vous sur les options avanc\u00e9es de chirurgie et de soins. Prenez rendez-vous pour une consultation en personne ou virtuelle dans notre centre m\u00e9dical de l'Upper East Side.","og_url":"https:\/\/liversurgeryny.com\/fr\/meilleur-chirurgien-du-foie-et-des-voies-biliaires-a-new-york\/cancer-neuroendocrinien-et-traitement-des-carcinoides\/","og_site_name":"Dmitri Alden, MD, FACS","article_modified_time":"2024-01-22T14:50:38+00:00","og_image":[{"url":"https:\/\/liversurgeryny.com\/wp-content\/uploads\/2022\/09\/background-2.jpg","type":"","width":"","height":""}],"twitter_card":"summary_large_image","twitter_image":"https:\/\/liversurgeryny.com\/wp-content\/uploads\/2022\/09\/background-2.jpg","twitter_misc":{"Dur\u00e9e de lecture estim\u00e9e":"3 minutes"},"schema":{"@context":"https:\/\/schema.org","@graph":[{"@type":"WebPage","@id":"https:\/\/liversurgeryny.com\/fr\/meilleur-chirurgien-du-foie-et-des-voies-biliaires-a-new-york\/cancer-neuroendocrinien-et-traitement-des-carcinoides\/","url":"https:\/\/liversurgeryny.com\/fr\/meilleur-chirurgien-du-foie-et-des-voies-biliaires-a-new-york\/cancer-neuroendocrinien-et-traitement-des-carcinoides\/","name":"Traitement du Cancer Neuroendocrinien | Chirurgien Sp\u00e9cialis\u00e9 \u00e0 New York - Dr. Dmitri Alden","isPartOf":{"@id":"https:\/\/liversurgeryny.com\/#website"},"datePublished":"2022-08-14T22:15:32+00:00","dateModified":"2024-01-22T14:50:38+00:00","description":"D\u00e9couvrez le traitement expert du cancer neuroendocrinien et des carcinoides par le Dr. Dmitri Alden, chirurgien oncologique renomm\u00e9 \u00e0 New York. Informez-vous sur les options avanc\u00e9es de chirurgie et de soins. Prenez rendez-vous pour une consultation en personne ou virtuelle dans notre centre m\u00e9dical de l'Upper East Side.","breadcrumb":{"@id":"https:\/\/liversurgeryny.com\/fr\/meilleur-chirurgien-du-foie-et-des-voies-biliaires-a-new-york\/cancer-neuroendocrinien-et-traitement-des-carcinoides\/#breadcrumb"},"inLanguage":"fr-FR","potentialAction":[{"@type":"ReadAction","target":["https:\/\/liversurgeryny.com\/fr\/meilleur-chirurgien-du-foie-et-des-voies-biliaires-a-new-york\/cancer-neuroendocrinien-et-traitement-des-carcinoides\/"]}]},{"@type":"BreadcrumbList","@id":"https:\/\/liversurgeryny.com\/fr\/meilleur-chirurgien-du-foie-et-des-voies-biliaires-a-new-york\/cancer-neuroendocrinien-et-traitement-des-carcinoides\/#breadcrumb","itemListElement":[{"@type":"ListItem","position":1,"name":"Home","item":"https:\/\/liversurgeryny.com\/fr\/"},{"@type":"ListItem","position":2,"name":"Meilleur Chirurgien du Foie et des Voies Biliaires \u00e0 New York","item":"https:\/\/liversurgeryny.com\/fr\/meilleur-chirurgien-du-foie-et-des-voies-biliaires-a-new-york\/"},{"@type":"ListItem","position":3,"name":"Cancer Neuroendocrinien et Traitement des Carcinoides"}]},{"@type":"WebSite","@id":"https:\/\/liversurgeryny.com\/#website","url":"https:\/\/liversurgeryny.com\/","name":"Dmitri Alden, MD, FACS","description":"","potentialAction":[{"@type":"SearchAction","target":{"@type":"EntryPoint","urlTemplate":"https:\/\/liversurgeryny.com\/?s={search_term_string}"},"query-input":{"@type":"PropertyValueSpecification","valueRequired":true,"valueName":"search_term_string"}}],"inLanguage":"fr-FR"}]}},"_links":{"self":[{"href":"https:\/\/liversurgeryny.com\/fr\/wp-json\/wp\/v2\/pages\/2618","targetHints":{"allow":["GET"]}}],"collection":[{"href":"https:\/\/liversurgeryny.com\/fr\/wp-json\/wp\/v2\/pages"}],"about":[{"href":"https:\/\/liversurgeryny.com\/fr\/wp-json\/wp\/v2\/types\/page"}],"author":[{"embeddable":true,"href":"https:\/\/liversurgeryny.com\/fr\/wp-json\/wp\/v2\/users\/1"}],"replies":[{"embeddable":true,"href":"https:\/\/liversurgeryny.com\/fr\/wp-json\/wp\/v2\/comments?post=2618"}],"version-history":[{"count":4,"href":"https:\/\/liversurgeryny.com\/fr\/wp-json\/wp\/v2\/pages\/2618\/revisions"}],"predecessor-version":[{"id":2721,"href":"https:\/\/liversurgeryny.com\/fr\/wp-json\/wp\/v2\/pages\/2618\/revisions\/2721"}],"up":[{"embeddable":true,"href":"https:\/\/liversurgeryny.com\/fr\/wp-json\/wp\/v2\/pages\/2587"}],"wp:attachment":[{"href":"https:\/\/liversurgeryny.com\/fr\/wp-json\/wp\/v2\/media?parent=2618"}],"curies":[{"name":"wp","href":"https:\/\/api.w.org\/{rel}","templated":true}]}}