{"id":2615,"date":"2022-08-14T17:27:16","date_gmt":"2022-08-14T22:27:16","guid":{"rendered":"https:\/\/liversurgeryny.com\/?page_id=2615"},"modified":"2024-01-22T09:48:13","modified_gmt":"2024-01-22T14:48:13","slug":"cancer-de-lovaire-metastatique-chirurgie","status":"publish","type":"page","link":"https:\/\/liversurgeryny.com\/fr\/meilleur-chirurgien-du-foie-et-des-voies-biliaires-a-new-york\/cancer-de-lovaire-metastatique-chirurgie\/","title":{"rendered":"Cancer de l&rsquo;ovaire m\u00e9tastatique \u2013 Chirurgie"},"content":{"rendered":"<p>Des patients et des professionnels de la sant\u00e9, tant d&rsquo;Am\u00e9rique que du monde entier, recherchent ses meilleurs traitements et services sp\u00e9cialis\u00e9s de chirurgie du cancer de l&rsquo;ovaire, adapt\u00e9s \u00e0 chaque patient, incluant sa gestion chirurgicale experte de la condition du patient.<\/p>\n<p>Les patients r\u00e9f\u00e9r\u00e9s au Dr. Alden pour un cancer de l&rsquo;ovaire m\u00e9tastatique ont acc\u00e8s \u00e0 une vaste gamme de sp\u00e9cialistes parmi les meilleurs dans leur domaine, non seulement dans le pays, mais peut-\u00eatre m\u00eame dans le monde.<\/p>\n<p><strong>Veuillez noter:<\/strong> le Dr. Alden accepte l&rsquo;assurance s&rsquo;il participe \u00e0 votre plan. De plus, si le Dr. Alden ne participe pas \u00e0 votre plan d&rsquo;assurance, le cabinet du Dr. Alden est fr\u00e9quemment en mesure d&rsquo;obtenir une pr\u00e9autorisation de votre plan d&rsquo;assurance en raison de la sp\u00e9cificit\u00e9 de sa sp\u00e9cialit\u00e9. Nous contacterons votre compagnie d&rsquo;assurance pour comprendre vos avantages et les soumettrons \u00e9galement pour vous. Vous b\u00e9n\u00e9ficierez du luxe et des avantages de la m\u00e9decine acad\u00e9mique dans un environnement de conciergerie de premier ordre, sans les tracas des longs temps d&rsquo;attente en salle d&rsquo;attente et de la paperasserie. La plupart des polices remboursent les patients pour la plupart des co\u00fbts de la chirurgie. Notre coordinateur chirurgical vous aidera avec un devis.<\/p>\n<p>Le cancer de l&rsquo;ovaire se propage g\u00e9n\u00e9ralement (m\u00e9tastase) dans tout l&rsquo;abdomen et est g\u00e9n\u00e9ralement observ\u00e9 sous la forme de petites tumeurs en croissance progressive sur divers organes et structures. <a href=\"https:\/\/liversurgeryny.com\/fr\/meilleur-chirurgien-du-foie-et-des-voies-biliaires-a-new-york\/\">L&rsquo;invasion du foie<\/a> se produit de deux mani\u00e8res diff\u00e9rentes : (1) l&rsquo;implantation de la tumeur \u00e0 la surface du foie. Une fois que les racines de la tumeur atteignent l&rsquo;abondante vascularisation du foie, la tumeur se d\u00e9veloppe rapidement. (2) L&rsquo;autre type d&rsquo;invasion est la diss\u00e9mination r\u00e9elle de la tumeur \u00e0 l&rsquo;int\u00e9rieur du foie, avec une augmentation progressive de sa taille.<\/p>\n<p>Il est bien connu qu&rsquo;une fois que la tumeur individuelle du cancer de l&rsquo;ovaire a d\u00e9pass\u00e9 1 cm de taille, sa r\u00e9ponse \u00e0 la chimioth\u00e9rapie est consid\u00e9rablement diminu\u00e9e. Dans de nombreux autres types de cancers, la pr\u00e9sence de la maladie au-del\u00e0 du foie est consid\u00e9r\u00e9e comme une forte contre-indication \u00e0 la r\u00e9section h\u00e9patique. Dans le cas du cancer de l&rsquo;ovaire, de nombreux experts consid\u00e8rent qu&rsquo;une proc\u00e9dure de r\u00e9duction tumorale (r\u00e9duction du nombre de cellules canc\u00e9reuses) est la norme de soins. La \u00ab\u00a0proc\u00e9dure de r\u00e9duction tumorale\u00a0\u00bb est \u00e9galement couramment appel\u00e9e chirurgie cytor\u00e9ductrice dans diverses publications m\u00e9dicales.<\/p>\n<p>Dans un cas typique avanc\u00e9, il est raisonnable de s&rsquo;attendre \u00e0 ce que, si une r\u00e9section h\u00e9patique est n\u00e9cessaire, d&rsquo;autres proc\u00e9dures de gyn\u00e9cologie oncologique et chirurgicale puissent \u00eatre effectu\u00e9es en m\u00eame temps. Impliquer plusieurs \u00e9quipes de diff\u00e9rentes sp\u00e9cialit\u00e9s chirurgicales dans la m\u00eame op\u00e9ration est une pratique courante. Il est imp\u00e9ratif que tous les m\u00e9decins impliqu\u00e9s comprennent clairement les aspects sp\u00e9ciaux mais importants de cette maladie. Par exemple, les cellules du cancer de l&rsquo;ovaire ont tendance \u00e0 d\u00e9clencher une accumulation de liquide (ascite) dans la cavit\u00e9 abdominale. La pr\u00e9sence de liquide ralentit la gu\u00e9rison des connexions intestinales, endommage la capacit\u00e9 du foie \u00e0 arr\u00eater les saignements m\u00eame \u00e0 partir d&rsquo;un petit site de ponction, et emp\u00eacherait m\u00eame la plus petite fuite postchirurgicale de bile de gu\u00e9rir. En gardant cela \u00e0 l&rsquo;esprit, seuls des chirurgiens h\u00e9patiques exp\u00e9riment\u00e9s et des chirurgiens oncologiques devraient participer aux soins des patients atteints de ces cancers tr\u00e8s complexes. Nous collaborons r\u00e9guli\u00e8rement avec un groupe tr\u00e8s exp\u00e9riment\u00e9 de gyn\u00e9cologues oncologues pour r\u00e9aliser ces interventions difficiles.<\/p>\n<p>Lorsque le cancer de l&rsquo;ovaire s&rsquo;est propag\u00e9 de mani\u00e8re minimale ou que les m\u00e9tastases sont limit\u00e9es \u00e0 une petite zone, une chirurgie peu invasive est possible. La chirurgie gyn\u00e9cologique robotique ou laparoscopique est rapidement devenue la norme de soins. Jusqu&rsquo;\u00e0 r\u00e9cemment, m\u00eame les patients ayant une seule petite zone de maladie m\u00e9tastatique dans le foie ou le pancr\u00e9as devaient subir une grande intervention chirurgicale ouverte. Aujourd&rsquo;hui, gr\u00e2ce \u00e0 notre vaste exp\u00e9rience en chirurgie laparoscopique et robotique, nous sommes capables de r\u00e9aliser des interventions h\u00e9patiques et pancr\u00e9atiques pour le cancer de l&rsquo;ovaire en utilisant ces techniques peu invasives. Nous combinons souvent ces interventions avec des proc\u00e9dures gyn\u00e9cologiques primaires en m\u00eame temps, acc\u00e9l\u00e9rant ainsi la r\u00e9cup\u00e9ration et, surtout, donnant au patient l&rsquo;opportunit\u00e9 de commencer la chimioth\u00e9rapie syst\u00e9mique beaucoup plus t\u00f4t qu&rsquo;auparavant.<\/p>\n<p><strong>En plus d&rsquo;une consultation en cabinet, le chirurgien oncologique du cancer du foie et du pancr\u00e9as \u00e0 New York propose des consultations \u00e0 distance aux patients et aux professionnels de la sant\u00e9 partout dans le monde. Veuillez appeler notre cabinet pour plus de d\u00e9tails.<\/strong><\/p>\n<p>Pour plus d&rsquo;informations sur le cancer de l&rsquo;ovaire m\u00e9tastatique ou pour une consultation avec le chirurgien du cancer de l&rsquo;ovaire m\u00e9tastatique, n&rsquo;h\u00e9sitez pas \u00e0 contacter le chirurgien oncologique du foie, du pancr\u00e9as et des voies biliaires \u00e0 New York, Dmitri Alden, MD, FACS, d\u00e8s aujourd&rsquo;hui en appelant son bureau \u00e0 New York au <a href=\"tel:2124346216\" class=\"phone_anchor \" aria-label=\"Appelez-nous (212) 434-6216\" dir=\"ltr\"> (212) 434-6216<\/a> ou en nous <a href=\"https:\/\/liversurgeryny.com\/fr\/contactez-nous\/\">contactant en ligne<\/a>.<\/p>\n","protected":false},"excerpt":{"rendered":"<p>Des patients et des professionnels de la sant\u00e9, tant d&rsquo;Am\u00e9rique que du monde entier, recherchent ses meilleurs traitements et services sp\u00e9cialis\u00e9s de chirurgie du cancer de l&rsquo;ovaire, adapt\u00e9s \u00e0 chaque patient, incluant sa gestion chirurgicale experte de la condition du patient. Les patients r\u00e9f\u00e9r\u00e9s au Dr. Alden pour un cancer de l&rsquo;ovaire m\u00e9tastatique ont acc\u00e8s&hellip; <a href=\"https:\/\/liversurgeryny.com\/fr\/meilleur-chirurgien-du-foie-et-des-voies-biliaires-a-new-york\/cancer-de-lovaire-metastatique-chirurgie\/\" class=\"btn btn-outline-primary  more-link d-none\">Continuer la lecture<\/a><\/p>\n","protected":false},"author":1,"featured_media":0,"parent":2587,"menu_order":0,"comment_status":"closed","ping_status":"closed","template":"","meta":{"_acf_changed":false,"footnotes":""},"class_list":["post-2615","page","type-page","status-publish"],"acf":[],"yoast_head":"<!-- This site is optimized with the Yoast SEO plugin v26.6 - https:\/\/yoast.com\/wordpress\/plugins\/seo\/ -->\n<title>Chirurgie du Cancer de l&#039;Ovaire M\u00e9tastatique | Traitement Personnalis\u00e9 par le Dr. Dmitri Alden, Sp\u00e9cialiste Reconnu<\/title>\n<meta name=\"description\" content=\"D\u00e9couvrez les traitements chirurgicaux personnalis\u00e9s du cancer de l&#039;ovaire m\u00e9tastatique par le Dr. Dmitri Alden, expert renomm\u00e9. Acc\u00e9dez \u00e0 une \u00e9quipe de sp\u00e9cialistes de premier plan. Consultez-nous pour une prise en charge optimale, avec possibilit\u00e9 de remboursement par l&#039;assurance.\" \/>\n<meta name=\"robots\" content=\"index, follow, max-snippet:-1, max-image-preview:large, max-video-preview:-1\" \/>\n<link rel=\"canonical\" href=\"https:\/\/liversurgeryny.com\/fr\/meilleur-chirurgien-du-foie-et-des-voies-biliaires-a-new-york\/cancer-de-lovaire-metastatique-chirurgie\/\" \/>\n<meta property=\"og:locale\" content=\"fr_FR\" \/>\n<meta property=\"og:type\" content=\"article\" \/>\n<meta property=\"og:title\" content=\"Chirurgie du Cancer de l&#039;Ovaire M\u00e9tastatique | Traitement Personnalis\u00e9 par le Dr. Dmitri Alden, Sp\u00e9cialiste Reconnu\" \/>\n<meta property=\"og:description\" content=\"D\u00e9couvrez les traitements chirurgicaux personnalis\u00e9s du cancer de l&#039;ovaire m\u00e9tastatique par le Dr. Dmitri Alden, expert renomm\u00e9. Acc\u00e9dez \u00e0 une \u00e9quipe de sp\u00e9cialistes de premier plan. Consultez-nous pour une prise en charge optimale, avec possibilit\u00e9 de remboursement par l&#039;assurance.\" \/>\n<meta property=\"og:url\" content=\"https:\/\/liversurgeryny.com\/fr\/meilleur-chirurgien-du-foie-et-des-voies-biliaires-a-new-york\/cancer-de-lovaire-metastatique-chirurgie\/\" \/>\n<meta property=\"og:site_name\" content=\"Dmitri Alden, MD, FACS\" \/>\n<meta property=\"article:modified_time\" content=\"2024-01-22T14:48:13+00:00\" \/>\n<meta property=\"og:image\" content=\"https:\/\/liversurgeryny.com\/wp-content\/uploads\/2022\/09\/background-2.jpg\" \/>\n<meta name=\"twitter:card\" content=\"summary_large_image\" \/>\n<meta name=\"twitter:image\" content=\"https:\/\/liversurgeryny.com\/wp-content\/uploads\/2022\/09\/background-2.jpg\" \/>\n<meta name=\"twitter:label1\" content=\"Dur\u00e9e de lecture estim\u00e9e\" \/>\n\t<meta name=\"twitter:data1\" content=\"4 minutes\" \/>\n<!-- \/ Yoast SEO plugin. -->","yoast_head_json":{"title":"Chirurgie du Cancer de l'Ovaire M\u00e9tastatique | Traitement Personnalis\u00e9 par le Dr. Dmitri Alden, Sp\u00e9cialiste Reconnu","description":"D\u00e9couvrez les traitements chirurgicaux personnalis\u00e9s du cancer de l'ovaire m\u00e9tastatique par le Dr. Dmitri Alden, expert renomm\u00e9. Acc\u00e9dez \u00e0 une \u00e9quipe de sp\u00e9cialistes de premier plan. Consultez-nous pour une prise en charge optimale, avec possibilit\u00e9 de remboursement par l'assurance.","robots":{"index":"index","follow":"follow","max-snippet":"max-snippet:-1","max-image-preview":"max-image-preview:large","max-video-preview":"max-video-preview:-1"},"canonical":"https:\/\/liversurgeryny.com\/fr\/meilleur-chirurgien-du-foie-et-des-voies-biliaires-a-new-york\/cancer-de-lovaire-metastatique-chirurgie\/","og_locale":"fr_FR","og_type":"article","og_title":"Chirurgie du Cancer de l'Ovaire M\u00e9tastatique | Traitement Personnalis\u00e9 par le Dr. Dmitri Alden, Sp\u00e9cialiste Reconnu","og_description":"D\u00e9couvrez les traitements chirurgicaux personnalis\u00e9s du cancer de l'ovaire m\u00e9tastatique par le Dr. Dmitri Alden, expert renomm\u00e9. Acc\u00e9dez \u00e0 une \u00e9quipe de sp\u00e9cialistes de premier plan. Consultez-nous pour une prise en charge optimale, avec possibilit\u00e9 de remboursement par l'assurance.","og_url":"https:\/\/liversurgeryny.com\/fr\/meilleur-chirurgien-du-foie-et-des-voies-biliaires-a-new-york\/cancer-de-lovaire-metastatique-chirurgie\/","og_site_name":"Dmitri Alden, MD, FACS","article_modified_time":"2024-01-22T14:48:13+00:00","og_image":[{"url":"https:\/\/liversurgeryny.com\/wp-content\/uploads\/2022\/09\/background-2.jpg","type":"","width":"","height":""}],"twitter_card":"summary_large_image","twitter_image":"https:\/\/liversurgeryny.com\/wp-content\/uploads\/2022\/09\/background-2.jpg","twitter_misc":{"Dur\u00e9e de lecture estim\u00e9e":"4 minutes"},"schema":{"@context":"https:\/\/schema.org","@graph":[{"@type":"WebPage","@id":"https:\/\/liversurgeryny.com\/fr\/meilleur-chirurgien-du-foie-et-des-voies-biliaires-a-new-york\/cancer-de-lovaire-metastatique-chirurgie\/","url":"https:\/\/liversurgeryny.com\/fr\/meilleur-chirurgien-du-foie-et-des-voies-biliaires-a-new-york\/cancer-de-lovaire-metastatique-chirurgie\/","name":"Chirurgie du Cancer de l'Ovaire M\u00e9tastatique | Traitement Personnalis\u00e9 par le Dr. Dmitri Alden, Sp\u00e9cialiste Reconnu","isPartOf":{"@id":"https:\/\/liversurgeryny.com\/#website"},"datePublished":"2022-08-14T22:27:16+00:00","dateModified":"2024-01-22T14:48:13+00:00","description":"D\u00e9couvrez les traitements chirurgicaux personnalis\u00e9s du cancer de l'ovaire m\u00e9tastatique par le Dr. Dmitri Alden, expert renomm\u00e9. Acc\u00e9dez \u00e0 une \u00e9quipe de sp\u00e9cialistes de premier plan. Consultez-nous pour une prise en charge optimale, avec possibilit\u00e9 de remboursement par l'assurance.","breadcrumb":{"@id":"https:\/\/liversurgeryny.com\/fr\/meilleur-chirurgien-du-foie-et-des-voies-biliaires-a-new-york\/cancer-de-lovaire-metastatique-chirurgie\/#breadcrumb"},"inLanguage":"fr-FR","potentialAction":[{"@type":"ReadAction","target":["https:\/\/liversurgeryny.com\/fr\/meilleur-chirurgien-du-foie-et-des-voies-biliaires-a-new-york\/cancer-de-lovaire-metastatique-chirurgie\/"]}]},{"@type":"BreadcrumbList","@id":"https:\/\/liversurgeryny.com\/fr\/meilleur-chirurgien-du-foie-et-des-voies-biliaires-a-new-york\/cancer-de-lovaire-metastatique-chirurgie\/#breadcrumb","itemListElement":[{"@type":"ListItem","position":1,"name":"Home","item":"https:\/\/liversurgeryny.com\/fr\/"},{"@type":"ListItem","position":2,"name":"Meilleur Chirurgien du Foie et des Voies Biliaires \u00e0 New York","item":"https:\/\/liversurgeryny.com\/fr\/meilleur-chirurgien-du-foie-et-des-voies-biliaires-a-new-york\/"},{"@type":"ListItem","position":3,"name":"Cancer de l&#8217;ovaire m\u00e9tastatique \u2013 Chirurgie"}]},{"@type":"WebSite","@id":"https:\/\/liversurgeryny.com\/#website","url":"https:\/\/liversurgeryny.com\/","name":"Dmitri Alden, MD, FACS","description":"","potentialAction":[{"@type":"SearchAction","target":{"@type":"EntryPoint","urlTemplate":"https:\/\/liversurgeryny.com\/?s={search_term_string}"},"query-input":{"@type":"PropertyValueSpecification","valueRequired":true,"valueName":"search_term_string"}}],"inLanguage":"fr-FR"}]}},"_links":{"self":[{"href":"https:\/\/liversurgeryny.com\/fr\/wp-json\/wp\/v2\/pages\/2615","targetHints":{"allow":["GET"]}}],"collection":[{"href":"https:\/\/liversurgeryny.com\/fr\/wp-json\/wp\/v2\/pages"}],"about":[{"href":"https:\/\/liversurgeryny.com\/fr\/wp-json\/wp\/v2\/types\/page"}],"author":[{"embeddable":true,"href":"https:\/\/liversurgeryny.com\/fr\/wp-json\/wp\/v2\/users\/1"}],"replies":[{"embeddable":true,"href":"https:\/\/liversurgeryny.com\/fr\/wp-json\/wp\/v2\/comments?post=2615"}],"version-history":[{"count":4,"href":"https:\/\/liversurgeryny.com\/fr\/wp-json\/wp\/v2\/pages\/2615\/revisions"}],"predecessor-version":[{"id":2717,"href":"https:\/\/liversurgeryny.com\/fr\/wp-json\/wp\/v2\/pages\/2615\/revisions\/2717"}],"up":[{"embeddable":true,"href":"https:\/\/liversurgeryny.com\/fr\/wp-json\/wp\/v2\/pages\/2587"}],"wp:attachment":[{"href":"https:\/\/liversurgeryny.com\/fr\/wp-json\/wp\/v2\/media?parent=2615"}],"curies":[{"name":"wp","href":"https:\/\/api.w.org\/{rel}","templated":true}]}}