{"id":2612,"date":"2022-08-15T16:17:33","date_gmt":"2022-08-15T21:17:33","guid":{"rendered":"https:\/\/liversurgeryny.com\/?page_id=2612"},"modified":"2024-01-22T09:45:56","modified_gmt":"2024-01-22T14:45:56","slug":"traitement-du-melanome-hepatique-metastatique","status":"publish","type":"page","link":"https:\/\/liversurgeryny.com\/fr\/meilleur-chirurgien-du-foie-et-des-voies-biliaires-a-new-york\/traitement-du-melanome-hepatique-metastatique\/","title":{"rendered":"Traitement du M\u00e9lanome H\u00e9patique M\u00e9tastatique"},"content":{"rendered":"<p>Les m\u00e9tastases h\u00e9patiques sont une condition o\u00f9 le cancer s&rsquo;est propag\u00e9 au foie depuis d&rsquo;autres parties du corps. Le m\u00e9lanome h\u00e9patique m\u00e9tastatique survient lorsque des cellules de cancer de la peau, provenant du m\u00e9lanome, ont migr\u00e9 vers le foie et form\u00e9 des tumeurs malignes. Le Dr Dmitri Alden est <a href=\"https:\/\/liversurgeryny.com\/fr\/meilleur-chirurgien-du-foie-et-des-voies-biliaires-a-new-york\/\">l&rsquo;un des sp\u00e9cialistes du foie et chirurgiens oncologiques<\/a> les plus v\u00e9n\u00e9r\u00e9s au monde, et propose un traitement du m\u00e9lanome h\u00e9patique m\u00e9tastatique au sein de sa pratique \u00e0 New York.<\/p>\n<p>Le m\u00e9lanome est une forme invasive de cancer de la peau avec un risque accru de propagation \u00e0 d&rsquo;autres parties du corps. La plupart des m\u00e9lanomes sont caus\u00e9s par une exposition aux rayons UV et sont susceptibles de se d\u00e9velopper sur des zones fr\u00e9quemment expos\u00e9es au soleil, mais les cellules peuvent se d\u00e9velopper dans d&rsquo;autres zones. Le m\u00e9lanome se reproduit rapidement et peut commencer \u00e0 se propager vers les ganglions lymphatiques, les poumons, le cerveau et le foie avant d&rsquo;\u00eatre diagnostiqu\u00e9 ou trait\u00e9.<\/p>\n<h2>Sympt\u00f4mes du M\u00e9lanome dans le Foie<\/h2>\n<p>De nombreux patients n&rsquo;auront aucun sympt\u00f4me indiquant que le m\u00e9lanome s&rsquo;est propag\u00e9 \u00e0 leur foie. Ils peuvent avoir occasionnellement des douleurs abdominales, mais souvent pas assez pour consulter un m\u00e9decin. Cependant, \u00e0 mesure que les cellules canc\u00e9reuses se multiplient et forment des tumeurs h\u00e9patiques, certains sympt\u00f4mes qui peuvent \u00eatre ressentis comprennent:<\/p>\n<ul>\n<li>Gonflement ou distension sous le c\u00f4t\u00e9 droit des c\u00f4tes<\/li>\n<li>Naus\u00e9es ou perte d&rsquo;app\u00e9tit<\/li>\n<li>Perte de poids<\/li>\n<li>Jaunisse<\/li>\n<li>Fatigue ou faiblesse<\/li>\n<li>D\u00e9mangeaisons<\/li>\n<\/ul>\n<p>Pour ceux diagnostiqu\u00e9s avec un m\u00e9lanome, il est important d&rsquo;\u00eatre conscient des signes indiquant que le cancer pourrait s&rsquo;\u00eatre propag\u00e9 au foie ou \u00e0 d&rsquo;autres parties du corps. Un traitement pr\u00e9coce peut am\u00e9liorer les r\u00e9sultats possibles, y compris une r\u00e9mission possible.<\/p>\n<h2Traitement Avanc\u00e9 du Cancer Secondaire du Foie<\/h2>\n<p>Le Dr Dmitri Alden est un sp\u00e9cialiste renomm\u00e9 du cancer du foie qui r\u00e9alise plus de 300 interventions chirurgicales du foie et des voies biliaires chaque ann\u00e9e. Ses ann\u00e9es d&rsquo;exp\u00e9rience et son expertise dans l&rsquo;utilisation de traitements de pointe et de chirurgie lui ont valu sa r\u00e9putation mondiale en tant que l&rsquo;un des meilleurs chirurgiens oncologiques du foie dans son domaine. Si vous avez besoin d&rsquo;un traitement du m\u00e9lanome h\u00e9patique m\u00e9tastatique, vous ne trouverez pas de m\u00e9decin ou de chirurgien plus qualifi\u00e9 dans le pays.<\/p>\n<p>Le plan de traitement du m\u00e9lanome dans le foie est diff\u00e9rent pour chaque patient. Lorsque c&rsquo;est possible, le Dr Alden pr\u00e9f\u00e8re la r\u00e9section h\u00e9patique pour retirer la tumeur, mais cela n&rsquo;est pas toujours possible. D&rsquo;autres traitements tels que l&rsquo;ALPPS, le PVE, le HVE, l&rsquo;ablation tumorale et d&rsquo;autres peuvent \u00eatre recommand\u00e9s en combinaison avec la chimioth\u00e9rapie.<\/p>\n<p>Pour prendre rendez-vous pour une consultation sur le cancer du foie avec le Dr Dmitri Alden, <a href=\"https:\/\/liversurgeryny.com\/fr\/contactez-nous\/\">contactez son cabinet \u00e0 Manhattan<\/a>.<\/p>\n","protected":false},"excerpt":{"rendered":"<p>Les m\u00e9tastases h\u00e9patiques sont une condition o\u00f9 le cancer s&rsquo;est propag\u00e9 au foie depuis d&rsquo;autres parties du corps. Le m\u00e9lanome h\u00e9patique m\u00e9tastatique survient lorsque des cellules de cancer de la peau, provenant du m\u00e9lanome, ont migr\u00e9 vers le foie et form\u00e9 des tumeurs malignes. Le Dr Dmitri Alden est l&rsquo;un des sp\u00e9cialistes du foie et&hellip; <a href=\"https:\/\/liversurgeryny.com\/fr\/meilleur-chirurgien-du-foie-et-des-voies-biliaires-a-new-york\/traitement-du-melanome-hepatique-metastatique\/\" class=\"btn btn-outline-primary  more-link d-none\">Continuer la lecture<\/a><\/p>\n","protected":false},"author":1,"featured_media":0,"parent":2587,"menu_order":0,"comment_status":"closed","ping_status":"closed","template":"","meta":{"_acf_changed":false,"footnotes":""},"class_list":["post-2612","page","type-page","status-publish"],"acf":[],"yoast_head":"<!-- This site is optimized with the Yoast SEO plugin v27.4 - https:\/\/yoast.com\/product\/yoast-seo-wordpress\/ -->\n<title>Traitement du M\u00e9lanome H\u00e9patique M\u00e9tastatique par le Dr. Dmitri Alden, Sp\u00e9cialiste du Cancer du Foie \u00e0 NYC<\/title>\n<meta name=\"description\" content=\"D\u00e9couvrez le traitement avanc\u00e9 du m\u00e9lanome h\u00e9patique m\u00e9tastatique avec le Dr. Dmitri Alden, un sp\u00e9cialiste v\u00e9n\u00e9r\u00e9 du foie et chirurgien oncologique \u00e0 New York. Informations sur la r\u00e9section h\u00e9patique, l&#039;ALPPS, le PVE, le HVE, l&#039;ablation tumorale et bien plus encore. Am\u00e9liorez vos r\u00e9sultats avec l&#039;expertise d&#039;un leader mondial en chirurgie oncologique du foie. Prenez rendez-vous pour une consultation \u00e0 Manhattan.\" \/>\n<meta name=\"robots\" content=\"index, follow, max-snippet:-1, max-image-preview:large, max-video-preview:-1\" \/>\n<link rel=\"canonical\" href=\"https:\/\/liversurgeryny.com\/fr\/meilleur-chirurgien-du-foie-et-des-voies-biliaires-a-new-york\/traitement-du-melanome-hepatique-metastatique\/\" \/>\n<meta property=\"og:locale\" content=\"fr_FR\" \/>\n<meta property=\"og:type\" content=\"article\" \/>\n<meta property=\"og:title\" content=\"Traitement du M\u00e9lanome H\u00e9patique M\u00e9tastatique par le Dr. Dmitri Alden, Sp\u00e9cialiste du Cancer du Foie \u00e0 NYC\" \/>\n<meta property=\"og:description\" content=\"D\u00e9couvrez le traitement avanc\u00e9 du m\u00e9lanome h\u00e9patique m\u00e9tastatique avec le Dr. Dmitri Alden, un sp\u00e9cialiste v\u00e9n\u00e9r\u00e9 du foie et chirurgien oncologique \u00e0 New York. Informations sur la r\u00e9section h\u00e9patique, l&#039;ALPPS, le PVE, le HVE, l&#039;ablation tumorale et bien plus encore. Am\u00e9liorez vos r\u00e9sultats avec l&#039;expertise d&#039;un leader mondial en chirurgie oncologique du foie. Prenez rendez-vous pour une consultation \u00e0 Manhattan.\" \/>\n<meta property=\"og:url\" content=\"https:\/\/liversurgeryny.com\/fr\/meilleur-chirurgien-du-foie-et-des-voies-biliaires-a-new-york\/traitement-du-melanome-hepatique-metastatique\/\" \/>\n<meta property=\"og:site_name\" content=\"Dmitri Alden, MD, FACS\" \/>\n<meta property=\"article:modified_time\" content=\"2024-01-22T14:45:56+00:00\" \/>\n<meta property=\"og:image\" content=\"https:\/\/liversurgeryny.com\/wp-content\/uploads\/2022\/09\/background-2.jpg\" \/>\n<meta name=\"twitter:card\" content=\"summary_large_image\" \/>\n<meta name=\"twitter:image\" content=\"https:\/\/liversurgeryny.com\/wp-content\/uploads\/2022\/09\/background-2.jpg\" \/>\n<meta name=\"twitter:label1\" content=\"Dur\u00e9e de lecture estim\u00e9e\" \/>\n\t<meta name=\"twitter:data1\" content=\"2 minutes\" \/>\n<!-- \/ Yoast SEO plugin. -->","yoast_head_json":{"title":"Traitement du M\u00e9lanome H\u00e9patique M\u00e9tastatique par le Dr. Dmitri Alden, Sp\u00e9cialiste du Cancer du Foie \u00e0 NYC","description":"D\u00e9couvrez le traitement avanc\u00e9 du m\u00e9lanome h\u00e9patique m\u00e9tastatique avec le Dr. Dmitri Alden, un sp\u00e9cialiste v\u00e9n\u00e9r\u00e9 du foie et chirurgien oncologique \u00e0 New York. Informations sur la r\u00e9section h\u00e9patique, l'ALPPS, le PVE, le HVE, l'ablation tumorale et bien plus encore. Am\u00e9liorez vos r\u00e9sultats avec l'expertise d'un leader mondial en chirurgie oncologique du foie. Prenez rendez-vous pour une consultation \u00e0 Manhattan.","robots":{"index":"index","follow":"follow","max-snippet":"max-snippet:-1","max-image-preview":"max-image-preview:large","max-video-preview":"max-video-preview:-1"},"canonical":"https:\/\/liversurgeryny.com\/fr\/meilleur-chirurgien-du-foie-et-des-voies-biliaires-a-new-york\/traitement-du-melanome-hepatique-metastatique\/","og_locale":"fr_FR","og_type":"article","og_title":"Traitement du M\u00e9lanome H\u00e9patique M\u00e9tastatique par le Dr. Dmitri Alden, Sp\u00e9cialiste du Cancer du Foie \u00e0 NYC","og_description":"D\u00e9couvrez le traitement avanc\u00e9 du m\u00e9lanome h\u00e9patique m\u00e9tastatique avec le Dr. Dmitri Alden, un sp\u00e9cialiste v\u00e9n\u00e9r\u00e9 du foie et chirurgien oncologique \u00e0 New York. Informations sur la r\u00e9section h\u00e9patique, l'ALPPS, le PVE, le HVE, l'ablation tumorale et bien plus encore. Am\u00e9liorez vos r\u00e9sultats avec l'expertise d'un leader mondial en chirurgie oncologique du foie. Prenez rendez-vous pour une consultation \u00e0 Manhattan.","og_url":"https:\/\/liversurgeryny.com\/fr\/meilleur-chirurgien-du-foie-et-des-voies-biliaires-a-new-york\/traitement-du-melanome-hepatique-metastatique\/","og_site_name":"Dmitri Alden, MD, FACS","article_modified_time":"2024-01-22T14:45:56+00:00","og_image":[{"url":"https:\/\/liversurgeryny.com\/wp-content\/uploads\/2022\/09\/background-2.jpg","type":"","width":"","height":""}],"twitter_card":"summary_large_image","twitter_image":"https:\/\/liversurgeryny.com\/wp-content\/uploads\/2022\/09\/background-2.jpg","twitter_misc":{"Dur\u00e9e de lecture estim\u00e9e":"2 minutes"},"schema":{"@context":"https:\/\/schema.org","@graph":[{"@type":"WebPage","@id":"https:\/\/liversurgeryny.com\/fr\/meilleur-chirurgien-du-foie-et-des-voies-biliaires-a-new-york\/traitement-du-melanome-hepatique-metastatique\/","url":"https:\/\/liversurgeryny.com\/fr\/meilleur-chirurgien-du-foie-et-des-voies-biliaires-a-new-york\/traitement-du-melanome-hepatique-metastatique\/","name":"Traitement du M\u00e9lanome H\u00e9patique M\u00e9tastatique par le Dr. Dmitri Alden, Sp\u00e9cialiste du Cancer du Foie \u00e0 NYC","isPartOf":{"@id":"https:\/\/liversurgeryny.com\/#website"},"datePublished":"2022-08-15T21:17:33+00:00","dateModified":"2024-01-22T14:45:56+00:00","description":"D\u00e9couvrez le traitement avanc\u00e9 du m\u00e9lanome h\u00e9patique m\u00e9tastatique avec le Dr. Dmitri Alden, un sp\u00e9cialiste v\u00e9n\u00e9r\u00e9 du foie et chirurgien oncologique \u00e0 New York. Informations sur la r\u00e9section h\u00e9patique, l'ALPPS, le PVE, le HVE, l'ablation tumorale et bien plus encore. Am\u00e9liorez vos r\u00e9sultats avec l'expertise d'un leader mondial en chirurgie oncologique du foie. Prenez rendez-vous pour une consultation \u00e0 Manhattan.","breadcrumb":{"@id":"https:\/\/liversurgeryny.com\/fr\/meilleur-chirurgien-du-foie-et-des-voies-biliaires-a-new-york\/traitement-du-melanome-hepatique-metastatique\/#breadcrumb"},"inLanguage":"fr-FR","potentialAction":[{"@type":"ReadAction","target":["https:\/\/liversurgeryny.com\/fr\/meilleur-chirurgien-du-foie-et-des-voies-biliaires-a-new-york\/traitement-du-melanome-hepatique-metastatique\/"]}]},{"@type":"BreadcrumbList","@id":"https:\/\/liversurgeryny.com\/fr\/meilleur-chirurgien-du-foie-et-des-voies-biliaires-a-new-york\/traitement-du-melanome-hepatique-metastatique\/#breadcrumb","itemListElement":[{"@type":"ListItem","position":1,"name":"Home","item":"https:\/\/liversurgeryny.com\/fr\/"},{"@type":"ListItem","position":2,"name":"Meilleur Chirurgien du Foie et des Voies Biliaires \u00e0 New York","item":"https:\/\/liversurgeryny.com\/fr\/meilleur-chirurgien-du-foie-et-des-voies-biliaires-a-new-york\/"},{"@type":"ListItem","position":3,"name":"Traitement du M\u00e9lanome H\u00e9patique M\u00e9tastatique"}]},{"@type":"WebSite","@id":"https:\/\/liversurgeryny.com\/#website","url":"https:\/\/liversurgeryny.com\/","name":"Dmitri Alden, MD, FACS","description":"","potentialAction":[{"@type":"SearchAction","target":{"@type":"EntryPoint","urlTemplate":"https:\/\/liversurgeryny.com\/?s={search_term_string}"},"query-input":{"@type":"PropertyValueSpecification","valueRequired":true,"valueName":"search_term_string"}}],"inLanguage":"fr-FR"}]}},"_links":{"self":[{"href":"https:\/\/liversurgeryny.com\/fr\/wp-json\/wp\/v2\/pages\/2612","targetHints":{"allow":["GET"]}}],"collection":[{"href":"https:\/\/liversurgeryny.com\/fr\/wp-json\/wp\/v2\/pages"}],"about":[{"href":"https:\/\/liversurgeryny.com\/fr\/wp-json\/wp\/v2\/types\/page"}],"author":[{"embeddable":true,"href":"https:\/\/liversurgeryny.com\/fr\/wp-json\/wp\/v2\/users\/1"}],"replies":[{"embeddable":true,"href":"https:\/\/liversurgeryny.com\/fr\/wp-json\/wp\/v2\/comments?post=2612"}],"version-history":[{"count":4,"href":"https:\/\/liversurgeryny.com\/fr\/wp-json\/wp\/v2\/pages\/2612\/revisions"}],"predecessor-version":[{"id":2715,"href":"https:\/\/liversurgeryny.com\/fr\/wp-json\/wp\/v2\/pages\/2612\/revisions\/2715"}],"up":[{"embeddable":true,"href":"https:\/\/liversurgeryny.com\/fr\/wp-json\/wp\/v2\/pages\/2587"}],"wp:attachment":[{"href":"https:\/\/liversurgeryny.com\/fr\/wp-json\/wp\/v2\/media?parent=2612"}],"curies":[{"name":"wp","href":"https:\/\/api.w.org\/{rel}","templated":true}]}}