{"id":2609,"date":"2022-08-14T17:11:31","date_gmt":"2022-08-14T22:11:31","guid":{"rendered":"https:\/\/liversurgeryny.com\/?page_id=2609"},"modified":"2024-01-22T09:40:59","modified_gmt":"2024-01-22T14:40:59","slug":"chirurgie-de-pointe-des-metastases-hepatiques","status":"publish","type":"page","link":"https:\/\/liversurgeryny.com\/fr\/meilleur-chirurgien-du-foie-et-des-voies-biliaires-a-new-york\/chirurgie-de-pointe-des-metastases-hepatiques\/","title":{"rendered":"Chirurgie de pointe des m\u00e9tastases h\u00e9patiques"},"content":{"rendered":"<p>Le terme \u00ab\u00a0m\u00e9tastases h\u00e9patiques\u00a0\u00bb fait r\u00e9f\u00e9rence \u00e0 des tumeurs canc\u00e9reuses qui se sont propag\u00e9es au foie depuis un autre endroit du corps. Les anciens Grecs utilisaient le mot \u00ab\u00a0m\u00e9tastase\u00a0\u00bb pour signifier \u00ab\u00a0d\u00e9placement d&rsquo;un endroit \u00e0 un autre\u00a0\u00bb. Les m\u00e9tastases h\u00e9patiques peuvent se trouver dans <a href=\"https:\/\/liversurgeryny.com\/fr\/meilleur-chirurgien-du-foie-et-des-voies-biliaires-a-new-york\/\">un seul lobe du foie ou dans de nombreux segments h\u00e9patiques<\/a>.<\/p>\n<p><strong>Veuillez noter:<\/strong> Le Dr Alden accepte l&rsquo;assurance s&rsquo;il participe \u00e0 votre plan. De plus, si le Dr Alden ne participe pas \u00e0 votre plan d&rsquo;assurance, le bureau du Dr Alden peut souvent obtenir une pr\u00e9autorisation de votre plan d&rsquo;assurance en raison de la sp\u00e9cificit\u00e9 de sa sp\u00e9cialit\u00e9. Nous contacterons votre compagnie d&rsquo;assurance pour comprendre vos avantages et les soumettrons \u00e9galement pour vous. Vous profiterez du luxe et des avantages de la m\u00e9decine universitaire dans un environnement de conciergerie haut de gamme sans les tracas des longs temps d&rsquo;attente \u00e0 l&rsquo;h\u00f4pital et de la paperasserie. La plupart des polices remboursent aux patients la plupart des co\u00fbts de la chirurgie. Notre coordinateur chirurgical vous aidera avec un devis.<\/p>\n<p>Certains chercheurs en cancer du foie affirment que parce que les m\u00e9tastases h\u00e9patiques se sont propag\u00e9es depuis le site initial du cancer, la maladie est tellement avanc\u00e9e que la r\u00e9section du foie est inutile. De nombreux articles de recherche rapportent que, pour les patients atteints de m\u00e9tastases h\u00e9patiques qui n&rsquo;ont pas de chirurgie et re\u00e7oivent uniquement une chimioth\u00e9rapie, le taux de survie \u00e0 5 ans est inf\u00e9rieur \u00e0 5%. Cependant, plusieurs articles de recherche ont rapport\u00e9 des taux de survie \u00e0 5 ans de plus de 50% pour le m\u00eame type de patients trait\u00e9s par l&rsquo;ablation chirurgicale des m\u00e9tastases.<\/p>\n<blockquote><p>Le Dr Alden et son cabinet sont tr\u00e8s agr\u00e9ables et accueillants. Propre, moderne, avec les meilleurs \u00e9quipements et technologies disponibles, en plus le personnel est incroyablement gentil et comp\u00e9tent dans ce qu&rsquo;il fait. Ma m\u00e8re a subi une op\u00e9ration ici. Tout s&rsquo;est tr\u00e8s bien pass\u00e9. La r\u00e9cup\u00e9ration a \u00e9t\u00e9 rapide. Hautement recommand\u00e9 si vous en avez besoin ! Le Dr Alden a sauv\u00e9 ma m\u00e8re du cancer du c\u00f4lon. Je fais confiance \u00e0 ses comp\u00e9tences \u00e9tonnantes, son exp\u00e9rience, son d\u00e9vouement et son amour pour l&rsquo;humanit\u00e9.<strong>~ Google<\/strong><\/p><\/blockquote>\n<p>La technologie moderne, une formation appropri\u00e9e, des techniques et des outils avanc\u00e9s permettent de retirer les m\u00e9tastases h\u00e9patiques en toute s\u00e9curit\u00e9, avec tr\u00e8s peu de perte de sang. Les centres modernes de pointe d\u00e9montrent des taux de mortalit\u00e9 de la r\u00e9section du foie (d\u00e9c\u00e8s suite \u00e0 une chirurgie) de moins de 1% et des taux de morbidit\u00e9 (complication chirurgicale) de 5% \u00e0 10%. La probabilit\u00e9 d&rsquo;avoir besoin d&rsquo;une transfusion sanguine pendant la r\u00e9section du foie est \u00e9galement faible, \u00e0 moins de 5%.<\/p>\n<p>Dans de nombreux cas, la tumeur (ou les tumeurs) du cancer du foie peuvent potentiellement \u00eatre retir\u00e9es en une seule op\u00e9ration. Dans les cas complexes, une chirurgie \u00e9chelonn\u00e9e est planifi\u00e9e. Avec une chirurgie \u00e9chelonn\u00e9e, la plus grande partie de la maladie est retir\u00e9e lors de la premi\u00e8re op\u00e9ration, le reste \u00e9tant retir\u00e9 lors d&rsquo;une autre op\u00e9ration environ 2 mois plus tard. Dans les cas o\u00f9 le volume restant du foie serait trop petit apr\u00e8s la chirurgie, plusieurs techniques peuvent \u00eatre utilis\u00e9es pour augmenter la taille du foie restant avant de tenter la chirurgie. (Voir \u00ab\u00a0Si le foie est trop petit.\u00a0\u00bb) Ces techniques augmentent consid\u00e9rablement la s\u00e9curit\u00e9 de l&rsquo;op\u00e9ration de chirurgie de l&rsquo;hypertension portale (ascite, varices \u0153sophagiennes).<\/p>\n<p>Il est impossible de discuter de chaque sc\u00e9nario. Chaque patient est unique et l&rsquo;\u00e9quipe de classe mondiale du chirurgien du foie d\u00e9veloppe une strat\u00e9gie de traitement personnalis\u00e9e pour chaque patient en fonction des images actuelles et originales du foie du patient, de la fonction h\u00e9patique actuelle, de l&rsquo;\u00e9tat de sant\u00e9 g\u00e9n\u00e9ral et de nombreux autres facteurs. Le traitement de la chirurgie du cancer du c\u00f4lon (chirurgie des m\u00e9tastases h\u00e9patiques) est toujours coordonn\u00e9 avec tous les m\u00e9decins impliqu\u00e9s dans les soins du patient.<\/p>\n<p>Les patients et les professionnels de la sant\u00e9 de l&rsquo;Am\u00e9rique et du monde entier recherchent les traitements et services sp\u00e9cialis\u00e9s de premier ordre du Dr Alden, y compris sa gestion chirurgicale experte de l&rsquo;\u00e9tat unique de chaque patient.<\/p>\n<p>Les patients r\u00e9f\u00e9r\u00e9s au Dr Alden ont acc\u00e8s \u00e0 une vaste gamme de sp\u00e9cialistes qui sont parmi les meilleurs dans leur domaine dans le pays (et \u00e9ventuellement dans le monde).<\/p>\n<p><strong>En plus d&rsquo;une consultation en cabinet, le chirurgien du cancer du foie et du pancr\u00e9as \u00e0 NYC propose des consultations \u00e0 distance pour les patients et les professionnels de la sant\u00e9 du monde entier. Veuillez appeler notre bureau pour plus de d\u00e9tails.<\/strong><\/p>\n<p>Pour plus d&rsquo;informations sur la chirurgie du cancer du c\u00f4lon \/ chirurgie des m\u00e9tastases h\u00e9patiques ou pour planifier une consultation, n&rsquo;h\u00e9sitez pas \u00e0 contacter le chirurgien oncologique du foie, du pancr\u00e9as et des voies biliaires \u00e0 NYC, Dmitri Alden, MD, FACS, aujourd&rsquo;hui en appelant son bureau \u00e0 NYC au <a href=\"tel:2124346216\" class=\"phone_anchor \" aria-label=\"Appelez-nous (212) 434-6216\" dir=\"ltr\"> (212) 434-6216<\/a> ou en nous <a href=\"https:\/\/liversurgeryny.com\/fr\/contactez-nous\/\">contactant en ligne<\/a>.<\/p>\n","protected":false},"excerpt":{"rendered":"<p>Le terme \u00ab\u00a0m\u00e9tastases h\u00e9patiques\u00a0\u00bb fait r\u00e9f\u00e9rence \u00e0 des tumeurs canc\u00e9reuses qui se sont propag\u00e9es au foie depuis un autre endroit du corps. Les anciens Grecs utilisaient le mot \u00ab\u00a0m\u00e9tastase\u00a0\u00bb pour signifier \u00ab\u00a0d\u00e9placement d&rsquo;un endroit \u00e0 un autre\u00a0\u00bb. Les m\u00e9tastases h\u00e9patiques peuvent se trouver dans un seul lobe du foie ou dans de nombreux segments h\u00e9patiques.&hellip; <a href=\"https:\/\/liversurgeryny.com\/fr\/meilleur-chirurgien-du-foie-et-des-voies-biliaires-a-new-york\/chirurgie-de-pointe-des-metastases-hepatiques\/\" class=\"btn btn-outline-primary  more-link d-none\">Continuer la lecture<\/a><\/p>\n","protected":false},"author":1,"featured_media":0,"parent":2587,"menu_order":0,"comment_status":"closed","ping_status":"closed","template":"","meta":{"_acf_changed":false,"footnotes":""},"class_list":["post-2609","page","type-page","status-publish"],"acf":[],"yoast_head":"<!-- This site is optimized with the Yoast SEO plugin v27.4 - https:\/\/yoast.com\/product\/yoast-seo-wordpress\/ -->\n<title>Chirurgie Avanc\u00e9e des M\u00e9tastases H\u00e9patiques par le Dr. Dmitri Alden, Sp\u00e9cialiste du Cancer du Foie \u00e0 NYC<\/title>\n<meta name=\"description\" content=\"D\u00e9couvrez la pointe de la chirurgie des m\u00e9tastases h\u00e9patiques avec le Dr. Dmitri Alden, un sp\u00e9cialiste renomm\u00e9 du cancer du foie \u00e0 NYC. Informations sur l&#039;ablation chirurgicale, la chimioth\u00e9rapie et les meilleurs r\u00e9sultats. Profitez d&#039;une technologie moderne, d&#039;une formation de qualit\u00e9 et de soins personnalis\u00e9s. Consultez le Dr. Alden pour une chirurgie r\u00e9ussie des m\u00e9tastases h\u00e9patiques. Contactez notre bureau \u00e0 NYC pour plus d&#039;informations.\" \/>\n<meta name=\"robots\" content=\"index, follow, max-snippet:-1, max-image-preview:large, max-video-preview:-1\" \/>\n<link rel=\"canonical\" href=\"https:\/\/liversurgeryny.com\/fr\/meilleur-chirurgien-du-foie-et-des-voies-biliaires-a-new-york\/chirurgie-de-pointe-des-metastases-hepatiques\/\" \/>\n<meta property=\"og:locale\" content=\"fr_FR\" \/>\n<meta property=\"og:type\" content=\"article\" \/>\n<meta property=\"og:title\" content=\"Chirurgie Avanc\u00e9e des M\u00e9tastases H\u00e9patiques par le Dr. Dmitri Alden, Sp\u00e9cialiste du Cancer du Foie \u00e0 NYC\" \/>\n<meta property=\"og:description\" content=\"D\u00e9couvrez la pointe de la chirurgie des m\u00e9tastases h\u00e9patiques avec le Dr. Dmitri Alden, un sp\u00e9cialiste renomm\u00e9 du cancer du foie \u00e0 NYC. Informations sur l&#039;ablation chirurgicale, la chimioth\u00e9rapie et les meilleurs r\u00e9sultats. Profitez d&#039;une technologie moderne, d&#039;une formation de qualit\u00e9 et de soins personnalis\u00e9s. Consultez le Dr. Alden pour une chirurgie r\u00e9ussie des m\u00e9tastases h\u00e9patiques. Contactez notre bureau \u00e0 NYC pour plus d&#039;informations.\" \/>\n<meta property=\"og:url\" content=\"https:\/\/liversurgeryny.com\/fr\/meilleur-chirurgien-du-foie-et-des-voies-biliaires-a-new-york\/chirurgie-de-pointe-des-metastases-hepatiques\/\" \/>\n<meta property=\"og:site_name\" content=\"Dmitri Alden, MD, FACS\" \/>\n<meta property=\"article:modified_time\" content=\"2024-01-22T14:40:59+00:00\" \/>\n<meta property=\"og:image\" content=\"https:\/\/liversurgeryny.com\/wp-content\/uploads\/2022\/09\/background-2.jpg\" \/>\n<meta name=\"twitter:card\" content=\"summary_large_image\" \/>\n<meta name=\"twitter:image\" content=\"https:\/\/liversurgeryny.com\/wp-content\/uploads\/2022\/09\/background-2.jpg\" \/>\n<meta name=\"twitter:label1\" content=\"Dur\u00e9e de lecture estim\u00e9e\" \/>\n\t<meta name=\"twitter:data1\" content=\"4 minutes\" \/>\n<!-- \/ Yoast SEO plugin. -->","yoast_head_json":{"title":"Chirurgie Avanc\u00e9e des M\u00e9tastases H\u00e9patiques par le Dr. Dmitri Alden, Sp\u00e9cialiste du Cancer du Foie \u00e0 NYC","description":"D\u00e9couvrez la pointe de la chirurgie des m\u00e9tastases h\u00e9patiques avec le Dr. Dmitri Alden, un sp\u00e9cialiste renomm\u00e9 du cancer du foie \u00e0 NYC. Informations sur l'ablation chirurgicale, la chimioth\u00e9rapie et les meilleurs r\u00e9sultats. Profitez d'une technologie moderne, d'une formation de qualit\u00e9 et de soins personnalis\u00e9s. Consultez le Dr. Alden pour une chirurgie r\u00e9ussie des m\u00e9tastases h\u00e9patiques. Contactez notre bureau \u00e0 NYC pour plus d'informations.","robots":{"index":"index","follow":"follow","max-snippet":"max-snippet:-1","max-image-preview":"max-image-preview:large","max-video-preview":"max-video-preview:-1"},"canonical":"https:\/\/liversurgeryny.com\/fr\/meilleur-chirurgien-du-foie-et-des-voies-biliaires-a-new-york\/chirurgie-de-pointe-des-metastases-hepatiques\/","og_locale":"fr_FR","og_type":"article","og_title":"Chirurgie Avanc\u00e9e des M\u00e9tastases H\u00e9patiques par le Dr. Dmitri Alden, Sp\u00e9cialiste du Cancer du Foie \u00e0 NYC","og_description":"D\u00e9couvrez la pointe de la chirurgie des m\u00e9tastases h\u00e9patiques avec le Dr. Dmitri Alden, un sp\u00e9cialiste renomm\u00e9 du cancer du foie \u00e0 NYC. Informations sur l'ablation chirurgicale, la chimioth\u00e9rapie et les meilleurs r\u00e9sultats. Profitez d'une technologie moderne, d'une formation de qualit\u00e9 et de soins personnalis\u00e9s. Consultez le Dr. Alden pour une chirurgie r\u00e9ussie des m\u00e9tastases h\u00e9patiques. Contactez notre bureau \u00e0 NYC pour plus d'informations.","og_url":"https:\/\/liversurgeryny.com\/fr\/meilleur-chirurgien-du-foie-et-des-voies-biliaires-a-new-york\/chirurgie-de-pointe-des-metastases-hepatiques\/","og_site_name":"Dmitri Alden, MD, FACS","article_modified_time":"2024-01-22T14:40:59+00:00","og_image":[{"url":"https:\/\/liversurgeryny.com\/wp-content\/uploads\/2022\/09\/background-2.jpg","type":"","width":"","height":""}],"twitter_card":"summary_large_image","twitter_image":"https:\/\/liversurgeryny.com\/wp-content\/uploads\/2022\/09\/background-2.jpg","twitter_misc":{"Dur\u00e9e de lecture estim\u00e9e":"4 minutes"},"schema":{"@context":"https:\/\/schema.org","@graph":[{"@type":"WebPage","@id":"https:\/\/liversurgeryny.com\/fr\/meilleur-chirurgien-du-foie-et-des-voies-biliaires-a-new-york\/chirurgie-de-pointe-des-metastases-hepatiques\/","url":"https:\/\/liversurgeryny.com\/fr\/meilleur-chirurgien-du-foie-et-des-voies-biliaires-a-new-york\/chirurgie-de-pointe-des-metastases-hepatiques\/","name":"Chirurgie Avanc\u00e9e des M\u00e9tastases H\u00e9patiques par le Dr. Dmitri Alden, Sp\u00e9cialiste du Cancer du Foie \u00e0 NYC","isPartOf":{"@id":"https:\/\/liversurgeryny.com\/#website"},"datePublished":"2022-08-14T22:11:31+00:00","dateModified":"2024-01-22T14:40:59+00:00","description":"D\u00e9couvrez la pointe de la chirurgie des m\u00e9tastases h\u00e9patiques avec le Dr. Dmitri Alden, un sp\u00e9cialiste renomm\u00e9 du cancer du foie \u00e0 NYC. Informations sur l'ablation chirurgicale, la chimioth\u00e9rapie et les meilleurs r\u00e9sultats. Profitez d'une technologie moderne, d'une formation de qualit\u00e9 et de soins personnalis\u00e9s. Consultez le Dr. Alden pour une chirurgie r\u00e9ussie des m\u00e9tastases h\u00e9patiques. Contactez notre bureau \u00e0 NYC pour plus d'informations.","breadcrumb":{"@id":"https:\/\/liversurgeryny.com\/fr\/meilleur-chirurgien-du-foie-et-des-voies-biliaires-a-new-york\/chirurgie-de-pointe-des-metastases-hepatiques\/#breadcrumb"},"inLanguage":"fr-FR","potentialAction":[{"@type":"ReadAction","target":["https:\/\/liversurgeryny.com\/fr\/meilleur-chirurgien-du-foie-et-des-voies-biliaires-a-new-york\/chirurgie-de-pointe-des-metastases-hepatiques\/"]}]},{"@type":"BreadcrumbList","@id":"https:\/\/liversurgeryny.com\/fr\/meilleur-chirurgien-du-foie-et-des-voies-biliaires-a-new-york\/chirurgie-de-pointe-des-metastases-hepatiques\/#breadcrumb","itemListElement":[{"@type":"ListItem","position":1,"name":"Home","item":"https:\/\/liversurgeryny.com\/fr\/"},{"@type":"ListItem","position":2,"name":"Meilleur Chirurgien du Foie et des Voies Biliaires \u00e0 New York","item":"https:\/\/liversurgeryny.com\/fr\/meilleur-chirurgien-du-foie-et-des-voies-biliaires-a-new-york\/"},{"@type":"ListItem","position":3,"name":"Chirurgie de pointe des m\u00e9tastases h\u00e9patiques"}]},{"@type":"WebSite","@id":"https:\/\/liversurgeryny.com\/#website","url":"https:\/\/liversurgeryny.com\/","name":"Dmitri Alden, MD, FACS","description":"","potentialAction":[{"@type":"SearchAction","target":{"@type":"EntryPoint","urlTemplate":"https:\/\/liversurgeryny.com\/?s={search_term_string}"},"query-input":{"@type":"PropertyValueSpecification","valueRequired":true,"valueName":"search_term_string"}}],"inLanguage":"fr-FR"}]}},"_links":{"self":[{"href":"https:\/\/liversurgeryny.com\/fr\/wp-json\/wp\/v2\/pages\/2609","targetHints":{"allow":["GET"]}}],"collection":[{"href":"https:\/\/liversurgeryny.com\/fr\/wp-json\/wp\/v2\/pages"}],"about":[{"href":"https:\/\/liversurgeryny.com\/fr\/wp-json\/wp\/v2\/types\/page"}],"author":[{"embeddable":true,"href":"https:\/\/liversurgeryny.com\/fr\/wp-json\/wp\/v2\/users\/1"}],"replies":[{"embeddable":true,"href":"https:\/\/liversurgeryny.com\/fr\/wp-json\/wp\/v2\/comments?post=2609"}],"version-history":[{"count":3,"href":"https:\/\/liversurgeryny.com\/fr\/wp-json\/wp\/v2\/pages\/2609\/revisions"}],"predecessor-version":[{"id":2711,"href":"https:\/\/liversurgeryny.com\/fr\/wp-json\/wp\/v2\/pages\/2609\/revisions\/2711"}],"up":[{"embeddable":true,"href":"https:\/\/liversurgeryny.com\/fr\/wp-json\/wp\/v2\/pages\/2587"}],"wp:attachment":[{"href":"https:\/\/liversurgeryny.com\/fr\/wp-json\/wp\/v2\/media?parent=2609"}],"curies":[{"name":"wp","href":"https:\/\/api.w.org\/{rel}","templated":true}]}}