{"id":2606,"date":"2022-08-14T17:52:30","date_gmt":"2022-08-14T22:52:30","guid":{"rendered":"https:\/\/liversurgeryny.com\/?page_id=2606"},"modified":"2024-01-22T09:38:19","modified_gmt":"2024-01-22T14:38:19","slug":"traitement-de-la-croissance-du-foie","status":"publish","type":"page","link":"https:\/\/liversurgeryny.com\/fr\/meilleur-chirurgien-du-foie-et-des-voies-biliaires-a-new-york\/traitement-de-la-croissance-du-foie\/","title":{"rendered":"Traitement de la Croissance du Foie"},"content":{"rendered":"<p>L&rsquo;un des aspects uniques du foie est sa capacit\u00e9 \u00e0 se r\u00e9g\u00e9n\u00e9rer. Alors que la plupart des organes ne peuvent pas r\u00e9g\u00e9n\u00e9rer les cellules une fois endommag\u00e9es, le foie poss\u00e8de cette caract\u00e9ristique. Lorsqu&rsquo;une tumeur du foie a envahi cet organe, il est possible de retirer la tumeur et de survivre avec seulement une partie du foie restante. Cependant, il doit y avoir suffisamment de tissu pour soutenir une fonction h\u00e9patique saine. Le Dr. Dmitri Alden est un <a href=\"https:\/\/liversurgeryny.com\/fr\/meilleur-chirurgien-du-foie-et-des-voies-biliaires-a-new-york\/\">sp\u00e9cialiste du foie hautement qualifi\u00e9 et un chirurgien oncologique<\/a> qui propose un traitement pour la r\u00e9g\u00e9n\u00e9ration du foie au sein de sa pratique \u00e0 NYC.<\/p>\n<p>L&rsquo;objectif du traitement du cancer ou de la tumeur du foie est de r\u00e9duire ou d&rsquo;\u00e9liminer les cellules tumorales tout en favorisant la r\u00e9g\u00e9n\u00e9ration de la partie saine du foie. C&rsquo;est souvent un traitement pr\u00e9alable \u00e0 une intervention chirurgicale de r\u00e9section du foie. Bien que le foie puisse se r\u00e9g\u00e9n\u00e9rer et survivre avec une quantit\u00e9 importante de tissu retir\u00e9e avec la tumeur, il doit rester suffisamment de tissu. Pour ce faire, le traitement de la croissance du foie peut \u00eatre effectu\u00e9 dans les semaines pr\u00e9c\u00e9dant la chirurgie de r\u00e9section.<\/p>\n<h2>Embolisation Pr\u00e9op\u00e9ratoire du Foie<\/h2>\n<p>Certains des traitements de pointe pour la r\u00e9g\u00e9n\u00e9ration du foie sont r\u00e9alis\u00e9s \u00e0 travers les art\u00e8res qui alimentent le foie. Diff\u00e9rentes substances peuvent \u00eatre administr\u00e9es au foie pour r\u00e9duire la tumeur tout en favorisant la croissance de la partie saine du foie. Cela peut augmenter le taux de succ\u00e8s d&rsquo;une future chirurgie du foie en garantissant qu&rsquo;il y a suffisamment de cellules h\u00e9patiques et de tissu sain pour soutenir le corps tout en r\u00e9duisant la quantit\u00e9 de tumeur qui devra \u00eatre retir\u00e9e. Les traitements de croissance du foie propos\u00e9s par la pratique du Dr. Alden comprennent:<\/p>\n<nav class=\"flc-submenu\" aria-label=\"sub menu\"><ul><li><a href=\"https:\/\/liversurgeryny.com\/portal-vein-embolization\/\">Embolisation de la veine portale<\/a><\/li><li><a href=\"https:\/\/liversurgeryny.com\/yttrium-90\/\">Yttrium 90<\/a><\/li><\/ul><\/nav>\n<p>Les traitements de la croissance du foie peuvent \u00eatre utilis\u00e9s pour le cancer du foie m\u00e9tastatique et primaire. Les proc\u00e9dures sont peu invasives et sont g\u00e9n\u00e9ralement r\u00e9alis\u00e9es en ambulatoire avec un temps de r\u00e9cup\u00e9ration minimal.<br \/>\nSi vous avez \u00e9t\u00e9 diagnostiqu\u00e9 avec un cancer du foie, vous souhaitez le plus haut niveau de soins m\u00e9dicaux pour votre traitement. Le Dr. Dmitri Alden est un chirurgien oncologique de classe mondiale sp\u00e9cialis\u00e9 dans des traitements innovants contre le cancer du foie. Pour planifier votre consultation avec le Dr. Alden, <a href=\"https:\/\/liversurgeryny.com\/fr\/contactez-nous\/\">contactez notre bureau dans l&rsquo;Upper East Side de Manhattan<\/a> pour prendre rendez-vous.<\/p>\n","protected":false},"excerpt":{"rendered":"<p>L&rsquo;un des aspects uniques du foie est sa capacit\u00e9 \u00e0 se r\u00e9g\u00e9n\u00e9rer. Alors que la plupart des organes ne peuvent pas r\u00e9g\u00e9n\u00e9rer les cellules une fois endommag\u00e9es, le foie poss\u00e8de cette caract\u00e9ristique. Lorsqu&rsquo;une tumeur du foie a envahi cet organe, il est possible de retirer la tumeur et de survivre avec seulement une partie du&hellip; <a href=\"https:\/\/liversurgeryny.com\/fr\/meilleur-chirurgien-du-foie-et-des-voies-biliaires-a-new-york\/traitement-de-la-croissance-du-foie\/\" class=\"btn btn-outline-primary  more-link d-none\">Continuer la lecture<\/a><\/p>\n","protected":false},"author":1,"featured_media":0,"parent":2587,"menu_order":0,"comment_status":"closed","ping_status":"closed","template":"","meta":{"_acf_changed":false,"footnotes":""},"class_list":["post-2606","page","type-page","status-publish"],"acf":[],"yoast_head":"<!-- This site is optimized with the Yoast SEO plugin v27.4 - https:\/\/yoast.com\/product\/yoast-seo-wordpress\/ -->\n<title>Traitements Avanc\u00e9s de la Croissance du Foie par le Dr. Dmitri Alden, Sp\u00e9cialiste du Cancer du Foie \u00e0 NYC<\/title>\n<meta name=\"description\" content=\"D\u00e9couvrez les traitements de pointe pour la croissance du foie propos\u00e9s par le Dr. Dmitri Alden, un sp\u00e9cialiste renomm\u00e9 du cancer du foie \u00e0 NYC. Informez-vous sur l&#039;embolisation pr\u00e9op\u00e9ratoire du foie, l&#039;EMBOLISATION DE LA VEINE PORTALE, le YTTRIUM 90, et bien plus encore. Am\u00e9liorez le succ\u00e8s de la chirurgie du foie gr\u00e2ce \u00e0 des proc\u00e9dures innovantes. Planifiez une consultation pour des soins de haut niveau contre le cancer du foie.\" \/>\n<meta name=\"robots\" content=\"index, follow, max-snippet:-1, max-image-preview:large, max-video-preview:-1\" \/>\n<link rel=\"canonical\" href=\"https:\/\/liversurgeryny.com\/fr\/meilleur-chirurgien-du-foie-et-des-voies-biliaires-a-new-york\/traitement-de-la-croissance-du-foie\/\" \/>\n<meta property=\"og:locale\" content=\"fr_FR\" \/>\n<meta property=\"og:type\" content=\"article\" \/>\n<meta property=\"og:title\" content=\"Traitements Avanc\u00e9s de la Croissance du Foie par le Dr. Dmitri Alden, Sp\u00e9cialiste du Cancer du Foie \u00e0 NYC\" \/>\n<meta property=\"og:description\" content=\"D\u00e9couvrez les traitements de pointe pour la croissance du foie propos\u00e9s par le Dr. Dmitri Alden, un sp\u00e9cialiste renomm\u00e9 du cancer du foie \u00e0 NYC. Informez-vous sur l&#039;embolisation pr\u00e9op\u00e9ratoire du foie, l&#039;EMBOLISATION DE LA VEINE PORTALE, le YTTRIUM 90, et bien plus encore. Am\u00e9liorez le succ\u00e8s de la chirurgie du foie gr\u00e2ce \u00e0 des proc\u00e9dures innovantes. Planifiez une consultation pour des soins de haut niveau contre le cancer du foie.\" \/>\n<meta property=\"og:url\" content=\"https:\/\/liversurgeryny.com\/fr\/meilleur-chirurgien-du-foie-et-des-voies-biliaires-a-new-york\/traitement-de-la-croissance-du-foie\/\" \/>\n<meta property=\"og:site_name\" content=\"Dmitri Alden, MD, FACS\" \/>\n<meta property=\"article:modified_time\" content=\"2024-01-22T14:38:19+00:00\" \/>\n<meta property=\"og:image\" content=\"https:\/\/liversurgeryny.com\/wp-content\/uploads\/2022\/09\/background-2.jpg\" \/>\n<meta name=\"twitter:card\" content=\"summary_large_image\" \/>\n<meta name=\"twitter:image\" content=\"https:\/\/liversurgeryny.com\/wp-content\/uploads\/2022\/09\/background-2.jpg\" \/>\n<meta name=\"twitter:label1\" content=\"Dur\u00e9e de lecture estim\u00e9e\" \/>\n\t<meta name=\"twitter:data1\" content=\"2 minutes\" \/>\n<!-- \/ Yoast SEO plugin. -->","yoast_head_json":{"title":"Traitements Avanc\u00e9s de la Croissance du Foie par le Dr. Dmitri Alden, Sp\u00e9cialiste du Cancer du Foie \u00e0 NYC","description":"D\u00e9couvrez les traitements de pointe pour la croissance du foie propos\u00e9s par le Dr. Dmitri Alden, un sp\u00e9cialiste renomm\u00e9 du cancer du foie \u00e0 NYC. Informez-vous sur l'embolisation pr\u00e9op\u00e9ratoire du foie, l'EMBOLISATION DE LA VEINE PORTALE, le YTTRIUM 90, et bien plus encore. Am\u00e9liorez le succ\u00e8s de la chirurgie du foie gr\u00e2ce \u00e0 des proc\u00e9dures innovantes. Planifiez une consultation pour des soins de haut niveau contre le cancer du foie.","robots":{"index":"index","follow":"follow","max-snippet":"max-snippet:-1","max-image-preview":"max-image-preview:large","max-video-preview":"max-video-preview:-1"},"canonical":"https:\/\/liversurgeryny.com\/fr\/meilleur-chirurgien-du-foie-et-des-voies-biliaires-a-new-york\/traitement-de-la-croissance-du-foie\/","og_locale":"fr_FR","og_type":"article","og_title":"Traitements Avanc\u00e9s de la Croissance du Foie par le Dr. Dmitri Alden, Sp\u00e9cialiste du Cancer du Foie \u00e0 NYC","og_description":"D\u00e9couvrez les traitements de pointe pour la croissance du foie propos\u00e9s par le Dr. Dmitri Alden, un sp\u00e9cialiste renomm\u00e9 du cancer du foie \u00e0 NYC. Informez-vous sur l'embolisation pr\u00e9op\u00e9ratoire du foie, l'EMBOLISATION DE LA VEINE PORTALE, le YTTRIUM 90, et bien plus encore. Am\u00e9liorez le succ\u00e8s de la chirurgie du foie gr\u00e2ce \u00e0 des proc\u00e9dures innovantes. Planifiez une consultation pour des soins de haut niveau contre le cancer du foie.","og_url":"https:\/\/liversurgeryny.com\/fr\/meilleur-chirurgien-du-foie-et-des-voies-biliaires-a-new-york\/traitement-de-la-croissance-du-foie\/","og_site_name":"Dmitri Alden, MD, FACS","article_modified_time":"2024-01-22T14:38:19+00:00","og_image":[{"url":"https:\/\/liversurgeryny.com\/wp-content\/uploads\/2022\/09\/background-2.jpg","type":"","width":"","height":""}],"twitter_card":"summary_large_image","twitter_image":"https:\/\/liversurgeryny.com\/wp-content\/uploads\/2022\/09\/background-2.jpg","twitter_misc":{"Dur\u00e9e de lecture estim\u00e9e":"2 minutes"},"schema":{"@context":"https:\/\/schema.org","@graph":[{"@type":"WebPage","@id":"https:\/\/liversurgeryny.com\/fr\/meilleur-chirurgien-du-foie-et-des-voies-biliaires-a-new-york\/traitement-de-la-croissance-du-foie\/","url":"https:\/\/liversurgeryny.com\/fr\/meilleur-chirurgien-du-foie-et-des-voies-biliaires-a-new-york\/traitement-de-la-croissance-du-foie\/","name":"Traitements Avanc\u00e9s de la Croissance du Foie par le Dr. Dmitri Alden, Sp\u00e9cialiste du Cancer du Foie \u00e0 NYC","isPartOf":{"@id":"https:\/\/liversurgeryny.com\/#website"},"datePublished":"2022-08-14T22:52:30+00:00","dateModified":"2024-01-22T14:38:19+00:00","description":"D\u00e9couvrez les traitements de pointe pour la croissance du foie propos\u00e9s par le Dr. Dmitri Alden, un sp\u00e9cialiste renomm\u00e9 du cancer du foie \u00e0 NYC. Informez-vous sur l'embolisation pr\u00e9op\u00e9ratoire du foie, l'EMBOLISATION DE LA VEINE PORTALE, le YTTRIUM 90, et bien plus encore. Am\u00e9liorez le succ\u00e8s de la chirurgie du foie gr\u00e2ce \u00e0 des proc\u00e9dures innovantes. Planifiez une consultation pour des soins de haut niveau contre le cancer du foie.","breadcrumb":{"@id":"https:\/\/liversurgeryny.com\/fr\/meilleur-chirurgien-du-foie-et-des-voies-biliaires-a-new-york\/traitement-de-la-croissance-du-foie\/#breadcrumb"},"inLanguage":"fr-FR","potentialAction":[{"@type":"ReadAction","target":["https:\/\/liversurgeryny.com\/fr\/meilleur-chirurgien-du-foie-et-des-voies-biliaires-a-new-york\/traitement-de-la-croissance-du-foie\/"]}]},{"@type":"BreadcrumbList","@id":"https:\/\/liversurgeryny.com\/fr\/meilleur-chirurgien-du-foie-et-des-voies-biliaires-a-new-york\/traitement-de-la-croissance-du-foie\/#breadcrumb","itemListElement":[{"@type":"ListItem","position":1,"name":"Home","item":"https:\/\/liversurgeryny.com\/fr\/"},{"@type":"ListItem","position":2,"name":"Meilleur Chirurgien du Foie et des Voies Biliaires \u00e0 New York","item":"https:\/\/liversurgeryny.com\/fr\/meilleur-chirurgien-du-foie-et-des-voies-biliaires-a-new-york\/"},{"@type":"ListItem","position":3,"name":"Traitement de la Croissance du Foie"}]},{"@type":"WebSite","@id":"https:\/\/liversurgeryny.com\/#website","url":"https:\/\/liversurgeryny.com\/","name":"Dmitri Alden, MD, FACS","description":"","potentialAction":[{"@type":"SearchAction","target":{"@type":"EntryPoint","urlTemplate":"https:\/\/liversurgeryny.com\/?s={search_term_string}"},"query-input":{"@type":"PropertyValueSpecification","valueRequired":true,"valueName":"search_term_string"}}],"inLanguage":"fr-FR"}]}},"_links":{"self":[{"href":"https:\/\/liversurgeryny.com\/fr\/wp-json\/wp\/v2\/pages\/2606","targetHints":{"allow":["GET"]}}],"collection":[{"href":"https:\/\/liversurgeryny.com\/fr\/wp-json\/wp\/v2\/pages"}],"about":[{"href":"https:\/\/liversurgeryny.com\/fr\/wp-json\/wp\/v2\/types\/page"}],"author":[{"embeddable":true,"href":"https:\/\/liversurgeryny.com\/fr\/wp-json\/wp\/v2\/users\/1"}],"replies":[{"embeddable":true,"href":"https:\/\/liversurgeryny.com\/fr\/wp-json\/wp\/v2\/comments?post=2606"}],"version-history":[{"count":3,"href":"https:\/\/liversurgeryny.com\/fr\/wp-json\/wp\/v2\/pages\/2606\/revisions"}],"predecessor-version":[{"id":2709,"href":"https:\/\/liversurgeryny.com\/fr\/wp-json\/wp\/v2\/pages\/2606\/revisions\/2709"}],"up":[{"embeddable":true,"href":"https:\/\/liversurgeryny.com\/fr\/wp-json\/wp\/v2\/pages\/2587"}],"wp:attachment":[{"href":"https:\/\/liversurgeryny.com\/fr\/wp-json\/wp\/v2\/media?parent=2606"}],"curies":[{"name":"wp","href":"https:\/\/api.w.org\/{rel}","templated":true}]}}