{"id":2601,"date":"2022-08-14T16:52:56","date_gmt":"2022-08-14T21:52:56","guid":{"rendered":"https:\/\/liversurgeryny.com\/?page_id=2601"},"modified":"2024-01-22T09:07:37","modified_gmt":"2024-01-22T14:07:37","slug":"chirurgie-du-cancer-par-laparoscopie-et-robotique-chirurgien-du-foie-et-du-pancreas-a-new-york","status":"publish","type":"page","link":"https:\/\/liversurgeryny.com\/fr\/meilleur-chirurgien-du-foie-et-des-voies-biliaires-a-new-york\/chirurgie-du-cancer-par-laparoscopie-et-robotique-chirurgien-du-foie-et-du-pancreas-a-new-york\/","title":{"rendered":"Chirurgie du Cancer par Laparoscopie et Robotique: Chirurgien du Foie et du Pancr\u00e9as \u00e0 New York"},"content":{"rendered":"<p>La chirurgie laparoscopique et robotique du foie et du pancr\u00e9as est un domaine nouveau et \u00e9mergent. Les chirurgiens doivent non seulement avoir une exp\u00e9rience approfondie des <a href=\"https:\/\/liversurgeryny.com\/fr\/meilleur-chirurgien-du-foie-et-des-voies-biliaires-a-new-york\/\">op\u00e9rations traditionnelles sur le foie et le pancr\u00e9as<\/a>, mais aussi une formation et une exp\u00e9rience distinctes en laparoscopie et en robotique. Le Dr Dmitri Alden b\u00e9n\u00e9ficie d&rsquo;une formation approfondie et d&rsquo;une grande exp\u00e9rience en chirurgie laparoscopique et robotique du foie et du pancr\u00e9as.<\/p>\n<p>Veuillez noter: Le Dr Alden accepte l&rsquo;assurance s&rsquo;il participe \u00e0 votre plan. De plus, si le Dr Alden ne participe pas \u00e0 votre plan d&rsquo;assurance, le cabinet du Dr Alden est souvent en mesure d&rsquo;obtenir une pr\u00e9autorisation de votre plan d&rsquo;assurance en raison de la sp\u00e9cificit\u00e9 de sa sp\u00e9cialit\u00e9. Nous prendrons contact avec votre compagnie d&rsquo;assurance pour comprendre vos avantages et soumettrons \u00e9galement les demandes en votre nom. Vous profiterez du luxe et des avantages de la m\u00e9decine universitaire dans un environnement concierge de premier ordre, sans les tracas des longs temps d&rsquo;attente \u00e0 l&rsquo;h\u00f4pital et des formalit\u00e9s administratives. La plupart des polices remboursent aux patients la plupart des co\u00fbts de la chirurgie. Notre coordinateur chirurgical vous aidera \u00e0 obtenir un devis.<\/p>\n<p><strong>En plus d&rsquo;une consultation en cabinet, le chirurgien du cancer du foie et du pancr\u00e9as \u00e0 New York propose des consultations \u00e0 distance aux patients et aux professionnels de la sant\u00e9 partout dans le monde. Veuillez appeler notre bureau pour plus de d\u00e9tails.<\/strong><\/p>\n<p>Les proc\u00e9dures de chirurgie laparoscopique et robotique sont extr\u00eamement difficiles sur le plan technique et n\u00e9cessitent des efforts physiques importants, une concentration et des capacit\u00e9s mentales pour \u00eatre r\u00e9alis\u00e9es en toute s\u00e9curit\u00e9. La r\u00e9compense est une gu\u00e9rison rapide, un temps d&rsquo;hospitalisation court, un acc\u00e8s plus rapide aux traitements n\u00e9cessaires suppl\u00e9mentaires et un excellent r\u00e9sultat esth\u00e9tique. De telles op\u00e9rations ne laissent pratiquement aucune cicatrice sur l&rsquo;abdomen. Certains affirment que les cicatrices sont sans importance pour le patient trait\u00e9 pour un cancer majeur. Nos chirurgiens pensent diff\u00e9remment.<\/p>\n<blockquote><p>Mon appendice a d\u00e9cid\u00e9 de faire des siennes, alors je me suis retrouv\u00e9 aux urgences de Lenox Hill. Le Dr Alden a r\u00e9alis\u00e9 mon appendicectomie laparoscopique. C&rsquo;\u00e9tait la chirurgie la plus simple qui soit. Douleur post-op\u00e9ratoire minimale, apr\u00e8s un jour j&rsquo;ai bascul\u00e9 vers le Tylenol. Deux jours apr\u00e8s, plus besoin de Tylenol. Cela fait maintenant trois semaines et je ne peux m\u00eame pas dire o\u00f9 sont les perforations. Compl\u00e8tement gu\u00e9ri sans la moindre trace. Le Dr Alden est un chirurgien incroyable.<strong>~ Google<\/strong><\/p><\/blockquote>\n<p>Nous prenons tr\u00e8s au s\u00e9rieux les aspects psychologiques de la chirurgie. Les bons r\u00e9sultats esth\u00e9tiques peuvent ne pas \u00eatre la principale pr\u00e9occupation de nos patients, mais ils sont extr\u00eamement importants pour beaucoup. L&rsquo;absence de grandes cicatrices d\u00e9figurantes am\u00e9liore non seulement l&rsquo;\u00e9tat physique du patient et son statut fonctionnel, mais aussi son bien-\u00eatre mental et sa qualit\u00e9 de vie globale, auxquels de nombreux patients sont sensibles.<\/p>\n<h2>Proc\u00e9dures de Chirurgie du Cancer par Laparoscopie et Robotique R\u00e9alis\u00e9es<\/h2>\n<ol>\n<li>R\u00e9section h\u00e9patique (approche ouverte): h\u00e9patectomie droite\/gauche, lobectomie, r\u00e9sections anatomiques sectorielles et segmentaires, r\u00e9sections non anatomiques<\/li>\n<li>R\u00e9section h\u00e9patique laparoscopique<\/li>\n<li>R\u00e9section h\u00e9patique assist\u00e9e par robot avec le syst\u00e8me da Vinci Robot<\/li>\n<li>R\u00e9section vasculaire et reconstruction des vaisseaux sanguins du foie (veine porte, art\u00e8re h\u00e9patique et veine cave)<\/li>\n<li>Ablation par micro-ondes (MWA) des tumeurs h\u00e9patiques, y compris des proc\u00e9dures mini-invasives guid\u00e9es par \u00e9chographie transcutan\u00e9e et laparoscopique<\/li>\n<li>Implantation d&rsquo;une pompe intra-h\u00e9patique pour la chimioth\u00e9rapie intra-art\u00e9rielle<\/li>\n<li>Reconstruction et r\u00e9paration biliaires, y compris des cas complexes intra-h\u00e9patiques n\u00e9cessitant plusieurs connexions de canaux biliaires<\/li>\n<li>Chirurgie pour corriger l&rsquo;hypertension portale (shunts chirurgicaux porto-cave, m\u00e9so-cave et autres types)<\/li>\n<li>Proc\u00e9dure de Whipple<\/li>\n<li>Pancr\u00e9atectomie distale (actuellement presque exclusivement r\u00e9alis\u00e9e avec le syst\u00e8me da Vinci Robot)<\/li>\n<li>Chirurgie pour la pancr\u00e9atite chronique (proc\u00e9dure de Puestow, proc\u00e9dure de Frey)<\/li>\n<li>Chirurgie laparoscopique pour les pseudokystes pancr\u00e9atiques (presque exclusivement r\u00e9alis\u00e9e de mani\u00e8re laparoscopique ou avec le syst\u00e8me da Vinci Robot)<\/li>\n<li>Autres chirurgies laparoscopiques de la partie sup\u00e9rieure de l&rsquo;abdomen pour les probl\u00e8mes de l&rsquo;estomac, de la rate et de la glande surr\u00e9nale<\/li>\n<li>Chirurgie pour des tumeurs abdominales extr\u00eamement volumineuses (parfois la circulation sanguine extracorporelle ou le pontage veineux sont utilis\u00e9s)<\/li>\n<\/ol>\n<h2>Aper\u00e7u technologique de la Chirurgie du Cancer par Laparoscopie et Robotique<\/h2>\n<p>Les d\u00e9veloppements actuels dans les techniques chirurgicales, l&rsquo;instrumentation et la technologie ont rendu possibles les proc\u00e9dures chirurgicales peu invasives sur le foie, les voies biliaires et le pancr\u00e9as. Ces proc\u00e9dures, bien que rarement propos\u00e9es dans le monde entier, sont couramment r\u00e9alis\u00e9es avec grand succ\u00e8s par le Dr Alden \u00e0 l&rsquo;h\u00f4pital Lenox Hill.<\/p>\n<dl id=\"faq-1\" class=\"flc-faq\"><dt id=\"l11\"><button class=\"card-header collapsed d-block w-100 text-left\" data-toggle=\"collapse\" data-target=\"#t11\" aria-expanded=\"false\" aria-controls=\"t11\"><i class=\"ml-1 fas fa-chevron-down\"><\/i> Qu'est-ce que la Chirurgie Minimalement Invasive?<\/button><\/dt><dd id=\"t11\" class=\"m-0 collapse\" aria-labelledby=\"l11\" aria-expanded=\"false\" data-parent=\"#faq-1\"><div class=\"card-body\"><p>Lorsque les techniques de chirurgie minimalement invasive ont \u00e9t\u00e9 d\u00e9velopp\u00e9es, l'un des principaux objectifs \u00e9tait de pouvoir effectuer des op\u00e9rations \u00e0 l'aide de petites incisions sans compromis sur la qualit\u00e9 et les r\u00e9sultats. Les chirurgiens ont travaill\u00e9 \u00e9troitement avec des ing\u00e9nieurs et l'industrie m\u00e9dicale pour d\u00e9velopper des outils adapt\u00e9s aux proc\u00e9dures chirurgicales minimalement invasives.<br \/>\nLe premier r\u00e9sultat a \u00e9t\u00e9 la laparoscopie, qui a \u00e9t\u00e9 adopt\u00e9e dans le monde entier et est devenue une norme pour de nombreuses proc\u00e9dures chirurgicales aujourd'hui. La prochaine \u00e9tape a \u00e9t\u00e9 la cr\u00e9ation du syst\u00e8me robotique da Vinci, consid\u00e9r\u00e9 par beaucoup comme une merveille moderne de l'innovation chirurgicale. Ces syst\u00e8mes et instruments permettent aux chirurgiens qualifi\u00e9s et comp\u00e9tents d'effectuer des proc\u00e9dures complexes, laissant pratiquement aucune cicatrice.<\/p>\n<\/div><\/dd><dt id=\"l12\"><button class=\"card-header collapsed d-block w-100 text-left\" data-toggle=\"collapse\" data-target=\"#t12\" aria-expanded=\"false\" aria-controls=\"t12\"><i class=\"ml-1 fas fa-chevron-down\"><\/i> Qu'est-ce que la Laparoscopie?<\/button><\/dt><dd id=\"t12\" class=\"m-0 collapse\" aria-labelledby=\"l12\" aria-expanded=\"false\" data-parent=\"#faq-1\"><div class=\"card-body\"><p>La laparoscopie est une technique au cours de laquelle des op\u00e9rations dans l'abdomen sont r\u00e9alis\u00e9es \u00e0 travers de petites incisions (g\u00e9n\u00e9ralement de 0,5 \u00e0 1,5 cm), par opposition aux incisions plus grandes utilis\u00e9es dans la chirurgie classique. Plusieurs petites incisions sont pratiqu\u00e9es dans l'abdomen, et une petite cam\u00e9ra ainsi que des ports avec des instruments chirurgicaux sont introduits \u00e0 travers les incisions dans la cavit\u00e9 abdominale. De plus, du gaz dioxyde de carbone est pomp\u00e9 dans l'abdomen (gonflant essentiellement l'abdomen comme un ballon) pour cr\u00e9er un espace de travail.<br \/>\nPendant la laparoscopie, le chirurgien et ses assistants d\u00e9placent les instruments pour effectuer les changements n\u00e9cessaires \u00e0 l'int\u00e9rieur du corps afin de traiter le probl\u00e8me, en utilisant les images de la cam\u00e9ra pour voir ce qui se passe \u00e0 l'int\u00e9rieur du corps. Les d\u00e9fis de cette technique impliquent une coordination extr\u00eame entre l'\u0153il et la main. Ce syst\u00e8me d\u00e9pend \u00e9galement fortement de la capacit\u00e9 du chirurgien \u00e0 traduire l'image bidimensionnelle du champ chirurgical sur l'\u00e9cran de t\u00e9l\u00e9vision\/moniteur en l'espace tridimensionnel de la chirurgie r\u00e9elle.<\/p>\n<\/div><\/dd><dt id=\"l13\"><button class=\"card-header collapsed d-block w-100 text-left\" data-toggle=\"collapse\" data-target=\"#t13\" aria-expanded=\"false\" aria-controls=\"t13\"><i class=\"ml-1 fas fa-chevron-down\"><\/i> Le Syst\u00e8me Robotique da Vinci<\/button><\/dt><dd id=\"t13\" class=\"m-0 collapse\" aria-labelledby=\"l13\" aria-expanded=\"false\" data-parent=\"#faq-1\"><div class=\"card-body\"><p>La cr\u00e9ation du syst\u00e8me robotique a permis aux chirurgiens de surmonter certains des d\u00e9fis pos\u00e9s par la laparoscopie. La chirurgie commence normalement comme une proc\u00e9dure laparoscopique classique, mais une fois que la cam\u00e9ra et les ports sont ins\u00e9r\u00e9s dans l'abdomen, le robot est \"amarr\u00e9\" au patient. Cela se fait en attachant des bras robotiques avec des instruments aux ports ins\u00e9r\u00e9s dans le patient. Ensuite, le chirurgien s'assoit \u00e0 une console s\u00e9par\u00e9e et d\u00e9place les bras robotiques en manipulant des commandes \u00e0 la console.<br \/>\nLe syst\u00e8me robotique da Vinci r\u00e9sout de nombreux probl\u00e8mes et frustrations couramment rencontr\u00e9s en laparoscopie, tels que l'incapacit\u00e9 de plier les instruments. Les instruments robotiques ont une rotation r\u00e9elle \u00e0 360 degr\u00e9s, permettant une manipulation plus facile des tissus et des sutures beaucoup plus rapides et plus s\u00fbres. Le syst\u00e8me da Vinci utilise \u00e9galement une cam\u00e9ra dot\u00e9e de 2 cam\u00e9ras \u00e0 l'int\u00e9rieur, cr\u00e9ant une vue presque tridimensionnelle pour le chirurgien \u00e0 la console. Cela am\u00e9liore la perception de la profondeur du chirurgien, lui permettant de voir \u00e0 l'int\u00e9rieur de l'abdomen de mani\u00e8re plus pr\u00e9cise, ce qui accro\u00eet la s\u00e9curit\u00e9 du patient.<\/p>\n<\/div><\/dd><dt id=\"l14\"><button class=\"card-header collapsed d-block w-100 text-left\" data-toggle=\"collapse\" data-target=\"#t14\" aria-expanded=\"false\" aria-controls=\"t14\"><i class=\"ml-1 fas fa-chevron-down\"><\/i> Suis-je un candidat pour une chirurgie laparoscopique ou robotique du foie ou du pancr\u00e9as?<\/button><\/dt><dd id=\"t14\" class=\"m-0 collapse\" aria-labelledby=\"l14\" aria-expanded=\"false\" data-parent=\"#faq-1\"><div class=\"card-body\"><p>Beaucoup des proc\u00e9dures courantes sur le foie et le pancr\u00e9as peuvent \u00eatre r\u00e9alis\u00e9es dans notre centre \u00e0 l'aide de techniques laparoscopiques ou robotiques. En fait, la grande majorit\u00e9 de nos chirurgies sont effectu\u00e9es en utilisant une approche minimalement invasive. Il est possible que m\u00eame si on vous a dit ailleurs que la chirurgie minimalement invasive n'est pas possible, nous puissions encore vous offrir cette option en raison de notre vaste exp\u00e9rience dans le domaine.<br \/>\nMalheureusement, tout le monde ne peut pas \u00eatre op\u00e9r\u00e9 de cette mani\u00e8re. La d\u00e9cision est bas\u00e9e sur de nombreux facteurs, et l'ensemble du processus de prise de d\u00e9cision ne peut pas \u00eatre pr\u00e9sent\u00e9 dans un court article. Les aspects d'un cas qui joueraient un r\u00f4le majeur dans la d\u00e9cision de savoir si un patient est un candidat pour une chirurgie laparoscopique ou robotique comprennent la taille de la tumeur (ou des tumeurs), son emplacement, sa proximit\u00e9 avec de gros vaisseaux sanguins, l'\u00e9tat m\u00e9dical g\u00e9n\u00e9ral du patient et la capacit\u00e9 \u00e0 tol\u00e9rer l'expansion de l'abdomen avec de l'air pendant une p\u00e9riode prolong\u00e9e.<br \/>\nVeuillez contacter notre bureau \u00e0 New York pour une \u00e9valuation d\u00e9taill\u00e9e de votre cas.<\/p>\n<\/div><\/dd><\/dl>\n<p>Pour plus d&rsquo;informations concernant la chirurgie laparoscopique et robotique ou pour planifier une consultation avec le chirurgien oncologique laparoscopique et robotique, n&rsquo;h\u00e9sitez pas \u00e0 contacter le chirurgien oncologique du foie, du pancr\u00e9as et des voies biliaires \u00e0 New York, Dmitri Alden, MD, FACS, d\u00e8s aujourd&rsquo;hui en appelant son bureau de New York au <a href=\"tel:2124346216\" class=\"phone_anchor \" aria-label=\"Appelez-nous (212) 434-6216\" dir=\"ltr\"> (212) 434-6216<\/a> ou en nous <a href=\"https:\/\/liversurgeryny.com\/fr\/contactez-nous\/\">contactant en ligne<\/a>.<\/p>\n","protected":false},"excerpt":{"rendered":"<p>La chirurgie laparoscopique et robotique du foie et du pancr\u00e9as est un domaine nouveau et \u00e9mergent. Les chirurgiens doivent non seulement avoir une exp\u00e9rience approfondie des op\u00e9rations traditionnelles sur le foie et le pancr\u00e9as, mais aussi une formation et une exp\u00e9rience distinctes en laparoscopie et en robotique. Le Dr Dmitri Alden b\u00e9n\u00e9ficie d&rsquo;une formation approfondie&hellip; <a href=\"https:\/\/liversurgeryny.com\/fr\/meilleur-chirurgien-du-foie-et-des-voies-biliaires-a-new-york\/chirurgie-du-cancer-par-laparoscopie-et-robotique-chirurgien-du-foie-et-du-pancreas-a-new-york\/\" class=\"btn btn-outline-primary  more-link d-none\">Continuer la lecture<\/a><\/p>\n","protected":false},"author":1,"featured_media":0,"parent":2587,"menu_order":0,"comment_status":"closed","ping_status":"closed","template":"","meta":{"_acf_changed":false,"footnotes":""},"class_list":["post-2601","page","type-page","status-publish"],"acf":[],"yoast_head":"<!-- This site is optimized with the Yoast SEO plugin v27.4 - https:\/\/yoast.com\/product\/yoast-seo-wordpress\/ -->\n<title>Chirurgie du Cancer du Foie et du Pancr\u00e9as par Laparoscopie et Robotique \u00e0 New York | Dr. Dmitri Alden, Chirurgien Oncologique<\/title>\n<meta name=\"description\" content=\"Explorez les options de pointe en chirurgie laparoscopique et robotique du foie et du pancr\u00e9as avec le Dr. Dmitri Alden, l&#039;un des meilleurs chirurgiens oncologiques de New York. B\u00e9n\u00e9ficiez de soins sp\u00e9cialis\u00e9s, d&#039;une r\u00e9cup\u00e9ration rapide et de r\u00e9sultats esth\u00e9tiques exceptionnels. Contactez-nous pour une consultation avec le Dr. Alden, expert en chirurgie du cancer h\u00e9patobiliaire.\" \/>\n<meta name=\"robots\" content=\"index, follow, max-snippet:-1, max-image-preview:large, max-video-preview:-1\" \/>\n<link rel=\"canonical\" href=\"https:\/\/liversurgeryny.com\/fr\/meilleur-chirurgien-du-foie-et-des-voies-biliaires-a-new-york\/chirurgie-du-cancer-par-laparoscopie-et-robotique-chirurgien-du-foie-et-du-pancreas-a-new-york\/\" \/>\n<meta property=\"og:locale\" content=\"fr_FR\" \/>\n<meta property=\"og:type\" content=\"article\" \/>\n<meta property=\"og:title\" content=\"Chirurgie du Cancer du Foie et du Pancr\u00e9as par Laparoscopie et Robotique \u00e0 New York | Dr. Dmitri Alden, Chirurgien Oncologique\" \/>\n<meta property=\"og:description\" content=\"Explorez les options de pointe en chirurgie laparoscopique et robotique du foie et du pancr\u00e9as avec le Dr. Dmitri Alden, l&#039;un des meilleurs chirurgiens oncologiques de New York. B\u00e9n\u00e9ficiez de soins sp\u00e9cialis\u00e9s, d&#039;une r\u00e9cup\u00e9ration rapide et de r\u00e9sultats esth\u00e9tiques exceptionnels. Contactez-nous pour une consultation avec le Dr. Alden, expert en chirurgie du cancer h\u00e9patobiliaire.\" \/>\n<meta property=\"og:url\" content=\"https:\/\/liversurgeryny.com\/fr\/meilleur-chirurgien-du-foie-et-des-voies-biliaires-a-new-york\/chirurgie-du-cancer-par-laparoscopie-et-robotique-chirurgien-du-foie-et-du-pancreas-a-new-york\/\" \/>\n<meta property=\"og:site_name\" content=\"Dmitri Alden, MD, FACS\" \/>\n<meta property=\"article:modified_time\" content=\"2024-01-22T14:07:37+00:00\" \/>\n<meta property=\"og:image\" content=\"https:\/\/liversurgeryny.com\/wp-content\/uploads\/2022\/09\/background-2.jpg\" \/>\n<meta name=\"twitter:card\" content=\"summary_large_image\" \/>\n<meta name=\"twitter:image\" content=\"https:\/\/liversurgeryny.com\/wp-content\/uploads\/2022\/09\/background-2.jpg\" \/>\n<meta name=\"twitter:label1\" content=\"Dur\u00e9e de lecture estim\u00e9e\" \/>\n\t<meta name=\"twitter:data1\" content=\"4 minutes\" \/>\n<!-- \/ Yoast SEO plugin. -->","yoast_head_json":{"title":"Chirurgie du Cancer du Foie et du Pancr\u00e9as par Laparoscopie et Robotique \u00e0 New York | Dr. Dmitri Alden, Chirurgien Oncologique","description":"Explorez les options de pointe en chirurgie laparoscopique et robotique du foie et du pancr\u00e9as avec le Dr. Dmitri Alden, l'un des meilleurs chirurgiens oncologiques de New York. B\u00e9n\u00e9ficiez de soins sp\u00e9cialis\u00e9s, d'une r\u00e9cup\u00e9ration rapide et de r\u00e9sultats esth\u00e9tiques exceptionnels. Contactez-nous pour une consultation avec le Dr. Alden, expert en chirurgie du cancer h\u00e9patobiliaire.","robots":{"index":"index","follow":"follow","max-snippet":"max-snippet:-1","max-image-preview":"max-image-preview:large","max-video-preview":"max-video-preview:-1"},"canonical":"https:\/\/liversurgeryny.com\/fr\/meilleur-chirurgien-du-foie-et-des-voies-biliaires-a-new-york\/chirurgie-du-cancer-par-laparoscopie-et-robotique-chirurgien-du-foie-et-du-pancreas-a-new-york\/","og_locale":"fr_FR","og_type":"article","og_title":"Chirurgie du Cancer du Foie et du Pancr\u00e9as par Laparoscopie et Robotique \u00e0 New York | Dr. Dmitri Alden, Chirurgien Oncologique","og_description":"Explorez les options de pointe en chirurgie laparoscopique et robotique du foie et du pancr\u00e9as avec le Dr. Dmitri Alden, l'un des meilleurs chirurgiens oncologiques de New York. B\u00e9n\u00e9ficiez de soins sp\u00e9cialis\u00e9s, d'une r\u00e9cup\u00e9ration rapide et de r\u00e9sultats esth\u00e9tiques exceptionnels. Contactez-nous pour une consultation avec le Dr. Alden, expert en chirurgie du cancer h\u00e9patobiliaire.","og_url":"https:\/\/liversurgeryny.com\/fr\/meilleur-chirurgien-du-foie-et-des-voies-biliaires-a-new-york\/chirurgie-du-cancer-par-laparoscopie-et-robotique-chirurgien-du-foie-et-du-pancreas-a-new-york\/","og_site_name":"Dmitri Alden, MD, FACS","article_modified_time":"2024-01-22T14:07:37+00:00","og_image":[{"url":"https:\/\/liversurgeryny.com\/wp-content\/uploads\/2022\/09\/background-2.jpg","type":"","width":"","height":""}],"twitter_card":"summary_large_image","twitter_image":"https:\/\/liversurgeryny.com\/wp-content\/uploads\/2022\/09\/background-2.jpg","twitter_misc":{"Dur\u00e9e de lecture estim\u00e9e":"4 minutes"},"schema":{"@context":"https:\/\/schema.org","@graph":[{"@type":"WebPage","@id":"https:\/\/liversurgeryny.com\/fr\/meilleur-chirurgien-du-foie-et-des-voies-biliaires-a-new-york\/chirurgie-du-cancer-par-laparoscopie-et-robotique-chirurgien-du-foie-et-du-pancreas-a-new-york\/","url":"https:\/\/liversurgeryny.com\/fr\/meilleur-chirurgien-du-foie-et-des-voies-biliaires-a-new-york\/chirurgie-du-cancer-par-laparoscopie-et-robotique-chirurgien-du-foie-et-du-pancreas-a-new-york\/","name":"Chirurgie du Cancer du Foie et du Pancr\u00e9as par Laparoscopie et Robotique \u00e0 New York | Dr. Dmitri Alden, Chirurgien Oncologique","isPartOf":{"@id":"https:\/\/liversurgeryny.com\/#website"},"datePublished":"2022-08-14T21:52:56+00:00","dateModified":"2024-01-22T14:07:37+00:00","description":"Explorez les options de pointe en chirurgie laparoscopique et robotique du foie et du pancr\u00e9as avec le Dr. Dmitri Alden, l'un des meilleurs chirurgiens oncologiques de New York. B\u00e9n\u00e9ficiez de soins sp\u00e9cialis\u00e9s, d'une r\u00e9cup\u00e9ration rapide et de r\u00e9sultats esth\u00e9tiques exceptionnels. Contactez-nous pour une consultation avec le Dr. Alden, expert en chirurgie du cancer h\u00e9patobiliaire.","breadcrumb":{"@id":"https:\/\/liversurgeryny.com\/fr\/meilleur-chirurgien-du-foie-et-des-voies-biliaires-a-new-york\/chirurgie-du-cancer-par-laparoscopie-et-robotique-chirurgien-du-foie-et-du-pancreas-a-new-york\/#breadcrumb"},"inLanguage":"fr-FR","potentialAction":[{"@type":"ReadAction","target":["https:\/\/liversurgeryny.com\/fr\/meilleur-chirurgien-du-foie-et-des-voies-biliaires-a-new-york\/chirurgie-du-cancer-par-laparoscopie-et-robotique-chirurgien-du-foie-et-du-pancreas-a-new-york\/"]}]},{"@type":"BreadcrumbList","@id":"https:\/\/liversurgeryny.com\/fr\/meilleur-chirurgien-du-foie-et-des-voies-biliaires-a-new-york\/chirurgie-du-cancer-par-laparoscopie-et-robotique-chirurgien-du-foie-et-du-pancreas-a-new-york\/#breadcrumb","itemListElement":[{"@type":"ListItem","position":1,"name":"Home","item":"https:\/\/liversurgeryny.com\/fr\/"},{"@type":"ListItem","position":2,"name":"Meilleur Chirurgien du Foie et des Voies Biliaires \u00e0 New York","item":"https:\/\/liversurgeryny.com\/fr\/meilleur-chirurgien-du-foie-et-des-voies-biliaires-a-new-york\/"},{"@type":"ListItem","position":3,"name":"Chirurgie du Cancer par Laparoscopie et Robotique: Chirurgien du Foie et du Pancr\u00e9as \u00e0 New York"}]},{"@type":"WebSite","@id":"https:\/\/liversurgeryny.com\/#website","url":"https:\/\/liversurgeryny.com\/","name":"Dmitri Alden, MD, FACS","description":"","potentialAction":[{"@type":"SearchAction","target":{"@type":"EntryPoint","urlTemplate":"https:\/\/liversurgeryny.com\/?s={search_term_string}"},"query-input":{"@type":"PropertyValueSpecification","valueRequired":true,"valueName":"search_term_string"}}],"inLanguage":"fr-FR"}]}},"_links":{"self":[{"href":"https:\/\/liversurgeryny.com\/fr\/wp-json\/wp\/v2\/pages\/2601","targetHints":{"allow":["GET"]}}],"collection":[{"href":"https:\/\/liversurgeryny.com\/fr\/wp-json\/wp\/v2\/pages"}],"about":[{"href":"https:\/\/liversurgeryny.com\/fr\/wp-json\/wp\/v2\/types\/page"}],"author":[{"embeddable":true,"href":"https:\/\/liversurgeryny.com\/fr\/wp-json\/wp\/v2\/users\/1"}],"replies":[{"embeddable":true,"href":"https:\/\/liversurgeryny.com\/fr\/wp-json\/wp\/v2\/comments?post=2601"}],"version-history":[{"count":5,"href":"https:\/\/liversurgeryny.com\/fr\/wp-json\/wp\/v2\/pages\/2601\/revisions"}],"predecessor-version":[{"id":2702,"href":"https:\/\/liversurgeryny.com\/fr\/wp-json\/wp\/v2\/pages\/2601\/revisions\/2702"}],"up":[{"embeddable":true,"href":"https:\/\/liversurgeryny.com\/fr\/wp-json\/wp\/v2\/pages\/2587"}],"wp:attachment":[{"href":"https:\/\/liversurgeryny.com\/fr\/wp-json\/wp\/v2\/media?parent=2601"}],"curies":[{"name":"wp","href":"https:\/\/api.w.org\/{rel}","templated":true}]}}