{"id":2598,"date":"2022-08-15T16:36:59","date_gmt":"2022-08-15T21:36:59","guid":{"rendered":"https:\/\/liversurgeryny.com\/?page_id=2598"},"modified":"2024-01-22T09:03:41","modified_gmt":"2024-01-22T14:03:41","slug":"traitement-du-cancer-de-la-vesicule-biliaire","status":"publish","type":"page","link":"https:\/\/liversurgeryny.com\/fr\/meilleur-chirurgien-du-foie-et-des-voies-biliaires-a-new-york\/traitement-du-cancer-de-la-vesicule-biliaire\/","title":{"rendered":"Traitement du Cancer de la V\u00e9sicule Biliaire"},"content":{"rendered":"<p>La v\u00e9sicule biliaire est un petit organe pr\u00e8s de l&rsquo;estomac utilis\u00e9 pour stocker la bile. Le cancer de la v\u00e9sicule biliaire est rare, mais lorsqu&rsquo;il survient, un traitement aux premiers stades offre la meilleure chance de gu\u00e9rison. Conna\u00eetre les sympt\u00f4mes et les facteurs de risque peut aider \u00e0 d\u00e9tecter cette maladie t\u00f4t pour optimiser le r\u00e9sultat pour le patient. Le Dr Dmitri Alden est <a href=\"https:\/\/liversurgeryny.com\/fr\/meilleur-chirurgien-du-foie-et-des-voies-biliaires-a-new-york\/\">l&rsquo;un des meilleurs chirurgiens oncologiques<\/a> de New York qui propose un traitement du cancer de la v\u00e9sicule biliaire.<\/p>\n<h2>Causes et Sympt\u00f4mes du Cancer de la V\u00e9sicule Biliaire<\/h2>\n<p>Bien qu&rsquo;il n&rsquo;y ait pas de cause claire du cancer de la v\u00e9sicule biliaire, des facteurs de risque existent. Les femmes ont plus de chances que les hommes de d\u00e9velopper ce type de cancer, et il est plus fr\u00e9quent chez les personnes \u00e2g\u00e9es. D&rsquo;autres risques comprennent des ant\u00e9c\u00e9dents de calculs biliaires et d&rsquo;autres maladies de la v\u00e9sicule biliaire. L&rsquo;inflammation ou les blocages des voies biliaires peuvent \u00e9galement augmenter le risque de cancer de la v\u00e9sicule biliaire.<\/p>\n<p>La plupart des personnes n&rsquo;ont pas de sympt\u00f4mes du cancer de la v\u00e9sicule biliaire avant les stades avanc\u00e9s. Cependant, certains sympt\u00f4mes peuvent alerter les patients sur la possibilit\u00e9 de la maladie, notamment:<\/p>\n<ul>\n<li>Douleur dans la partie sup\u00e9rieure droite de l&rsquo;abdomen<\/li>\n<li>Perte de poids inattendue<\/li>\n<li>Ballonnements ou enflure de l&rsquo;abdomen<\/li>\n<li>Jauneur de la peau ou des yeux (ict\u00e8re)<\/li>\n<\/ul>\n<p>Le diagnostic du cancer de la v\u00e9sicule biliaire peut \u00eatre \u00e9tabli par des analyses sanguines de la fonction h\u00e9patique et des outils d&rsquo;imagerie avanc\u00e9s pour d\u00e9tecter des masses ou des anomalies dans l&rsquo;organe. Si le cancer de la v\u00e9sicule biliaire est d\u00e9tect\u00e9, des techniques de diagnostic sont utilis\u00e9es pour d\u00e9terminer le stade et le traitement. Les stades vont de un \u00e0 quatre, le stade un \u00e9tant le plus pr\u00e9coce et le stade quatre \u00e9tant le plus avanc\u00e9.<\/p>\n<p>La chirurgie de retrait de la v\u00e9sicule biliaire, ou chol\u00e9cystectomie, est utilis\u00e9e \u00e0 tous les stades du cancer de la v\u00e9sicule biliaire, mais d&rsquo;autres traitements peuvent \u00eatre n\u00e9cessaires aux stades ult\u00e9rieurs. Une chirurgie de r\u00e9section du foie peut \u00eatre n\u00e9cessaire si le cancer s&rsquo;est propag\u00e9, ainsi que la chimioth\u00e9rapie, la radioth\u00e9rapie, la th\u00e9rapie m\u00e9dicamenteuse ou l&rsquo;immunoth\u00e9rapie. Le pronostic pour le cancer de la v\u00e9sicule biliaire est favorable lorsqu&rsquo;il est d\u00e9tect\u00e9 aux premiers stades et que le traitement est commenc\u00e9 imm\u00e9diatement.<\/p>\n<p>Si vous pr\u00e9sentez des sympt\u00f4mes de cancer de la v\u00e9sicule biliaire ou si vous avez d\u00e9j\u00e0 re\u00e7u un diagnostic, <a href=\"https:\/\/liversurgeryny.com\/fr\/contactez-nous\/\">contactez le cabinet du Dr Dmitri Alden<\/a> \u00e0 New York. Le Dr Alden est un chirurgien oncologique hautement respect\u00e9 et sp\u00e9cialiste du cancer de la v\u00e9sicule biliaire qui propose des options avanc\u00e9es dans le traitement du cancer de la v\u00e9sicule biliaire.<\/p>\n","protected":false},"excerpt":{"rendered":"<p>La v\u00e9sicule biliaire est un petit organe pr\u00e8s de l&rsquo;estomac utilis\u00e9 pour stocker la bile. Le cancer de la v\u00e9sicule biliaire est rare, mais lorsqu&rsquo;il survient, un traitement aux premiers stades offre la meilleure chance de gu\u00e9rison. Conna\u00eetre les sympt\u00f4mes et les facteurs de risque peut aider \u00e0 d\u00e9tecter cette maladie t\u00f4t pour optimiser le&hellip; <a href=\"https:\/\/liversurgeryny.com\/fr\/meilleur-chirurgien-du-foie-et-des-voies-biliaires-a-new-york\/traitement-du-cancer-de-la-vesicule-biliaire\/\" class=\"btn btn-outline-primary  more-link d-none\">Continuer la lecture<\/a><\/p>\n","protected":false},"author":1,"featured_media":0,"parent":2587,"menu_order":0,"comment_status":"closed","ping_status":"closed","template":"","meta":{"_acf_changed":false,"footnotes":""},"class_list":["post-2598","page","type-page","status-publish"],"acf":[],"yoast_head":"<!-- This site is optimized with the Yoast SEO plugin v27.4 - https:\/\/yoast.com\/product\/yoast-seo-wordpress\/ -->\n<title>Traitement du Cancer de la V\u00e9sicule Biliaire par le Dr. Dmitri Alden \u00e0 New York | Chirurgien Oncologique<\/title>\n<meta name=\"description\" content=\"D\u00e9couvrez les options avanc\u00e9es de traitement du cancer de la v\u00e9sicule biliaire avec le Dr. Dmitri Alden, chirurgien oncologique de renom \u00e0 New York. Obtenez des soins sp\u00e9cialis\u00e9s d\u00e8s les premiers sympt\u00f4mes, avec des solutions personnalis\u00e9es pour des r\u00e9sultats optimaux. Contactez-nous pour une consultation avec le Dr. Alden, leader en oncologie h\u00e9patobiliaire.\" \/>\n<meta name=\"robots\" content=\"index, follow, max-snippet:-1, max-image-preview:large, max-video-preview:-1\" \/>\n<link rel=\"canonical\" href=\"https:\/\/liversurgeryny.com\/fr\/meilleur-chirurgien-du-foie-et-des-voies-biliaires-a-new-york\/traitement-du-cancer-de-la-vesicule-biliaire\/\" \/>\n<meta property=\"og:locale\" content=\"fr_FR\" \/>\n<meta property=\"og:type\" content=\"article\" \/>\n<meta property=\"og:title\" content=\"Traitement du Cancer de la V\u00e9sicule Biliaire par le Dr. Dmitri Alden \u00e0 New York | Chirurgien Oncologique\" \/>\n<meta property=\"og:description\" content=\"D\u00e9couvrez les options avanc\u00e9es de traitement du cancer de la v\u00e9sicule biliaire avec le Dr. Dmitri Alden, chirurgien oncologique de renom \u00e0 New York. Obtenez des soins sp\u00e9cialis\u00e9s d\u00e8s les premiers sympt\u00f4mes, avec des solutions personnalis\u00e9es pour des r\u00e9sultats optimaux. Contactez-nous pour une consultation avec le Dr. Alden, leader en oncologie h\u00e9patobiliaire.\" \/>\n<meta property=\"og:url\" content=\"https:\/\/liversurgeryny.com\/fr\/meilleur-chirurgien-du-foie-et-des-voies-biliaires-a-new-york\/traitement-du-cancer-de-la-vesicule-biliaire\/\" \/>\n<meta property=\"og:site_name\" content=\"Dmitri Alden, MD, FACS\" \/>\n<meta property=\"article:modified_time\" content=\"2024-01-22T14:03:41+00:00\" \/>\n<meta property=\"og:image\" content=\"https:\/\/liversurgeryny.com\/wp-content\/uploads\/2022\/09\/background-2.jpg\" \/>\n<meta name=\"twitter:card\" content=\"summary_large_image\" \/>\n<meta name=\"twitter:image\" content=\"https:\/\/liversurgeryny.com\/wp-content\/uploads\/2022\/09\/background-2.jpg\" \/>\n<meta name=\"twitter:label1\" content=\"Dur\u00e9e de lecture estim\u00e9e\" \/>\n\t<meta name=\"twitter:data1\" content=\"2 minutes\" \/>\n<!-- \/ Yoast SEO plugin. -->","yoast_head_json":{"title":"Traitement du Cancer de la V\u00e9sicule Biliaire par le Dr. Dmitri Alden \u00e0 New York | Chirurgien Oncologique","description":"D\u00e9couvrez les options avanc\u00e9es de traitement du cancer de la v\u00e9sicule biliaire avec le Dr. Dmitri Alden, chirurgien oncologique de renom \u00e0 New York. Obtenez des soins sp\u00e9cialis\u00e9s d\u00e8s les premiers sympt\u00f4mes, avec des solutions personnalis\u00e9es pour des r\u00e9sultats optimaux. Contactez-nous pour une consultation avec le Dr. Alden, leader en oncologie h\u00e9patobiliaire.","robots":{"index":"index","follow":"follow","max-snippet":"max-snippet:-1","max-image-preview":"max-image-preview:large","max-video-preview":"max-video-preview:-1"},"canonical":"https:\/\/liversurgeryny.com\/fr\/meilleur-chirurgien-du-foie-et-des-voies-biliaires-a-new-york\/traitement-du-cancer-de-la-vesicule-biliaire\/","og_locale":"fr_FR","og_type":"article","og_title":"Traitement du Cancer de la V\u00e9sicule Biliaire par le Dr. Dmitri Alden \u00e0 New York | Chirurgien Oncologique","og_description":"D\u00e9couvrez les options avanc\u00e9es de traitement du cancer de la v\u00e9sicule biliaire avec le Dr. Dmitri Alden, chirurgien oncologique de renom \u00e0 New York. Obtenez des soins sp\u00e9cialis\u00e9s d\u00e8s les premiers sympt\u00f4mes, avec des solutions personnalis\u00e9es pour des r\u00e9sultats optimaux. Contactez-nous pour une consultation avec le Dr. Alden, leader en oncologie h\u00e9patobiliaire.","og_url":"https:\/\/liversurgeryny.com\/fr\/meilleur-chirurgien-du-foie-et-des-voies-biliaires-a-new-york\/traitement-du-cancer-de-la-vesicule-biliaire\/","og_site_name":"Dmitri Alden, MD, FACS","article_modified_time":"2024-01-22T14:03:41+00:00","og_image":[{"url":"https:\/\/liversurgeryny.com\/wp-content\/uploads\/2022\/09\/background-2.jpg","type":"","width":"","height":""}],"twitter_card":"summary_large_image","twitter_image":"https:\/\/liversurgeryny.com\/wp-content\/uploads\/2022\/09\/background-2.jpg","twitter_misc":{"Dur\u00e9e de lecture estim\u00e9e":"2 minutes"},"schema":{"@context":"https:\/\/schema.org","@graph":[{"@type":"WebPage","@id":"https:\/\/liversurgeryny.com\/fr\/meilleur-chirurgien-du-foie-et-des-voies-biliaires-a-new-york\/traitement-du-cancer-de-la-vesicule-biliaire\/","url":"https:\/\/liversurgeryny.com\/fr\/meilleur-chirurgien-du-foie-et-des-voies-biliaires-a-new-york\/traitement-du-cancer-de-la-vesicule-biliaire\/","name":"Traitement du Cancer de la V\u00e9sicule Biliaire par le Dr. Dmitri Alden \u00e0 New York | Chirurgien Oncologique","isPartOf":{"@id":"https:\/\/liversurgeryny.com\/#website"},"datePublished":"2022-08-15T21:36:59+00:00","dateModified":"2024-01-22T14:03:41+00:00","description":"D\u00e9couvrez les options avanc\u00e9es de traitement du cancer de la v\u00e9sicule biliaire avec le Dr. Dmitri Alden, chirurgien oncologique de renom \u00e0 New York. Obtenez des soins sp\u00e9cialis\u00e9s d\u00e8s les premiers sympt\u00f4mes, avec des solutions personnalis\u00e9es pour des r\u00e9sultats optimaux. Contactez-nous pour une consultation avec le Dr. Alden, leader en oncologie h\u00e9patobiliaire.","breadcrumb":{"@id":"https:\/\/liversurgeryny.com\/fr\/meilleur-chirurgien-du-foie-et-des-voies-biliaires-a-new-york\/traitement-du-cancer-de-la-vesicule-biliaire\/#breadcrumb"},"inLanguage":"fr-FR","potentialAction":[{"@type":"ReadAction","target":["https:\/\/liversurgeryny.com\/fr\/meilleur-chirurgien-du-foie-et-des-voies-biliaires-a-new-york\/traitement-du-cancer-de-la-vesicule-biliaire\/"]}]},{"@type":"BreadcrumbList","@id":"https:\/\/liversurgeryny.com\/fr\/meilleur-chirurgien-du-foie-et-des-voies-biliaires-a-new-york\/traitement-du-cancer-de-la-vesicule-biliaire\/#breadcrumb","itemListElement":[{"@type":"ListItem","position":1,"name":"Home","item":"https:\/\/liversurgeryny.com\/fr\/"},{"@type":"ListItem","position":2,"name":"Meilleur Chirurgien du Foie et des Voies Biliaires \u00e0 New York","item":"https:\/\/liversurgeryny.com\/fr\/meilleur-chirurgien-du-foie-et-des-voies-biliaires-a-new-york\/"},{"@type":"ListItem","position":3,"name":"Traitement du Cancer de la V\u00e9sicule Biliaire"}]},{"@type":"WebSite","@id":"https:\/\/liversurgeryny.com\/#website","url":"https:\/\/liversurgeryny.com\/","name":"Dmitri Alden, MD, FACS","description":"","potentialAction":[{"@type":"SearchAction","target":{"@type":"EntryPoint","urlTemplate":"https:\/\/liversurgeryny.com\/?s={search_term_string}"},"query-input":{"@type":"PropertyValueSpecification","valueRequired":true,"valueName":"search_term_string"}}],"inLanguage":"fr-FR"}]}},"_links":{"self":[{"href":"https:\/\/liversurgeryny.com\/fr\/wp-json\/wp\/v2\/pages\/2598","targetHints":{"allow":["GET"]}}],"collection":[{"href":"https:\/\/liversurgeryny.com\/fr\/wp-json\/wp\/v2\/pages"}],"about":[{"href":"https:\/\/liversurgeryny.com\/fr\/wp-json\/wp\/v2\/types\/page"}],"author":[{"embeddable":true,"href":"https:\/\/liversurgeryny.com\/fr\/wp-json\/wp\/v2\/users\/1"}],"replies":[{"embeddable":true,"href":"https:\/\/liversurgeryny.com\/fr\/wp-json\/wp\/v2\/comments?post=2598"}],"version-history":[{"count":3,"href":"https:\/\/liversurgeryny.com\/fr\/wp-json\/wp\/v2\/pages\/2598\/revisions"}],"predecessor-version":[{"id":2700,"href":"https:\/\/liversurgeryny.com\/fr\/wp-json\/wp\/v2\/pages\/2598\/revisions\/2700"}],"up":[{"embeddable":true,"href":"https:\/\/liversurgeryny.com\/fr\/wp-json\/wp\/v2\/pages\/2587"}],"wp:attachment":[{"href":"https:\/\/liversurgeryny.com\/fr\/wp-json\/wp\/v2\/media?parent=2598"}],"curies":[{"name":"wp","href":"https:\/\/api.w.org\/{rel}","templated":true}]}}