{"id":2594,"date":"2022-08-15T16:09:00","date_gmt":"2022-08-15T21:09:00","guid":{"rendered":"https:\/\/liversurgeryny.com\/?page_id=2594"},"modified":"2024-01-22T08:56:09","modified_gmt":"2024-01-22T13:56:09","slug":"resection-hepatique-robotique-da-vinci-xi","status":"publish","type":"page","link":"https:\/\/liversurgeryny.com\/fr\/meilleur-chirurgien-du-foie-et-des-voies-biliaires-a-new-york\/resection-hepatique-robotique-da-vinci-xi\/","title":{"rendered":"R\u00e9section h\u00e9patique robotique Da Vinci Xi\u2122"},"content":{"rendered":"<p>La technologie m\u00e9dicale a am\u00e9lior\u00e9 la s\u00e9curit\u00e9 et l&rsquo;efficacit\u00e9 de nombreuses proc\u00e9dures chirurgicales. L&rsquo;une des avanc\u00e9es chirurgicales les plus incroyables de ces derni\u00e8res d\u00e9cennies est l&rsquo;utilisation accrue de proc\u00e9dures assist\u00e9es par robot. Le syst\u00e8me robotique Da Vinci est utilis\u00e9 dans une grande vari\u00e9t\u00e9 de proc\u00e9dures chirurgicales g\u00e9n\u00e9rales et sp\u00e9cialis\u00e9es avec un succ\u00e8s sans pr\u00e9c\u00e9dent. Le Dr Dmitri Alden est un <a href=\"https:\/\/liversurgeryny.com\/fr\/meilleur-chirurgien-du-foie-et-des-voies-biliaires-a-new-york\/\">\u00e9minent chirurgien oncologique<\/a> qui propose la chirurgie de r\u00e9section h\u00e9patique robotique Da Vinci Xi\u2122 au sein de son cabinet \u00e0 New York Surgery.<\/p>\n<p>Le Da Vinci Xi est un syst\u00e8me robotique tr\u00e8s avanc\u00e9 qui am\u00e9liore la pr\u00e9cision et la s\u00e9curit\u00e9 lors de chirurgies complexes telles que la r\u00e9section h\u00e9patique. Le syst\u00e8me robotique Da Vinci est compos\u00e9 de trois parties: la console du chirurgien, le chariot du patient et le chariot de vision. Lorsque le Dr Alden r\u00e9alise une r\u00e9section h\u00e9patique robotique, il contr\u00f4le les bras robotiques depuis la console du chirurgien. Il dispose de vues anatomiques en haute d\u00e9finition en 3D du patient pendant la chirurgie. Les instruments sur les bras robotiques r\u00e9pondent \u00e0 ses commandes comme des mains humaines, mais avec une pr\u00e9cision et une amplitude de mouvement sup\u00e9rieures \u00e0 ce que la main humaine peut accomplir. Le chariot du patient et le chariot de vision travaillent en temps r\u00e9el pour fournir des instruments et faciliter la communication pendant la proc\u00e9dure.<\/p>\n<h2>Avantages de la chirurgie h\u00e9patique robotique<\/h2>\n<p>La chirurgie de r\u00e9section h\u00e9patique robotique Da Vinci Xi peut \u00eatre utilis\u00e9e dans de nombreux cas o\u00f9 des tumeurs h\u00e9patiques doivent \u00eatre retir\u00e9es. La proc\u00e9dure est moins invasive que la chirurgie ouverte et offre une option s\u00fbre et efficace pour le traitement du cancer du foie. Certains avantages de l&rsquo;utilisation de la technologie du syst\u00e8me Da Vinci Xi pour la r\u00e9section h\u00e9patique incluent :<\/p>\n<ul>\n<li><strong>Incidences plus petites<\/strong> &#8211; Au lieu d&rsquo;une grande incision pour acc\u00e9der au foie, plusieurs petites incisions sont utilis\u00e9es pour permettre aux petits instruments robotiques d&rsquo;effectuer la r\u00e9section. Cela r\u00e9duit les traumatismes sur les tissus environnants et diminue le risque de hernies.<\/li>\n<li><strong>Complications r\u00e9duites<\/strong> &#8211; La nature peu invasive de la chirurgie robotique diminue la perte de sang (les transfusions sanguines sont rarement n\u00e9cessaires) et le risque d&rsquo;infection par rapport \u00e0 la chirurgie ouverte.<\/li>\n<li><strong>R\u00e9cup\u00e9ration plus rapide avec moins de douleur<\/strong> &#8211; Les patients peuvent r\u00e9cup\u00e9rer plus rapidement de la chirurgie de r\u00e9section h\u00e9patique robotique, r\u00e9duisant le temps pass\u00e9 \u00e0 l&rsquo;h\u00f4pital. La douleur est \u00e9galement nettement r\u00e9duite en raison des traumatismes moindres sur les muscles et les tissus de l&rsquo;abdomen.<\/li>\n<\/ul>\n<p>Bien que le Da Vinci Xi ne puisse pas \u00eatre utilis\u00e9 dans toutes les r\u00e9sections h\u00e9patiques ou h\u00e9patectomies, lorsqu&rsquo;il est possible, c&rsquo;est une excellente option. Le Dr Dmitri Alden est un leader dans l&rsquo;utilisation de techniques chirurgicales assist\u00e9es par robot pour am\u00e9liorer les r\u00e9sultats pour ses patients. Si vous souhaitez en savoir plus sur les options de chirurgie h\u00e9patique disponibles avec l&rsquo;un des meilleurs sp\u00e9cialistes et chirurgiens h\u00e9patiques du pays, <a href=\"https:\/\/liversurgeryny.com\/fr\/contactez-nous\/\">contactez notre cabinet \u00e0 UES Manhattan<\/a> pour planifier une consultation avec le Dr Alden.<\/p>\n","protected":false},"excerpt":{"rendered":"<p>La technologie m\u00e9dicale a am\u00e9lior\u00e9 la s\u00e9curit\u00e9 et l&rsquo;efficacit\u00e9 de nombreuses proc\u00e9dures chirurgicales. L&rsquo;une des avanc\u00e9es chirurgicales les plus incroyables de ces derni\u00e8res d\u00e9cennies est l&rsquo;utilisation accrue de proc\u00e9dures assist\u00e9es par robot. Le syst\u00e8me robotique Da Vinci est utilis\u00e9 dans une grande vari\u00e9t\u00e9 de proc\u00e9dures chirurgicales g\u00e9n\u00e9rales et sp\u00e9cialis\u00e9es avec un succ\u00e8s sans pr\u00e9c\u00e9dent. Le&hellip; <a href=\"https:\/\/liversurgeryny.com\/fr\/meilleur-chirurgien-du-foie-et-des-voies-biliaires-a-new-york\/resection-hepatique-robotique-da-vinci-xi\/\" class=\"btn btn-outline-primary  more-link d-none\">Continuer la lecture<\/a><\/p>\n","protected":false},"author":1,"featured_media":0,"parent":2587,"menu_order":0,"comment_status":"closed","ping_status":"closed","template":"","meta":{"_acf_changed":false,"footnotes":""},"class_list":["post-2594","page","type-page","status-publish"],"acf":[],"yoast_head":"<!-- This site is optimized with the Yoast SEO plugin v27.4 - https:\/\/yoast.com\/product\/yoast-seo-wordpress\/ -->\n<title>Chirurgie de R\u00e9section H\u00e9patique Robotique Da Vinci Xi\u2122 \u00e0 New York | Dr. Dmitri Alden, Chirurgien Oncologique<\/title>\n<meta name=\"description\" content=\"D\u00e9couvrez la technologie avanc\u00e9e de la r\u00e9section h\u00e9patique robotique Da Vinci Xi\u2122 propos\u00e9e par le Dr. Dmitri Alden, chirurgien oncologique de renom \u00e0 New York. B\u00e9n\u00e9ficiez d&#039;une chirurgie h\u00e9patique pr\u00e9cise, moins invasive, avec des incisions r\u00e9duites, des complications minimis\u00e9es et une r\u00e9cup\u00e9ration plus rapide. Consultez le Dr. Alden pour des options de chirurgie h\u00e9patique de pointe.\" \/>\n<meta name=\"robots\" content=\"index, follow, max-snippet:-1, max-image-preview:large, max-video-preview:-1\" \/>\n<link rel=\"canonical\" href=\"https:\/\/liversurgeryny.com\/fr\/meilleur-chirurgien-du-foie-et-des-voies-biliaires-a-new-york\/resection-hepatique-robotique-da-vinci-xi\/\" \/>\n<meta property=\"og:locale\" content=\"fr_FR\" \/>\n<meta property=\"og:type\" content=\"article\" \/>\n<meta property=\"og:title\" content=\"Chirurgie de R\u00e9section H\u00e9patique Robotique Da Vinci Xi\u2122 \u00e0 New York | Dr. Dmitri Alden, Chirurgien Oncologique\" \/>\n<meta property=\"og:description\" content=\"D\u00e9couvrez la technologie avanc\u00e9e de la r\u00e9section h\u00e9patique robotique Da Vinci Xi\u2122 propos\u00e9e par le Dr. Dmitri Alden, chirurgien oncologique de renom \u00e0 New York. B\u00e9n\u00e9ficiez d&#039;une chirurgie h\u00e9patique pr\u00e9cise, moins invasive, avec des incisions r\u00e9duites, des complications minimis\u00e9es et une r\u00e9cup\u00e9ration plus rapide. Consultez le Dr. Alden pour des options de chirurgie h\u00e9patique de pointe.\" \/>\n<meta property=\"og:url\" content=\"https:\/\/liversurgeryny.com\/fr\/meilleur-chirurgien-du-foie-et-des-voies-biliaires-a-new-york\/resection-hepatique-robotique-da-vinci-xi\/\" \/>\n<meta property=\"og:site_name\" content=\"Dmitri Alden, MD, FACS\" \/>\n<meta property=\"article:modified_time\" content=\"2024-01-22T13:56:09+00:00\" \/>\n<meta property=\"og:image\" content=\"https:\/\/liversurgeryny.com\/wp-content\/uploads\/2022\/09\/background-2.jpg\" \/>\n<meta name=\"twitter:card\" content=\"summary_large_image\" \/>\n<meta name=\"twitter:image\" content=\"https:\/\/liversurgeryny.com\/wp-content\/uploads\/2022\/09\/background-2.jpg\" \/>\n<meta name=\"twitter:label1\" content=\"Dur\u00e9e de lecture estim\u00e9e\" \/>\n\t<meta name=\"twitter:data1\" content=\"3 minutes\" \/>\n<!-- \/ Yoast SEO plugin. -->","yoast_head_json":{"title":"Chirurgie de R\u00e9section H\u00e9patique Robotique Da Vinci Xi\u2122 \u00e0 New York | Dr. Dmitri Alden, Chirurgien Oncologique","description":"D\u00e9couvrez la technologie avanc\u00e9e de la r\u00e9section h\u00e9patique robotique Da Vinci Xi\u2122 propos\u00e9e par le Dr. Dmitri Alden, chirurgien oncologique de renom \u00e0 New York. B\u00e9n\u00e9ficiez d'une chirurgie h\u00e9patique pr\u00e9cise, moins invasive, avec des incisions r\u00e9duites, des complications minimis\u00e9es et une r\u00e9cup\u00e9ration plus rapide. Consultez le Dr. Alden pour des options de chirurgie h\u00e9patique de pointe.","robots":{"index":"index","follow":"follow","max-snippet":"max-snippet:-1","max-image-preview":"max-image-preview:large","max-video-preview":"max-video-preview:-1"},"canonical":"https:\/\/liversurgeryny.com\/fr\/meilleur-chirurgien-du-foie-et-des-voies-biliaires-a-new-york\/resection-hepatique-robotique-da-vinci-xi\/","og_locale":"fr_FR","og_type":"article","og_title":"Chirurgie de R\u00e9section H\u00e9patique Robotique Da Vinci Xi\u2122 \u00e0 New York | Dr. Dmitri Alden, Chirurgien Oncologique","og_description":"D\u00e9couvrez la technologie avanc\u00e9e de la r\u00e9section h\u00e9patique robotique Da Vinci Xi\u2122 propos\u00e9e par le Dr. Dmitri Alden, chirurgien oncologique de renom \u00e0 New York. B\u00e9n\u00e9ficiez d'une chirurgie h\u00e9patique pr\u00e9cise, moins invasive, avec des incisions r\u00e9duites, des complications minimis\u00e9es et une r\u00e9cup\u00e9ration plus rapide. Consultez le Dr. Alden pour des options de chirurgie h\u00e9patique de pointe.","og_url":"https:\/\/liversurgeryny.com\/fr\/meilleur-chirurgien-du-foie-et-des-voies-biliaires-a-new-york\/resection-hepatique-robotique-da-vinci-xi\/","og_site_name":"Dmitri Alden, MD, FACS","article_modified_time":"2024-01-22T13:56:09+00:00","og_image":[{"url":"https:\/\/liversurgeryny.com\/wp-content\/uploads\/2022\/09\/background-2.jpg","type":"","width":"","height":""}],"twitter_card":"summary_large_image","twitter_image":"https:\/\/liversurgeryny.com\/wp-content\/uploads\/2022\/09\/background-2.jpg","twitter_misc":{"Dur\u00e9e de lecture estim\u00e9e":"3 minutes"},"schema":{"@context":"https:\/\/schema.org","@graph":[{"@type":"WebPage","@id":"https:\/\/liversurgeryny.com\/fr\/meilleur-chirurgien-du-foie-et-des-voies-biliaires-a-new-york\/resection-hepatique-robotique-da-vinci-xi\/","url":"https:\/\/liversurgeryny.com\/fr\/meilleur-chirurgien-du-foie-et-des-voies-biliaires-a-new-york\/resection-hepatique-robotique-da-vinci-xi\/","name":"Chirurgie de R\u00e9section H\u00e9patique Robotique Da Vinci Xi\u2122 \u00e0 New York | Dr. Dmitri Alden, Chirurgien Oncologique","isPartOf":{"@id":"https:\/\/liversurgeryny.com\/#website"},"datePublished":"2022-08-15T21:09:00+00:00","dateModified":"2024-01-22T13:56:09+00:00","description":"D\u00e9couvrez la technologie avanc\u00e9e de la r\u00e9section h\u00e9patique robotique Da Vinci Xi\u2122 propos\u00e9e par le Dr. Dmitri Alden, chirurgien oncologique de renom \u00e0 New York. B\u00e9n\u00e9ficiez d'une chirurgie h\u00e9patique pr\u00e9cise, moins invasive, avec des incisions r\u00e9duites, des complications minimis\u00e9es et une r\u00e9cup\u00e9ration plus rapide. Consultez le Dr. Alden pour des options de chirurgie h\u00e9patique de pointe.","breadcrumb":{"@id":"https:\/\/liversurgeryny.com\/fr\/meilleur-chirurgien-du-foie-et-des-voies-biliaires-a-new-york\/resection-hepatique-robotique-da-vinci-xi\/#breadcrumb"},"inLanguage":"fr-FR","potentialAction":[{"@type":"ReadAction","target":["https:\/\/liversurgeryny.com\/fr\/meilleur-chirurgien-du-foie-et-des-voies-biliaires-a-new-york\/resection-hepatique-robotique-da-vinci-xi\/"]}]},{"@type":"BreadcrumbList","@id":"https:\/\/liversurgeryny.com\/fr\/meilleur-chirurgien-du-foie-et-des-voies-biliaires-a-new-york\/resection-hepatique-robotique-da-vinci-xi\/#breadcrumb","itemListElement":[{"@type":"ListItem","position":1,"name":"Home","item":"https:\/\/liversurgeryny.com\/fr\/"},{"@type":"ListItem","position":2,"name":"Meilleur Chirurgien du Foie et des Voies Biliaires \u00e0 New York","item":"https:\/\/liversurgeryny.com\/fr\/meilleur-chirurgien-du-foie-et-des-voies-biliaires-a-new-york\/"},{"@type":"ListItem","position":3,"name":"R\u00e9section h\u00e9patique robotique Da Vinci Xi\u2122"}]},{"@type":"WebSite","@id":"https:\/\/liversurgeryny.com\/#website","url":"https:\/\/liversurgeryny.com\/","name":"Dmitri Alden, MD, FACS","description":"","potentialAction":[{"@type":"SearchAction","target":{"@type":"EntryPoint","urlTemplate":"https:\/\/liversurgeryny.com\/?s={search_term_string}"},"query-input":{"@type":"PropertyValueSpecification","valueRequired":true,"valueName":"search_term_string"}}],"inLanguage":"fr-FR"}]}},"_links":{"self":[{"href":"https:\/\/liversurgeryny.com\/fr\/wp-json\/wp\/v2\/pages\/2594","targetHints":{"allow":["GET"]}}],"collection":[{"href":"https:\/\/liversurgeryny.com\/fr\/wp-json\/wp\/v2\/pages"}],"about":[{"href":"https:\/\/liversurgeryny.com\/fr\/wp-json\/wp\/v2\/types\/page"}],"author":[{"embeddable":true,"href":"https:\/\/liversurgeryny.com\/fr\/wp-json\/wp\/v2\/users\/1"}],"replies":[{"embeddable":true,"href":"https:\/\/liversurgeryny.com\/fr\/wp-json\/wp\/v2\/comments?post=2594"}],"version-history":[{"count":4,"href":"https:\/\/liversurgeryny.com\/fr\/wp-json\/wp\/v2\/pages\/2594\/revisions"}],"predecessor-version":[{"id":2698,"href":"https:\/\/liversurgeryny.com\/fr\/wp-json\/wp\/v2\/pages\/2594\/revisions\/2698"}],"up":[{"embeddable":true,"href":"https:\/\/liversurgeryny.com\/fr\/wp-json\/wp\/v2\/pages\/2587"}],"wp:attachment":[{"href":"https:\/\/liversurgeryny.com\/fr\/wp-json\/wp\/v2\/media?parent=2594"}],"curies":[{"name":"wp","href":"https:\/\/api.w.org\/{rel}","templated":true}]}}