{"id":2591,"date":"2022-08-14T17:21:29","date_gmt":"2022-08-14T22:21:29","guid":{"rendered":"https:\/\/liversurgeryny.com\/?page_id=2591"},"modified":"2024-01-22T08:52:49","modified_gmt":"2024-01-22T13:52:49","slug":"cholangiocarcinome-vesicule-biliaire-et-cancers-des-voies-biliaires-chirurgie","status":"publish","type":"page","link":"https:\/\/liversurgeryny.com\/fr\/meilleur-chirurgien-du-foie-et-des-voies-biliaires-a-new-york\/cholangiocarcinome-vesicule-biliaire-et-cancers-des-voies-biliaires-chirurgie\/","title":{"rendered":"Cholangiocarcinome, V\u00e9sicule Biliaire et Cancers des Voies Biliaires &#8211; Chirurgie"},"content":{"rendered":"<p>Le cholangiocarcinome, les cancers de la v\u00e9sicule biliaire et des voies biliaires repr\u00e9sentent une famille de maladies qui surviennent dans le foie, la v\u00e9sicule biliaire et les voies biliaires, partageant de nombreuses caract\u00e9ristiques communes ainsi qu&rsquo;une voie de propagation commune. Le traitement et la chirurgie du cholangiocarcinome, de la v\u00e9sicule biliaire et des cancers des voies biliaires sont planifi\u00e9s en fonction de l&#8217;emplacement de la tumeur et de la progression de la maladie. Un bilan approfondi \u00e0 la recherche de propagation \u00e0 distance est obligatoire avant toute tentative de chirurgie. Contrairement aux cancers colorectaux et ovariens, la chirurgie pour ces tumeurs n&rsquo;a pas montr\u00e9 de b\u00e9n\u00e9fice significatif si le cancer s&rsquo;est propag\u00e9 \u00e0 un site \u00e9loign\u00e9.<\/p>\n<p>Les patients et les professionnels de la sant\u00e9 d&rsquo;Am\u00e9rique et du monde entier recherchent ses traitements <a href=\"https:\/\/liversurgeryny.com\/fr\/meilleur-chirurgien-du-foie-et-des-voies-biliaires-a-new-york\/\">sp\u00e9cialis\u00e9s et ses services individualis\u00e9s de premier ordre<\/a>, y compris sa gestion chirurgicale experte de la condition du patient.<\/p>\n<p>Les patients r\u00e9f\u00e9r\u00e9s au Dr. Alden ont acc\u00e8s \u00e0 un vaste \u00e9ventail de sp\u00e9cialistes qui sont parmi les meilleurs dans leur domaine, non seulement dans le pays mais peut-\u00eatre aussi dans le monde.<\/p>\n<p><strong>Veuillez noter:<\/strong> Le Dr. Alden accepte l&rsquo;assurance s&rsquo;il participe \u00e0 votre plan. De plus, si le Dr. Alden ne participe pas \u00e0 votre plan d&rsquo;assurance, le cabinet du Dr. Alden est souvent en mesure d&rsquo;obtenir une pr\u00e9autorisation de votre plan d&rsquo;assurance en raison de la sp\u00e9cificit\u00e9 de sa sp\u00e9cialit\u00e9. Nous prendrons contact avec votre compagnie d&rsquo;assurance pour comprendre vos avantages et les soumettrons \u00e9galement pour vous. Vous profiterez du luxe et des avantages de la m\u00e9decine universitaire dans un environnement concierge de premier ordre, sans les tracas des longs temps d&rsquo;attente \u00e0 l&rsquo;h\u00f4pital et des formalit\u00e9s administratives. La plupart des polices remboursent aux patients la plupart des co\u00fbts de la chirurgie. Notre coordinateur chirurgical vous aidera avec un devis.<\/p>\n<p>Notre personnel de premier ordre effectue r\u00e9guli\u00e8rement des chirurgies individualis\u00e9es pour le cholangiocarcinome, la v\u00e9sicule biliaire et les cancers des voies biliaires sur des patients atteints de ces cancers et a acquis plus d&rsquo;une d\u00e9cennie d&rsquo;exp\u00e9rience op\u00e9ratoire dans ce domaine.<\/p>\n<blockquote><p>Hautement recommand\u00e9, extr\u00eamement professionnel avec d&rsquo;excellentes mani\u00e8res, excellent chirurgien, meilleur m\u00e9decin. Travaille avec la meilleure \u00e9quipe m\u00e9dicale. Sauve des vies.<strong>~ Google<\/strong><\/p><\/blockquote>\n<p>D&rsquo;un point de vue technique, les tumeurs du cholangiocarcinome, de la v\u00e9sicule biliaire et des voies biliaires repr\u00e9sentent peut-\u00eatre les cas de chirurgie oncologique les plus difficiles. Bien qu&rsquo;elles ne grossissent rarement beaucoup, ces tumeurs envahissent fr\u00e9quemment ou sont en contact direct avec les structures les plus vitales du foie. La chirurgie oncologique n\u00e9cessite donc un niveau \u00e9lev\u00e9 de comp\u00e9tence, d&rsquo;expertise technique et de connaissance approfondie de l&rsquo;anatomie du foie ainsi que de ses multiples variations, qui sont si courantes.<\/p>\n<p>La totalit\u00e9 des voies biliaires est presque toujours retir\u00e9e pendant la chirurgie, et une reconstruction hautement complexe est n\u00e9cessaire pour connecter toute voie biliaire restante (souvent de petites voies multiples) \u00e0 une anastomose sp\u00e9cialement construite de l&rsquo;intestin (anastomose de Roux-en-Y). Dans certains cas, il est n\u00e9cessaire de retirer une partie ou un lobe entier du foie. Les tumeurs les plus avanc\u00e9es exigeraient le retrait et la reconstruction des vaisseaux sanguins (le plus souvent la veine porte et\/ou l&rsquo;art\u00e8re h\u00e9patique).<\/p>\n<p>La qualit\u00e9 de la r\u00e9section atteignant des \u00ab\u00a0marges n\u00e9gatives\u00a0\u00bb (ne laissant aucun cancer derri\u00e8re) est le facteur pronostique le plus important pour la survie future. En r\u00e9sum\u00e9, les chirurgies du cholangiocarcinome et des cancers des voies biliaires sont d&rsquo;une extr\u00eame complexit\u00e9 et laissent tr\u00e8s peu de place \u00e0 l&rsquo;erreur.<\/p>\n<p><strong>En plus d&rsquo;une consultation en cabinet, le chirurgien du cancer du foie et du pancr\u00e9as de NYC propose des consultations \u00e0 distance aux patients et aux professionnels de la sant\u00e9 partout dans le monde. Veuillez appeler notre bureau pour plus de d\u00e9tails.<\/strong><\/p>\n<p>Pour plus d&rsquo;informations sur les chirurgies du cholangiocarcinome, de la v\u00e9sicule biliaire et des cancers des voies biliaires ou pour planifier une consultation avec le chirurgien du cholangiocarcinome, de la v\u00e9sicule biliaire et des cancers des voies biliaires, n&rsquo;h\u00e9sitez pas \u00e0 contacter le chirurgien oncologique du foie, du pancr\u00e9as et des voies biliaires \u00e0 New York, Dmitri Alden, MD, FACS, aujourd&rsquo;hui en appelant son bureau \u00e0 New York au <a href=\"tel:2124346216\" class=\"phone_anchor \" aria-label=\"Appelez-nous (212) 434-6216\" dir=\"ltr\"> (212) 434-6216<\/a> ou en <a href=\"https:\/\/liversurgeryny.com\/fr\/contactez-nous\/\">nous contactant en ligne<\/a>.<\/p>\n","protected":false},"excerpt":{"rendered":"<p>Le cholangiocarcinome, les cancers de la v\u00e9sicule biliaire et des voies biliaires repr\u00e9sentent une famille de maladies qui surviennent dans le foie, la v\u00e9sicule biliaire et les voies biliaires, partageant de nombreuses caract\u00e9ristiques communes ainsi qu&rsquo;une voie de propagation commune. Le traitement et la chirurgie du cholangiocarcinome, de la v\u00e9sicule biliaire et des cancers des&hellip; <a href=\"https:\/\/liversurgeryny.com\/fr\/meilleur-chirurgien-du-foie-et-des-voies-biliaires-a-new-york\/cholangiocarcinome-vesicule-biliaire-et-cancers-des-voies-biliaires-chirurgie\/\" class=\"btn btn-outline-primary  more-link d-none\">Continuer la lecture<\/a><\/p>\n","protected":false},"author":1,"featured_media":0,"parent":2587,"menu_order":0,"comment_status":"closed","ping_status":"closed","template":"","meta":{"_acf_changed":false,"footnotes":""},"class_list":["post-2591","page","type-page","status-publish"],"acf":[],"yoast_head":"<!-- This site is optimized with the Yoast SEO plugin v27.4 - https:\/\/yoast.com\/product\/yoast-seo-wordpress\/ -->\n<title>Chirurgie du Cholangiocarcinome, de la V\u00e9sicule Biliaire et des Voies Biliaires | Traitements Individualis\u00e9s par le Dr. Dmitri Alden<\/title>\n<meta name=\"description\" content=\"D\u00e9couvrez les traitements individualis\u00e9s de pointe et la chirurgie experte pour le cholangiocarcinome, les cancers de la v\u00e9sicule biliaire et des voies biliaires. Le Dr. Dmitri Alden offre des services de classe mondiale avec une \u00e9quipe de sp\u00e9cialistes hautement recommand\u00e9e. Obtenez une consultation \u00e0 distance depuis n&#039;importe o\u00f9 dans le monde. Contactez-nous pour des solutions sur mesure et des soins de qualit\u00e9 en chirurgie oncologique du foie.\" \/>\n<meta name=\"robots\" content=\"index, follow, max-snippet:-1, max-image-preview:large, max-video-preview:-1\" \/>\n<link rel=\"canonical\" href=\"https:\/\/liversurgeryny.com\/fr\/meilleur-chirurgien-du-foie-et-des-voies-biliaires-a-new-york\/cholangiocarcinome-vesicule-biliaire-et-cancers-des-voies-biliaires-chirurgie\/\" \/>\n<meta property=\"og:locale\" content=\"fr_FR\" \/>\n<meta property=\"og:type\" content=\"article\" \/>\n<meta property=\"og:title\" content=\"Chirurgie du Cholangiocarcinome, de la V\u00e9sicule Biliaire et des Voies Biliaires | Traitements Individualis\u00e9s par le Dr. Dmitri Alden\" \/>\n<meta property=\"og:description\" content=\"D\u00e9couvrez les traitements individualis\u00e9s de pointe et la chirurgie experte pour le cholangiocarcinome, les cancers de la v\u00e9sicule biliaire et des voies biliaires. Le Dr. Dmitri Alden offre des services de classe mondiale avec une \u00e9quipe de sp\u00e9cialistes hautement recommand\u00e9e. Obtenez une consultation \u00e0 distance depuis n&#039;importe o\u00f9 dans le monde. Contactez-nous pour des solutions sur mesure et des soins de qualit\u00e9 en chirurgie oncologique du foie.\" \/>\n<meta property=\"og:url\" content=\"https:\/\/liversurgeryny.com\/fr\/meilleur-chirurgien-du-foie-et-des-voies-biliaires-a-new-york\/cholangiocarcinome-vesicule-biliaire-et-cancers-des-voies-biliaires-chirurgie\/\" \/>\n<meta property=\"og:site_name\" content=\"Dmitri Alden, MD, FACS\" \/>\n<meta property=\"article:modified_time\" content=\"2024-01-22T13:52:49+00:00\" \/>\n<meta property=\"og:image\" content=\"https:\/\/liversurgeryny.com\/wp-content\/uploads\/2022\/09\/background-2.jpg\" \/>\n<meta name=\"twitter:card\" content=\"summary_large_image\" \/>\n<meta name=\"twitter:image\" content=\"https:\/\/liversurgeryny.com\/wp-content\/uploads\/2022\/09\/background-2.jpg\" \/>\n<meta name=\"twitter:label1\" content=\"Dur\u00e9e de lecture estim\u00e9e\" \/>\n\t<meta name=\"twitter:data1\" content=\"3 minutes\" \/>\n<!-- \/ Yoast SEO plugin. -->","yoast_head_json":{"title":"Chirurgie du Cholangiocarcinome, de la V\u00e9sicule Biliaire et des Voies Biliaires | Traitements Individualis\u00e9s par le Dr. Dmitri Alden","description":"D\u00e9couvrez les traitements individualis\u00e9s de pointe et la chirurgie experte pour le cholangiocarcinome, les cancers de la v\u00e9sicule biliaire et des voies biliaires. Le Dr. Dmitri Alden offre des services de classe mondiale avec une \u00e9quipe de sp\u00e9cialistes hautement recommand\u00e9e. Obtenez une consultation \u00e0 distance depuis n'importe o\u00f9 dans le monde. Contactez-nous pour des solutions sur mesure et des soins de qualit\u00e9 en chirurgie oncologique du foie.","robots":{"index":"index","follow":"follow","max-snippet":"max-snippet:-1","max-image-preview":"max-image-preview:large","max-video-preview":"max-video-preview:-1"},"canonical":"https:\/\/liversurgeryny.com\/fr\/meilleur-chirurgien-du-foie-et-des-voies-biliaires-a-new-york\/cholangiocarcinome-vesicule-biliaire-et-cancers-des-voies-biliaires-chirurgie\/","og_locale":"fr_FR","og_type":"article","og_title":"Chirurgie du Cholangiocarcinome, de la V\u00e9sicule Biliaire et des Voies Biliaires | Traitements Individualis\u00e9s par le Dr. Dmitri Alden","og_description":"D\u00e9couvrez les traitements individualis\u00e9s de pointe et la chirurgie experte pour le cholangiocarcinome, les cancers de la v\u00e9sicule biliaire et des voies biliaires. Le Dr. Dmitri Alden offre des services de classe mondiale avec une \u00e9quipe de sp\u00e9cialistes hautement recommand\u00e9e. Obtenez une consultation \u00e0 distance depuis n'importe o\u00f9 dans le monde. Contactez-nous pour des solutions sur mesure et des soins de qualit\u00e9 en chirurgie oncologique du foie.","og_url":"https:\/\/liversurgeryny.com\/fr\/meilleur-chirurgien-du-foie-et-des-voies-biliaires-a-new-york\/cholangiocarcinome-vesicule-biliaire-et-cancers-des-voies-biliaires-chirurgie\/","og_site_name":"Dmitri Alden, MD, FACS","article_modified_time":"2024-01-22T13:52:49+00:00","og_image":[{"url":"https:\/\/liversurgeryny.com\/wp-content\/uploads\/2022\/09\/background-2.jpg","type":"","width":"","height":""}],"twitter_card":"summary_large_image","twitter_image":"https:\/\/liversurgeryny.com\/wp-content\/uploads\/2022\/09\/background-2.jpg","twitter_misc":{"Dur\u00e9e de lecture estim\u00e9e":"3 minutes"},"schema":{"@context":"https:\/\/schema.org","@graph":[{"@type":"WebPage","@id":"https:\/\/liversurgeryny.com\/fr\/meilleur-chirurgien-du-foie-et-des-voies-biliaires-a-new-york\/cholangiocarcinome-vesicule-biliaire-et-cancers-des-voies-biliaires-chirurgie\/","url":"https:\/\/liversurgeryny.com\/fr\/meilleur-chirurgien-du-foie-et-des-voies-biliaires-a-new-york\/cholangiocarcinome-vesicule-biliaire-et-cancers-des-voies-biliaires-chirurgie\/","name":"Chirurgie du Cholangiocarcinome, de la V\u00e9sicule Biliaire et des Voies Biliaires | Traitements Individualis\u00e9s par le Dr. Dmitri Alden","isPartOf":{"@id":"https:\/\/liversurgeryny.com\/#website"},"datePublished":"2022-08-14T22:21:29+00:00","dateModified":"2024-01-22T13:52:49+00:00","description":"D\u00e9couvrez les traitements individualis\u00e9s de pointe et la chirurgie experte pour le cholangiocarcinome, les cancers de la v\u00e9sicule biliaire et des voies biliaires. Le Dr. Dmitri Alden offre des services de classe mondiale avec une \u00e9quipe de sp\u00e9cialistes hautement recommand\u00e9e. Obtenez une consultation \u00e0 distance depuis n'importe o\u00f9 dans le monde. Contactez-nous pour des solutions sur mesure et des soins de qualit\u00e9 en chirurgie oncologique du foie.","breadcrumb":{"@id":"https:\/\/liversurgeryny.com\/fr\/meilleur-chirurgien-du-foie-et-des-voies-biliaires-a-new-york\/cholangiocarcinome-vesicule-biliaire-et-cancers-des-voies-biliaires-chirurgie\/#breadcrumb"},"inLanguage":"fr-FR","potentialAction":[{"@type":"ReadAction","target":["https:\/\/liversurgeryny.com\/fr\/meilleur-chirurgien-du-foie-et-des-voies-biliaires-a-new-york\/cholangiocarcinome-vesicule-biliaire-et-cancers-des-voies-biliaires-chirurgie\/"]}]},{"@type":"BreadcrumbList","@id":"https:\/\/liversurgeryny.com\/fr\/meilleur-chirurgien-du-foie-et-des-voies-biliaires-a-new-york\/cholangiocarcinome-vesicule-biliaire-et-cancers-des-voies-biliaires-chirurgie\/#breadcrumb","itemListElement":[{"@type":"ListItem","position":1,"name":"Home","item":"https:\/\/liversurgeryny.com\/fr\/"},{"@type":"ListItem","position":2,"name":"Meilleur Chirurgien du Foie et des Voies Biliaires \u00e0 New York","item":"https:\/\/liversurgeryny.com\/fr\/meilleur-chirurgien-du-foie-et-des-voies-biliaires-a-new-york\/"},{"@type":"ListItem","position":3,"name":"Cholangiocarcinome, V\u00e9sicule Biliaire et Cancers des Voies Biliaires &#8211; Chirurgie"}]},{"@type":"WebSite","@id":"https:\/\/liversurgeryny.com\/#website","url":"https:\/\/liversurgeryny.com\/","name":"Dmitri Alden, MD, FACS","description":"","potentialAction":[{"@type":"SearchAction","target":{"@type":"EntryPoint","urlTemplate":"https:\/\/liversurgeryny.com\/?s={search_term_string}"},"query-input":{"@type":"PropertyValueSpecification","valueRequired":true,"valueName":"search_term_string"}}],"inLanguage":"fr-FR"}]}},"_links":{"self":[{"href":"https:\/\/liversurgeryny.com\/fr\/wp-json\/wp\/v2\/pages\/2591","targetHints":{"allow":["GET"]}}],"collection":[{"href":"https:\/\/liversurgeryny.com\/fr\/wp-json\/wp\/v2\/pages"}],"about":[{"href":"https:\/\/liversurgeryny.com\/fr\/wp-json\/wp\/v2\/types\/page"}],"author":[{"embeddable":true,"href":"https:\/\/liversurgeryny.com\/fr\/wp-json\/wp\/v2\/users\/1"}],"replies":[{"embeddable":true,"href":"https:\/\/liversurgeryny.com\/fr\/wp-json\/wp\/v2\/comments?post=2591"}],"version-history":[{"count":4,"href":"https:\/\/liversurgeryny.com\/fr\/wp-json\/wp\/v2\/pages\/2591\/revisions"}],"predecessor-version":[{"id":2696,"href":"https:\/\/liversurgeryny.com\/fr\/wp-json\/wp\/v2\/pages\/2591\/revisions\/2696"}],"up":[{"embeddable":true,"href":"https:\/\/liversurgeryny.com\/fr\/wp-json\/wp\/v2\/pages\/2587"}],"wp:attachment":[{"href":"https:\/\/liversurgeryny.com\/fr\/wp-json\/wp\/v2\/media?parent=2591"}],"curies":[{"name":"wp","href":"https:\/\/api.w.org\/{rel}","templated":true}]}}