{"id":2587,"date":"2022-08-14T16:40:09","date_gmt":"2022-08-14T21:40:09","guid":{"rendered":"https:\/\/liversurgeryny.com\/?page_id=2587"},"modified":"2024-01-22T08:40:31","modified_gmt":"2024-01-22T13:40:31","slug":"meilleur-chirurgien-du-foie-et-des-voies-biliaires-a-new-york","status":"publish","type":"page","link":"https:\/\/liversurgeryny.com\/fr\/meilleur-chirurgien-du-foie-et-des-voies-biliaires-a-new-york\/","title":{"rendered":"Meilleur Chirurgien du Foie et des Voies Biliaires \u00e0 New York"},"content":{"rendered":"<p>La complexit\u00e9 des cas de chirurgie du foie et des voies biliaires va des op\u00e9rations de chirurgie du cancer laparoscopique et robotique minimalement invasives aux chirurgies h\u00e9patiques les plus extr\u00eames utilisant des techniques de pr\u00e9servation intraop\u00e9ratoire avec circulation extracorporelle et de type transplantation h\u00e9patique.<\/p>\n<p>Le Dr Alden a consacr\u00e9 sa vie \u00e0 la lutte contre le cancer du foie, le cancer des voies biliaires et le cancer du pancr\u00e9as. <a href=\"https:\/\/liversurgeryny.com\/fr\/\">Le chirurgien du cancer du foie de NYC et le chirurgien du cancer du pancr\u00e9as<\/a> ont r\u00e9alis\u00e9 plus de 5000 interventions au cours des 20 derni\u00e8res ann\u00e9es. \u00c0 la pointe de l&rsquo;innovation m\u00e9dicale, il est un sp\u00e9cialiste des cancers du foie et de la chirurgie oncologique qui traite les cancers les plus complexes en utilisant uniquement les proc\u00e9dures chirurgicales et les technologies les plus avanc\u00e9es.<\/p>\n<blockquote><p>En tant qu&rsquo;infirmi\u00e8re en services chirurgicaux chevronn\u00e9e depuis 25 ans, j&rsquo;ai travaill\u00e9 avec de nombreux chirurgiens. \u00c0 mon avis, il n&rsquo;y a personne de plus comp\u00e9tent ou qualifi\u00e9 pour traiter les troubles et cancers du pancr\u00e9as et du foie que le Dr Alden. Je suis vraiment reconnaissante pour l&rsquo;expertise du Dr Alden. Mon p\u00e8re a subi 3 chirurgies majeures r\u00e9alis\u00e9es par le Dr Alden, qui se sont extr\u00eamement bien d\u00e9roul\u00e9es, avec d&rsquo;excellents r\u00e9tablissements \u00e0 chaque fois. Il a litt\u00e9ralement sauv\u00e9 la vie de mon p\u00e8re 3 fois!<strong>~ Vitals<\/strong><\/p><\/blockquote>\n<p>Le chirurgien hautement not\u00e9 et son \u00e9quipe de classe mondiale proposent un programme de chirurgie h\u00e9patique et des voies biliaires sur mesure, multidisciplinaire et super sp\u00e9cialis\u00e9 d\u00e9di\u00e9 au traitement des adultes et des enfants \u00e0 tous les stades des maladies du foie, y compris le cancer du foie. L&rsquo;\u00e9quipe propose des services complets de pointe, y compris des tests de diagnostic, un traitement m\u00e9dical, une chirurgie h\u00e9patique, une transplantation h\u00e9patique et un soutien avant et apr\u00e8s le traitement.<\/p>\n<p>Des services de transplantation h\u00e9patique sont disponibles pour les patients atteints de maladies h\u00e9patiques avanc\u00e9es.<\/p>\n<p>Le chirurgien de renomm\u00e9e mondiale du foie et des voies biliaires \u00e0 New York, Dmitri Alden, MD (et son \u00e9quipe de sp\u00e9cialistes du cancer du foie et des voies biliaires), r\u00e9alise plus de 200 interventions chirurgicales du foie et des voies biliaires (y compris des transplantations h\u00e9patiques) par an.<\/p>\n<p><strong>Veuillez noter:<\/strong> Le Dr. Alden accepte l&rsquo;assurance s&rsquo;il participe \u00e0 votre plan. De plus, si le Dr. Alden ne participe pas \u00e0 votre plan d&rsquo;assurance, le cabinet du Dr. Alden est fr\u00e9quemment en mesure d&rsquo;obtenir une pr\u00e9autorisation de votre plan d&rsquo;assurance en raison de la singularit\u00e9 de sa sp\u00e9cialit\u00e9. Nous contacterons votre compagnie d&rsquo;assurance pour comprendre vos avantages et les soumettrons \u00e9galement pour vous. Vous profiterez du luxe et des avantages de la m\u00e9decine universitaire dans un environnement de conciergerie de premier ordre, sans les tracas des longs temps d&rsquo;attente \u00e0 l&rsquo;h\u00f4pital et de la paperasserie. La plupart des polices remboursent aux patients la majeure partie du co\u00fbt de la chirurgie. Notre coordinateur chirurgical vous aidera avec un devis.<\/p>\n<p><strong>En plus d&rsquo;une consultation en cabinet, le chirurgien du cancer du foie et du pancr\u00e9as de NYC propose des consultations \u00e0 distance aux patients et aux professionnels de la sant\u00e9 du monde entier. Veuillez appeler notre bureau pour plus de d\u00e9tails.<\/strong><\/p>\n<p>La chirurgie du foie et des voies biliaires englobe certaines des interventions chirurgicales les plus difficiles pouvant \u00eatre r\u00e9alis\u00e9es dans l&rsquo;abdomen et \u00e9ventuellement dans le corps humain. La pathologie du foie et des voies biliaires varie des maladies cong\u00e9nitales aux maladies b\u00e9nignes et malignes.<\/p>\n<p>L&rsquo;anatomie de cette r\u00e9gion est extr\u00eamement complexe et tr\u00e8s variable. Il existe de nombreuses variations anatomiques normales des syst\u00e8mes art\u00e9riel-veineux et biliaire (canal biliaire). Comprendre ces variations et comment elles affectent les d\u00e9cisions chirurgicales avant et pendant la chirurgie est crucial. De nombreuses ann\u00e9es de formation sp\u00e9cialis\u00e9e et d\u00e9di\u00e9e sont n\u00e9cessaires pour acqu\u00e9rir une expertise ad\u00e9quate pour op\u00e9rer confortablement dans cette r\u00e9gion du corps. De plus, une exp\u00e9rience approfondie dans un h\u00f4pital de chirurgie h\u00e9patique \u00e0 fort volume et une formation m\u00e9dicale continue r\u00e9guli\u00e8re sont recommand\u00e9es.<\/p>\n<p>Voici une liste des probl\u00e8mes du foie et des voies biliaires les plus couramment rencontr\u00e9s que l&rsquo;\u00e9quipe de chirurgie du foie et des voies biliaires de NYC traite, avec des liens vers plus d&rsquo;informations:<\/p>\n<nav class=\"flc-submenu\" aria-label=\"sub menu\"><ul><li><a href=\"#https:\/\/liversurgeryny.com\/liver-cancer-surgeon-nyc\/\">Chirurgie du cancer du foie<\/a><\/li><li><a href=\"https:\/\/liversurgeryny.com\/fr\/chirurgien-specialise-en-foie-et-pancreas-chirurgie-du-cancer-du-foie-cancer-pancreatique-a-new-york\/chirurgien-du-cancer-du-pancreas-a-new-york\/\">Cancer du pancr\u00e9as et stadification<\/a><\/li><li><a href=\"https:\/\/liversurgeryny.com\/fr\/chirurgien-specialise-en-foie-et-pancreas-chirurgie-du-cancer-du-foie-cancer-pancreatique-a-new-york\/chirurgie-whipple-entierement-robotisee\/\">Proc\u00e9dure de whipple enti\u00e8rement robotis\u00e9e<\/a><\/li><li><a href=\"https:\/\/liversurgeryny.com\/fr\/meilleur-chirurgien-du-foie-et-des-voies-biliaires-a-new-york\/chirurgie-de-pointe-des-metastases-hepatiques\/\">M\u00e9tastases du foie provenant du colon et d'autres cancers<\/a><\/li><li><a href=\"https:\/\/liversurgeryny.com\/fr\/meilleur-chirurgien-du-foie-et-des-voies-biliaires-a-new-york\/resection-hepatique-robotique-da-vinci-xi\/\">R\u00e9section h\u00e9patique robotis\u00e9e da vinci xi\u2122<\/a><\/li><li><a href=\"https:\/\/liversurgeryny.com\/fr\/meilleur-chirurgien-du-foie-et-des-voies-biliaires-a-new-york\/chirurgie-du-cancer-par-laparoscopie-et-robotique-chirurgien-du-foie-et-du-pancreas-a-new-york\/\">Chirurgie robotique et laparoscopique du cancer<\/a><\/li><li><a href=\"https:\/\/liversurgeryny.com\/liver-tumor-ablation\/\">Ablation de tumeur<\/a><\/li><li><a href=\"https:\/\/liversurgeryny.com\/alpps-procedure\/\">Proc\u00e9dure alpps<\/a><\/li><li><a href=\"https:\/\/liversurgeryny.com\/bile-duct-repair-surgeon-nyc\/\">R\u00e9paration et reconstruction des voies biliaires<\/a><\/li><li><a href=\"https:\/\/liversurgeryny.com\/breast-cancer-metastasized-to-the-liver\/\">Cancer du sein m\u00e9tastas\u00e9 au foie<\/a><\/li><li><a href=\"https:\/\/liversurgeryny.com\/endometriosis-of-the-liver-and-diaphragm\/ \">Endom\u00e9triose du foie et du diaphragme<\/a><\/li><li><a href=\"https:\/\/liversurgeryny.com\/hepatic-hydatid-cyst\/ \">Cyste hydatique h\u00e9patique (\u00e9chinococcus granulosus)<\/a><\/li><li><a href=\"https:\/\/liversurgeryny.com\/fr\/meilleur-chirurgien-du-foie-et-des-voies-biliaires-a-new-york\/traitement-de-la-croissance-du-foie\/ \">Croissance\/r\u00e9g\u00e9n\u00e9ration du foie<\/a><\/li><li><a href=\"https:\/\/liversurgeryny.com\/fr\/meilleur-chirurgien-du-foie-et-des-voies-biliaires-a-new-york\/traitement-du-melanome-hepatique-metastatique\/\">M\u00e9lanome m\u00e9tastas\u00e9 au foie<\/a><\/li><li><a href=\"https:\/\/liversurgeryny.com\/fr\/meilleur-chirurgien-du-foie-et-des-voies-biliaires-a-new-york\/cancer-neuroendocrinien-et-traitement-des-carcinoides\/\">Cancer neuro-endocrine et carcino\u00efdes<\/a><\/li><li><a href=\"https:\/\/liversurgeryny.com\/nyc-benign-liver-tumors-surgeon\/ \">Chirurgie des tumeurs b\u00e9nignes du foie<\/a><\/li><li><a href=\"https:\/\/liversurgeryny.com\/fr\/meilleur-chirurgien-du-foie-et-des-voies-biliaires-a-new-york\/cholangiocarcinome-vesicule-biliaire-et-cancers-des-voies-biliaires-chirurgie\/ \">Cholangiocarcinome, cancer de la v\u00e9sicule biliaire et des voies biliaires<\/a><\/li><li><a href=\"https:\/\/liversurgeryny.com\/fr\/meilleur-chirurgien-du-foie-et-des-voies-biliaires-a-new-york\/traitement-du-cancer-de-la-vesicule-biliaire\/\">Cancer de la v\u00e9sicule biliaire<\/a><\/li><li><a href=\"https:\/\/liversurgeryny.com\/liver-cysts\/\">Cystes du foie<\/a><\/li><li><a href=\"https:\/\/liversurgeryny.com\/fr\/meilleur-chirurgien-du-foie-et-des-voies-biliaires-a-new-york\/cancer-de-lovaire-metastatique-chirurgie\/ \">Cancer ovarien m\u00e9tastatique<\/a><\/li><li><a href=\"https:\/\/liversurgeryny.com\/fr\/meilleur-chirurgien-du-foie-et-des-voies-biliaires-a-new-york\/cholecystectomie-robotique\/ \">Chol\u00e9cystectomie robotique<\/a><\/li><li><a href=\"https:\/\/liversurgeryny.com\/bowel-resection\/\">R\u00e9section intestinale<\/a><\/li><li><a href=\"https:\/\/liversurgeryny.com\/portal-hypertention-ascites-esophageal-varices-surgeon-nyc\/\">Traitement de l'hypertension portale<\/a><\/li><li><a href=\"https:\/\/liversurgeryny.com\/choledochal-cyst\/\">Cyste chol\u00e9doque<\/a><\/li><\/ul><\/nav>\n<p>Le Dr Alden se sp\u00e9cialise dans la prise en charge exceptionnelle de chaque patient, de la consultation initiale gratuite \u00e0 la p\u00e9riode postop\u00e9ratoire. L&rsquo;honneur et le privil\u00e8ge de prendre soin des patients s&rsquo;accompagnent de la responsabilit\u00e9 et du d\u00e9vouement du personnel chirurgical envers les normes les plus \u00e9lev\u00e9es d&rsquo;excellence en mati\u00e8re de soins aux patients et de r\u00e9sultats chirurgicaux finaux. <a href=\"https:\/\/liversurgeryny.com\/fr\/contactez-nous\/\">Contactez notre cabinet<\/a> aujourd&rsquo;hui pour planifier votre consultation avec le Dr Alden.<\/p>\n","protected":false},"excerpt":{"rendered":"<p>La complexit\u00e9 des cas de chirurgie du foie et des voies biliaires va des op\u00e9rations de chirurgie du cancer laparoscopique et robotique minimalement invasives aux chirurgies h\u00e9patiques les plus extr\u00eames utilisant des techniques de pr\u00e9servation intraop\u00e9ratoire avec circulation extracorporelle et de type transplantation h\u00e9patique. Le Dr Alden a consacr\u00e9 sa vie \u00e0 la lutte contre&hellip; <a href=\"https:\/\/liversurgeryny.com\/fr\/meilleur-chirurgien-du-foie-et-des-voies-biliaires-a-new-york\/\" class=\"btn btn-outline-primary  more-link d-none\">Continuer la lecture<\/a><\/p>\n","protected":false},"author":1,"featured_media":0,"parent":0,"menu_order":0,"comment_status":"closed","ping_status":"closed","template":"","meta":{"_acf_changed":false,"footnotes":""},"class_list":["post-2587","page","type-page","status-publish"],"acf":[],"yoast_head":"<!-- This site is optimized with the Yoast SEO plugin v27.4 - https:\/\/yoast.com\/product\/yoast-seo-wordpress\/ -->\n<title>Chirurgien du Foie et des Voies Biliaires \u00e0 New York | Dr. Dmitri Alden, Sp\u00e9cialiste Mondial des Cancers H\u00e9patiques<\/title>\n<meta name=\"description\" content=\"D\u00e9couvrez le meilleur chirurgien du cancer du foie et des voies biliaires \u00e0 NYC, le Dr. Dmitri Alden. Avec plus de 5000 interventions et une \u00e9quipe de classe mondiale, nous offrons des traitements avanc\u00e9s et des consultations \u00e0 distance. Contactez-nous d\u00e8s aujourd&#039;hui.\" \/>\n<meta name=\"robots\" content=\"index, follow, max-snippet:-1, max-image-preview:large, max-video-preview:-1\" \/>\n<link rel=\"canonical\" href=\"https:\/\/liversurgeryny.com\/fr\/meilleur-chirurgien-du-foie-et-des-voies-biliaires-a-new-york\/\" \/>\n<meta property=\"og:locale\" content=\"fr_FR\" \/>\n<meta property=\"og:type\" content=\"article\" \/>\n<meta property=\"og:title\" content=\"Chirurgien du Foie et des Voies Biliaires \u00e0 New York | Dr. Dmitri Alden, Sp\u00e9cialiste Mondial des Cancers H\u00e9patiques\" \/>\n<meta property=\"og:description\" content=\"D\u00e9couvrez le meilleur chirurgien du cancer du foie et des voies biliaires \u00e0 NYC, le Dr. Dmitri Alden. Avec plus de 5000 interventions et une \u00e9quipe de classe mondiale, nous offrons des traitements avanc\u00e9s et des consultations \u00e0 distance. Contactez-nous d\u00e8s aujourd&#039;hui.\" \/>\n<meta property=\"og:url\" content=\"https:\/\/liversurgeryny.com\/fr\/meilleur-chirurgien-du-foie-et-des-voies-biliaires-a-new-york\/\" \/>\n<meta property=\"og:site_name\" content=\"Dmitri Alden, MD, FACS\" \/>\n<meta property=\"article:modified_time\" content=\"2024-01-22T13:40:31+00:00\" \/>\n<meta property=\"og:image\" content=\"https:\/\/liversurgeryny.com\/wp-content\/uploads\/2022\/09\/background-2.jpg\" \/>\n<meta name=\"twitter:card\" content=\"summary_large_image\" \/>\n<meta name=\"twitter:image\" content=\"https:\/\/liversurgeryny.com\/wp-content\/uploads\/2022\/09\/background-2.jpg\" \/>\n<meta name=\"twitter:label1\" content=\"Dur\u00e9e de lecture estim\u00e9e\" \/>\n\t<meta name=\"twitter:data1\" content=\"3 minutes\" \/>\n<!-- \/ Yoast SEO plugin. -->","yoast_head_json":{"title":"Chirurgien du Foie et des Voies Biliaires \u00e0 New York | Dr. Dmitri Alden, Sp\u00e9cialiste Mondial des Cancers H\u00e9patiques","description":"D\u00e9couvrez le meilleur chirurgien du cancer du foie et des voies biliaires \u00e0 NYC, le Dr. Dmitri Alden. Avec plus de 5000 interventions et une \u00e9quipe de classe mondiale, nous offrons des traitements avanc\u00e9s et des consultations \u00e0 distance. Contactez-nous d\u00e8s aujourd'hui.","robots":{"index":"index","follow":"follow","max-snippet":"max-snippet:-1","max-image-preview":"max-image-preview:large","max-video-preview":"max-video-preview:-1"},"canonical":"https:\/\/liversurgeryny.com\/fr\/meilleur-chirurgien-du-foie-et-des-voies-biliaires-a-new-york\/","og_locale":"fr_FR","og_type":"article","og_title":"Chirurgien du Foie et des Voies Biliaires \u00e0 New York | Dr. Dmitri Alden, Sp\u00e9cialiste Mondial des Cancers H\u00e9patiques","og_description":"D\u00e9couvrez le meilleur chirurgien du cancer du foie et des voies biliaires \u00e0 NYC, le Dr. Dmitri Alden. Avec plus de 5000 interventions et une \u00e9quipe de classe mondiale, nous offrons des traitements avanc\u00e9s et des consultations \u00e0 distance. Contactez-nous d\u00e8s aujourd'hui.","og_url":"https:\/\/liversurgeryny.com\/fr\/meilleur-chirurgien-du-foie-et-des-voies-biliaires-a-new-york\/","og_site_name":"Dmitri Alden, MD, FACS","article_modified_time":"2024-01-22T13:40:31+00:00","og_image":[{"url":"https:\/\/liversurgeryny.com\/wp-content\/uploads\/2022\/09\/background-2.jpg","type":"","width":"","height":""}],"twitter_card":"summary_large_image","twitter_image":"https:\/\/liversurgeryny.com\/wp-content\/uploads\/2022\/09\/background-2.jpg","twitter_misc":{"Dur\u00e9e de lecture estim\u00e9e":"3 minutes"},"schema":{"@context":"https:\/\/schema.org","@graph":[{"@type":"WebPage","@id":"https:\/\/liversurgeryny.com\/fr\/meilleur-chirurgien-du-foie-et-des-voies-biliaires-a-new-york\/","url":"https:\/\/liversurgeryny.com\/fr\/meilleur-chirurgien-du-foie-et-des-voies-biliaires-a-new-york\/","name":"Chirurgien du Foie et des Voies Biliaires \u00e0 New York | Dr. Dmitri Alden, Sp\u00e9cialiste Mondial des Cancers H\u00e9patiques","isPartOf":{"@id":"https:\/\/liversurgeryny.com\/#website"},"datePublished":"2022-08-14T21:40:09+00:00","dateModified":"2024-01-22T13:40:31+00:00","description":"D\u00e9couvrez le meilleur chirurgien du cancer du foie et des voies biliaires \u00e0 NYC, le Dr. Dmitri Alden. Avec plus de 5000 interventions et une \u00e9quipe de classe mondiale, nous offrons des traitements avanc\u00e9s et des consultations \u00e0 distance. Contactez-nous d\u00e8s aujourd'hui.","breadcrumb":{"@id":"https:\/\/liversurgeryny.com\/fr\/meilleur-chirurgien-du-foie-et-des-voies-biliaires-a-new-york\/#breadcrumb"},"inLanguage":"fr-FR","potentialAction":[{"@type":"ReadAction","target":["https:\/\/liversurgeryny.com\/fr\/meilleur-chirurgien-du-foie-et-des-voies-biliaires-a-new-york\/"]}]},{"@type":"BreadcrumbList","@id":"https:\/\/liversurgeryny.com\/fr\/meilleur-chirurgien-du-foie-et-des-voies-biliaires-a-new-york\/#breadcrumb","itemListElement":[{"@type":"ListItem","position":1,"name":"Home","item":"https:\/\/liversurgeryny.com\/fr\/"},{"@type":"ListItem","position":2,"name":"Meilleur Chirurgien du Foie et des Voies Biliaires \u00e0 New York"}]},{"@type":"WebSite","@id":"https:\/\/liversurgeryny.com\/#website","url":"https:\/\/liversurgeryny.com\/","name":"Dmitri Alden, MD, FACS","description":"","potentialAction":[{"@type":"SearchAction","target":{"@type":"EntryPoint","urlTemplate":"https:\/\/liversurgeryny.com\/?s={search_term_string}"},"query-input":{"@type":"PropertyValueSpecification","valueRequired":true,"valueName":"search_term_string"}}],"inLanguage":"fr-FR"}]}},"_links":{"self":[{"href":"https:\/\/liversurgeryny.com\/fr\/wp-json\/wp\/v2\/pages\/2587","targetHints":{"allow":["GET"]}}],"collection":[{"href":"https:\/\/liversurgeryny.com\/fr\/wp-json\/wp\/v2\/pages"}],"about":[{"href":"https:\/\/liversurgeryny.com\/fr\/wp-json\/wp\/v2\/types\/page"}],"author":[{"embeddable":true,"href":"https:\/\/liversurgeryny.com\/fr\/wp-json\/wp\/v2\/users\/1"}],"replies":[{"embeddable":true,"href":"https:\/\/liversurgeryny.com\/fr\/wp-json\/wp\/v2\/comments?post=2587"}],"version-history":[{"count":4,"href":"https:\/\/liversurgeryny.com\/fr\/wp-json\/wp\/v2\/pages\/2587\/revisions"}],"predecessor-version":[{"id":2693,"href":"https:\/\/liversurgeryny.com\/fr\/wp-json\/wp\/v2\/pages\/2587\/revisions\/2693"}],"wp:attachment":[{"href":"https:\/\/liversurgeryny.com\/fr\/wp-json\/wp\/v2\/media?parent=2587"}],"curies":[{"name":"wp","href":"https:\/\/api.w.org\/{rel}","templated":true}]}}