{"id":2580,"date":"2022-08-16T11:53:40","date_gmt":"2022-08-16T16:53:40","guid":{"rendered":"https:\/\/liversurgeryny.com\/?page_id=2580"},"modified":"2024-01-22T08:26:16","modified_gmt":"2024-01-22T13:26:16","slug":"chirurgie-avancee-pour-les-cancers-abdominaux","status":"publish","type":"page","link":"https:\/\/liversurgeryny.com\/fr\/chirurgie-avancee-pour-les-cancers-abdominaux\/","title":{"rendered":"Chirurgie Avanc\u00e9e pour les Cancers Abdominaux"},"content":{"rendered":"<p>Des innovations incroyables ont \u00e9t\u00e9 r\u00e9alis\u00e9es dans le domaine m\u00e9dical, notamment des proc\u00e9dures chirurgicales avanc\u00e9es pour les cancers abdominaux. Des tumeurs et des cancers invasifs des organes vitaux autrefois consid\u00e9r\u00e9s comme fatals ont maintenant une perspective plus positive gr\u00e2ce \u00e0 la nouvelle technologie disponible. Le <a href=\"https:\/\/liversurgeryny.com\/fr\/\">Dr. Dmitri Alden<\/a> est l&rsquo;un des meilleurs chirurgiens oncologiques du foie, du pancr\u00e9as et des voies biliaires au monde, et un leader dans le domaine de la robotique et d&rsquo;autres techniques chirurgicales. Si vous ou un \u00eatre cher avez \u00e9t\u00e9 diagnostiqu\u00e9 avec un cancer abdominal, vous ne trouverez pas un chirurgien plus exp\u00e9riment\u00e9 et comp\u00e9tent pour diriger votre plan de traitement.<\/p>\n<p>Le traitement r\u00e9ussi du cancer abdominal n\u00e9cessite l&rsquo;expertise de multiples disciplines m\u00e9dicales. Bien que le Dr. Alden soit au sommet de sa sp\u00e9cialit\u00e9, il s&rsquo;appuie sur l&rsquo;expertise de ses coll\u00e8gues m\u00e9dicaux dans d&rsquo;autres domaines pour s&rsquo;assurer que chaque patient re\u00e7oit les meilleurs soins possibles. Les cancers abdominaux peuvent impliquer des tumeurs et des conditions tr\u00e8s rares que peu de m\u00e9decins et de chirurgiens ont trait\u00e9es au cours de leur carri\u00e8re. Le Dr. Alden et ses coll\u00e8gues ont r\u00e9alis\u00e9 certaines des chirurgies les plus rares et offrent des proc\u00e9dures qui ne sont disponibles chez aucun autre chirurgien \u00e0 New York.<\/p>\n<h2>Approches Innovantes pour le Traitement du Cancer<\/h2>\n<p>Les cancers abdominaux peuvent se propager rapidement \u00e0 d&rsquo;autres organes de la cavit\u00e9 abdominale, c&rsquo;est pourquoi un traitement d\u00e8s que possible est vital. Le Dr. Alden a r\u00e9alis\u00e9 des milliers de chirurgies abdominales, y compris des ablations de tumeurs extr\u00eamement complexes et des proc\u00e9dures complexes que peu de chirurgiens ont r\u00e9ussi \u00e0 accomplir. Avec sa formation approfondie et son exp\u00e9rience, le Dr. Alden pr\u00e9f\u00e8re g\u00e9n\u00e9ralement une approche chirurgicale pour \u00e9liminer les malignit\u00e9s abdominales, suivie de traitements innovants contre le cancer pour favoriser la gestion ou la r\u00e9mission. Certaines des proc\u00e9dures avanc\u00e9es propos\u00e9es par l&rsquo;\u00e9quipe du Dr. Alden comprennent:<\/p>\n<nav class=\"flc-submenu\" aria-label=\"sub menu\"><ul><li><a href=\"https:\/\/liversurgeryny.com\/advanced-ex-vivo-abdominal-tumor-removal\/\">Retrait avanc\u00e9 de tumeur ex vivo<\/a><\/li><li><a href=\"https:\/\/liversurgeryny.com\/blood-vessel-replacement\/\">Remplacement de vaisseaux sanguins<\/a><\/li><li><a href=\"https:\/\/liversurgeryny.com\/fr\/chirurgien-specialise-en-foie-et-pancreas-chirurgie-du-cancer-du-foie-cancer-pancreatique-a-new-york\/chirurgie-whipple-entierement-robotisee\/\">Proc\u00e9dure de whipple enti\u00e8rement robotique<\/a><\/li><li><a href=\"https:\/\/liversurgeryny.com\/placement-of-intrahepatic-chemotherapy-pump\/\">Placement de pompe de chimioth\u00e9rapie intrah\u00e9patique<\/a><\/li><li><a href=\"https:\/\/liversurgeryny.com\/tips-shunt-surgery\/\">Chirurgie tips (shunt portosyst\u00e9mique transjugulaire intrah\u00e9patique)<\/a><\/li><li><a href=\"https:\/\/liversurgeryny.com\/treatment-of-advanced-pancreatic-cancer\/\">Traitement du cancer pancr\u00e9atique avanc\u00e9<\/a><\/li><\/ul><\/nav>\n<p>La premi\u00e8re \u00e9tape pour surmonter tout cancer abdominal est de trouver le bon chirurgien oncologique pour cr\u00e9er votre plan de traitement personnel. Pour en savoir plus sur les proc\u00e9dures chirurgicales avanc\u00e9es pour les cancers abdominaux que nous proposons, <a href=\"https:\/\/liversurgeryny.com\/fr\/contactez-nous\/\">contactez notre clinique m\u00e9dicale dans l&rsquo;UES de New York<\/a> pour planifier une consultation avec le Dr. Alden d\u00e8s aujourd&rsquo;hui.<\/p>\n","protected":false},"excerpt":{"rendered":"<p>Des innovations incroyables ont \u00e9t\u00e9 r\u00e9alis\u00e9es dans le domaine m\u00e9dical, notamment des proc\u00e9dures chirurgicales avanc\u00e9es pour les cancers abdominaux. Des tumeurs et des cancers invasifs des organes vitaux autrefois consid\u00e9r\u00e9s comme fatals ont maintenant une perspective plus positive gr\u00e2ce \u00e0 la nouvelle technologie disponible. Le Dr. Dmitri Alden est l&rsquo;un des meilleurs chirurgiens oncologiques du&hellip; <a href=\"https:\/\/liversurgeryny.com\/fr\/chirurgie-avancee-pour-les-cancers-abdominaux\/\" class=\"btn btn-outline-primary  more-link d-none\">Continuer la lecture<\/a><\/p>\n","protected":false},"author":1,"featured_media":0,"parent":0,"menu_order":0,"comment_status":"closed","ping_status":"closed","template":"","meta":{"_acf_changed":false,"footnotes":""},"class_list":["post-2580","page","type-page","status-publish"],"acf":[],"yoast_head":"<!-- This site is optimized with the Yoast SEO plugin v27.4 - https:\/\/yoast.com\/product\/yoast-seo-wordpress\/ -->\n<title>Chirurgie Avanc\u00e9e pour les Cancers Abdominaux | Dr. Dmitri Alden, Chirurgien Oncologique de Renom \u00e0 New York<\/title>\n<meta name=\"description\" content=\"D\u00e9couvrez des proc\u00e9dures chirurgicales avanc\u00e9es pour les cancers abdominaux dirig\u00e9es par le Dr. Dmitri Alden, l&#039;un des meilleurs chirurgiens oncologiques mondiaux du foie, du pancr\u00e9as et des voies biliaires. Obtenez une perspective positive sur le traitement des cancers abdominaux gr\u00e2ce \u00e0 l&#039;innovation m\u00e9dicale. Contactez notre clinique m\u00e9dicale \u00e0 l&#039;UES de New York pour planifier une consultation aujourd&#039;hui.\" \/>\n<meta name=\"robots\" content=\"index, follow, max-snippet:-1, max-image-preview:large, max-video-preview:-1\" \/>\n<link rel=\"canonical\" href=\"https:\/\/liversurgeryny.com\/fr\/chirurgie-avancee-pour-les-cancers-abdominaux\/\" \/>\n<meta property=\"og:locale\" content=\"fr_FR\" \/>\n<meta property=\"og:type\" content=\"article\" \/>\n<meta property=\"og:title\" content=\"Chirurgie Avanc\u00e9e pour les Cancers Abdominaux | Dr. Dmitri Alden, Chirurgien Oncologique de Renom \u00e0 New York\" \/>\n<meta property=\"og:description\" content=\"D\u00e9couvrez des proc\u00e9dures chirurgicales avanc\u00e9es pour les cancers abdominaux dirig\u00e9es par le Dr. Dmitri Alden, l&#039;un des meilleurs chirurgiens oncologiques mondiaux du foie, du pancr\u00e9as et des voies biliaires. Obtenez une perspective positive sur le traitement des cancers abdominaux gr\u00e2ce \u00e0 l&#039;innovation m\u00e9dicale. Contactez notre clinique m\u00e9dicale \u00e0 l&#039;UES de New York pour planifier une consultation aujourd&#039;hui.\" \/>\n<meta property=\"og:url\" content=\"https:\/\/liversurgeryny.com\/fr\/chirurgie-avancee-pour-les-cancers-abdominaux\/\" \/>\n<meta property=\"og:site_name\" content=\"Dmitri Alden, MD, FACS\" \/>\n<meta property=\"article:modified_time\" content=\"2024-01-22T13:26:16+00:00\" \/>\n<meta property=\"og:image\" content=\"https:\/\/liversurgeryny.com\/wp-content\/uploads\/2022\/09\/background-2.jpg\" \/>\n<meta name=\"twitter:card\" content=\"summary_large_image\" \/>\n<meta name=\"twitter:image\" content=\"https:\/\/liversurgeryny.com\/wp-content\/uploads\/2022\/09\/background-2.jpg\" \/>\n<meta name=\"twitter:label1\" content=\"Dur\u00e9e de lecture estim\u00e9e\" \/>\n\t<meta name=\"twitter:data1\" content=\"2 minutes\" \/>\n<!-- \/ Yoast SEO plugin. -->","yoast_head_json":{"title":"Chirurgie Avanc\u00e9e pour les Cancers Abdominaux | Dr. Dmitri Alden, Chirurgien Oncologique de Renom \u00e0 New York","description":"D\u00e9couvrez des proc\u00e9dures chirurgicales avanc\u00e9es pour les cancers abdominaux dirig\u00e9es par le Dr. Dmitri Alden, l'un des meilleurs chirurgiens oncologiques mondiaux du foie, du pancr\u00e9as et des voies biliaires. Obtenez une perspective positive sur le traitement des cancers abdominaux gr\u00e2ce \u00e0 l'innovation m\u00e9dicale. Contactez notre clinique m\u00e9dicale \u00e0 l'UES de New York pour planifier une consultation aujourd'hui.","robots":{"index":"index","follow":"follow","max-snippet":"max-snippet:-1","max-image-preview":"max-image-preview:large","max-video-preview":"max-video-preview:-1"},"canonical":"https:\/\/liversurgeryny.com\/fr\/chirurgie-avancee-pour-les-cancers-abdominaux\/","og_locale":"fr_FR","og_type":"article","og_title":"Chirurgie Avanc\u00e9e pour les Cancers Abdominaux | Dr. Dmitri Alden, Chirurgien Oncologique de Renom \u00e0 New York","og_description":"D\u00e9couvrez des proc\u00e9dures chirurgicales avanc\u00e9es pour les cancers abdominaux dirig\u00e9es par le Dr. Dmitri Alden, l'un des meilleurs chirurgiens oncologiques mondiaux du foie, du pancr\u00e9as et des voies biliaires. Obtenez une perspective positive sur le traitement des cancers abdominaux gr\u00e2ce \u00e0 l'innovation m\u00e9dicale. Contactez notre clinique m\u00e9dicale \u00e0 l'UES de New York pour planifier une consultation aujourd'hui.","og_url":"https:\/\/liversurgeryny.com\/fr\/chirurgie-avancee-pour-les-cancers-abdominaux\/","og_site_name":"Dmitri Alden, MD, FACS","article_modified_time":"2024-01-22T13:26:16+00:00","og_image":[{"url":"https:\/\/liversurgeryny.com\/wp-content\/uploads\/2022\/09\/background-2.jpg","type":"","width":"","height":""}],"twitter_card":"summary_large_image","twitter_image":"https:\/\/liversurgeryny.com\/wp-content\/uploads\/2022\/09\/background-2.jpg","twitter_misc":{"Dur\u00e9e de lecture estim\u00e9e":"2 minutes"},"schema":{"@context":"https:\/\/schema.org","@graph":[{"@type":"WebPage","@id":"https:\/\/liversurgeryny.com\/fr\/chirurgie-avancee-pour-les-cancers-abdominaux\/","url":"https:\/\/liversurgeryny.com\/fr\/chirurgie-avancee-pour-les-cancers-abdominaux\/","name":"Chirurgie Avanc\u00e9e pour les Cancers Abdominaux | Dr. Dmitri Alden, Chirurgien Oncologique de Renom \u00e0 New York","isPartOf":{"@id":"https:\/\/liversurgeryny.com\/#website"},"datePublished":"2022-08-16T16:53:40+00:00","dateModified":"2024-01-22T13:26:16+00:00","description":"D\u00e9couvrez des proc\u00e9dures chirurgicales avanc\u00e9es pour les cancers abdominaux dirig\u00e9es par le Dr. Dmitri Alden, l'un des meilleurs chirurgiens oncologiques mondiaux du foie, du pancr\u00e9as et des voies biliaires. Obtenez une perspective positive sur le traitement des cancers abdominaux gr\u00e2ce \u00e0 l'innovation m\u00e9dicale. Contactez notre clinique m\u00e9dicale \u00e0 l'UES de New York pour planifier une consultation aujourd'hui.","breadcrumb":{"@id":"https:\/\/liversurgeryny.com\/fr\/chirurgie-avancee-pour-les-cancers-abdominaux\/#breadcrumb"},"inLanguage":"fr-FR","potentialAction":[{"@type":"ReadAction","target":["https:\/\/liversurgeryny.com\/fr\/chirurgie-avancee-pour-les-cancers-abdominaux\/"]}]},{"@type":"BreadcrumbList","@id":"https:\/\/liversurgeryny.com\/fr\/chirurgie-avancee-pour-les-cancers-abdominaux\/#breadcrumb","itemListElement":[{"@type":"ListItem","position":1,"name":"Home","item":"https:\/\/liversurgeryny.com\/fr\/"},{"@type":"ListItem","position":2,"name":"Chirurgie Avanc\u00e9e pour les Cancers Abdominaux"}]},{"@type":"WebSite","@id":"https:\/\/liversurgeryny.com\/#website","url":"https:\/\/liversurgeryny.com\/","name":"Dmitri Alden, MD, FACS","description":"","potentialAction":[{"@type":"SearchAction","target":{"@type":"EntryPoint","urlTemplate":"https:\/\/liversurgeryny.com\/?s={search_term_string}"},"query-input":{"@type":"PropertyValueSpecification","valueRequired":true,"valueName":"search_term_string"}}],"inLanguage":"fr-FR"}]}},"_links":{"self":[{"href":"https:\/\/liversurgeryny.com\/fr\/wp-json\/wp\/v2\/pages\/2580","targetHints":{"allow":["GET"]}}],"collection":[{"href":"https:\/\/liversurgeryny.com\/fr\/wp-json\/wp\/v2\/pages"}],"about":[{"href":"https:\/\/liversurgeryny.com\/fr\/wp-json\/wp\/v2\/types\/page"}],"author":[{"embeddable":true,"href":"https:\/\/liversurgeryny.com\/fr\/wp-json\/wp\/v2\/users\/1"}],"replies":[{"embeddable":true,"href":"https:\/\/liversurgeryny.com\/fr\/wp-json\/wp\/v2\/comments?post=2580"}],"version-history":[{"count":10,"href":"https:\/\/liversurgeryny.com\/fr\/wp-json\/wp\/v2\/pages\/2580\/revisions"}],"predecessor-version":[{"id":3073,"href":"https:\/\/liversurgeryny.com\/fr\/wp-json\/wp\/v2\/pages\/2580\/revisions\/3073"}],"wp:attachment":[{"href":"https:\/\/liversurgeryny.com\/fr\/wp-json\/wp\/v2\/media?parent=2580"}],"curies":[{"name":"wp","href":"https:\/\/api.w.org\/{rel}","templated":true}]}}