{"id":2578,"date":"2018-03-19T16:30:01","date_gmt":"2018-03-19T21:30:01","guid":{"rendered":"https:\/\/liversurgeryny.com\/?page_id=2578"},"modified":"2024-01-18T08:57:31","modified_gmt":"2024-01-18T13:57:31","slug":"contactez-nous-horaires-telephone-et-adresse-chirurgien-oncologue-du-foie-et-du-pancreas-a-new-york","status":"publish","type":"page","link":"https:\/\/liversurgeryny.com\/fr\/contactez-nous\/","title":{"rendered":"Contact"},"content":{"rendered":"<h2>Laissez-nous un message<\/h2>\n<script type=\"text\/javascript\">\n\/* <![CDATA[ *\/\nvar gform;gform||(document.addEventListener(\"gform_main_scripts_loaded\",function(){gform.scriptsLoaded=!0}),document.addEventListener(\"gform\/theme\/scripts_loaded\",function(){gform.themeScriptsLoaded=!0}),window.addEventListener(\"DOMContentLoaded\",function(){gform.domLoaded=!0}),gform={domLoaded:!1,scriptsLoaded:!1,themeScriptsLoaded:!1,isFormEditor:()=>\"function\"==typeof InitializeEditor,callIfLoaded:function(o){return!(!gform.domLoaded||!gform.scriptsLoaded||!gform.themeScriptsLoaded&&!gform.isFormEditor()||(gform.isFormEditor()&&console.warn(\"The use of gform.initializeOnLoaded() is deprecated in the form editor context and will be removed in Gravity Forms 3.1.\"),o(),0))},initializeOnLoaded:function(o){gform.callIfLoaded(o)||(document.addEventListener(\"gform_main_scripts_loaded\",()=>{gform.scriptsLoaded=!0,gform.callIfLoaded(o)}),document.addEventListener(\"gform\/theme\/scripts_loaded\",()=>{gform.themeScriptsLoaded=!0,gform.callIfLoaded(o)}),window.addEventListener(\"DOMContentLoaded\",()=>{gform.domLoaded=!0,gform.callIfLoaded(o)}))},hooks:{action:{},filter:{}},addAction:function(o,r,e,t){gform.addHook(\"action\",o,r,e,t)},addFilter:function(o,r,e,t){gform.addHook(\"filter\",o,r,e,t)},doAction:function(o){gform.doHook(\"action\",o,arguments)},applyFilters:function(o){return gform.doHook(\"filter\",o,arguments)},removeAction:function(o,r){gform.removeHook(\"action\",o,r)},removeFilter:function(o,r,e){gform.removeHook(\"filter\",o,r,e)},addHook:function(o,r,e,t,n){null==gform.hooks[o][r]&&(gform.hooks[o][r]=[]);var d=gform.hooks[o][r];null==n&&(n=r+\"_\"+d.length),gform.hooks[o][r].push({tag:n,callable:e,priority:t=null==t?10:t})},doHook:function(r,o,e){var t;if(e=Array.prototype.slice.call(e,1),null!=gform.hooks[r][o]&&((o=gform.hooks[r][o]).sort(function(o,r){return o.priority-r.priority}),o.forEach(function(o){\"function\"!=typeof(t=o.callable)&&(t=window[t]),\"action\"==r?t.apply(null,e):e[0]=t.apply(null,e)})),\"filter\"==r)return e[0]},removeHook:function(o,r,t,n){var e;null!=gform.hooks[o][r]&&(e=(e=gform.hooks[o][r]).filter(function(o,r,e){return!!(null!=n&&n!=o.tag||null!=t&&t!=o.priority)}),gform.hooks[o][r]=e)}});\n\/* ]]> *\/\n<\/script>\n\n                <div class='gf_browser_gecko gform_wrapper gform_legacy_markup_wrapper gform-theme--no-framework' data-form-theme='legacy' data-form-index='0' id='gform_wrapper_8' >\n                        <div class='gform_heading'>\n                            <p class='gform_description'><\/p>\n                        <\/div><form method='post' enctype='multipart\/form-data'  id='gform_8'  action='\/fr\/wp-json\/wp\/v2\/pages\/2578' data-formid='8' novalidate>\t\t\t\t\t<div style=\"display: none !important;\" class=\"akismet-fields-container gf_invisible\" data-prefix=\"ak_\">\n\t\t\t\t\t\t<label>&#916;<textarea name=\"ak_hp_textarea\" cols=\"45\" rows=\"8\" maxlength=\"100\"><\/textarea><\/label>\n\t\t\t\t\t\t<input type=\"hidden\" id=\"ak_js_1\" name=\"ak_js\" value=\"50\" \/>\n\t\t\t\t\t\t<script type=\"text\/javascript\">\n\/* <![CDATA[ *\/\ndocument.getElementById( \"ak_js_1\" ).setAttribute( \"value\", ( new Date() ).getTime() );\n\/* ]]> *\/\n<\/script>\n\n\t\t\t\t\t<\/div>\n                        <div class='gform-body gform_body'><ul id='gform_fields_8' class='gform_fields top_label form_sublabel_below description_below validation_below'><li id=\"field_8_9\" class=\"gfield gfield--type-honeypot gform_validation_container field_sublabel_below gfield--has-description field_description_below field_validation_below gfield_visibility_visible\"  ><label class='gfield_label gform-field-label' for='input_8_9'>URL<\/label><div class='ginput_container'><input name='input_9' id='input_8_9' type='text' value='' autocomplete='new-password'\/><\/div><div class='gfield_description' id='gfield_description_8_9'>Ce champ n\u2019est utilis\u00e9 qu\u2019\u00e0 des fins de validation et devrait rester inchang\u00e9.<\/div><\/li><li id=\"field_8_1\" class=\"gfield gfield--type-text gfield--input-type-text gfield_contains_required field_sublabel_below gfield--no-description field_description_below field_validation_below gfield_visibility_visible\"  ><label class='gfield_label gform-field-label' for='input_8_1'>Nom<span class=\"gfield_required\"><span class=\"gfield_required gfield_required_custom\">(obligatoire)<\/span><\/span><\/label><div class='ginput_container ginput_container_text'><input name='input_1' id='input_8_1' type='text' value='' class='medium'     aria-required=\"true\" aria-invalid=\"false\"   \/><\/div><\/li><li id=\"field_8_7\" class=\"gfield gfield--type-text gfield--input-type-text gfield--width-full gfield_contains_required field_sublabel_below gfield--no-description field_description_below field_validation_below gfield_visibility_visible\"  ><label class='gfield_label gform-field-label' for='input_8_7'>T\u00e9l\u00e9phone<span class=\"gfield_required\"><span class=\"gfield_required gfield_required_custom\">(obligatoire)<\/span><\/span><\/label><div class='ginput_container ginput_container_text'><input name='input_7' id='input_8_7' type='text' value='' class='large'     aria-required=\"true\" aria-invalid=\"false\"   \/><\/div><\/li><li id=\"field_8_3\" class=\"gfield gfield--type-email gfield--input-type-email gfield_contains_required field_sublabel_below gfield--no-description field_description_below field_validation_below gfield_visibility_visible\"  ><label class='gfield_label gform-field-label' for='input_8_3'>E-mail<span class=\"gfield_required\"><span class=\"gfield_required gfield_required_custom\">(obligatoire)<\/span><\/span><\/label><div class='ginput_container ginput_container_email'>\n                            <input name='input_3' id='input_8_3' type='email' value='' class='medium'    aria-required=\"true\" aria-invalid=\"false\"  \/>\n                        <\/div><\/li><li id=\"field_8_6\" class=\"gfield gfield--type-select gfield--input-type-select gfield--width-full gfield_contains_required field_sublabel_below gfield--no-description field_description_below field_validation_below gfield_visibility_visible\"  ><label class='gfield_label gform-field-label' for='input_8_6'>Comment pouvons-nous vous aider?<span class=\"gfield_required\"><span class=\"gfield_required gfield_required_custom\">(obligatoire)<\/span><\/span><\/label><div class='ginput_container ginput_container_select'><select name='input_6' id='input_8_6' class='large gfield_select'    aria-required=\"true\" aria-invalid=\"false\" ><option value='Souhaitez-vous prendre rendez-vous?' >Souhaitez-vous prendre rendez-vous?<\/option><option value='Avez-vous une question concernant le paiement ?' >Avez-vous une question concernant le paiement ?<\/option><option value='Avez-vous une question et souhaitez-vous que quelqu&#039;un vous appelle ?' >Avez-vous une question et souhaitez-vous que quelqu&#039;un vous appelle ?<\/option><option value='Avez-vous une question et souhaitez-vous que quelqu&#039;un vous envoie un e-mail ?' >Avez-vous une question et souhaitez-vous que quelqu&#039;un vous envoie un e-mail ?<\/option><\/select><\/div><\/li><li id=\"field_8_4\" class=\"gfield gfield--type-textarea gfield--input-type-textarea gfield_contains_required field_sublabel_below gfield--no-description field_description_below field_validation_below gfield_visibility_visible\"  ><label class='gfield_label gform-field-label' for='input_8_4'>Message &lt;small&gt;- Veuillez ne pas fournir d&#039;informations m\u00e9dicales dans ce formulaire. Nous collecterons vos informations m\u00e9dicales par t\u00e9l\u00e9phone ou lors de votre rendez-vous.&lt;\/small&gt;<span class=\"gfield_required\"><span class=\"gfield_required gfield_required_custom\">(obligatoire)<\/span><\/span><\/label><div class='ginput_container ginput_container_textarea'><textarea name='input_4' id='input_8_4' class='textarea medium'     aria-required=\"true\" aria-invalid=\"false\"   rows='10' cols='50'><\/textarea><\/div><\/li><li id=\"field_8_5\" class=\"gfield gfield--type-html gfield--input-type-html gfield--width-full gfield_html gfield_html_formatted gfield_no_follows_desc field_sublabel_below gfield--no-description field_description_below field_validation_below gfield_visibility_visible\"  ><p class=\"mt-3\"><small>En utilisant ce formulaire, vous acceptez le stockage et le traitement de vos donn\u00e9es par ce site web conform\u00e9ment \u00e0 notre <a href=\"https:\/\/liversurgeryny.com\/privacy-policy-medical-disclaimer\/\">politique de confidentialit\u00e9<\/a>. Ce site est prot\u00e9g\u00e9 par Cloudflare Turnstile et la <a href=\"https:\/\/www.cloudflare.com\/turnstile-privacy-policy\/\" target=\"_blank\">politique de confidentialit\u00e9<\/a> ainsi que les <a href=\"https:\/\/www.cloudflare.com\/website-terms\/\" target=\"_blank\">conditions d\u2019utilisation<\/a> de Cloudflare s\u2019appliquent.<\/small><\/p><\/li><li id=\"field_8_8\" class=\"gfield gfield--type-turnstile gfield--input-type-turnstile gfield--width-full field_sublabel_below gfield--no-description field_description_below field_validation_below gfield_visibility_visible\"  ><div class='ginput_container ginput_container_turnstile'><div class=\"cf-turnstile\" id=\"cf-turnstile_8\" data-js-turnstile data-response-field-name=\"cf-turnstile-response_8\" data-theme=\"auto\" data-sitekey=\"0x4AAAAAACE663i5xXGN3BNe\"><\/div><\/div><\/li><\/ul><\/div>\n        <div class='gform-footer gform_footer top_label'> <input type=\"submit\" id=\"gform_submit_button_8\" class=\"gform_button button btn btn-primary\" onclick=\"gform.submission.handleButtonClick(this);\" data-submission-type=\"submit\" value=\"Soumettre\"> \n            <input type='hidden' class='gform_hidden' name='gform_submission_method' data-js='gform_submission_method_8' value='postback' \/>\n            <input type='hidden' class='gform_hidden' name='gform_theme' data-js='gform_theme_8' id='gform_theme_8' value='legacy' \/>\n            <input type='hidden' class='gform_hidden' name='gform_style_settings' data-js='gform_style_settings_8' id='gform_style_settings_8' value='[]' \/>\n            <input type='hidden' class='gform_hidden' name='is_submit_8' value='1' \/>\n            <input type='hidden' class='gform_hidden' name='gform_submit' value='8' \/>\n            \n            <input type='hidden' class='gform_hidden' name='gform_unique_id' value='' \/>\n            <input type='hidden' class='gform_hidden' name='state_8' value='WyJbXSIsImM2MDE0ZWE3MWI1Y2Y0ZDZjNTM3N2FhNGZjNmYzOWNmIl0=' \/>\n            <input type='hidden' autocomplete='off' class='gform_hidden' name='gform_target_page_number_8' id='gform_target_page_number_8' value='0' \/>\n            <input type='hidden' autocomplete='off' class='gform_hidden' name='gform_source_page_number_8' id='gform_source_page_number_8' value='1' \/>\n            <input type='hidden' name='gform_field_values' value='' \/>\n            \n        <\/div>\n                        <\/form>\n                        <\/div><script type=\"text\/javascript\">\n\/* <![CDATA[ *\/\n gform.initializeOnLoaded( function() {gformInitSpinner( 8, 'https:\/\/liversurgeryny.com\/wp-content\/plugins\/gravityforms\/images\/spinner.svg', true );jQuery('#gform_ajax_frame_8').on('load',function(){var contents = jQuery(this).contents().find('*').html();var is_postback = contents.indexOf('GF_AJAX_POSTBACK') >= 0;if(!is_postback){return;}var form_content = jQuery(this).contents().find('#gform_wrapper_8');var is_confirmation = jQuery(this).contents().find('#gform_confirmation_wrapper_8').length > 0;var is_redirect = contents.indexOf('gformRedirect(){') >= 0;var is_form = form_content.length > 0 && ! is_redirect && ! is_confirmation;var mt = parseInt(jQuery('html').css('margin-top'), 10) + parseInt(jQuery('body').css('margin-top'), 10) + 100;if(is_form){jQuery('#gform_wrapper_8').html(form_content.html());if(form_content.hasClass('gform_validation_error')){jQuery('#gform_wrapper_8').addClass('gform_validation_error');} else {jQuery('#gform_wrapper_8').removeClass('gform_validation_error');}setTimeout( function() { \/* delay the scroll by 50 milliseconds to fix a bug in chrome *\/  }, 50 );if(window['gformInitDatepicker']) {gformInitDatepicker();}if(window['gformInitPriceFields']) {gformInitPriceFields();}var current_page = jQuery('#gform_source_page_number_8').val();gformInitSpinner( 8, 'https:\/\/liversurgeryny.com\/wp-content\/plugins\/gravityforms\/images\/spinner.svg', true );jQuery(document).trigger('gform_page_loaded', [8, current_page]);window['gf_submitting_8'] = false;}else if(!is_redirect){var confirmation_content = jQuery(this).contents().find('.GF_AJAX_POSTBACK').html();if(!confirmation_content){confirmation_content = contents;}jQuery('#gform_wrapper_8').replaceWith(confirmation_content);jQuery(document).trigger('gform_confirmation_loaded', [8]);window['gf_submitting_8'] = false;wp.a11y.speak(jQuery('#gform_confirmation_message_8').text());}else{jQuery('#gform_8').append(contents);if(window['gformRedirect']) {gformRedirect();}}jQuery(document).trigger(\"gform_pre_post_render\", [{ formId: \"8\", currentPage: \"current_page\", abort: function() { this.preventDefault(); } }]);        if (event && event.defaultPrevented) {                return;        }        const gformWrapperDiv = document.getElementById( \"gform_wrapper_8\" );        if ( gformWrapperDiv ) {            const visibilitySpan = document.createElement( \"span\" );            visibilitySpan.id = \"gform_visibility_test_8\";            gformWrapperDiv.insertAdjacentElement( \"afterend\", visibilitySpan );        }        const visibilityTestDiv = document.getElementById( \"gform_visibility_test_8\" );        let postRenderFired = false;        function triggerPostRender() {            if ( postRenderFired ) {                return;            }            postRenderFired = true;            gform.core.triggerPostRenderEvents( 8, current_page );            if ( visibilityTestDiv ) {                visibilityTestDiv.parentNode.removeChild( visibilityTestDiv );            }        }        function debounce( func, wait, immediate ) {            var timeout;            return function() {                var context = this, args = arguments;                var later = function() {                    timeout = null;                    if ( !immediate ) func.apply( context, args );                };                var callNow = immediate && !timeout;                clearTimeout( timeout );                timeout = setTimeout( later, wait );                if ( callNow ) func.apply( context, args );            };        }        const debouncedTriggerPostRender = debounce( function() {            triggerPostRender();        }, 200 );        if ( visibilityTestDiv && visibilityTestDiv.offsetParent === null ) {            const observer = new MutationObserver( ( mutations ) => {                mutations.forEach( ( mutation ) => {                    if ( mutation.type === 'attributes' && visibilityTestDiv.offsetParent !== null ) {                        debouncedTriggerPostRender();                        observer.disconnect();                    }                });            });            observer.observe( document.body, {                attributes: true,                childList: false,                subtree: true,                attributeFilter: [ 'style', 'class' ],            });        } else {            triggerPostRender();        }    } );} ); \n\/* ]]> *\/\n<\/script>\n\n","protected":false},"excerpt":{"rendered":"<p>Laissez-nous un message<\/p>\n","protected":false},"author":1,"featured_media":0,"parent":0,"menu_order":0,"comment_status":"closed","ping_status":"closed","template":"template-contact.php","meta":{"_acf_changed":false,"footnotes":""},"class_list":["post-2578","page","type-page","status-publish"],"acf":[],"yoast_head":"<!-- This site is optimized with the Yoast SEO plugin v26.6 - https:\/\/yoast.com\/wordpress\/plugins\/seo\/ -->\n<title>Contactez-nous - Horaires, T\u00e9l\u00e9phone et Adresse | Chirurgien Oncologue du Foie et du Pancr\u00e9as \u00e0 New York<\/title>\n<meta name=\"description\" content=\"D\u00e9couvrez nos horaires d&#039;ouverture, contactez-nous par t\u00e9l\u00e9phone au (212) 434-6216, et visitez notre bureau situ\u00e9 au 186 E 76th Street, New York, NY 10021. Rencontrez le chirurgien oncologue de renom pour le foie et le pancr\u00e9as, le Dr. Dmitri Alden. Une \u00e9quipe d\u00e9vou\u00e9e pour des soins de qualit\u00e9.\" \/>\n<meta name=\"robots\" content=\"index, follow, max-snippet:-1, max-image-preview:large, max-video-preview:-1\" \/>\n<link rel=\"canonical\" href=\"https:\/\/liversurgeryny.com\/fr\/contactez-nous\/\" \/>\n<meta property=\"og:locale\" content=\"fr_FR\" \/>\n<meta property=\"og:type\" content=\"article\" \/>\n<meta property=\"og:title\" content=\"Contactez-nous - Horaires, T\u00e9l\u00e9phone et Adresse | Chirurgien Oncologue du Foie et du Pancr\u00e9as \u00e0 New York\" \/>\n<meta property=\"og:description\" content=\"D\u00e9couvrez nos horaires d&#039;ouverture, contactez-nous par t\u00e9l\u00e9phone au (212) 434-6216, et visitez notre bureau situ\u00e9 au 186 E 76th Street, New York, NY 10021. Rencontrez le chirurgien oncologue de renom pour le foie et le pancr\u00e9as, le Dr. Dmitri Alden. Une \u00e9quipe d\u00e9vou\u00e9e pour des soins de qualit\u00e9.\" \/>\n<meta property=\"og:url\" content=\"https:\/\/liversurgeryny.com\/fr\/contactez-nous\/\" \/>\n<meta property=\"og:site_name\" content=\"Dmitri Alden, MD, FACS\" \/>\n<meta property=\"article:modified_time\" content=\"2024-01-18T13:57:31+00:00\" \/>\n<meta property=\"og:image\" content=\"https:\/\/liversurgeryny.com\/wp-content\/uploads\/2022\/09\/background-2.jpg\" \/>\n<meta name=\"twitter:card\" content=\"summary_large_image\" \/>\n<meta name=\"twitter:image\" content=\"https:\/\/liversurgeryny.com\/wp-content\/uploads\/2022\/09\/background-2.jpg\" \/>\n<meta name=\"twitter:label1\" content=\"Dur\u00e9e de lecture estim\u00e9e\" \/>\n\t<meta name=\"twitter:data1\" content=\"1 minute\" \/>\n<!-- \/ Yoast SEO plugin. -->","yoast_head_json":{"title":"Contactez-nous - Horaires, T\u00e9l\u00e9phone et Adresse | Chirurgien Oncologue du Foie et du Pancr\u00e9as \u00e0 New York","description":"D\u00e9couvrez nos horaires d'ouverture, contactez-nous par t\u00e9l\u00e9phone au (212) 434-6216, et visitez notre bureau situ\u00e9 au 186 E 76th Street, New York, NY 10021. Rencontrez le chirurgien oncologue de renom pour le foie et le pancr\u00e9as, le Dr. Dmitri Alden. Une \u00e9quipe d\u00e9vou\u00e9e pour des soins de qualit\u00e9.","robots":{"index":"index","follow":"follow","max-snippet":"max-snippet:-1","max-image-preview":"max-image-preview:large","max-video-preview":"max-video-preview:-1"},"canonical":"https:\/\/liversurgeryny.com\/fr\/contactez-nous\/","og_locale":"fr_FR","og_type":"article","og_title":"Contactez-nous - Horaires, T\u00e9l\u00e9phone et Adresse | Chirurgien Oncologue du Foie et du Pancr\u00e9as \u00e0 New York","og_description":"D\u00e9couvrez nos horaires d'ouverture, contactez-nous par t\u00e9l\u00e9phone au (212) 434-6216, et visitez notre bureau situ\u00e9 au 186 E 76th Street, New York, NY 10021. Rencontrez le chirurgien oncologue de renom pour le foie et le pancr\u00e9as, le Dr. Dmitri Alden. Une \u00e9quipe d\u00e9vou\u00e9e pour des soins de qualit\u00e9.","og_url":"https:\/\/liversurgeryny.com\/fr\/contactez-nous\/","og_site_name":"Dmitri Alden, MD, FACS","article_modified_time":"2024-01-18T13:57:31+00:00","og_image":[{"url":"https:\/\/liversurgeryny.com\/wp-content\/uploads\/2022\/09\/background-2.jpg","type":"","width":"","height":""}],"twitter_card":"summary_large_image","twitter_image":"https:\/\/liversurgeryny.com\/wp-content\/uploads\/2022\/09\/background-2.jpg","twitter_misc":{"Dur\u00e9e de lecture estim\u00e9e":"1 minute"},"schema":{"@context":"https:\/\/schema.org","@graph":[{"@type":"WebPage","@id":"https:\/\/liversurgeryny.com\/fr\/contactez-nous\/","url":"https:\/\/liversurgeryny.com\/fr\/contactez-nous\/","name":"Contactez-nous - Horaires, T\u00e9l\u00e9phone et Adresse | Chirurgien Oncologue du Foie et du Pancr\u00e9as \u00e0 New York","isPartOf":{"@id":"https:\/\/liversurgeryny.com\/#website"},"datePublished":"2018-03-19T21:30:01+00:00","dateModified":"2024-01-18T13:57:31+00:00","description":"D\u00e9couvrez nos horaires d'ouverture, contactez-nous par t\u00e9l\u00e9phone au (212) 434-6216, et visitez notre bureau situ\u00e9 au 186 E 76th Street, New York, NY 10021. Rencontrez le chirurgien oncologue de renom pour le foie et le pancr\u00e9as, le Dr. Dmitri Alden. Une \u00e9quipe d\u00e9vou\u00e9e pour des soins de qualit\u00e9.","breadcrumb":{"@id":"https:\/\/liversurgeryny.com\/fr\/contactez-nous\/#breadcrumb"},"inLanguage":"fr-FR","potentialAction":[{"@type":"ReadAction","target":["https:\/\/liversurgeryny.com\/fr\/contactez-nous\/"]}]},{"@type":"BreadcrumbList","@id":"https:\/\/liversurgeryny.com\/fr\/contactez-nous\/#breadcrumb","itemListElement":[{"@type":"ListItem","position":1,"name":"Home","item":"https:\/\/liversurgeryny.com\/fr\/"},{"@type":"ListItem","position":2,"name":"Contact"}]},{"@type":"WebSite","@id":"https:\/\/liversurgeryny.com\/#website","url":"https:\/\/liversurgeryny.com\/","name":"Dmitri Alden, MD, FACS","description":"","potentialAction":[{"@type":"SearchAction","target":{"@type":"EntryPoint","urlTemplate":"https:\/\/liversurgeryny.com\/?s={search_term_string}"},"query-input":{"@type":"PropertyValueSpecification","valueRequired":true,"valueName":"search_term_string"}}],"inLanguage":"fr-FR"}]}},"_links":{"self":[{"href":"https:\/\/liversurgeryny.com\/fr\/wp-json\/wp\/v2\/pages\/2578","targetHints":{"allow":["GET"]}}],"collection":[{"href":"https:\/\/liversurgeryny.com\/fr\/wp-json\/wp\/v2\/pages"}],"about":[{"href":"https:\/\/liversurgeryny.com\/fr\/wp-json\/wp\/v2\/types\/page"}],"author":[{"embeddable":true,"href":"https:\/\/liversurgeryny.com\/fr\/wp-json\/wp\/v2\/users\/1"}],"replies":[{"embeddable":true,"href":"https:\/\/liversurgeryny.com\/fr\/wp-json\/wp\/v2\/comments?post=2578"}],"version-history":[{"count":4,"href":"https:\/\/liversurgeryny.com\/fr\/wp-json\/wp\/v2\/pages\/2578\/revisions"}],"predecessor-version":[{"id":2682,"href":"https:\/\/liversurgeryny.com\/fr\/wp-json\/wp\/v2\/pages\/2578\/revisions\/2682"}],"wp:attachment":[{"href":"https:\/\/liversurgeryny.com\/fr\/wp-json\/wp\/v2\/media?parent=2578"}],"curies":[{"name":"wp","href":"https:\/\/api.w.org\/{rel}","templated":true}]}}