{"id":2524,"date":"2018-01-11T12:01:08","date_gmt":"2018-01-11T17:01:08","guid":{"rendered":"https:\/\/liversurgeryny.com\/home\/"},"modified":"2024-01-22T10:17:02","modified_gmt":"2024-01-22T15:17:02","slug":"home","status":"publish","type":"page","link":"https:\/\/liversurgeryny.com\/fr\/","title":{"rendered":"Welcome"},"content":{"rendered":"","protected":false},"excerpt":{"rendered":"","protected":false},"author":1,"featured_media":2526,"parent":0,"menu_order":-1,"comment_status":"closed","ping_status":"closed","template":"template-landing.php","meta":{"_acf_changed":false,"footnotes":""},"class_list":["post-2524","page","type-page","status-publish","has-post-thumbnail"],"acf":[],"yoast_head":"<!-- This site is optimized with the Yoast SEO plugin v27.4 - https:\/\/yoast.com\/product\/yoast-seo-wordpress\/ -->\n<title>Dmitri Alden, MD: Chirurgien Oncologue du Foie, Pancr\u00e9as et Voies Biliaires \u00e0 New York<\/title>\n<meta name=\"description\" content=\"D\u00e9couvrez le Dr. Dmitri Alden, oncologue chirurgical renomm\u00e9 \u00e0 New York. Sp\u00e9cialiste de la chirurgie du foie, pancr\u00e9as et voies biliaires, le Dr. Alden offre des traitements avanc\u00e9s, dont la chirurgie robotique. Consultations en cabinet et \u00e0 distance disponibles. Consid\u00e9r\u00e9 par le New York Magazine parmi les 100 meilleurs m\u00e9decins depuis 2015. Profitez d&#039;une approche personnalis\u00e9e, des derni\u00e8res avanc\u00e9es m\u00e9dicales et d&#039;une \u00e9quipe d\u00e9di\u00e9e pour des r\u00e9sultats exceptionnels.\" \/>\n<meta name=\"robots\" content=\"index, follow, max-snippet:-1, max-image-preview:large, max-video-preview:-1\" \/>\n<link rel=\"canonical\" href=\"https:\/\/liversurgeryny.com\/fr\/\" \/>\n<meta property=\"og:locale\" content=\"fr_FR\" \/>\n<meta property=\"og:type\" content=\"article\" \/>\n<meta property=\"og:title\" content=\"Dmitri Alden, MD: Chirurgien Oncologue du Foie, Pancr\u00e9as et Voies Biliaires \u00e0 New York\" \/>\n<meta property=\"og:description\" content=\"D\u00e9couvrez le Dr. Dmitri Alden, oncologue chirurgical renomm\u00e9 \u00e0 New York. Sp\u00e9cialiste de la chirurgie du foie, pancr\u00e9as et voies biliaires, le Dr. Alden offre des traitements avanc\u00e9s, dont la chirurgie robotique. Consultations en cabinet et \u00e0 distance disponibles. Consid\u00e9r\u00e9 par le New York Magazine parmi les 100 meilleurs m\u00e9decins depuis 2015. Profitez d&#039;une approche personnalis\u00e9e, des derni\u00e8res avanc\u00e9es m\u00e9dicales et d&#039;une \u00e9quipe d\u00e9di\u00e9e pour des r\u00e9sultats exceptionnels.\" \/>\n<meta property=\"og:url\" content=\"https:\/\/liversurgeryny.com\/fr\/\" \/>\n<meta property=\"og:site_name\" content=\"Dmitri Alden, MD, FACS\" \/>\n<meta property=\"article:modified_time\" content=\"2024-01-22T15:17:02+00:00\" \/>\n<meta property=\"og:image\" content=\"https:\/\/liversurgeryny.com\/wp-content\/uploads\/2022\/09\/background-2.jpg\" \/>\n<meta name=\"twitter:card\" content=\"summary_large_image\" \/>\n<meta name=\"twitter:image\" content=\"https:\/\/liversurgeryny.com\/wp-content\/uploads\/2022\/09\/background-2.jpg\" \/>\n<meta name=\"twitter:label1\" content=\"Dur\u00e9e de lecture estim\u00e9e\" \/>\n\t<meta name=\"twitter:data1\" content=\"1 minute\" \/>\n<!-- \/ Yoast SEO plugin. -->","yoast_head_json":{"title":"Dmitri Alden, MD: Chirurgien Oncologue du Foie, Pancr\u00e9as et Voies Biliaires \u00e0 New York","description":"D\u00e9couvrez le Dr. Dmitri Alden, oncologue chirurgical renomm\u00e9 \u00e0 New York. Sp\u00e9cialiste de la chirurgie du foie, pancr\u00e9as et voies biliaires, le Dr. Alden offre des traitements avanc\u00e9s, dont la chirurgie robotique. Consultations en cabinet et \u00e0 distance disponibles. Consid\u00e9r\u00e9 par le New York Magazine parmi les 100 meilleurs m\u00e9decins depuis 2015. Profitez d'une approche personnalis\u00e9e, des derni\u00e8res avanc\u00e9es m\u00e9dicales et d'une \u00e9quipe d\u00e9di\u00e9e pour des r\u00e9sultats exceptionnels.","robots":{"index":"index","follow":"follow","max-snippet":"max-snippet:-1","max-image-preview":"max-image-preview:large","max-video-preview":"max-video-preview:-1"},"canonical":"https:\/\/liversurgeryny.com\/fr\/","og_locale":"fr_FR","og_type":"article","og_title":"Dmitri Alden, MD: Chirurgien Oncologue du Foie, Pancr\u00e9as et Voies Biliaires \u00e0 New York","og_description":"D\u00e9couvrez le Dr. Dmitri Alden, oncologue chirurgical renomm\u00e9 \u00e0 New York. Sp\u00e9cialiste de la chirurgie du foie, pancr\u00e9as et voies biliaires, le Dr. Alden offre des traitements avanc\u00e9s, dont la chirurgie robotique. Consultations en cabinet et \u00e0 distance disponibles. Consid\u00e9r\u00e9 par le New York Magazine parmi les 100 meilleurs m\u00e9decins depuis 2015. Profitez d'une approche personnalis\u00e9e, des derni\u00e8res avanc\u00e9es m\u00e9dicales et d'une \u00e9quipe d\u00e9di\u00e9e pour des r\u00e9sultats exceptionnels.","og_url":"https:\/\/liversurgeryny.com\/fr\/","og_site_name":"Dmitri Alden, MD, FACS","article_modified_time":"2024-01-22T15:17:02+00:00","og_image":[{"url":"https:\/\/liversurgeryny.com\/wp-content\/uploads\/2022\/09\/background-2.jpg","type":"","width":"","height":""}],"twitter_card":"summary_large_image","twitter_image":"https:\/\/liversurgeryny.com\/wp-content\/uploads\/2022\/09\/background-2.jpg","twitter_misc":{"Dur\u00e9e de lecture estim\u00e9e":"1 minute"},"schema":{"@context":"https:\/\/schema.org","@graph":[{"@type":"WebPage","@id":"https:\/\/liversurgeryny.com\/fr\/","url":"https:\/\/liversurgeryny.com\/fr\/","name":"Dmitri Alden, MD: Chirurgien Oncologue du Foie, Pancr\u00e9as et Voies Biliaires \u00e0 New York","isPartOf":{"@id":"https:\/\/liversurgeryny.com\/#website"},"primaryImageOfPage":{"@id":"https:\/\/liversurgeryny.com\/fr\/#primaryimage"},"image":{"@id":"https:\/\/liversurgeryny.com\/fr\/#primaryimage"},"thumbnailUrl":"https:\/\/liversurgeryny.com\/wp-content\/uploads\/2022\/09\/background-2.jpg","datePublished":"2018-01-11T17:01:08+00:00","dateModified":"2024-01-22T15:17:02+00:00","description":"D\u00e9couvrez le Dr. Dmitri Alden, oncologue chirurgical renomm\u00e9 \u00e0 New York. Sp\u00e9cialiste de la chirurgie du foie, pancr\u00e9as et voies biliaires, le Dr. Alden offre des traitements avanc\u00e9s, dont la chirurgie robotique. Consultations en cabinet et \u00e0 distance disponibles. Consid\u00e9r\u00e9 par le New York Magazine parmi les 100 meilleurs m\u00e9decins depuis 2015. Profitez d'une approche personnalis\u00e9e, des derni\u00e8res avanc\u00e9es m\u00e9dicales et d'une \u00e9quipe d\u00e9di\u00e9e pour des r\u00e9sultats exceptionnels.","breadcrumb":{"@id":"https:\/\/liversurgeryny.com\/fr\/#breadcrumb"},"inLanguage":"fr-FR","potentialAction":[{"@type":"ReadAction","target":["https:\/\/liversurgeryny.com\/fr\/"]}]},{"@type":"ImageObject","inLanguage":"fr-FR","@id":"https:\/\/liversurgeryny.com\/fr\/#primaryimage","url":"https:\/\/liversurgeryny.com\/wp-content\/uploads\/2022\/09\/background-2.jpg","contentUrl":"https:\/\/liversurgeryny.com\/wp-content\/uploads\/2022\/09\/background-2.jpg","width":1920,"height":1264,"caption":"New York"},{"@type":"BreadcrumbList","@id":"https:\/\/liversurgeryny.com\/fr\/#breadcrumb","itemListElement":[{"@type":"ListItem","position":1,"name":"Home","item":"https:\/\/liversurgeryny.com\/fr\/"},{"@type":"ListItem","position":2,"name":"Welcome"}]},{"@type":"WebSite","@id":"https:\/\/liversurgeryny.com\/#website","url":"https:\/\/liversurgeryny.com\/","name":"Dmitri Alden, MD, FACS","description":"","potentialAction":[{"@type":"SearchAction","target":{"@type":"EntryPoint","urlTemplate":"https:\/\/liversurgeryny.com\/?s={search_term_string}"},"query-input":{"@type":"PropertyValueSpecification","valueRequired":true,"valueName":"search_term_string"}}],"inLanguage":"fr-FR"}]}},"_links":{"self":[{"href":"https:\/\/liversurgeryny.com\/fr\/wp-json\/wp\/v2\/pages\/2524","targetHints":{"allow":["GET"]}}],"collection":[{"href":"https:\/\/liversurgeryny.com\/fr\/wp-json\/wp\/v2\/pages"}],"about":[{"href":"https:\/\/liversurgeryny.com\/fr\/wp-json\/wp\/v2\/types\/page"}],"author":[{"embeddable":true,"href":"https:\/\/liversurgeryny.com\/fr\/wp-json\/wp\/v2\/users\/1"}],"replies":[{"embeddable":true,"href":"https:\/\/liversurgeryny.com\/fr\/wp-json\/wp\/v2\/comments?post=2524"}],"version-history":[{"count":5,"href":"https:\/\/liversurgeryny.com\/fr\/wp-json\/wp\/v2\/pages\/2524\/revisions"}],"predecessor-version":[{"id":2646,"href":"https:\/\/liversurgeryny.com\/fr\/wp-json\/wp\/v2\/pages\/2524\/revisions\/2646"}],"wp:featuredmedia":[{"embeddable":true,"href":"https:\/\/liversurgeryny.com\/fr\/wp-json\/wp\/v2\/media\/2526"}],"wp:attachment":[{"href":"https:\/\/liversurgeryny.com\/fr\/wp-json\/wp\/v2\/media?parent=2524"}],"curies":[{"name":"wp","href":"https:\/\/api.w.org\/{rel}","templated":true}]}}