{"id":2328,"date":"2018-04-11T12:00:07","date_gmt":"2018-04-11T17:00:07","guid":{"rendered":"https:\/\/liversurgeryny.com\/sitemap\/"},"modified":"2024-01-05T06:24:06","modified_gmt":"2024-01-05T11:24:06","slug":"sitemap","status":"publish","type":"page","link":"https:\/\/liversurgeryny.com\/es\/sitemap\/","title":{"rendered":"Sitemap"},"content":{"rendered":"<ul><li><a href=\"https:\/\/liversurgeryny.com\/es\/\">Portada<\/a><li class=\"page_item page-item-2871\"><a href=\"https:\/\/liversurgeryny.com\/es\/thank-you\/\">\u00a1Gracias!<\/a><\/li>\n<li class=\"page_item page-item-2258\"><a href=\"https:\/\/liversurgeryny.com\/es\/accessibility-policy\/\">Accessibility Policy es<\/a><\/li>\n<li class=\"page_item page-item-2281\"><a href=\"https:\/\/liversurgeryny.com\/es\/cancer-de-glandula-suprarrenal\/\">C\u00e1ncer de gl\u00e1ndula suprarrenal<\/a><\/li>\n<li class=\"page_item page-item-2293\"><a href=\"https:\/\/liversurgeryny.com\/es\/cirujano-cancer-ovario-nueva-york\/\">C\u00e1ncer de ovario metast\u00e1sico<\/a><\/li>\n<li class=\"page_item page-item-2284\"><a href=\"https:\/\/liversurgeryny.com\/es\/cancer-de-vesicula-biliar\/\">C\u00e1ncer de ves\u00edcula biliar<\/a><\/li>\n<li class=\"page_item page-item-2265\"><a href=\"https:\/\/liversurgeryny.com\/es\/cirugia-laparoscopica-y-robotica-de-cancer\/\">Cirug\u00eda laparosc\u00f3pica y rob\u00f3tica de c\u00e1ncer<\/a><\/li>\n<li class=\"page_item page-item-2287\"><a href=\"https:\/\/liversurgeryny.com\/es\/cirujano-cancer-higado-nueva-york\/\">Cirug\u00eda para el c\u00e1ncer de h\u00edgado<\/a><\/li>\n<li class=\"page_item page-item-2296 page_item_has_children\"><a href=\"https:\/\/liversurgeryny.com\/es\/cirugia-para-pancreas\/\">Cirug\u00eda para p\u00e1ncreas<\/a>\n<ul class='children'>\n\t<li class=\"page_item page-item-2272\"><a href=\"https:\/\/liversurgeryny.com\/es\/cirugia-para-pancreas\/procedimiento-de-whipple-totalmente-robotizado\/\">Procedimiento de Whipple totalmente robotizado<\/a><\/li>\n<\/ul>\n<\/li>\n<li class=\"page_item page-item-2278\"><a href=\"https:\/\/liversurgeryny.com\/es\/cirugia-robotica-para-el-cancer-de-colon\/\">Cirug\u00eda rob\u00f3tica para el c\u00e1ncer de colon<\/a><\/li>\n<li class=\"page_item page-item-2275\"><a href=\"https:\/\/liversurgeryny.com\/es\/colecistectomia-robotica\/\">Colecistectom\u00eda rob\u00f3tica<\/a><\/li>\n<li class=\"page_item page-item-2330\"><a href=\"https:\/\/liversurgeryny.com\/es\/request-a-consultation\/\">Consulta Presencial<\/a><\/li>\n<li class=\"page_item page-item-2547\"><a href=\"https:\/\/liversurgeryny.com\/es\/consultas-virtuales-cirujano-cancer-higado-pancreas-categoria-mundial\/\">Consultas virtuales<\/a><\/li>\n<li class=\"page_item page-item-2342\"><a href=\"https:\/\/liversurgeryny.com\/es\/contact\/\">Contacto<\/a><\/li>\n<li class=\"page_item page-item-2343\"><a href=\"https:\/\/liversurgeryny.com\/es\/privacy-policy-medical-disclaimer\/\">Privacy Policy\/Medical Disclaimer<\/a><\/li>\n<li class=\"page_item page-item-2290\"><a href=\"https:\/\/liversurgeryny.com\/es\/regeneracion-crecimiento-higado\/\">Regeneraci\u00f3n\/crecimiento de h\u00edgado<\/a><\/li>\n<li class=\"page_item page-item-2269\"><a href=\"https:\/\/liversurgeryny.com\/es\/reseccion-robotica-de-higado-con-da-vinci-xi\/\">Resecci\u00f3n rob\u00f3tica de h\u00edgado con Da Vinci Xi\u2122<\/a><\/li>\n<li class=\"page_item page-item-2328\"><a href=\"https:\/\/liversurgeryny.com\/es\/sitemap\/\">Sitemap<\/a><\/li>\n<li><a href=\"https:\/\/liversurgeryny.com\/blog\/\">Blog<\/a><\/li><\/ul>\n","protected":false},"excerpt":{"rendered":"","protected":false},"author":1,"featured_media":0,"parent":0,"menu_order":0,"comment_status":"closed","ping_status":"closed","template":"","meta":{"_acf_changed":false,"footnotes":""},"class_list":["post-2328","page","type-page","status-publish"],"acf":[],"yoast_head":"<!-- This site is optimized with the Yoast SEO plugin v27.4 - https:\/\/yoast.com\/product\/yoast-seo-wordpress\/ -->\n<title>Sitemap | Dmitri Alden, MD, FACS<\/title>\n<meta name=\"robots\" content=\"index, follow, max-snippet:-1, max-image-preview:large, max-video-preview:-1\" \/>\n<link rel=\"canonical\" href=\"https:\/\/liversurgeryny.com\/es\/sitemap\/\" \/>\n<meta property=\"og:locale\" content=\"es_ES\" \/>\n<meta property=\"og:type\" content=\"article\" \/>\n<meta property=\"og:title\" content=\"Sitemap | Dmitri Alden, MD, FACS\" \/>\n<meta property=\"og:url\" content=\"https:\/\/liversurgeryny.com\/es\/sitemap\/\" \/>\n<meta property=\"og:site_name\" content=\"Dmitri Alden, MD, FACS\" \/>\n<meta property=\"article:modified_time\" content=\"2024-01-05T11:24:06+00:00\" \/>\n<meta property=\"og:image\" content=\"https:\/\/liversurgeryny.com\/wp-content\/uploads\/2022\/09\/background-2.jpg\" \/>\n<meta name=\"twitter:card\" content=\"summary_large_image\" \/>\n<meta name=\"twitter:image\" content=\"https:\/\/liversurgeryny.com\/wp-content\/uploads\/2022\/09\/background-2.jpg\" \/>\n<meta name=\"twitter:label1\" content=\"Tiempo de lectura\" \/>\n\t<meta name=\"twitter:data1\" content=\"1 minuto\" \/>\n<!-- \/ Yoast SEO plugin. -->","yoast_head_json":{"title":"Sitemap | Dmitri Alden, MD, FACS","robots":{"index":"index","follow":"follow","max-snippet":"max-snippet:-1","max-image-preview":"max-image-preview:large","max-video-preview":"max-video-preview:-1"},"canonical":"https:\/\/liversurgeryny.com\/es\/sitemap\/","og_locale":"es_ES","og_type":"article","og_title":"Sitemap | Dmitri Alden, MD, FACS","og_url":"https:\/\/liversurgeryny.com\/es\/sitemap\/","og_site_name":"Dmitri Alden, MD, FACS","article_modified_time":"2024-01-05T11:24:06+00:00","og_image":[{"url":"https:\/\/liversurgeryny.com\/wp-content\/uploads\/2022\/09\/background-2.jpg","type":"","width":"","height":""}],"twitter_card":"summary_large_image","twitter_image":"https:\/\/liversurgeryny.com\/wp-content\/uploads\/2022\/09\/background-2.jpg","twitter_misc":{"Tiempo de lectura":"1 minuto"},"schema":{"@context":"https:\/\/schema.org","@graph":[{"@type":"WebPage","@id":"https:\/\/liversurgeryny.com\/es\/sitemap\/","url":"https:\/\/liversurgeryny.com\/es\/sitemap\/","name":"Sitemap | Dmitri Alden, MD, FACS","isPartOf":{"@id":"https:\/\/liversurgeryny.com\/#website"},"datePublished":"2018-04-11T17:00:07+00:00","dateModified":"2024-01-05T11:24:06+00:00","breadcrumb":{"@id":"https:\/\/liversurgeryny.com\/es\/sitemap\/#breadcrumb"},"inLanguage":"es","potentialAction":[{"@type":"ReadAction","target":["https:\/\/liversurgeryny.com\/es\/sitemap\/"]}]},{"@type":"BreadcrumbList","@id":"https:\/\/liversurgeryny.com\/es\/sitemap\/#breadcrumb","itemListElement":[{"@type":"ListItem","position":1,"name":"Home","item":"https:\/\/liversurgeryny.com\/es\/"},{"@type":"ListItem","position":2,"name":"Sitemap"}]},{"@type":"WebSite","@id":"https:\/\/liversurgeryny.com\/#website","url":"https:\/\/liversurgeryny.com\/","name":"Dmitri Alden, MD, FACS","description":"","potentialAction":[{"@type":"SearchAction","target":{"@type":"EntryPoint","urlTemplate":"https:\/\/liversurgeryny.com\/?s={search_term_string}"},"query-input":{"@type":"PropertyValueSpecification","valueRequired":true,"valueName":"search_term_string"}}],"inLanguage":"es"}]}},"_links":{"self":[{"href":"https:\/\/liversurgeryny.com\/es\/wp-json\/wp\/v2\/pages\/2328","targetHints":{"allow":["GET"]}}],"collection":[{"href":"https:\/\/liversurgeryny.com\/es\/wp-json\/wp\/v2\/pages"}],"about":[{"href":"https:\/\/liversurgeryny.com\/es\/wp-json\/wp\/v2\/types\/page"}],"author":[{"embeddable":true,"href":"https:\/\/liversurgeryny.com\/es\/wp-json\/wp\/v2\/users\/1"}],"replies":[{"embeddable":true,"href":"https:\/\/liversurgeryny.com\/es\/wp-json\/wp\/v2\/comments?post=2328"}],"version-history":[{"count":1,"href":"https:\/\/liversurgeryny.com\/es\/wp-json\/wp\/v2\/pages\/2328\/revisions"}],"predecessor-version":[{"id":2536,"href":"https:\/\/liversurgeryny.com\/es\/wp-json\/wp\/v2\/pages\/2328\/revisions\/2536"}],"wp:attachment":[{"href":"https:\/\/liversurgeryny.com\/es\/wp-json\/wp\/v2\/media?parent=2328"}],"curies":[{"name":"wp","href":"https:\/\/api.w.org\/{rel}","templated":true}]}}