{"id":2296,"date":"2022-08-16T06:06:48","date_gmt":"2022-08-16T11:06:48","guid":{"rendered":"https:\/\/liversurgeryny.com\/?page_id=2296"},"modified":"2022-10-12T05:01:12","modified_gmt":"2022-10-12T10:01:12","slug":"cirugia-para-pancreas","status":"publish","type":"page","link":"https:\/\/liversurgeryny.com\/es\/cirugia-para-pancreas\/","title":{"rendered":"Cirug\u00eda para p\u00e1ncreas"},"content":{"rendered":"<p>El Dr. Dmitri Alden, especialista en cirug\u00eda para el c\u00e1ncer de h\u00edgado y de p\u00e1ncreas, dirige una cl\u00ednica altamente especializada en intervenciones quir\u00fargicas de estos \u00f3rganos, dedicada a realizar, casi exclusivamente, operaciones de cirug\u00eda hep\u00e1tica y pancre\u00e1tica. Su comprometido enfoque y el de su equipo en los tratamientos frente al c\u00e1ncer han dado una nueva vida a sus pacientes.<\/p>\n<p>El Dr. Alden realiza m\u00e1s cirug\u00edas pancre\u00e1ticas al a\u00f1o que la mayor\u00eda del resto de cirujanos. Los estudios cient\u00edficos han demostrado que aquellos cirujanos que realizan m\u00e1s de 14 cirug\u00edas pancre\u00e1ticas al a\u00f1o obtienen los mejores resultados con sus pacientes. Tener una experiencia tan extensa permite al equipo del Dr. Alden realizar intervenciones quir\u00fargicas en pacientes que presentan los tumores pancre\u00e1ticos m\u00e1s avanzados, que requieren de resecciones vasculares y reconstrucciones. La tasa de mortalidad en las intervenciones que realiza el Dr. Alden mediante el procedimiento de Whipple es inferior al 1% y el porcentaje de complicaciones postoperatorias es extremadamente bajo. Esto se ha logrado gracias a la creaci\u00f3n de un equipo multidisciplinario comprometido que trabaja bajo la direcci\u00f3n de un cirujano muy experimentado, excelentemente capacitado, humano y comprensivo.<\/p>\n<blockquote><p>\u00bfQu\u00e9 podr\u00eda yo decir para describir realmente la atenci\u00f3n que recib\u00ed por parte del Dr. Alden? Como antecedente, quiero comentar que soy paciente con MENS1 (S\u00edndrome de Neoplasia Endocrina M\u00faltiple de tipo 1, por sus siglas en ingl\u00e9s) y cuando fui a su consulta para una cirug\u00eda pancre\u00e1tica, estaba desolado. El Dr. Alden me recibi\u00f3 como paciente y no dej\u00f3 de apoyarme y presionar a favor de mi tratamiento. Asist\u00ed a las juntas consultivas del hospital Lenox Hill, donde \u00e9l trajo a todos los m\u00e9dicos posibles para estudiar mi caso y para que me observaran. Era algo que yo nunca antes hab\u00eda vivido: alguien, adem\u00e1s de m\u00ed, estaba presionando para asegurarse de que cada parte de mi cuerpo fuera sanada. La cirug\u00eda pancre\u00e1tica que se me practic\u00f3 fue muy poco invasiva gracias a su t\u00e9cnica y habilidad. Si en el futuro necesitara otra cirug\u00eda (ya he padecido dos tumores) no acudir\u00eda con ning\u00fan otro m\u00e9dico que con el Dr. Alden. Este hombre es para m\u00ed un h\u00e9roe ya que, hasta que lo conoc\u00ed, hab\u00eda sufrido durante mucho tiempo y sin ning\u00fan alivio. No tema llamar a su cl\u00ednica, ya que son muy amables y serviciales y le apoyar\u00e1n con todo lo que necesite, desde el seguro hasta con las fechas de la operaci\u00f3n. No tenga miedo por la factura, ya que puede hacer una reclamaci\u00f3n a su seguro despu\u00e9s de ser atendido y recuperar su dinero, tal y como yo lo hice. Haga hoy su cita con \u00e9l y se sentir\u00e1 mejor, como yo. \u00a1Es uno de los mejores m\u00e9dicos del mundo!. <strong>~ Google<\/strong><\/p><\/blockquote>\n<p>Los pacientes y los profesionales m\u00e9dicos de los Estados Unidos y de todo el mundo recurren al Dr. Alden en busca de los mejores tratamientos especializados y servicios personalizados contra el c\u00e1ncer, gracias a su experiencia y destreza quir\u00fargica para cada diagn\u00f3stico espec\u00edfico.<\/p>\n<p>Los pacientes que acuden al Dr. Alden obtienen acceso a una amplia variedad de especialistas que son de los mejores en su campo en el pa\u00eds y posiblemente en el mundo.<\/p>\n<p>Por favor, tenga en cuenta que el Dr. Alden acepta su seguro m\u00e9dico si \u00e9ste incluye su tratamiento en el plan de coberturas, pero de no ser as\u00ed y dada la singularidad de su especialidad, su oficina le ayudar\u00e1, como lo hace frecuentemente, en la obtenci\u00f3n de las autorizaciones previas que requiera la compa\u00f1\u00eda aseguradora, contact\u00e1ndola para conocer a fondo los beneficios a los que usted tiene derecho y haci\u00e9ndolos valer. Usted disfrutar\u00e1 del lujo y los beneficios de la medicina acad\u00e9mica de m\u00e1s alta calidad, en un ambiente y servicios de primera clase, sin sufrir las molestas p\u00e9rdidas de tiempo y la burocracia, tan habituales en las salas de espera de los hospitales. La mayor\u00eda de las p\u00f3lizas de seguros reembolsan a los pacientes gran parte del costo de la cirug\u00eda y, para facilitarlo, nuestro coordinador quir\u00fargico le ayudar\u00e1 entreg\u00e1ndole una detallada cotizaci\u00f3n del tratamiento.<\/p>\n<p>El Dr. Alden est\u00e1 especializado en brindar un cuidado excepcional a sus pacientes, desde la primera consulta de cortes\u00eda hasta el per\u00edodo postoperatorio. El honor y el privilegio al tratar los pacientes que acuden al cirujano, vienen acompa\u00f1ados de la responsabilidad y la dedicaci\u00f3n de su equipo para llegar a los m\u00e1s altos est\u00e1ndares de excelencia en cuanto a cuidado m\u00e9dico y resultados quir\u00fargicos. <\/p>\n<p>El Dr. Dmitri Alden tiene una amplia experiencia en el diagn\u00f3stico de pacientes, determinando qui\u00e9n puede ser candidato a una cirug\u00eda para h\u00edgado y p\u00e1ncreas, realizando de manera exitosa procedimientos quir\u00fargicos altamente complejos en este campo. El Dr. Alden utiliza la tecnolog\u00eda m\u00e1s avanzada y los instrumentos m\u00e1s modernos para el tratamiento de diferentes tipos de c\u00e1ncer y afecciones benignas, como la cirug\u00eda laparosc\u00f3pica y rob\u00f3tica para el h\u00edgado y el p\u00e1ncreas.<\/p>\n<p><strong>El Dr. Alden, cirujano para el c\u00e1ncer de h\u00edgado y p\u00e1ncreas, adem\u00e1s de consultas presenciales en su cl\u00ednica en la Ciudad de Nueva York, ofrece tambi\u00e9n consultas virtuales a pacientes y profesionales m\u00e9dicos que se encuentren en cualquier lugar del mundo. Por favor, llame hoy mismo a nuestras oficinas para m\u00e1s informaci\u00f3n.<\/strong><\/p>\n<p>El Dr. Alden y su equipo realizan una gran variedad de cirug\u00edas para el h\u00edgado, desde la extirpaci\u00f3n simple de tumores hep\u00e1ticos hasta las m\u00e1s complejas cirug\u00edas reconstructivas vasculares y de conductos biliares, incluyendo procedimientos de Whipple y pancreatectom\u00edas distales.<\/p>\n<p>El Dr. Alden utiliza una gran variedad de m\u00e9todos m\u00ednimamente invasivos para el tratamiento de los tumores hep\u00e1ticos. La ablaci\u00f3n por microondas (MWA) es una de estas herramientas.<\/p>\n<p>El Dr. Alden realiza, de manera rutinaria, cirug\u00edas para p\u00e1ncreas con met\u00e1stasis hep\u00e1ticas y tumores primarios de h\u00edgado utilizando varias t\u00e9cnicas radiol\u00f3gicas y favoreciendo, en caso de que uno de los l\u00f3bulos sea demasiado peque\u00f1o, el crecimiento del \u00f3rgano para proteger al paciente despu\u00e9s de una cirug\u00eda mayor. La enorme experiencia y la amplia capacitaci\u00f3n en la realizaci\u00f3n de trasplantes de h\u00edgado permiten al Dr. Alden aplicar las t\u00e9cnicas m\u00e1s avanzadas para el combate del c\u00e1ncer de h\u00edgado, obteniendo, de una manera segura, los mejores resultados.<\/p>\n<p>La filosof\u00eda del Dr. Alden se basa en adaptar cada cirug\u00eda a las necesidades individuales y personales del paciente. En otras palabras, el Dr. Alden y su equipo de colaboradores no tratan una imagen en la tomograf\u00eda computarizada (TC) o la resonancia magn\u00e9tica (MRI), sino que est\u00e1n centrados en todo momento en el paciente, en sus necesidades espec\u00edficas e incluso en sus preocupaciones est\u00e9ticas respecto a la cicatriz postoperatoria.<\/p>\n<p>El Dr. Alden ha adquirido una amplia experiencia acompa\u00f1ada de un gran reconocimiento mundial en el campo de la cirug\u00eda m\u00ednimamente invasiva para h\u00edgado y p\u00e1ncreas. Muchas de las resecciones pancre\u00e1ticas y hep\u00e1ticas que practica son realizadas mediante el sistema rob\u00f3tico Da Vinci o laparoscopia, sin apenas dejar cicatrices ya que ambas t\u00e9cnicas son m\u00ednimamente invasivas. La mayor\u00eda de los pacientes del Dr. Alden son dados de alta y enviados a sus hogares en las 24-48 horas posteriores a las cirug\u00edas realizadas bajo estas t\u00e9cnicas, independientemente del tama\u00f1o del tumor o la complejidad de la cirug\u00eda practicada.<\/p>\n<p>Para obtener m\u00e1s informaci\u00f3n relacionada con la cirug\u00eda para el h\u00edgado y p\u00e1ncreas o para programar una consulta, por favor no dude en comunicarse hoy mismo con el Dr. Dmitri Alden, MD, FACS, cirujano oncol\u00f3gico para el h\u00edgado, p\u00e1ncreas y conductos biliares de categor\u00eda mundial en la Ciudad de Nueva York, llamando al tel\u00e9fono (+1) (212) 434-6216, o a trav\u00e9s de la p\u00e1gina web.<\/p>\n","protected":false},"excerpt":{"rendered":"<p>El Dr. Dmitri Alden, especialista en cirug\u00eda para el c\u00e1ncer de h\u00edgado y de p\u00e1ncreas, dirige una cl\u00ednica altamente especializada en intervenciones quir\u00fargicas de estos \u00f3rganos, dedicada a realizar, casi exclusivamente, operaciones de cirug\u00eda hep\u00e1tica y pancre\u00e1tica. Su comprometido enfoque y el de su equipo en los tratamientos frente al c\u00e1ncer han dado una nueva&hellip; <a href=\"https:\/\/liversurgeryny.com\/es\/cirugia-para-pancreas\/\" class=\"btn btn-outline-primary  more-link d-none\">Seguir leyendo<\/a><\/p>\n","protected":false},"author":1,"featured_media":0,"parent":0,"menu_order":0,"comment_status":"closed","ping_status":"closed","template":"","meta":{"_acf_changed":false,"footnotes":""},"class_list":["post-2296","page","type-page","status-publish"],"acf":[],"yoast_head":"<!-- This site is optimized with the Yoast SEO plugin v27.4 - https:\/\/yoast.com\/product\/yoast-seo-wordpress\/ -->\n<title>Especialista en cirug\u00eda para p\u00e1ncreas en Nueva York | Cirujano hepatobiliar en Nueva York<\/title>\n<meta name=\"description\" content=\"El Dr. Dmitri Alden, especialista de primera categor\u00eda en cirug\u00eda para el c\u00e1ncer de h\u00edgado y de p\u00e1ncreas, dirige en la Ciudad de Nueva York una cl\u00ednica de clase mundial especializada en procedimientos quir\u00fargicos oncol\u00f3gicos para h\u00edgado y p\u00e1ncreas.\" \/>\n<meta name=\"robots\" content=\"index, follow, max-snippet:-1, max-image-preview:large, max-video-preview:-1\" \/>\n<link rel=\"canonical\" href=\"https:\/\/liversurgeryny.com\/es\/cirugia-para-pancreas\/\" \/>\n<meta property=\"og:locale\" content=\"es_ES\" \/>\n<meta property=\"og:type\" content=\"article\" \/>\n<meta property=\"og:title\" content=\"Especialista en cirug\u00eda para p\u00e1ncreas en Nueva York | Cirujano hepatobiliar en Nueva York\" \/>\n<meta property=\"og:description\" content=\"El Dr. Dmitri Alden, especialista de primera categor\u00eda en cirug\u00eda para el c\u00e1ncer de h\u00edgado y de p\u00e1ncreas, dirige en la Ciudad de Nueva York una cl\u00ednica de clase mundial especializada en procedimientos quir\u00fargicos oncol\u00f3gicos para h\u00edgado y p\u00e1ncreas.\" \/>\n<meta property=\"og:url\" content=\"https:\/\/liversurgeryny.com\/es\/cirugia-para-pancreas\/\" \/>\n<meta property=\"og:site_name\" content=\"Dmitri Alden, MD, FACS\" \/>\n<meta property=\"article:modified_time\" content=\"2022-10-12T10:01:12+00:00\" \/>\n<meta property=\"og:image\" content=\"https:\/\/liversurgeryny.com\/wp-content\/uploads\/2022\/09\/background-2.jpg\" \/>\n<meta name=\"twitter:card\" content=\"summary_large_image\" \/>\n<meta name=\"twitter:image\" content=\"https:\/\/liversurgeryny.com\/wp-content\/uploads\/2022\/09\/background-2.jpg\" \/>\n<meta name=\"twitter:label1\" content=\"Tiempo de lectura\" \/>\n\t<meta name=\"twitter:data1\" content=\"6 minutos\" \/>\n<!-- \/ Yoast SEO plugin. -->","yoast_head_json":{"title":"Especialista en cirug\u00eda para p\u00e1ncreas en Nueva York | Cirujano hepatobiliar en Nueva York","description":"El Dr. Dmitri Alden, especialista de primera categor\u00eda en cirug\u00eda para el c\u00e1ncer de h\u00edgado y de p\u00e1ncreas, dirige en la Ciudad de Nueva York una cl\u00ednica de clase mundial especializada en procedimientos quir\u00fargicos oncol\u00f3gicos para h\u00edgado y p\u00e1ncreas.","robots":{"index":"index","follow":"follow","max-snippet":"max-snippet:-1","max-image-preview":"max-image-preview:large","max-video-preview":"max-video-preview:-1"},"canonical":"https:\/\/liversurgeryny.com\/es\/cirugia-para-pancreas\/","og_locale":"es_ES","og_type":"article","og_title":"Especialista en cirug\u00eda para p\u00e1ncreas en Nueva York | Cirujano hepatobiliar en Nueva York","og_description":"El Dr. Dmitri Alden, especialista de primera categor\u00eda en cirug\u00eda para el c\u00e1ncer de h\u00edgado y de p\u00e1ncreas, dirige en la Ciudad de Nueva York una cl\u00ednica de clase mundial especializada en procedimientos quir\u00fargicos oncol\u00f3gicos para h\u00edgado y p\u00e1ncreas.","og_url":"https:\/\/liversurgeryny.com\/es\/cirugia-para-pancreas\/","og_site_name":"Dmitri Alden, MD, FACS","article_modified_time":"2022-10-12T10:01:12+00:00","og_image":[{"url":"https:\/\/liversurgeryny.com\/wp-content\/uploads\/2022\/09\/background-2.jpg","type":"","width":"","height":""}],"twitter_card":"summary_large_image","twitter_image":"https:\/\/liversurgeryny.com\/wp-content\/uploads\/2022\/09\/background-2.jpg","twitter_misc":{"Tiempo de lectura":"6 minutos"},"schema":{"@context":"https:\/\/schema.org","@graph":[{"@type":"WebPage","@id":"https:\/\/liversurgeryny.com\/es\/cirugia-para-pancreas\/","url":"https:\/\/liversurgeryny.com\/es\/cirugia-para-pancreas\/","name":"Especialista en cirug\u00eda para p\u00e1ncreas en Nueva York | Cirujano hepatobiliar en Nueva York","isPartOf":{"@id":"https:\/\/liversurgeryny.com\/#website"},"datePublished":"2022-08-16T11:06:48+00:00","dateModified":"2022-10-12T10:01:12+00:00","description":"El Dr. Dmitri Alden, especialista de primera categor\u00eda en cirug\u00eda para el c\u00e1ncer de h\u00edgado y de p\u00e1ncreas, dirige en la Ciudad de Nueva York una cl\u00ednica de clase mundial especializada en procedimientos quir\u00fargicos oncol\u00f3gicos para h\u00edgado y p\u00e1ncreas.","breadcrumb":{"@id":"https:\/\/liversurgeryny.com\/es\/cirugia-para-pancreas\/#breadcrumb"},"inLanguage":"es","potentialAction":[{"@type":"ReadAction","target":["https:\/\/liversurgeryny.com\/es\/cirugia-para-pancreas\/"]}]},{"@type":"BreadcrumbList","@id":"https:\/\/liversurgeryny.com\/es\/cirugia-para-pancreas\/#breadcrumb","itemListElement":[{"@type":"ListItem","position":1,"name":"Home","item":"https:\/\/liversurgeryny.com\/es\/"},{"@type":"ListItem","position":2,"name":"Cirug\u00eda para p\u00e1ncreas"}]},{"@type":"WebSite","@id":"https:\/\/liversurgeryny.com\/#website","url":"https:\/\/liversurgeryny.com\/","name":"Dmitri Alden, MD, FACS","description":"","potentialAction":[{"@type":"SearchAction","target":{"@type":"EntryPoint","urlTemplate":"https:\/\/liversurgeryny.com\/?s={search_term_string}"},"query-input":{"@type":"PropertyValueSpecification","valueRequired":true,"valueName":"search_term_string"}}],"inLanguage":"es"}]}},"_links":{"self":[{"href":"https:\/\/liversurgeryny.com\/es\/wp-json\/wp\/v2\/pages\/2296","targetHints":{"allow":["GET"]}}],"collection":[{"href":"https:\/\/liversurgeryny.com\/es\/wp-json\/wp\/v2\/pages"}],"about":[{"href":"https:\/\/liversurgeryny.com\/es\/wp-json\/wp\/v2\/types\/page"}],"author":[{"embeddable":true,"href":"https:\/\/liversurgeryny.com\/es\/wp-json\/wp\/v2\/users\/1"}],"replies":[{"embeddable":true,"href":"https:\/\/liversurgeryny.com\/es\/wp-json\/wp\/v2\/comments?post=2296"}],"version-history":[{"count":2,"href":"https:\/\/liversurgeryny.com\/es\/wp-json\/wp\/v2\/pages\/2296\/revisions"}],"predecessor-version":[{"id":2298,"href":"https:\/\/liversurgeryny.com\/es\/wp-json\/wp\/v2\/pages\/2296\/revisions\/2298"}],"wp:attachment":[{"href":"https:\/\/liversurgeryny.com\/es\/wp-json\/wp\/v2\/media?parent=2296"}],"curies":[{"name":"wp","href":"https:\/\/api.w.org\/{rel}","templated":true}]}}