{"id":2293,"date":"2022-08-14T17:27:16","date_gmt":"2022-08-14T22:27:16","guid":{"rendered":"https:\/\/liversurgeryny.com\/?page_id=2293"},"modified":"2022-10-18T02:29:16","modified_gmt":"2022-10-18T07:29:16","slug":"cirujano-cancer-ovario-nueva-york","status":"publish","type":"page","link":"https:\/\/liversurgeryny.com\/es\/cirujano-cancer-ovario-nueva-york\/","title":{"rendered":"C\u00e1ncer de ovario metast\u00e1sico"},"content":{"rendered":"<p>Los pacientes y profesionales m\u00e9dicos de los Estados Unidos y de todo el mundo buscan los tratamientos y servicios especializados en cirug\u00eda personalizada para el c\u00e1ncer de ovario que ofrece el Dr. Alden debido a su amplia experiencia quir\u00fargica, enfocados en la necesidad espec\u00edfica de cada diagn\u00f3stico.<\/p>\n<p>Las pacientes con c\u00e1ncer de ovario metast\u00e1sico que son remitidos al Dr. Alden obtienen acceso a una amplia variedad de especialistas m\u00e9dicos que son de los mejores en su campo en el pa\u00eds y, probablemente, en el mundo.<\/p>\n<p>Por favor, tenga en cuenta que el Dr. Alden acepta su seguro m\u00e9dico si \u00e9ste incluye su tratamiento en el plan de coberturas, pero de no ser as\u00ed y dada la singularidad de su especialidad, su oficina le ayudar\u00e1, como lo hace frecuentemente, en la obtenci\u00f3n de las autorizaciones previas que requiera la compa\u00f1\u00eda aseguradora, contact\u00e1ndola para conocer a fondo los beneficios a los que usted tiene derecho y haci\u00e9ndolos valer. Usted disfrutar\u00e1 del lujo y los beneficios de la medicina acad\u00e9mica de m\u00e1s alta calidad, en un ambiente y servicios de primera clase, sin sufrir las molestas p\u00e9rdidas de tiempo y la burocracia, tan habituales en las salas de espera de los hospitales. La mayor\u00eda de las p\u00f3lizas de seguros reembolsan a los pacientes gran parte del costo de la cirug\u00eda y, para facilitarlo, nuestro coordinador quir\u00fargico le ayudar\u00e1 entreg\u00e1ndole una detallada cotizaci\u00f3n del tratamiento.<\/p>\n<p>Cuando el c\u00e1ncer de ovario hace met\u00e1stasis, se disemina por todo el abdomen y suele presentarse en forma de peque\u00f1os tumores que crecen progresivamente en varios \u00f3rganos y tejidos. La invasi\u00f3n del h\u00edgado puede ocurrir de dos maneras diferentes: 1) Mediante la implantaci\u00f3n del tumor en la superficie del h\u00edgado, y una vez que sus ra\u00edces alcanzan el abundante flujo sangu\u00edneo del \u00f3rgano, el c\u00e1ncer crece r\u00e1pidamente. 2) A trav\u00e9s de la siembra literal del tumor dentro del h\u00edgado, con un aumento progresivo del tama\u00f1o de \u00e9ste en su interior.<\/p>\n<p>Es un hecho bien conocido que una vez que un tumor cancer\u00edgeno individual de ovario ha alcanzado un tama\u00f1o superior a 1 cm, su respuesta frente a la quimioterapia disminuye dr\u00e1sticamente. En muchos otros tipos de c\u00e1ncer, la presencia de la enfermedad en otros \u00f3rganos adem\u00e1s del h\u00edgado es considerada como una seria contraindicaci\u00f3n para la resecci\u00f3n hep\u00e1tica. En el caso del c\u00e1ncer de ovario, muchos expertos consideran que la reducci\u00f3n quir\u00fargica de la mayor cantidad de c\u00e9lulas cancerosas, lo que muchas publicaciones m\u00e9dicas denominan com\u00fanmente \u201cprocedimiento de citorreducci\u00f3n\u201d, constituye la opci\u00f3n m\u00e1s recomendable.<\/p>\n<p>Para aquellos casos m\u00e1s avanzados es razonable esperar que, de ser necesaria una resecci\u00f3n hep\u00e1tica, se deban realizar al mismo tiempo otros procedimientos quir\u00fargicos oncol\u00f3gicos y ginecol\u00f3gicos. El hecho de involucrar en una misma intervenci\u00f3n a varios equipos con diferentes especialidades quir\u00fargicas es hoy una pr\u00e1ctica habitual en la que todos los doctores participantes deben comprender claramente los sutiles pero importantes y especiales aspectos de esta enfermedad. Por ejemplo, las c\u00e9lulas de c\u00e1ncer de ovario tienden a provocar la acumulaci\u00f3n de l\u00edquidos (ascitis) en la cavidad abdominal y la presencia abundante de estos fluidos ralentizan la curaci\u00f3n de las conexiones intestinales, da\u00f1ando la capacidad del h\u00edgado para detener el sangrado incluso de un peque\u00f1o lugar de punci\u00f3n, lo que evitar\u00eda que hasta la m\u00e1s peque\u00f1a fuga postquir\u00fargica de bilis sanara. Teniendo en cuenta esto, s\u00f3lo los cirujanos hep\u00e1ticos y onc\u00f3logos m\u00e1s experimentados deber\u00edan participar en las operaciones de c\u00e1nceres altamente complejas, cuando afectan a sus pacientes. De manera rutinaria, formamos equipo con un amplio y experimentado grupo de onc\u00f3logos ginecol\u00f3gicos con los que realizamos estas dif\u00edciles cirug\u00edas.<\/p>\n<p>Cuando el c\u00e1ncer de ovario se ha diseminado muy poco o la met\u00e1stasis se limita a un \u00e1rea reducida, es posible practicar una cirug\u00eda m\u00ednimamente invasiva. La cirug\u00eda ginecol\u00f3gica rob\u00f3tica o laparosc\u00f3pica se ha convertido recientemente en la pr\u00e1ctica m\u00e1s habitual de tratamiento. Mientras que, hasta hace muy pocos a\u00f1os, aquellos pacientes que tan solo ten\u00edan una peque\u00f1a \u00e1rea de enfermedad metast\u00e1sica en el h\u00edgado o el p\u00e1ncreas deb\u00edan someterse a una gran cirug\u00eda abierta, hoy en d\u00eda, gracias a nuestra amplia experiencia en cirug\u00eda laparosc\u00f3pica y rob\u00f3tica, somos capaces de realizar intervenciones de h\u00edgado y p\u00e1ncreas para el c\u00e1ncer de ovario utilizando estas t\u00e9cnicas m\u00ednimamente invasivas. A menudo combinamos dichas cirug\u00edas con procedimientos ginecol\u00f3gicos primarios, acelerando as\u00ed la recuperaci\u00f3n y, lo que es tambi\u00e9n muy importante, posibilitando que el paciente inicie el tratamiento de quimioterapia sist\u00e9mica cuanto antes.<\/p>\n<p><strong>El Dr. Alden, cirujano para el c\u00e1ncer de h\u00edgado y p\u00e1ncreas, adem\u00e1s de una consulta presencial en su cl\u00ednica de la Ciudad de Nueva York, ofrece consultas virtuales a pacientes y profesionales m\u00e9dicos que est\u00e9n en cualquier lugar del mundo. Por favor, para m\u00e1s informaci\u00f3n, llame hoy mismo a nuestras oficinas.<\/strong><\/p>\n<p>Para obtener m\u00e1s informaci\u00f3n relacionada con el c\u00e1ncer de ovario metast\u00e1sico o para programar una consulta, por favor no dude en comunicarse hoy mismo con el Dr. Dmitri Alden, MD, FACS, cirujano onc\u00f3logo para el h\u00edgado, p\u00e1ncreas y conductos biliares, especialista en c\u00e1ncer de ovario metast\u00e1sico en la Ciudad de Nueva York, llamando al tel\u00e9fono (+1) (212) 434-6216, o a trav\u00e9s de nuestra p\u00e1gina web.<\/p>\n","protected":false},"excerpt":{"rendered":"<p>Los pacientes y profesionales m\u00e9dicos de los Estados Unidos y de todo el mundo buscan los tratamientos y servicios especializados en cirug\u00eda personalizada para el c\u00e1ncer de ovario que ofrece el Dr. Alden debido a su amplia experiencia quir\u00fargica, enfocados en la necesidad espec\u00edfica de cada diagn\u00f3stico. Las pacientes con c\u00e1ncer de ovario metast\u00e1sico que&hellip; <a href=\"https:\/\/liversurgeryny.com\/es\/cirujano-cancer-ovario-nueva-york\/\" class=\"btn btn-outline-primary  more-link d-none\">Seguir leyendo<\/a><\/p>\n","protected":false},"author":1,"featured_media":0,"parent":0,"menu_order":0,"comment_status":"closed","ping_status":"closed","template":"","meta":{"_acf_changed":false,"footnotes":""},"class_list":["post-2293","page","type-page","status-publish"],"acf":[],"yoast_head":"<!-- This site is optimized with the Yoast SEO plugin v26.6 - https:\/\/yoast.com\/wordpress\/plugins\/seo\/ -->\n<title>Tratamiento para el c\u00e1ncer de ovario metast\u00e1sico en Nueva York | Cirug\u00eda para el c\u00e1ncer de ovario en Nueva York<\/title>\n<meta name=\"description\" content=\"El cirujano para el c\u00e1ncer de ovario metast\u00e1sico en Nueva York, el Dr. Dmitri Alden MD, el mejor en su categor\u00eda y el m\u00e1s reconocido cirujano para el c\u00e1ncer de ovario, 186 E 76th St, Nueva York, NY 10021, (+1) (212) 434-6216\" \/>\n<meta name=\"robots\" content=\"index, follow, max-snippet:-1, max-image-preview:large, max-video-preview:-1\" \/>\n<link rel=\"canonical\" href=\"https:\/\/liversurgeryny.com\/es\/cirujano-cancer-ovario-nueva-york\/\" \/>\n<meta property=\"og:locale\" content=\"es_ES\" \/>\n<meta property=\"og:type\" content=\"article\" \/>\n<meta property=\"og:title\" content=\"Tratamiento para el c\u00e1ncer de ovario metast\u00e1sico en Nueva York | Cirug\u00eda para el c\u00e1ncer de ovario en Nueva York\" \/>\n<meta property=\"og:description\" content=\"El cirujano para el c\u00e1ncer de ovario metast\u00e1sico en Nueva York, el Dr. Dmitri Alden MD, el mejor en su categor\u00eda y el m\u00e1s reconocido cirujano para el c\u00e1ncer de ovario, 186 E 76th St, Nueva York, NY 10021, (+1) (212) 434-6216\" \/>\n<meta property=\"og:url\" content=\"https:\/\/liversurgeryny.com\/es\/cirujano-cancer-ovario-nueva-york\/\" \/>\n<meta property=\"og:site_name\" content=\"Dmitri Alden, MD, FACS\" \/>\n<meta property=\"article:modified_time\" content=\"2022-10-18T07:29:16+00:00\" \/>\n<meta property=\"og:image\" content=\"https:\/\/liversurgeryny.com\/wp-content\/uploads\/2022\/09\/background-2.jpg\" \/>\n<meta name=\"twitter:card\" content=\"summary_large_image\" \/>\n<meta name=\"twitter:image\" content=\"https:\/\/liversurgeryny.com\/wp-content\/uploads\/2022\/09\/background-2.jpg\" \/>\n<meta name=\"twitter:label1\" content=\"Tiempo de lectura\" \/>\n\t<meta name=\"twitter:data1\" content=\"4 minutos\" \/>\n<!-- \/ Yoast SEO plugin. -->","yoast_head_json":{"title":"Tratamiento para el c\u00e1ncer de ovario metast\u00e1sico en Nueva York | Cirug\u00eda para el c\u00e1ncer de ovario en Nueva York","description":"El cirujano para el c\u00e1ncer de ovario metast\u00e1sico en Nueva York, el Dr. Dmitri Alden MD, el mejor en su categor\u00eda y el m\u00e1s reconocido cirujano para el c\u00e1ncer de ovario, 186 E 76th St, Nueva York, NY 10021, (+1) (212) 434-6216","robots":{"index":"index","follow":"follow","max-snippet":"max-snippet:-1","max-image-preview":"max-image-preview:large","max-video-preview":"max-video-preview:-1"},"canonical":"https:\/\/liversurgeryny.com\/es\/cirujano-cancer-ovario-nueva-york\/","og_locale":"es_ES","og_type":"article","og_title":"Tratamiento para el c\u00e1ncer de ovario metast\u00e1sico en Nueva York | Cirug\u00eda para el c\u00e1ncer de ovario en Nueva York","og_description":"El cirujano para el c\u00e1ncer de ovario metast\u00e1sico en Nueva York, el Dr. Dmitri Alden MD, el mejor en su categor\u00eda y el m\u00e1s reconocido cirujano para el c\u00e1ncer de ovario, 186 E 76th St, Nueva York, NY 10021, (+1) (212) 434-6216","og_url":"https:\/\/liversurgeryny.com\/es\/cirujano-cancer-ovario-nueva-york\/","og_site_name":"Dmitri Alden, MD, FACS","article_modified_time":"2022-10-18T07:29:16+00:00","og_image":[{"url":"https:\/\/liversurgeryny.com\/wp-content\/uploads\/2022\/09\/background-2.jpg","type":"","width":"","height":""}],"twitter_card":"summary_large_image","twitter_image":"https:\/\/liversurgeryny.com\/wp-content\/uploads\/2022\/09\/background-2.jpg","twitter_misc":{"Tiempo de lectura":"4 minutos"},"schema":{"@context":"https:\/\/schema.org","@graph":[{"@type":"WebPage","@id":"https:\/\/liversurgeryny.com\/es\/cirujano-cancer-ovario-nueva-york\/","url":"https:\/\/liversurgeryny.com\/es\/cirujano-cancer-ovario-nueva-york\/","name":"Tratamiento para el c\u00e1ncer de ovario metast\u00e1sico en Nueva York | Cirug\u00eda para el c\u00e1ncer de ovario en Nueva York","isPartOf":{"@id":"https:\/\/liversurgeryny.com\/#website"},"datePublished":"2022-08-14T22:27:16+00:00","dateModified":"2022-10-18T07:29:16+00:00","description":"El cirujano para el c\u00e1ncer de ovario metast\u00e1sico en Nueva York, el Dr. Dmitri Alden MD, el mejor en su categor\u00eda y el m\u00e1s reconocido cirujano para el c\u00e1ncer de ovario, 186 E 76th St, Nueva York, NY 10021, (+1) (212) 434-6216","breadcrumb":{"@id":"https:\/\/liversurgeryny.com\/es\/cirujano-cancer-ovario-nueva-york\/#breadcrumb"},"inLanguage":"es","potentialAction":[{"@type":"ReadAction","target":["https:\/\/liversurgeryny.com\/es\/cirujano-cancer-ovario-nueva-york\/"]}]},{"@type":"BreadcrumbList","@id":"https:\/\/liversurgeryny.com\/es\/cirujano-cancer-ovario-nueva-york\/#breadcrumb","itemListElement":[{"@type":"ListItem","position":1,"name":"Home","item":"https:\/\/liversurgeryny.com\/es\/"},{"@type":"ListItem","position":2,"name":"C\u00e1ncer de ovario metast\u00e1sico"}]},{"@type":"WebSite","@id":"https:\/\/liversurgeryny.com\/#website","url":"https:\/\/liversurgeryny.com\/","name":"Dmitri Alden, MD, FACS","description":"","potentialAction":[{"@type":"SearchAction","target":{"@type":"EntryPoint","urlTemplate":"https:\/\/liversurgeryny.com\/?s={search_term_string}"},"query-input":{"@type":"PropertyValueSpecification","valueRequired":true,"valueName":"search_term_string"}}],"inLanguage":"es"}]}},"_links":{"self":[{"href":"https:\/\/liversurgeryny.com\/es\/wp-json\/wp\/v2\/pages\/2293","targetHints":{"allow":["GET"]}}],"collection":[{"href":"https:\/\/liversurgeryny.com\/es\/wp-json\/wp\/v2\/pages"}],"about":[{"href":"https:\/\/liversurgeryny.com\/es\/wp-json\/wp\/v2\/types\/page"}],"author":[{"embeddable":true,"href":"https:\/\/liversurgeryny.com\/es\/wp-json\/wp\/v2\/users\/1"}],"replies":[{"embeddable":true,"href":"https:\/\/liversurgeryny.com\/es\/wp-json\/wp\/v2\/comments?post=2293"}],"version-history":[{"count":3,"href":"https:\/\/liversurgeryny.com\/es\/wp-json\/wp\/v2\/pages\/2293\/revisions"}],"predecessor-version":[{"id":2340,"href":"https:\/\/liversurgeryny.com\/es\/wp-json\/wp\/v2\/pages\/2293\/revisions\/2340"}],"wp:attachment":[{"href":"https:\/\/liversurgeryny.com\/es\/wp-json\/wp\/v2\/media?parent=2293"}],"curies":[{"name":"wp","href":"https:\/\/api.w.org\/{rel}","templated":true}]}}