{"id":2290,"date":"2022-08-14T17:52:30","date_gmt":"2022-08-14T22:52:30","guid":{"rendered":"https:\/\/liversurgeryny.com\/?page_id=2290"},"modified":"2022-10-12T04:45:53","modified_gmt":"2022-10-12T09:45:53","slug":"regeneracion-crecimiento-de-higado","status":"publish","type":"page","link":"https:\/\/liversurgeryny.com\/es\/regeneracion-crecimiento-higado\/","title":{"rendered":"Regeneraci\u00f3n\/crecimiento de h\u00edgado"},"content":{"rendered":"<p>Si bien la mayor\u00eda de los \u00f3rganos no pueden regenerar sus c\u00e9lulas una vez que \u00e9stas sufren un da\u00f1o, una de las caracter\u00edsticas excepcionales del h\u00edgado es la de ser un \u00f3rgano con la capacidad de regenerarse. Cuando un tumor hep\u00e1tico invade el h\u00edgado, es posible extirparlo y sobrevivir con s\u00f3lo una porci\u00f3n restante del \u00f3rgano. Sin embargo, debe haber suficiente tejido que apoye a que la funci\u00f3n hep\u00e1tica sea suficientemente saludable. El Dr. Dmitri Alden es un cirujano onc\u00f3logo, especialista en h\u00edgado y altamente calificado, que ofrece tratamientos para el recrecimiento hep\u00e1tico en su cl\u00ednica de la Ciudad de Nueva York.<\/p>\n<p>El principal objetivo que se persigue en el tratamiento del tumor o el c\u00e1ncer de h\u00edgado es reducir o extirpar las c\u00e9lulas tumorales mientras se mejora la regeneraci\u00f3n de la parte sana del \u00f3rgano, siendo \u00e9ste el plan antes de realizar la cirug\u00eda para la resecci\u00f3n hep\u00e1tica. A pesar de que el h\u00edgado puede regenerarse y sobrevivir incluso cuando una cantidad significativa del tejido ha sido extirpada con el tumor, la parte restante del \u00f3rgano debe ser suficientemente grande como para que siga desempe\u00f1ando su funci\u00f3n y para lograrlo, se puede realizar un tratamiento de crecimiento del h\u00edgado desde semanas previas a la intervenci\u00f3n quir\u00fargica de resecci\u00f3n.<\/p>\n<h2>Embolizaci\u00f3n hep\u00e1tica preoperatoria<\/h2>\n<p>Algunos de los tratamientos m\u00e1s vanguardistas para el recrecimiento hep\u00e1tico se realizan a trav\u00e9s de las arterias que alimentan el h\u00edgado, administrando diferentes sustancias al \u00f3rgano que consiguen, no solo reducir el tumor, sino a la vez, mejorar el recrecimiento de la parte sana del h\u00edgado. Esto puede incrementar la tasa de \u00e9xito de una posterior cirug\u00eda para el h\u00edgado al garantizar la existencia de suficientes c\u00e9lulas y tejidos sanos para un desempe\u00f1o hep\u00e1tico adecuado en el paciente, al mismo tiempo que se reduce el tama\u00f1o del tumor que deber\u00e1 extirparse. Los tratamientos para crecimiento hep\u00e1tico que ofrece el Dr. Alden en su cl\u00ednica son:<\/p>\n<ul>\n<li>Embolizaci\u00f3n de la vena porta.<\/li>\n<li>Itrio 90.<\/li>\n<\/ul>\n<p>Los tratamientos para el crecimiento hep\u00e1tico se pueden usar tanto en los casos de c\u00e1ncer de h\u00edgado metast\u00e1sico como en los de c\u00e1ncer primario. Los procedimientos son m\u00ednimamente invasivos y se suelen realizar de forma ambulatoria, por lo que requieren periodos muy breves de recuperaci\u00f3n.<\/p>\n<p>Si usted ha sido diagnosticado con c\u00e1ncer de h\u00edgado y desea recibir el m\u00e1s alto nivel de atenci\u00f3n m\u00e9dica para su tratamiento, programe una consulta con el Dr. Dmitri Alden, ya que es un cirujano onc\u00f3logo de m\u00e1xima categor\u00eda mundial, especializado en tratamientos de vanguardia para esta enfermedad. Comun\u00edquese hoy mismo a nuestras oficinas en Manhattan, Nueva York, donde amablemente le atenderemos.<\/p>\n","protected":false},"excerpt":{"rendered":"<p>Si bien la mayor\u00eda de los \u00f3rganos no pueden regenerar sus c\u00e9lulas una vez que \u00e9stas sufren un da\u00f1o, una de las caracter\u00edsticas excepcionales del h\u00edgado es la de ser un \u00f3rgano con la capacidad de regenerarse. Cuando un tumor hep\u00e1tico invade el h\u00edgado, es posible extirparlo y sobrevivir con s\u00f3lo una porci\u00f3n restante del&hellip; <a href=\"https:\/\/liversurgeryny.com\/es\/regeneracion-crecimiento-higado\/\" class=\"btn btn-outline-primary  more-link d-none\">Seguir leyendo<\/a><\/p>\n","protected":false},"author":1,"featured_media":0,"parent":0,"menu_order":0,"comment_status":"closed","ping_status":"closed","template":"","meta":{"_acf_changed":false,"footnotes":""},"class_list":["post-2290","page","type-page","status-publish"],"acf":[],"yoast_head":"<!-- This site is optimized with the Yoast SEO plugin v27.4 - https:\/\/yoast.com\/product\/yoast-seo-wordpress\/ -->\n<title>Tratamiento de regeneraci\u00f3n\/crecimiento de h\u00edgado en Nueva York | Embolizaci\u00f3n preoperatoria en Nueva York<\/title>\n<meta name=\"description\" content=\"La regeneraci\u00f3n y el crecimiento de los tejidos sanos del h\u00edgado son vitales para el tratamiento del c\u00e1ncer de h\u00edgado. El Dr. Dmitri Alden ofrece tratamientos para el crecimiento del h\u00edgado en la Ciudad de Nueva York.\" \/>\n<meta name=\"robots\" content=\"index, follow, max-snippet:-1, max-image-preview:large, max-video-preview:-1\" \/>\n<link rel=\"canonical\" href=\"https:\/\/liversurgeryny.com\/es\/regeneracion-crecimiento-higado\/\" \/>\n<meta property=\"og:locale\" content=\"es_ES\" \/>\n<meta property=\"og:type\" content=\"article\" \/>\n<meta property=\"og:title\" content=\"Tratamiento de regeneraci\u00f3n\/crecimiento de h\u00edgado en Nueva York | Embolizaci\u00f3n preoperatoria en Nueva York\" \/>\n<meta property=\"og:description\" content=\"La regeneraci\u00f3n y el crecimiento de los tejidos sanos del h\u00edgado son vitales para el tratamiento del c\u00e1ncer de h\u00edgado. El Dr. Dmitri Alden ofrece tratamientos para el crecimiento del h\u00edgado en la Ciudad de Nueva York.\" \/>\n<meta property=\"og:url\" content=\"https:\/\/liversurgeryny.com\/es\/regeneracion-crecimiento-higado\/\" \/>\n<meta property=\"og:site_name\" content=\"Dmitri Alden, MD, FACS\" \/>\n<meta property=\"article:modified_time\" content=\"2022-10-12T09:45:53+00:00\" \/>\n<meta property=\"og:image\" content=\"https:\/\/liversurgeryny.com\/wp-content\/uploads\/2022\/09\/background-2.jpg\" \/>\n<meta name=\"twitter:card\" content=\"summary_large_image\" \/>\n<meta name=\"twitter:image\" content=\"https:\/\/liversurgeryny.com\/wp-content\/uploads\/2022\/09\/background-2.jpg\" \/>\n<meta name=\"twitter:label1\" content=\"Tiempo de lectura\" \/>\n\t<meta name=\"twitter:data1\" content=\"2 minutos\" \/>\n<!-- \/ Yoast SEO plugin. -->","yoast_head_json":{"title":"Tratamiento de regeneraci\u00f3n\/crecimiento de h\u00edgado en Nueva York | Embolizaci\u00f3n preoperatoria en Nueva York","description":"La regeneraci\u00f3n y el crecimiento de los tejidos sanos del h\u00edgado son vitales para el tratamiento del c\u00e1ncer de h\u00edgado. El Dr. Dmitri Alden ofrece tratamientos para el crecimiento del h\u00edgado en la Ciudad de Nueva York.","robots":{"index":"index","follow":"follow","max-snippet":"max-snippet:-1","max-image-preview":"max-image-preview:large","max-video-preview":"max-video-preview:-1"},"canonical":"https:\/\/liversurgeryny.com\/es\/regeneracion-crecimiento-higado\/","og_locale":"es_ES","og_type":"article","og_title":"Tratamiento de regeneraci\u00f3n\/crecimiento de h\u00edgado en Nueva York | Embolizaci\u00f3n preoperatoria en Nueva York","og_description":"La regeneraci\u00f3n y el crecimiento de los tejidos sanos del h\u00edgado son vitales para el tratamiento del c\u00e1ncer de h\u00edgado. El Dr. Dmitri Alden ofrece tratamientos para el crecimiento del h\u00edgado en la Ciudad de Nueva York.","og_url":"https:\/\/liversurgeryny.com\/es\/regeneracion-crecimiento-higado\/","og_site_name":"Dmitri Alden, MD, FACS","article_modified_time":"2022-10-12T09:45:53+00:00","og_image":[{"url":"https:\/\/liversurgeryny.com\/wp-content\/uploads\/2022\/09\/background-2.jpg","type":"","width":"","height":""}],"twitter_card":"summary_large_image","twitter_image":"https:\/\/liversurgeryny.com\/wp-content\/uploads\/2022\/09\/background-2.jpg","twitter_misc":{"Tiempo de lectura":"2 minutos"},"schema":{"@context":"https:\/\/schema.org","@graph":[{"@type":"WebPage","@id":"https:\/\/liversurgeryny.com\/es\/regeneracion-crecimiento-higado\/","url":"https:\/\/liversurgeryny.com\/es\/regeneracion-crecimiento-higado\/","name":"Tratamiento de regeneraci\u00f3n\/crecimiento de h\u00edgado en Nueva York | Embolizaci\u00f3n preoperatoria en Nueva York","isPartOf":{"@id":"https:\/\/liversurgeryny.com\/#website"},"datePublished":"2022-08-14T22:52:30+00:00","dateModified":"2022-10-12T09:45:53+00:00","description":"La regeneraci\u00f3n y el crecimiento de los tejidos sanos del h\u00edgado son vitales para el tratamiento del c\u00e1ncer de h\u00edgado. El Dr. Dmitri Alden ofrece tratamientos para el crecimiento del h\u00edgado en la Ciudad de Nueva York.","breadcrumb":{"@id":"https:\/\/liversurgeryny.com\/es\/regeneracion-crecimiento-higado\/#breadcrumb"},"inLanguage":"es","potentialAction":[{"@type":"ReadAction","target":["https:\/\/liversurgeryny.com\/es\/regeneracion-crecimiento-higado\/"]}]},{"@type":"BreadcrumbList","@id":"https:\/\/liversurgeryny.com\/es\/regeneracion-crecimiento-higado\/#breadcrumb","itemListElement":[{"@type":"ListItem","position":1,"name":"Home","item":"https:\/\/liversurgeryny.com\/es\/"},{"@type":"ListItem","position":2,"name":"Regeneraci\u00f3n\/crecimiento de h\u00edgado"}]},{"@type":"WebSite","@id":"https:\/\/liversurgeryny.com\/#website","url":"https:\/\/liversurgeryny.com\/","name":"Dmitri Alden, MD, FACS","description":"","potentialAction":[{"@type":"SearchAction","target":{"@type":"EntryPoint","urlTemplate":"https:\/\/liversurgeryny.com\/?s={search_term_string}"},"query-input":{"@type":"PropertyValueSpecification","valueRequired":true,"valueName":"search_term_string"}}],"inLanguage":"es"}]}},"_links":{"self":[{"href":"https:\/\/liversurgeryny.com\/es\/wp-json\/wp\/v2\/pages\/2290","targetHints":{"allow":["GET"]}}],"collection":[{"href":"https:\/\/liversurgeryny.com\/es\/wp-json\/wp\/v2\/pages"}],"about":[{"href":"https:\/\/liversurgeryny.com\/es\/wp-json\/wp\/v2\/types\/page"}],"author":[{"embeddable":true,"href":"https:\/\/liversurgeryny.com\/es\/wp-json\/wp\/v2\/users\/1"}],"replies":[{"embeddable":true,"href":"https:\/\/liversurgeryny.com\/es\/wp-json\/wp\/v2\/comments?post=2290"}],"version-history":[{"count":2,"href":"https:\/\/liversurgeryny.com\/es\/wp-json\/wp\/v2\/pages\/2290\/revisions"}],"predecessor-version":[{"id":2292,"href":"https:\/\/liversurgeryny.com\/es\/wp-json\/wp\/v2\/pages\/2290\/revisions\/2292"}],"wp:attachment":[{"href":"https:\/\/liversurgeryny.com\/es\/wp-json\/wp\/v2\/media?parent=2290"}],"curies":[{"name":"wp","href":"https:\/\/api.w.org\/{rel}","templated":true}]}}