{"id":2287,"date":"2022-08-14T17:02:46","date_gmt":"2022-08-14T22:02:46","guid":{"rendered":"https:\/\/liversurgeryny.com\/?page_id=2287"},"modified":"2022-10-18T02:27:45","modified_gmt":"2022-10-18T07:27:45","slug":"cirujano-cancer-higado-nueva-york","status":"publish","type":"page","link":"https:\/\/liversurgeryny.com\/es\/cirujano-cancer-higado-nueva-york\/","title":{"rendered":"Cirug\u00eda para el c\u00e1ncer de h\u00edgado"},"content":{"rendered":"<p>Dmitri Alden, MD realiza cada a\u00f1o m\u00e1s de 200 cirug\u00edas para el h\u00edgado y conductos biliares.<\/p>\n<p>El cirujano mejor calificado de la Ciudad de Nueva York para el c\u00e1ncer de h\u00edgado ofrece un programa multidisciplinario de cirug\u00eda hep\u00e1tica personalizada y s\u00faper especializada, dedicado al tratamiento de ni\u00f1os y adultos con cualquier naturaleza y etapa de enfermedad hep\u00e1tica, incluido el c\u00e1ncer de h\u00edgado. El Dr. Alden brinda servicios integrales y personalizados de vanguardia, que incluyen pruebas de diagn\u00f3stico, tratamiento m\u00e9dico, cirug\u00eda hep\u00e1tica, trasplante de h\u00edgado y apoyo previo y posterior al tratamiento.<\/p>\n<p>El Dr. Alden dirige una cl\u00ednica de vanguardia, altamente especializada y dedicada exclusivamente a los tratamientos contra el c\u00e1ncer (cirug\u00eda hep\u00e1tica, biliar, ov\u00e1rica y pancre\u00e1tica). En los \u00faltimos 14 a\u00f1os, ha realizado m\u00e1s de 3500 cirug\u00edas, siendo reconocido por sus logros como uno de los 100 mejores cirujanos especialistas de los Estados Unidos por el Consumers Research Council of America, adem\u00e1s de recibir la m\u00e1s alta calificaci\u00f3n de sus pacientes gracias a su \u201ctrato amable y atento\u201d. El Dr. Alden tiene una extensa experiencia en intervenciones quir\u00fargicas tradicionales de h\u00edgado y p\u00e1ncreas, as\u00ed como una amplia capacitaci\u00f3n y destreza en la realizaci\u00f3n de cirug\u00edas laparosc\u00f3picas y rob\u00f3ticas de c\u00e1ncer de h\u00edgado y p\u00e1ncreas, que suelen dar como resultado curaciones eficaces, recuperaciones m\u00e1s cortas, breves estad\u00edas en el hospital, accesos m\u00e1s r\u00e1pido a los tratamientos complementarios (cuando son necesarios) y excelentes aspectos est\u00e9ticos.<\/p>\n<ul>\n<li>Los pacientes y los profesionales m\u00e9dicos de los Estados Unidos y de todo el mundo encuentran en el Dr. Alden los mejores y m\u00e1s personalizados tratamientos y servicios especializados para el c\u00e1ncer de h\u00edgado, incluida la experiencia y destreza quir\u00fargica que cada diagn\u00f3stico espec\u00edfico requiere.<\/li>\n<li>Los pacientes que recurren al Dr. Alden obtienen acceso a una amplia variedad de especialistas que son de los mejores en su campo en el pa\u00eds y posiblemente en el mundo.<\/li>\n<\/ul>\n<h2>Cirug\u00eda para el c\u00e1ncer de h\u00edgado: carcinoma hepatocelular (CHC) \/ c\u00e1ncer primario de h\u00edgado \u2013 Cirujano onc\u00f3logo en Nueva York<\/h2>\n<blockquote><p>Es el cirujano para el c\u00e1ncer de h\u00edgado mejor valorado en Nueva York (con oficinas en la Ciudad de Nueva York y el norte del estado). Una de las personas m\u00e1s inteligentes que he conocido. \u00c9l salv\u00f3 la vida de mi padre. Ser\u00eda imposible dar una mayor recomendaci\u00f3n que decir que mi familia le estar\u00e1 eternamente agradecida y que es el mejor en su especialidad. El Dr. Dmitri Alden es un brillante, maravilloso y experimentado cirujano y, realmente, fue una verdadera bendici\u00f3n que lo encontr\u00e1ramos. \u00a1Gracias, gracias y gracias!<strong>~ Google<\/strong><\/p><\/blockquote>\n<p>El carcinoma hepatocelular (CHC) o c\u00e1ncer primario de h\u00edgado es un tumor que se origina en el h\u00edgado, es decir, no es una met\u00e1stasis que, desde otros \u00f3rganos, se ha diseminado hasta el h\u00edgado. Este tumor es una complicaci\u00f3n com\u00fan de la cirrosis hep\u00e1tica y la gran mayor\u00eda de pacientes que lo presenta en los Estados Unidos padecen hepatitis C o cirrosis alcoh\u00f3lica, por lo que \u00e9stas pueden considerarse las principales causas de aparici\u00f3n de este c\u00e1ncer. En el sudeste asi\u00e1tico, sin embargo, la causa m\u00e1s com\u00fan y principal de CHC es la hepatitis B.<\/p>\n<p>Es muy importante que el cirujano para el c\u00e1ncer de h\u00edgado determine la causa del CHC o c\u00e1ncer primario de h\u00edgado en cada paciente, ya que el comportamiento y el patr\u00f3n de propagaci\u00f3n de este tumor, as\u00ed como las posibles complicaciones que pudieran surgir ser\u00e1n muy diferentes en funci\u00f3n de la enfermedad hep\u00e1tica subyacente. El CHC representa el 95% de los c\u00e1nceres primarios de h\u00edgado siendo, adem\u00e1s, uno de los c\u00e1nceres m\u00e1s comunes. Su incidencia se ha m\u00e1s que duplicado en los \u00faltimos 20 a\u00f1os y con el progresivo envejecimiento de los \u201cbaby boomers\u201d, se prev\u00e9 que esta tasa continue aumentando. Actualmente, cerca de 4 millones de personas en los Estados Unidos est\u00e1n infectadas con hepatitis C, y muchas de ellas, probablemente, desarrollar\u00e1n CHC.<\/p>\n<p>Por favor, tenga en cuenta que el Dr. Alden acepta su seguro m\u00e9dico y, adicionalmente, todas las coberturas de los planes fuera de la red, para lo cual, contactaremos con su aseguradora y le ayudaremos iniciando los tr\u00e1mites por usted. Usted disfrutar\u00e1 del lujo y los beneficios de la medicina acad\u00e9mica de m\u00e1s alta calidad, en un ambiente y servicios de primera clase, sin sufrir las molestas p\u00e9rdidas de tiempo y la burocracia, tan habituales en las salas de espera de los hospitales. La mayor\u00eda de las p\u00f3lizas reembolsan a los pacientes gran parte del costo de la cirug\u00eda y, para facilitarlo, nuestro coordinador quir\u00fargico le ayudar\u00e1 entreg\u00e1ndole una detallada cotizaci\u00f3n del tratamiento.<\/p>\n<h2>Diagn\u00f3stico del carcinoma hepatocelular (CHC) \/ c\u00e1ncer primario de h\u00edgado<\/h2>\n<p>El diagn\u00f3stico que un cirujano de c\u00e1ncer de h\u00edgado de clase mundial como el Dr. Alden proporciona, requiere generalmente de estudios de imagenolog\u00eda tales como ultrasonidos, tomograf\u00edas computarizadas (CT) o resonancias magn\u00e9ticas (MRI), que mostrar\u00e1n cualquier anormalidad en el h\u00edgado. El ultrasonido es una herramienta excelente para la detecci\u00f3n temprana del c\u00e1ncer de h\u00edgado, revelando cerca del 93% de los tumores de CHC. Si \u00e9ste es realizado rutinariamente cada 5-6 meses y por un ec\u00f3grafo experto, pr\u00e1cticamente cualquier tumor de hasta 3 cm podr\u00eda ser detectado. La tomograf\u00eda computarizada (CT) o la resonancia magn\u00e9tica (MRI) realizadas mientras el \u201ctinte\u201d de contraste fluye por las arterias del h\u00edgado tambi\u00e9n mostrar\u00e1n la existencia de un tumor. Sin tinte de contraste resulta muy dif\u00edcil distinguir este tumor de un h\u00edgado normal por lo que tanto la tomograf\u00eda computarizada (CT) como la resonancia magn\u00e9tica (MRI) son herramientas esenciales, no solo para obtener un diagn\u00f3stico acertado, sino tambi\u00e9n para la planificaci\u00f3n del tratamiento a aplicar.<\/p>\n<p>Otra herramienta extremadamente importante en la detecci\u00f3n y el seguimiento del CHC es un marcador tumoral llamado alfa-fetoprote\u00edna (AFP). Cualquier persona con enfermedad hep\u00e1tica debe revisar peri\u00f3dicamente sus niveles de AFP. En pacientes con hepatitis C, los niveles de AFP pueden aumentar y disminuir ocasionalmente, pero la presencia de un nivel elevado podr\u00eda ser una causa justificada para la realizaci\u00f3n de un estudio de imagenolog\u00eda. El CHC no siempre provoca niveles elevados de AFP, pero unos niveles muy elevados de este marcador en pacientes con cirrosis alcoh\u00f3lica o hepatitis C casi siempre evidencian la presencia de CHC. S\u00f3lo el 65% de los CHC en pacientes con cirrosis alcoh\u00f3lica y alrededor del 75% en los que tienen hepatitis C muestran niveles elevados de AFP. Por el contrario, el 93% de los pacientes infectados con hepatitis B y C tendr\u00e1n niveles elevados de AFP. El CHC que se origina en pacientes con un h\u00edgado normal es extremadamente raro y s\u00f3lo el 33% de \u00e9stos presentar\u00e1n niveles elevados de AFP.<\/p>\n<h2>Tratamiento para el carcinoma hepatocelular (CHC) \/ c\u00e1ncer primario de h\u00edgado<\/h2>\n<p>El tratamiento oncol\u00f3gico quir\u00fargico para el CHC o c\u00e1ncer primario de h\u00edgado es complejo y requiere de un enfoque multidisciplinario, ya que debe considerarse simult\u00e1neamente con el tratamiento de cualquier hepatitis C subyacente, cirrosis, hipertensi\u00f3n portal, ascitis o v\u00e1rices esof\u00e1gicas, lo que puede implicar una resecci\u00f3n hep\u00e1tica, ablaci\u00f3n por microondas (MWA), embolizaci\u00f3n arterial y quimioembolizaci\u00f3n, quimioterapia m\u00e9dica o incluso un trasplante de h\u00edgado. Las decisiones acerca del tratamiento a realizar est\u00e1n basadas generalmente en el n\u00famero de tumores, su tama\u00f1o y su ubicaci\u00f3n, ya sea que se concentren en uno o ambos l\u00f3bulos del h\u00edgado.<\/p>\n<p>Existen diferentes opiniones, y constituye un debate actual, sobre qu\u00e9 es mejor hacer frente al CHC, si una resecci\u00f3n hep\u00e1tica o un trasplante de h\u00edgado. Hay muchos factores que desempe\u00f1an un papel importante en el proceso de toma de decisiones, como es el estado de la enfermedad hep\u00e1tica subyacente. En lo que al trasplante de h\u00edgado se refiere, las \u201creglas de oro\u201d para la elecci\u00f3n de esta alternativa est\u00e1n determinadas por los denominados \u201ccriterios de Mil\u00e1n\u201d, seg\u00fan los cuales, un paciente puede ser seleccionado para el trasplante siempre que tenga un tumor de hasta 5 cm de di\u00e1metro, o presente 2-3 tumores de no m\u00e1s de 3 cm de di\u00e1metro cada uno.<\/p>\n<p>Seg\u00fan la experta opini\u00f3n del cirujano onc\u00f3logo para h\u00edgado de la Ciudad de Nueva York, el Dr. Alden, con relaci\u00f3n a la presencia de CHC en pacientes con buen estado funcional, sin ascitis y con una buena puntuaci\u00f3n en el \u00edndice MELD, la resecci\u00f3n hep\u00e1tica es el mejor tratamiento a seguir. El \u00edndice MELD (Modelo para Enfermedad Hep\u00e1tica Terminal, por sus siglas en ingl\u00e9s) es una escala que determina la gravedad de una dolencia hep\u00e1tica cr\u00f3nica.<\/p>\n<p>La resecci\u00f3n hep\u00e1tica podr\u00eda realizarse casi inmediatamente despu\u00e9s de diagnosticado el c\u00e1ncer, evit\u00e1ndose as\u00ed el largo tiempo de espera que se requiere para la recepci\u00f3n de un h\u00edgado apto para trasplante y eliminando el riesgo de progresi\u00f3n de la enfermedad hep\u00e1tica. En aquellos pacientes con CHC que deciden esperar a un trasplante de h\u00edgado, el tumor puede llegar a progresar hasta en un 30%, lo que eventualmente puede causar que dejen de ser elegibles para la resecci\u00f3n hep\u00e1tica o el mismo trasplante.<\/p>\n<p>\u00bfQu\u00e9 ocurre si no es posible realizar la resecci\u00f3n hep\u00e1tica? En ese caso, la ablaci\u00f3n por microondas (MWA), m\u00e9todo m\u00ednimamente invasivo, y la embolizaci\u00f3n arterial o quimioembolizaci\u00f3n pueden ser tambi\u00e9n excelentes opciones a tener en cuenta. Mientras que la ablaci\u00f3n por microondas (MWA) destruye las c\u00e9lulas tumorales, la embolizaci\u00f3n corta el suministro de sangre arterial al tumor. El Dr. Alden cree firmemente que una combinaci\u00f3n de ambas t\u00e9cnicas proporciona los mejores resultados.<\/p>\n<p>Para obtener m\u00e1s informaci\u00f3n relacionada con la cirug\u00eda para el c\u00e1ncer de h\u00edgado, carcinoma hepatocelular (CHC) o c\u00e1ncer primario de h\u00edgado, o para programar una consulta, por favor no dude en comunicarse hoy mismo con el Dr. Dmitri Alden, MD, FACS, cirujano onc\u00f3logo para h\u00edgado, p\u00e1ncreas y conductos biliares de la Ciudad de Nueva York, llamando al tel\u00e9fono (+1) (212) 434-6216, o a trav\u00e9s de nuestra p\u00e1gina web.<\/p>\n","protected":false},"excerpt":{"rendered":"<p>Dmitri Alden, MD realiza cada a\u00f1o m\u00e1s de 200 cirug\u00edas para el h\u00edgado y conductos biliares. El cirujano mejor calificado de la Ciudad de Nueva York para el c\u00e1ncer de h\u00edgado ofrece un programa multidisciplinario de cirug\u00eda hep\u00e1tica personalizada y s\u00faper especializada, dedicado al tratamiento de ni\u00f1os y adultos con cualquier naturaleza y etapa de&hellip; <a href=\"https:\/\/liversurgeryny.com\/es\/cirujano-cancer-higado-nueva-york\/\" class=\"btn btn-outline-primary  more-link d-none\">Seguir leyendo<\/a><\/p>\n","protected":false},"author":1,"featured_media":0,"parent":0,"menu_order":0,"comment_status":"closed","ping_status":"closed","template":"","meta":{"_acf_changed":false,"footnotes":""},"class_list":["post-2287","page","type-page","status-publish"],"acf":[],"yoast_head":"<!-- This site is optimized with the Yoast SEO plugin v27.4 - https:\/\/yoast.com\/product\/yoast-seo-wordpress\/ -->\n<title>Cirug\u00eda y tratamiento para el c\u00e1ncer de h\u00edgado en Nueva York | Diagn\u00f3stico de carcinoma hepatocelular<\/title>\n<meta name=\"description\" content=\"Dmitri Alden, MD, el mejor cirujano para el c\u00e1ncer de h\u00edgado en Nueva York, trabaja con un equipo de primera categor\u00eda mundial y realiza cirug\u00eda para el carcinoma hepatocelular \/ c\u00e1ncer primario de h\u00edgado\" \/>\n<meta name=\"robots\" content=\"index, follow, max-snippet:-1, max-image-preview:large, max-video-preview:-1\" \/>\n<link rel=\"canonical\" href=\"https:\/\/liversurgeryny.com\/es\/cirujano-cancer-higado-nueva-york\/\" \/>\n<meta property=\"og:locale\" content=\"es_ES\" \/>\n<meta property=\"og:type\" content=\"article\" \/>\n<meta property=\"og:title\" content=\"Cirug\u00eda y tratamiento para el c\u00e1ncer de h\u00edgado en Nueva York | Diagn\u00f3stico de carcinoma hepatocelular\" \/>\n<meta property=\"og:description\" content=\"Dmitri Alden, MD, el mejor cirujano para el c\u00e1ncer de h\u00edgado en Nueva York, trabaja con un equipo de primera categor\u00eda mundial y realiza cirug\u00eda para el carcinoma hepatocelular \/ c\u00e1ncer primario de h\u00edgado\" \/>\n<meta property=\"og:url\" content=\"https:\/\/liversurgeryny.com\/es\/cirujano-cancer-higado-nueva-york\/\" \/>\n<meta property=\"og:site_name\" content=\"Dmitri Alden, MD, FACS\" \/>\n<meta property=\"article:modified_time\" content=\"2022-10-18T07:27:45+00:00\" \/>\n<meta property=\"og:image\" content=\"https:\/\/liversurgeryny.com\/wp-content\/uploads\/2022\/09\/background-2.jpg\" \/>\n<meta name=\"twitter:card\" content=\"summary_large_image\" \/>\n<meta name=\"twitter:image\" content=\"https:\/\/liversurgeryny.com\/wp-content\/uploads\/2022\/09\/background-2.jpg\" \/>\n<meta name=\"twitter:label1\" content=\"Tiempo de lectura\" \/>\n\t<meta name=\"twitter:data1\" content=\"8 minutos\" \/>\n<!-- \/ Yoast SEO plugin. -->","yoast_head_json":{"title":"Cirug\u00eda y tratamiento para el c\u00e1ncer de h\u00edgado en Nueva York | Diagn\u00f3stico de carcinoma hepatocelular","description":"Dmitri Alden, MD, el mejor cirujano para el c\u00e1ncer de h\u00edgado en Nueva York, trabaja con un equipo de primera categor\u00eda mundial y realiza cirug\u00eda para el carcinoma hepatocelular \/ c\u00e1ncer primario de h\u00edgado","robots":{"index":"index","follow":"follow","max-snippet":"max-snippet:-1","max-image-preview":"max-image-preview:large","max-video-preview":"max-video-preview:-1"},"canonical":"https:\/\/liversurgeryny.com\/es\/cirujano-cancer-higado-nueva-york\/","og_locale":"es_ES","og_type":"article","og_title":"Cirug\u00eda y tratamiento para el c\u00e1ncer de h\u00edgado en Nueva York | Diagn\u00f3stico de carcinoma hepatocelular","og_description":"Dmitri Alden, MD, el mejor cirujano para el c\u00e1ncer de h\u00edgado en Nueva York, trabaja con un equipo de primera categor\u00eda mundial y realiza cirug\u00eda para el carcinoma hepatocelular \/ c\u00e1ncer primario de h\u00edgado","og_url":"https:\/\/liversurgeryny.com\/es\/cirujano-cancer-higado-nueva-york\/","og_site_name":"Dmitri Alden, MD, FACS","article_modified_time":"2022-10-18T07:27:45+00:00","og_image":[{"url":"https:\/\/liversurgeryny.com\/wp-content\/uploads\/2022\/09\/background-2.jpg","type":"","width":"","height":""}],"twitter_card":"summary_large_image","twitter_image":"https:\/\/liversurgeryny.com\/wp-content\/uploads\/2022\/09\/background-2.jpg","twitter_misc":{"Tiempo de lectura":"8 minutos"},"schema":{"@context":"https:\/\/schema.org","@graph":[{"@type":"WebPage","@id":"https:\/\/liversurgeryny.com\/es\/cirujano-cancer-higado-nueva-york\/","url":"https:\/\/liversurgeryny.com\/es\/cirujano-cancer-higado-nueva-york\/","name":"Cirug\u00eda y tratamiento para el c\u00e1ncer de h\u00edgado en Nueva York | Diagn\u00f3stico de carcinoma hepatocelular","isPartOf":{"@id":"https:\/\/liversurgeryny.com\/#website"},"datePublished":"2022-08-14T22:02:46+00:00","dateModified":"2022-10-18T07:27:45+00:00","description":"Dmitri Alden, MD, el mejor cirujano para el c\u00e1ncer de h\u00edgado en Nueva York, trabaja con un equipo de primera categor\u00eda mundial y realiza cirug\u00eda para el carcinoma hepatocelular \/ c\u00e1ncer primario de h\u00edgado","breadcrumb":{"@id":"https:\/\/liversurgeryny.com\/es\/cirujano-cancer-higado-nueva-york\/#breadcrumb"},"inLanguage":"es","potentialAction":[{"@type":"ReadAction","target":["https:\/\/liversurgeryny.com\/es\/cirujano-cancer-higado-nueva-york\/"]}]},{"@type":"BreadcrumbList","@id":"https:\/\/liversurgeryny.com\/es\/cirujano-cancer-higado-nueva-york\/#breadcrumb","itemListElement":[{"@type":"ListItem","position":1,"name":"Home","item":"https:\/\/liversurgeryny.com\/es\/"},{"@type":"ListItem","position":2,"name":"Cirug\u00eda para el c\u00e1ncer de h\u00edgado"}]},{"@type":"WebSite","@id":"https:\/\/liversurgeryny.com\/#website","url":"https:\/\/liversurgeryny.com\/","name":"Dmitri Alden, MD, FACS","description":"","potentialAction":[{"@type":"SearchAction","target":{"@type":"EntryPoint","urlTemplate":"https:\/\/liversurgeryny.com\/?s={search_term_string}"},"query-input":{"@type":"PropertyValueSpecification","valueRequired":true,"valueName":"search_term_string"}}],"inLanguage":"es"}]}},"_links":{"self":[{"href":"https:\/\/liversurgeryny.com\/es\/wp-json\/wp\/v2\/pages\/2287","targetHints":{"allow":["GET"]}}],"collection":[{"href":"https:\/\/liversurgeryny.com\/es\/wp-json\/wp\/v2\/pages"}],"about":[{"href":"https:\/\/liversurgeryny.com\/es\/wp-json\/wp\/v2\/types\/page"}],"author":[{"embeddable":true,"href":"https:\/\/liversurgeryny.com\/es\/wp-json\/wp\/v2\/users\/1"}],"replies":[{"embeddable":true,"href":"https:\/\/liversurgeryny.com\/es\/wp-json\/wp\/v2\/comments?post=2287"}],"version-history":[{"count":2,"href":"https:\/\/liversurgeryny.com\/es\/wp-json\/wp\/v2\/pages\/2287\/revisions"}],"predecessor-version":[{"id":2338,"href":"https:\/\/liversurgeryny.com\/es\/wp-json\/wp\/v2\/pages\/2287\/revisions\/2338"}],"wp:attachment":[{"href":"https:\/\/liversurgeryny.com\/es\/wp-json\/wp\/v2\/media?parent=2287"}],"curies":[{"name":"wp","href":"https:\/\/api.w.org\/{rel}","templated":true}]}}