{"id":2284,"date":"2022-08-15T16:36:59","date_gmt":"2022-08-15T21:36:59","guid":{"rendered":"https:\/\/liversurgeryny.com\/?page_id=2284"},"modified":"2022-10-18T02:23:10","modified_gmt":"2022-10-18T07:23:10","slug":"cancer-de-vesicula-biliar","status":"publish","type":"page","link":"https:\/\/liversurgeryny.com\/es\/cancer-de-vesicula-biliar\/","title":{"rendered":"C\u00e1ncer de ves\u00edcula biliar"},"content":{"rendered":"<p>La ves\u00edcula biliar es un peque\u00f1o \u00f3rgano que se encuentra pr\u00f3ximo al est\u00f3mago y cuya funci\u00f3n es la de almacenar la bilis. El c\u00e1ncer de ves\u00edcula biliar es poco frecuente, pero cuando ocurre, el tratamiento en sus primeras etapas es vital para mejorar las posibilidades de recuperaci\u00f3n. El conocimiento de los s\u00edntomas y los factores de riesgo pueden facilitar una temprana detecci\u00f3n de la enfermedad, lo que ayudar\u00e1 a obtener mejores resultados para el paciente. El Dr. Dmitri Alden es uno de los mejores cirujanos onc\u00f3logos de Nueva York en el tratamiento para el c\u00e1ncer de ves\u00edcula biliar.<\/p>\n<h2>Causas y s\u00edntomas del c\u00e1ncer de ves\u00edcula biliar<\/h2>\n<p>Si bien no hay una causa clara y espec\u00edfica que provoque el c\u00e1ncer de ves\u00edcula biliar, existen factores de riesgo. Por ejemplo, en la actualidad se sabe que las mujeres son m\u00e1s propensas a contraer este tipo de c\u00e1ncer que los hombres y es m\u00e1s com\u00fan en los adultos mayores que en j\u00f3venes. La existencia de antecedentes de c\u00e1lculos biliares, otras enfermedades de la ves\u00edcula biliar o la inflamaci\u00f3n u obstrucci\u00f3n de los conductos biliares suponen tambi\u00e9n factores que pueden aumentar el riesgo de contraer esta enfermedad.<\/p>\n<p>La mayor\u00eda de las personas no muestran s\u00edntomas con el c\u00e1ncer de ves\u00edcula biliar hasta las \u00faltimas etapas, sin embargo, hay algunas se\u00f1ales o indicios que podr\u00edan alertar a los pacientes sobre la posibilidad de tener esta enfermedad, como son:<\/p>\n<ul>\n<li>Dolor en la parte superior derecha del abdomen.<\/li>\n<li>P\u00e9rdida de peso inesperada.<\/li>\n<li>Distensi\u00f3n o hinchaz\u00f3n abdominal.<\/li>\n<li>Amarilleamiento de ojos y\/o piel (ictericia).<\/li>\n<\/ul>\n<p>El diagn\u00f3stico del c\u00e1ncer de ves\u00edcula biliar se puede obtener mediante un an\u00e1lisis de sangre para la funci\u00f3n hep\u00e1tica y herramientas de imagenolog\u00eda avanzada para la detecci\u00f3n de masas o anomal\u00edas en el \u00f3rgano. Si el c\u00e1ncer de ves\u00edcula biliar es detectado, se usar\u00e1n t\u00e9cnicas de diagn\u00f3stico para determinar la etapa en que se encuentra y su tratamiento. Son cuatro las etapas que podr\u00edan presentarse, siendo la uno la m\u00e1s temprana y la cuatro la que presenta un desarrollo m\u00e1s avanzado de la enfermedad.<\/p>\n<p>La cirug\u00eda para la extirpaci\u00f3n de la ves\u00edcula biliar o colecistectom\u00eda se aplica en todas las etapas del c\u00e1ncer de ves\u00edcula biliar, pero con etapas posteriores, es probable que se requieran otros tratamientos adicionales. Igualmente, si el c\u00e1ncer estuviera diseminado, podr\u00eda ser necesaria una intervenci\u00f3n quir\u00fargica para la resecci\u00f3n hep\u00e1tica, as\u00ed como tratamientos de quimioterapia, radiaci\u00f3n, terapia con medicamentos o inmunoterapia. El pron\u00f3stico para el c\u00e1ncer de ves\u00edcula biliar suele ser bueno cuando se detecta en las primeras etapas y se inicia el tratamiento de inmediato.<\/p>\n<p>Si usted tiene s\u00edntomas de c\u00e1ncer de ves\u00edcula biliar o ya ha sido diagnosticado, por favor, comun\u00edquese hoy mismo a las oficinas del Dr. Dmitri Alden en la Ciudad de Nueva York. El Dr. Alden es un cirujano onc\u00f3logo muy respetado y reconocido, especialista en c\u00e1ncer de ves\u00edcula biliar que ofrece las mejores y m\u00e1s avanzadas opciones para el tratamiento de esta enfermedad.<\/p>\n","protected":false},"excerpt":{"rendered":"<p>La ves\u00edcula biliar es un peque\u00f1o \u00f3rgano que se encuentra pr\u00f3ximo al est\u00f3mago y cuya funci\u00f3n es la de almacenar la bilis. El c\u00e1ncer de ves\u00edcula biliar es poco frecuente, pero cuando ocurre, el tratamiento en sus primeras etapas es vital para mejorar las posibilidades de recuperaci\u00f3n. El conocimiento de los s\u00edntomas y los factores&hellip; <a href=\"https:\/\/liversurgeryny.com\/es\/cancer-de-vesicula-biliar\/\" class=\"btn btn-outline-primary  more-link d-none\">Seguir leyendo<\/a><\/p>\n","protected":false},"author":1,"featured_media":0,"parent":0,"menu_order":0,"comment_status":"closed","ping_status":"closed","template":"","meta":{"_acf_changed":false,"footnotes":""},"class_list":["post-2284","page","type-page","status-publish"],"acf":[],"yoast_head":"<!-- This site is optimized with the Yoast SEO plugin v27.4 - https:\/\/yoast.com\/product\/yoast-seo-wordpress\/ -->\n<title>S\u00edntomas, etapas, causas y tratamientos para el c\u00e1ncer de ves\u00edcula biliar en Nueva York<\/title>\n<meta name=\"description\" content=\"Si usted tiene s\u00edntomas de c\u00e1ncer de ves\u00edcula biliar y necesita tratamiento, comun\u00edquese hoy mismo al consultorio del Dr. Dmitri Alden. Nosotros ofrecemos tratamiento para el c\u00e1ncer de ves\u00edcula biliar en la Ciudad de Nueva York.\" \/>\n<meta name=\"robots\" content=\"index, follow, max-snippet:-1, max-image-preview:large, max-video-preview:-1\" \/>\n<link rel=\"canonical\" href=\"https:\/\/liversurgeryny.com\/es\/cancer-de-vesicula-biliar\/\" \/>\n<meta property=\"og:locale\" content=\"es_ES\" \/>\n<meta property=\"og:type\" content=\"article\" \/>\n<meta property=\"og:title\" content=\"S\u00edntomas, etapas, causas y tratamientos para el c\u00e1ncer de ves\u00edcula biliar en Nueva York\" \/>\n<meta property=\"og:description\" content=\"Si usted tiene s\u00edntomas de c\u00e1ncer de ves\u00edcula biliar y necesita tratamiento, comun\u00edquese hoy mismo al consultorio del Dr. Dmitri Alden. Nosotros ofrecemos tratamiento para el c\u00e1ncer de ves\u00edcula biliar en la Ciudad de Nueva York.\" \/>\n<meta property=\"og:url\" content=\"https:\/\/liversurgeryny.com\/es\/cancer-de-vesicula-biliar\/\" \/>\n<meta property=\"og:site_name\" content=\"Dmitri Alden, MD, FACS\" \/>\n<meta property=\"article:modified_time\" content=\"2022-10-18T07:23:10+00:00\" \/>\n<meta property=\"og:image\" content=\"https:\/\/liversurgeryny.com\/wp-content\/uploads\/2022\/09\/background-2.jpg\" \/>\n<meta name=\"twitter:card\" content=\"summary_large_image\" \/>\n<meta name=\"twitter:image\" content=\"https:\/\/liversurgeryny.com\/wp-content\/uploads\/2022\/09\/background-2.jpg\" \/>\n<meta name=\"twitter:label1\" content=\"Tiempo de lectura\" \/>\n\t<meta name=\"twitter:data1\" content=\"3 minutos\" \/>\n<!-- \/ Yoast SEO plugin. -->","yoast_head_json":{"title":"S\u00edntomas, etapas, causas y tratamientos para el c\u00e1ncer de ves\u00edcula biliar en Nueva York","description":"Si usted tiene s\u00edntomas de c\u00e1ncer de ves\u00edcula biliar y necesita tratamiento, comun\u00edquese hoy mismo al consultorio del Dr. Dmitri Alden. Nosotros ofrecemos tratamiento para el c\u00e1ncer de ves\u00edcula biliar en la Ciudad de Nueva York.","robots":{"index":"index","follow":"follow","max-snippet":"max-snippet:-1","max-image-preview":"max-image-preview:large","max-video-preview":"max-video-preview:-1"},"canonical":"https:\/\/liversurgeryny.com\/es\/cancer-de-vesicula-biliar\/","og_locale":"es_ES","og_type":"article","og_title":"S\u00edntomas, etapas, causas y tratamientos para el c\u00e1ncer de ves\u00edcula biliar en Nueva York","og_description":"Si usted tiene s\u00edntomas de c\u00e1ncer de ves\u00edcula biliar y necesita tratamiento, comun\u00edquese hoy mismo al consultorio del Dr. Dmitri Alden. Nosotros ofrecemos tratamiento para el c\u00e1ncer de ves\u00edcula biliar en la Ciudad de Nueva York.","og_url":"https:\/\/liversurgeryny.com\/es\/cancer-de-vesicula-biliar\/","og_site_name":"Dmitri Alden, MD, FACS","article_modified_time":"2022-10-18T07:23:10+00:00","og_image":[{"url":"https:\/\/liversurgeryny.com\/wp-content\/uploads\/2022\/09\/background-2.jpg","type":"","width":"","height":""}],"twitter_card":"summary_large_image","twitter_image":"https:\/\/liversurgeryny.com\/wp-content\/uploads\/2022\/09\/background-2.jpg","twitter_misc":{"Tiempo de lectura":"3 minutos"},"schema":{"@context":"https:\/\/schema.org","@graph":[{"@type":"WebPage","@id":"https:\/\/liversurgeryny.com\/es\/cancer-de-vesicula-biliar\/","url":"https:\/\/liversurgeryny.com\/es\/cancer-de-vesicula-biliar\/","name":"S\u00edntomas, etapas, causas y tratamientos para el c\u00e1ncer de ves\u00edcula biliar en Nueva York","isPartOf":{"@id":"https:\/\/liversurgeryny.com\/#website"},"datePublished":"2022-08-15T21:36:59+00:00","dateModified":"2022-10-18T07:23:10+00:00","description":"Si usted tiene s\u00edntomas de c\u00e1ncer de ves\u00edcula biliar y necesita tratamiento, comun\u00edquese hoy mismo al consultorio del Dr. Dmitri Alden. Nosotros ofrecemos tratamiento para el c\u00e1ncer de ves\u00edcula biliar en la Ciudad de Nueva York.","breadcrumb":{"@id":"https:\/\/liversurgeryny.com\/es\/cancer-de-vesicula-biliar\/#breadcrumb"},"inLanguage":"es","potentialAction":[{"@type":"ReadAction","target":["https:\/\/liversurgeryny.com\/es\/cancer-de-vesicula-biliar\/"]}]},{"@type":"BreadcrumbList","@id":"https:\/\/liversurgeryny.com\/es\/cancer-de-vesicula-biliar\/#breadcrumb","itemListElement":[{"@type":"ListItem","position":1,"name":"Home","item":"https:\/\/liversurgeryny.com\/es\/"},{"@type":"ListItem","position":2,"name":"C\u00e1ncer de ves\u00edcula biliar"}]},{"@type":"WebSite","@id":"https:\/\/liversurgeryny.com\/#website","url":"https:\/\/liversurgeryny.com\/","name":"Dmitri Alden, MD, FACS","description":"","potentialAction":[{"@type":"SearchAction","target":{"@type":"EntryPoint","urlTemplate":"https:\/\/liversurgeryny.com\/?s={search_term_string}"},"query-input":{"@type":"PropertyValueSpecification","valueRequired":true,"valueName":"search_term_string"}}],"inLanguage":"es"}]}},"_links":{"self":[{"href":"https:\/\/liversurgeryny.com\/es\/wp-json\/wp\/v2\/pages\/2284","targetHints":{"allow":["GET"]}}],"collection":[{"href":"https:\/\/liversurgeryny.com\/es\/wp-json\/wp\/v2\/pages"}],"about":[{"href":"https:\/\/liversurgeryny.com\/es\/wp-json\/wp\/v2\/types\/page"}],"author":[{"embeddable":true,"href":"https:\/\/liversurgeryny.com\/es\/wp-json\/wp\/v2\/users\/1"}],"replies":[{"embeddable":true,"href":"https:\/\/liversurgeryny.com\/es\/wp-json\/wp\/v2\/comments?post=2284"}],"version-history":[{"count":2,"href":"https:\/\/liversurgeryny.com\/es\/wp-json\/wp\/v2\/pages\/2284\/revisions"}],"predecessor-version":[{"id":2337,"href":"https:\/\/liversurgeryny.com\/es\/wp-json\/wp\/v2\/pages\/2284\/revisions\/2337"}],"wp:attachment":[{"href":"https:\/\/liversurgeryny.com\/es\/wp-json\/wp\/v2\/media?parent=2284"}],"curies":[{"name":"wp","href":"https:\/\/api.w.org\/{rel}","templated":true}]}}