{"id":2281,"date":"2022-08-16T11:44:59","date_gmt":"2022-08-16T16:44:59","guid":{"rendered":"https:\/\/liversurgeryny.com\/?page_id=2281"},"modified":"2022-10-12T04:13:23","modified_gmt":"2022-10-12T09:13:23","slug":"cancer-de-glandula-suprarrenal","status":"publish","type":"page","link":"https:\/\/liversurgeryny.com\/es\/cancer-de-glandula-suprarrenal\/","title":{"rendered":"C\u00e1ncer de gl\u00e1ndula suprarrenal"},"content":{"rendered":"<p>Las gl\u00e1ndulas suprarrenales son peque\u00f1os \u00f3rganos secretores de hormonas que afectan a todos los \u00f3rganos y sistemas del cuerpo humano, y que se encuentran en la parte superior del h\u00edgado. Cuando \u00e9stas son invadidas por tumores o por c\u00e1ncer, se puede provocar un desequilibrio hormonal que lo propaga r\u00e1pidamente a otras \u00e1reas del cuerpo. El Dr. Dmitri Alden es uno de los mejores cirujanos onc\u00f3logos y proporciona tratamientos avanzados contra el c\u00e1ncer de gl\u00e1ndula suprarrenal en su centro m\u00e9dico de la Ciudad de Nueva York.<\/p>\n<p>Debido a que las gl\u00e1ndulas suprarrenales son vitales para la producci\u00f3n de muchas hormonas, el c\u00e1ncer en \u00e9stas puede provocar s\u00edntomas generalizados. Las hormonas creadas en las gl\u00e1ndulas suprarrenales pueden afectar el metabolismo, los rasgos de g\u00e9nero y muchas otras funciones. A continuaci\u00f3n, le mostramos algunos s\u00edntomas posibles del c\u00e1ncer de gl\u00e1ndula suprarrenal:<\/p>\n<ul>\n<li>Aumento o p\u00e9rdida s\u00fabita e inesperada de peso.<\/li>\n<li>En mujeres, aparici\u00f3n de vello facial, irregularidad menstrual y p\u00e9rdida de cabello.<\/li>\n<li>En hombres, aumento del tejido mamario y\/o encogimiento de test\u00edculos.<\/li>\n<li>N\u00e1useas, v\u00f3mitos y p\u00e9rdida de apetito.<\/li>\n<li>Hinchaz\u00f3n abdominal.<\/li>\n<li>Debilidad muscular generalizada.<\/li>\n<li>Fiebre continuada.<\/li>\n<li>Dolor abdominal o de espalda persistente.<\/li>\n<\/ul>\n<p>Los cambios en el equilibrio hormonal pueden constituir los primeros signos de c\u00e1ncer suprarrenal, por lo que su diagn\u00f3stico puede facilitarse mediante la realizaci\u00f3n de un simple an\u00e1lisis de sangre que compruebe que no existen niveles inusuales de hormonas tales como cortisol, andr\u00f3genos y aldosterona, que delaten un mal funcionamiento de estas gl\u00e1ndulas. Otras herramientas eficaces para el diagn\u00f3stico son las tomograf\u00edas computarizadas (CT), las resonancias magn\u00e9ticas (MRI) o las tomograf\u00edas por emisi\u00f3n de positrones (PET), que identifican crecimientos inusuales y comprueban si existe propagaci\u00f3n del c\u00e1ncer a otros \u00f3rganos.<\/p>\n<h2>Feocromocitoma suprarrenal<\/h2>\n<p>El feocromocitoma suprarrenal es un tipo de c\u00e1ncer que hace referencia a un tumor que inicia en las c\u00e9lulas de la gl\u00e1ndula suprarrenal y que, al ser una variedad bastante rara de c\u00e1ncer, requiere de la experiencia de un onc\u00f3logo altamente calificado para su detecci\u00f3n y tratamiento. Las causas de aparici\u00f3n del feocromocitoma espor\u00e1dico a\u00fan se desconocen, pero algunas afecciones gen\u00e9ticas podr\u00edan representar un mayor riesgo de desarrollo de estos tumores suprarrenales. Los pacientes con feocromocitoma suprarrenal pueden presentar los siguientes s\u00edntomas:<\/p>\n<ul>\n<li>Presi\u00f3n arterial alta, causante de palpitaciones card\u00edacas, sudoraci\u00f3n y dolores de cabeza.<\/li>\n<li>N\u00e1useas.<\/li>\n<li>Dolor abdominal.<\/li>\n<li>Debilidad o fatiga.<\/li>\n<li>Piel p\u00e1lida.<\/li>\n<li>Temblores.<\/li>\n<li>Dificultades respiratorias.<\/li>\n<\/ul>\n<p>El feocromocitoma, como la mayor\u00eda de los c\u00e1nceres suprarrenales, se combate mejor con cirug\u00eda, requiri\u00e9ndose, en la mayor\u00eda de los casos, una adrenalectom\u00eda o extirpaci\u00f3n completa de la gl\u00e1ndula suprarrenal, que puede ir acompa\u00f1ada por otros tratamientos complementarios contra el c\u00e1ncer.<\/p>\n<p>Si usted presenta indicios o s\u00edntomas de c\u00e1ncer de gl\u00e1ndula suprarrenal, por favor, comun\u00edquese hoy mismo con el Dr. Dmitri Alden y programe una consulta para su tratamiento en su consultorio en Manhattan, Nueva York.<\/p>\n","protected":false},"excerpt":{"rendered":"<p>Las gl\u00e1ndulas suprarrenales son peque\u00f1os \u00f3rganos secretores de hormonas que afectan a todos los \u00f3rganos y sistemas del cuerpo humano, y que se encuentran en la parte superior del h\u00edgado. Cuando \u00e9stas son invadidas por tumores o por c\u00e1ncer, se puede provocar un desequilibrio hormonal que lo propaga r\u00e1pidamente a otras \u00e1reas del cuerpo. El&hellip; <a href=\"https:\/\/liversurgeryny.com\/es\/cancer-de-glandula-suprarrenal\/\" class=\"btn btn-outline-primary  more-link d-none\">Seguir leyendo<\/a><\/p>\n","protected":false},"author":1,"featured_media":0,"parent":0,"menu_order":0,"comment_status":"closed","ping_status":"closed","template":"","meta":{"_acf_changed":false,"footnotes":""},"class_list":["post-2281","page","type-page","status-publish"],"acf":[],"yoast_head":"<!-- This site is optimized with the Yoast SEO plugin v27.4 - https:\/\/yoast.com\/product\/yoast-seo-wordpress\/ -->\n<title>S\u00edntomas y tratamientos para el c\u00e1ncer\/tumor suprarrenal en Nueva York | Causas del feocromocitoma<\/title>\n<meta name=\"description\" content=\"\u00bfHa sido usted diagnosticado con c\u00e1ncer de la gl\u00e1ndula suprarrenal o feocromocitoma? El Dr. Dmitri Alden ofrece tratamientos para el c\u00e1ncer de la gl\u00e1ndula suprarrenal en su cl\u00ednica de la Ciudad de Nueva York.\" \/>\n<meta name=\"robots\" content=\"index, follow, max-snippet:-1, max-image-preview:large, max-video-preview:-1\" \/>\n<link rel=\"canonical\" href=\"https:\/\/liversurgeryny.com\/es\/cancer-de-glandula-suprarrenal\/\" \/>\n<meta property=\"og:locale\" content=\"es_ES\" \/>\n<meta property=\"og:type\" content=\"article\" \/>\n<meta property=\"og:title\" content=\"S\u00edntomas y tratamientos para el c\u00e1ncer\/tumor suprarrenal en Nueva York | Causas del feocromocitoma\" \/>\n<meta property=\"og:description\" content=\"\u00bfHa sido usted diagnosticado con c\u00e1ncer de la gl\u00e1ndula suprarrenal o feocromocitoma? El Dr. Dmitri Alden ofrece tratamientos para el c\u00e1ncer de la gl\u00e1ndula suprarrenal en su cl\u00ednica de la Ciudad de Nueva York.\" \/>\n<meta property=\"og:url\" content=\"https:\/\/liversurgeryny.com\/es\/cancer-de-glandula-suprarrenal\/\" \/>\n<meta property=\"og:site_name\" content=\"Dmitri Alden, MD, FACS\" \/>\n<meta property=\"article:modified_time\" content=\"2022-10-12T09:13:23+00:00\" \/>\n<meta property=\"og:image\" content=\"https:\/\/liversurgeryny.com\/wp-content\/uploads\/2022\/09\/background-2.jpg\" \/>\n<meta name=\"twitter:card\" content=\"summary_large_image\" \/>\n<meta name=\"twitter:image\" content=\"https:\/\/liversurgeryny.com\/wp-content\/uploads\/2022\/09\/background-2.jpg\" \/>\n<meta name=\"twitter:label1\" content=\"Tiempo de lectura\" \/>\n\t<meta name=\"twitter:data1\" content=\"3 minutos\" \/>\n<!-- \/ Yoast SEO plugin. -->","yoast_head_json":{"title":"S\u00edntomas y tratamientos para el c\u00e1ncer\/tumor suprarrenal en Nueva York | Causas del feocromocitoma","description":"\u00bfHa sido usted diagnosticado con c\u00e1ncer de la gl\u00e1ndula suprarrenal o feocromocitoma? El Dr. Dmitri Alden ofrece tratamientos para el c\u00e1ncer de la gl\u00e1ndula suprarrenal en su cl\u00ednica de la Ciudad de Nueva York.","robots":{"index":"index","follow":"follow","max-snippet":"max-snippet:-1","max-image-preview":"max-image-preview:large","max-video-preview":"max-video-preview:-1"},"canonical":"https:\/\/liversurgeryny.com\/es\/cancer-de-glandula-suprarrenal\/","og_locale":"es_ES","og_type":"article","og_title":"S\u00edntomas y tratamientos para el c\u00e1ncer\/tumor suprarrenal en Nueva York | Causas del feocromocitoma","og_description":"\u00bfHa sido usted diagnosticado con c\u00e1ncer de la gl\u00e1ndula suprarrenal o feocromocitoma? El Dr. Dmitri Alden ofrece tratamientos para el c\u00e1ncer de la gl\u00e1ndula suprarrenal en su cl\u00ednica de la Ciudad de Nueva York.","og_url":"https:\/\/liversurgeryny.com\/es\/cancer-de-glandula-suprarrenal\/","og_site_name":"Dmitri Alden, MD, FACS","article_modified_time":"2022-10-12T09:13:23+00:00","og_image":[{"url":"https:\/\/liversurgeryny.com\/wp-content\/uploads\/2022\/09\/background-2.jpg","type":"","width":"","height":""}],"twitter_card":"summary_large_image","twitter_image":"https:\/\/liversurgeryny.com\/wp-content\/uploads\/2022\/09\/background-2.jpg","twitter_misc":{"Tiempo de lectura":"3 minutos"},"schema":{"@context":"https:\/\/schema.org","@graph":[{"@type":"WebPage","@id":"https:\/\/liversurgeryny.com\/es\/cancer-de-glandula-suprarrenal\/","url":"https:\/\/liversurgeryny.com\/es\/cancer-de-glandula-suprarrenal\/","name":"S\u00edntomas y tratamientos para el c\u00e1ncer\/tumor suprarrenal en Nueva York | Causas del feocromocitoma","isPartOf":{"@id":"https:\/\/liversurgeryny.com\/#website"},"datePublished":"2022-08-16T16:44:59+00:00","dateModified":"2022-10-12T09:13:23+00:00","description":"\u00bfHa sido usted diagnosticado con c\u00e1ncer de la gl\u00e1ndula suprarrenal o feocromocitoma? El Dr. Dmitri Alden ofrece tratamientos para el c\u00e1ncer de la gl\u00e1ndula suprarrenal en su cl\u00ednica de la Ciudad de Nueva York.","breadcrumb":{"@id":"https:\/\/liversurgeryny.com\/es\/cancer-de-glandula-suprarrenal\/#breadcrumb"},"inLanguage":"es","potentialAction":[{"@type":"ReadAction","target":["https:\/\/liversurgeryny.com\/es\/cancer-de-glandula-suprarrenal\/"]}]},{"@type":"BreadcrumbList","@id":"https:\/\/liversurgeryny.com\/es\/cancer-de-glandula-suprarrenal\/#breadcrumb","itemListElement":[{"@type":"ListItem","position":1,"name":"Home","item":"https:\/\/liversurgeryny.com\/es\/"},{"@type":"ListItem","position":2,"name":"C\u00e1ncer de gl\u00e1ndula suprarrenal"}]},{"@type":"WebSite","@id":"https:\/\/liversurgeryny.com\/#website","url":"https:\/\/liversurgeryny.com\/","name":"Dmitri Alden, MD, FACS","description":"","potentialAction":[{"@type":"SearchAction","target":{"@type":"EntryPoint","urlTemplate":"https:\/\/liversurgeryny.com\/?s={search_term_string}"},"query-input":{"@type":"PropertyValueSpecification","valueRequired":true,"valueName":"search_term_string"}}],"inLanguage":"es"}]}},"_links":{"self":[{"href":"https:\/\/liversurgeryny.com\/es\/wp-json\/wp\/v2\/pages\/2281","targetHints":{"allow":["GET"]}}],"collection":[{"href":"https:\/\/liversurgeryny.com\/es\/wp-json\/wp\/v2\/pages"}],"about":[{"href":"https:\/\/liversurgeryny.com\/es\/wp-json\/wp\/v2\/types\/page"}],"author":[{"embeddable":true,"href":"https:\/\/liversurgeryny.com\/es\/wp-json\/wp\/v2\/users\/1"}],"replies":[{"embeddable":true,"href":"https:\/\/liversurgeryny.com\/es\/wp-json\/wp\/v2\/comments?post=2281"}],"version-history":[{"count":1,"href":"https:\/\/liversurgeryny.com\/es\/wp-json\/wp\/v2\/pages\/2281\/revisions"}],"predecessor-version":[{"id":2282,"href":"https:\/\/liversurgeryny.com\/es\/wp-json\/wp\/v2\/pages\/2281\/revisions\/2282"}],"wp:attachment":[{"href":"https:\/\/liversurgeryny.com\/es\/wp-json\/wp\/v2\/media?parent=2281"}],"curies":[{"name":"wp","href":"https:\/\/api.w.org\/{rel}","templated":true}]}}