{"id":2278,"date":"2022-08-16T11:50:48","date_gmt":"2022-08-16T16:50:48","guid":{"rendered":"https:\/\/liversurgeryny.com\/?page_id=2278"},"modified":"2022-10-12T04:05:08","modified_gmt":"2022-10-12T09:05:08","slug":"cirugia-robotica-para-el-cancer-de-colon","status":"publish","type":"page","link":"https:\/\/liversurgeryny.com\/es\/cirugia-robotica-para-el-cancer-de-colon\/","title":{"rendered":"Cirug\u00eda rob\u00f3tica para el c\u00e1ncer de colon"},"content":{"rendered":"<p>Con la irrupci\u00f3n de la cirug\u00eda rob\u00f3tica, muchos procedimientos en el \u00e1mbito m\u00e9dico han mejorado, incluidos los relacionados con la cirug\u00eda para el c\u00e1ncer colorrectal. Esta tecnolog\u00eda permite una mayor precisi\u00f3n y control durante las complejas cirug\u00edas que se realizan tanto dentro de la cavidad abdominal como en el resto del cuerpo. El Dr. Dmitri Alden es uno de los mejores cirujanos onc\u00f3logos y cuenta con una amplia y exitosa experiencia en la realizaci\u00f3n de cirug\u00edas rob\u00f3ticas para el c\u00e1ncer de colon en la Ciudad de Nueva York.<\/p>\n<p>La cirug\u00eda rob\u00f3tica requiere de una consola con la que el cirujano controla los movimientos de los brazos rob\u00f3ticos que portan el peque\u00f1o, pero muy sofisticado, instrumental quir\u00fargico. Unas diminutas c\u00e1maras que transmiten im\u00e1genes 3D de alta definici\u00f3n a pantallas digitales son insertadas a trav\u00e9s de peque\u00f1as incisiones en la cavidad abdominal, ofreciendo una excelente visi\u00f3n del \u00e1rea quir\u00fargica y permitiendo as\u00ed maniobrar m\u00e1s f\u00e1cilmente dentro del paciente. Mediante este tipo de procedimientos, el Dr. Alden consigue controlar cada movimiento de los brazos e instrumentos rob\u00f3ticos, mejorando la precisi\u00f3n y las posibilidades de \u00e9xito en la cirug\u00eda, sin verse muy afectado por el cansancio f\u00edsico, aspecto esencial en intervenciones tan prolongadas como \u00e9stas.<\/p>\n<h2>Cirug\u00eda m\u00ednimamente invasiva para el c\u00e1ncer colorrectal<\/h2>\n<p>Los beneficios de elegir una cirug\u00eda rob\u00f3tica para el tratamiento del c\u00e1ncer colorrectal son m\u00faltiples ya que, a diferencia de la cirug\u00eda abierta tradicional en que se practica un gran corte de entrada a la cavidad abdominal, en esta modalidad de intervenciones en que se suelen extirpar quir\u00fargicamente partes del recto y colon, as\u00ed como de p\u00f3lipos o tumores, se hacen peque\u00f1as incisiones que permiten el acceso de los diminutos instrumentos quir\u00fargicos al abdomen, reduciendo as\u00ed las afectaciones a los tejidos que rodean la zona intervenida, provocando menos dolor y una recuperaci\u00f3n m\u00e1s r\u00e1pida.<\/p>\n<p>La cirug\u00eda rob\u00f3tica m\u00ednimamente invasiva supone hoy un tratamiento eficaz y de primer nivel frente al c\u00e1ncer colorrectal. La mayor\u00eda de los pacientes del Dr. Alden reducen sus estad\u00edas en el hospital a \u00fanicamente 24-48 horas despu\u00e9s de su cirug\u00eda, disminuyen los riesgos de sufrir sangrados o infecciones, facilitando as\u00ed que puedan comenzar mucho antes otras fases de sus tratamientos contra el c\u00e1ncer de colon, lo que proporciona mejores posibilidades de que la terapia sea exitosa.<\/p>\n<p>Escuchar un diagn\u00f3stico de c\u00e1ncer de colon puede resultar aterrador, pero hoy en d\u00eda existen muchos tratamientos y avances novedosos que ayudan a su curaci\u00f3n. El Dr. Dmitri Alden es uno de los cirujanos onc\u00f3logos m\u00e1s respetados en los Estados Unidos y un m\u00e9dico de categor\u00eda mundial que utiliza con sus pacientes los tratamientos m\u00e1s vanguardistas en la lucha contra el c\u00e1ncer. Si desea programar una consulta con relaci\u00f3n a los distintos tratamientos para el c\u00e1ncer colorrectal que proporciona el Dr. Alden, por favor comun\u00edquese hoy mismo con nuestro centro m\u00e9dico en Manhattan.<\/p>\n","protected":false},"excerpt":{"rendered":"<p>Con la irrupci\u00f3n de la cirug\u00eda rob\u00f3tica, muchos procedimientos en el \u00e1mbito m\u00e9dico han mejorado, incluidos los relacionados con la cirug\u00eda para el c\u00e1ncer colorrectal. Esta tecnolog\u00eda permite una mayor precisi\u00f3n y control durante las complejas cirug\u00edas que se realizan tanto dentro de la cavidad abdominal como en el resto del cuerpo. El Dr. Dmitri&hellip; <a href=\"https:\/\/liversurgeryny.com\/es\/cirugia-robotica-para-el-cancer-de-colon\/\" class=\"btn btn-outline-primary  more-link d-none\">Seguir leyendo<\/a><\/p>\n","protected":false},"author":1,"featured_media":0,"parent":0,"menu_order":0,"comment_status":"closed","ping_status":"closed","template":"","meta":{"_acf_changed":false,"footnotes":""},"class_list":["post-2278","page","type-page","status-publish"],"acf":[],"yoast_head":"<!-- This site is optimized with the Yoast SEO plugin v27.4 - https:\/\/yoast.com\/product\/yoast-seo-wordpress\/ -->\n<title>Cirug\u00eda para c\u00e1ncer de colon en Nueva York | Tratamiento para c\u00e1ncer colorrectal en Nueva York<\/title>\n<meta name=\"description\" content=\"\u00bfBusca usted un especialista en c\u00e1ncer colorrectal en la Ciudad de Nueva York? El Dr. Dmitri Alden realiza cirug\u00edas de rob\u00f3tica avanzada para el c\u00e1ncer de colon y tratamiento para el c\u00e1ncer colorrectal.\" \/>\n<meta name=\"robots\" content=\"index, follow, max-snippet:-1, max-image-preview:large, max-video-preview:-1\" \/>\n<link rel=\"canonical\" href=\"https:\/\/liversurgeryny.com\/es\/cirugia-robotica-para-el-cancer-de-colon\/\" \/>\n<meta property=\"og:locale\" content=\"es_ES\" \/>\n<meta property=\"og:type\" content=\"article\" \/>\n<meta property=\"og:title\" content=\"Cirug\u00eda para c\u00e1ncer de colon en Nueva York | Tratamiento para c\u00e1ncer colorrectal en Nueva York\" \/>\n<meta property=\"og:description\" content=\"\u00bfBusca usted un especialista en c\u00e1ncer colorrectal en la Ciudad de Nueva York? El Dr. Dmitri Alden realiza cirug\u00edas de rob\u00f3tica avanzada para el c\u00e1ncer de colon y tratamiento para el c\u00e1ncer colorrectal.\" \/>\n<meta property=\"og:url\" content=\"https:\/\/liversurgeryny.com\/es\/cirugia-robotica-para-el-cancer-de-colon\/\" \/>\n<meta property=\"og:site_name\" content=\"Dmitri Alden, MD, FACS\" \/>\n<meta property=\"article:modified_time\" content=\"2022-10-12T09:05:08+00:00\" \/>\n<meta property=\"og:image\" content=\"https:\/\/liversurgeryny.com\/wp-content\/uploads\/2022\/09\/background-2.jpg\" \/>\n<meta name=\"twitter:card\" content=\"summary_large_image\" \/>\n<meta name=\"twitter:image\" content=\"https:\/\/liversurgeryny.com\/wp-content\/uploads\/2022\/09\/background-2.jpg\" \/>\n<meta name=\"twitter:label1\" content=\"Tiempo de lectura\" \/>\n\t<meta name=\"twitter:data1\" content=\"3 minutos\" \/>\n<!-- \/ Yoast SEO plugin. -->","yoast_head_json":{"title":"Cirug\u00eda para c\u00e1ncer de colon en Nueva York | Tratamiento para c\u00e1ncer colorrectal en Nueva York","description":"\u00bfBusca usted un especialista en c\u00e1ncer colorrectal en la Ciudad de Nueva York? El Dr. Dmitri Alden realiza cirug\u00edas de rob\u00f3tica avanzada para el c\u00e1ncer de colon y tratamiento para el c\u00e1ncer colorrectal.","robots":{"index":"index","follow":"follow","max-snippet":"max-snippet:-1","max-image-preview":"max-image-preview:large","max-video-preview":"max-video-preview:-1"},"canonical":"https:\/\/liversurgeryny.com\/es\/cirugia-robotica-para-el-cancer-de-colon\/","og_locale":"es_ES","og_type":"article","og_title":"Cirug\u00eda para c\u00e1ncer de colon en Nueva York | Tratamiento para c\u00e1ncer colorrectal en Nueva York","og_description":"\u00bfBusca usted un especialista en c\u00e1ncer colorrectal en la Ciudad de Nueva York? El Dr. Dmitri Alden realiza cirug\u00edas de rob\u00f3tica avanzada para el c\u00e1ncer de colon y tratamiento para el c\u00e1ncer colorrectal.","og_url":"https:\/\/liversurgeryny.com\/es\/cirugia-robotica-para-el-cancer-de-colon\/","og_site_name":"Dmitri Alden, MD, FACS","article_modified_time":"2022-10-12T09:05:08+00:00","og_image":[{"url":"https:\/\/liversurgeryny.com\/wp-content\/uploads\/2022\/09\/background-2.jpg","type":"","width":"","height":""}],"twitter_card":"summary_large_image","twitter_image":"https:\/\/liversurgeryny.com\/wp-content\/uploads\/2022\/09\/background-2.jpg","twitter_misc":{"Tiempo de lectura":"3 minutos"},"schema":{"@context":"https:\/\/schema.org","@graph":[{"@type":"WebPage","@id":"https:\/\/liversurgeryny.com\/es\/cirugia-robotica-para-el-cancer-de-colon\/","url":"https:\/\/liversurgeryny.com\/es\/cirugia-robotica-para-el-cancer-de-colon\/","name":"Cirug\u00eda para c\u00e1ncer de colon en Nueva York | Tratamiento para c\u00e1ncer colorrectal en Nueva York","isPartOf":{"@id":"https:\/\/liversurgeryny.com\/#website"},"datePublished":"2022-08-16T16:50:48+00:00","dateModified":"2022-10-12T09:05:08+00:00","description":"\u00bfBusca usted un especialista en c\u00e1ncer colorrectal en la Ciudad de Nueva York? El Dr. Dmitri Alden realiza cirug\u00edas de rob\u00f3tica avanzada para el c\u00e1ncer de colon y tratamiento para el c\u00e1ncer colorrectal.","breadcrumb":{"@id":"https:\/\/liversurgeryny.com\/es\/cirugia-robotica-para-el-cancer-de-colon\/#breadcrumb"},"inLanguage":"es","potentialAction":[{"@type":"ReadAction","target":["https:\/\/liversurgeryny.com\/es\/cirugia-robotica-para-el-cancer-de-colon\/"]}]},{"@type":"BreadcrumbList","@id":"https:\/\/liversurgeryny.com\/es\/cirugia-robotica-para-el-cancer-de-colon\/#breadcrumb","itemListElement":[{"@type":"ListItem","position":1,"name":"Home","item":"https:\/\/liversurgeryny.com\/es\/"},{"@type":"ListItem","position":2,"name":"Cirug\u00eda rob\u00f3tica para el c\u00e1ncer de colon"}]},{"@type":"WebSite","@id":"https:\/\/liversurgeryny.com\/#website","url":"https:\/\/liversurgeryny.com\/","name":"Dmitri Alden, MD, FACS","description":"","potentialAction":[{"@type":"SearchAction","target":{"@type":"EntryPoint","urlTemplate":"https:\/\/liversurgeryny.com\/?s={search_term_string}"},"query-input":{"@type":"PropertyValueSpecification","valueRequired":true,"valueName":"search_term_string"}}],"inLanguage":"es"}]}},"_links":{"self":[{"href":"https:\/\/liversurgeryny.com\/es\/wp-json\/wp\/v2\/pages\/2278","targetHints":{"allow":["GET"]}}],"collection":[{"href":"https:\/\/liversurgeryny.com\/es\/wp-json\/wp\/v2\/pages"}],"about":[{"href":"https:\/\/liversurgeryny.com\/es\/wp-json\/wp\/v2\/types\/page"}],"author":[{"embeddable":true,"href":"https:\/\/liversurgeryny.com\/es\/wp-json\/wp\/v2\/users\/1"}],"replies":[{"embeddable":true,"href":"https:\/\/liversurgeryny.com\/es\/wp-json\/wp\/v2\/comments?post=2278"}],"version-history":[{"count":1,"href":"https:\/\/liversurgeryny.com\/es\/wp-json\/wp\/v2\/pages\/2278\/revisions"}],"predecessor-version":[{"id":2279,"href":"https:\/\/liversurgeryny.com\/es\/wp-json\/wp\/v2\/pages\/2278\/revisions\/2279"}],"wp:attachment":[{"href":"https:\/\/liversurgeryny.com\/es\/wp-json\/wp\/v2\/media?parent=2278"}],"curies":[{"name":"wp","href":"https:\/\/api.w.org\/{rel}","templated":true}]}}