{"id":2275,"date":"2022-08-15T16:22:38","date_gmt":"2022-08-15T21:22:38","guid":{"rendered":"https:\/\/liversurgeryny.com\/?page_id=2275"},"modified":"2022-10-12T04:00:15","modified_gmt":"2022-10-12T09:00:15","slug":"colecistectomia-robotica","status":"publish","type":"page","link":"https:\/\/liversurgeryny.com\/es\/colecistectomia-robotica\/","title":{"rendered":"Colecistectom\u00eda rob\u00f3tica"},"content":{"rendered":"<p>Los avances en el campo de la cirug\u00eda rob\u00f3tica han hecho posibles que la eficacia y la seguridad hayan mejorado notablemente en muchos tipos de intervenciones quir\u00fargicas, incluida la extirpaci\u00f3n de la ves\u00edcula biliar. Los sistemas asistidos por robot como el sistema Da Vinci brindan a los cirujanos una visi\u00f3n 3D del interior de la anatom\u00eda del paciente, as\u00ed como un control m\u00e1s preciso en el manejo de los instrumentos quir\u00fargicos. El Dr. Dmitri Alden utiliza tecnolog\u00eda quir\u00fargica robotizada en muchas de las intervenciones que realiza, incluida la colecistectom\u00eda.<\/p>\n<p>La colecistectom\u00eda rob\u00f3tica, o extirpaci\u00f3n de la ves\u00edcula biliar con m\u00e9todos rob\u00f3ticos, ofrece muchas ventajas frente a la cirug\u00eda abierta tradicional o incluso la colecistectom\u00eda laparosc\u00f3pica. Tras varias d\u00e9cadas de investigaciones, estos sistemas de rob\u00f3tica avanzada han aumentado la seguridad de los pacientes en los procedimientos quir\u00fargicos que se les realizan. Durante esta cirug\u00eda, el Dr. Alden utiliza la consola del cirujano para obtener im\u00e1genes tridimensionales y de alta definici\u00f3n transmitidas desde el interior del abdomen del paciente, lo que le permite controlar los instrumentos quir\u00fargicos m\u00e1s vanguardistas y extirpar as\u00ed la ves\u00edcula biliar con mayor precisi\u00f3n y eficacia. Hoy, son ya varios cientos de cirug\u00edas asistidas por robot las que \u00e9l ha realizado, con excelentes resultados para sus pacientes.<\/p>\n<h2>Ventajas de la cirug\u00eda asistida por robot<\/h2>\n<p>Para aquellos pacientes que requieren la extirpaci\u00f3n de la ves\u00edcula biliar, la colecistectom\u00eda rob\u00f3tica puede ofrecer muchas ventajas, m\u00e1s a\u00fan cuando las im\u00e1genes tridimensionales en alta definici\u00f3n y los avanzados instrumentos quir\u00fargicos que mejoran la precisi\u00f3n de la intervenci\u00f3n son controlados por un cirujano experimentado como el Dr. Alden. Al tratarse de un procedimiento m\u00ednimamente invasivo, con incisiones muy peque\u00f1as a trav\u00e9s de las que se accede a la ves\u00edcula biliar, los pacientes pueden regresar a sus hogares, generalmente, dentro de las 24-48 horas posteriores a su cirug\u00eda, lo que reduce significativamente la duraci\u00f3n de la estad\u00eda en el hospital. Adicionalmente, la recuperaci\u00f3n es mucho menos dolorosa, m\u00e1s r\u00e1pida y conlleva menos riesgo de sufrir infecciones u otras complicaciones, en comparaci\u00f3n con otros m\u00e9todos m\u00e1s tradicionales y menos vanguardistas.<\/p>\n<p>Para poder ofrecer a sus pacientes una atenci\u00f3n m\u00e9dica de primer nivel, el Dr. Dmitri Alden ha puesto todo su esfuerzo invirtiendo en la mejor tecnolog\u00eda y capacitaci\u00f3n. De esta manera y siempre que las circunstancias lo hacen posible, el Dr. Alden utiliza sistemas rob\u00f3ticos en las intervenciones quir\u00fargicas que realiza a sus pacientes, obteniendo los mejores resultados. Aunque en la mayor\u00eda de los casos la cirug\u00eda para la extirpaci\u00f3n de la ves\u00edcula biliar realizada con asistencia rob\u00f3tica es m\u00e1s segura y tiene una tasa mayor de \u00e9xito, el Dr. Alden tambi\u00e9n puede realizar colecistectom\u00edas utilizando otros m\u00e9todos quir\u00fargicos diferentes, si esto fuera necesario.<\/p>\n<p>Si usted tiene alguna enfermedad de la ves\u00edcula biliar que no responda a otros tratamientos por lo que fuera recomendable su extirpaci\u00f3n, por favor p\u00f3ngase en contacto hoy mismo con el Dr. Dmitri Alden y programe una consulta en su consultorio de Manhattan, Nueva York, donde estudiar\u00e1 su caso y le ofrecer\u00e1 una cirug\u00eda de vanguardia para la colecistectom\u00eda rob\u00f3tica, ya que es una opci\u00f3n m\u00ednimamente invasiva y m\u00e1s segura.<\/p>\n","protected":false},"excerpt":{"rendered":"<p>Los avances en el campo de la cirug\u00eda rob\u00f3tica han hecho posibles que la eficacia y la seguridad hayan mejorado notablemente en muchos tipos de intervenciones quir\u00fargicas, incluida la extirpaci\u00f3n de la ves\u00edcula biliar. Los sistemas asistidos por robot como el sistema Da Vinci brindan a los cirujanos una visi\u00f3n 3D del interior de la&hellip; <a href=\"https:\/\/liversurgeryny.com\/es\/colecistectomia-robotica\/\" class=\"btn btn-outline-primary  more-link d-none\">Seguir leyendo<\/a><\/p>\n","protected":false},"author":1,"featured_media":0,"parent":0,"menu_order":0,"comment_status":"closed","ping_status":"closed","template":"","meta":{"_acf_changed":false,"footnotes":""},"class_list":["post-2275","page","type-page","status-publish"],"acf":[],"yoast_head":"<!-- This site is optimized with the Yoast SEO plugin v27.4 - https:\/\/yoast.com\/product\/yoast-seo-wordpress\/ -->\n<title>Colecistectom\u00eda rob\u00f3tica en Nueva York | Cirug\u00eda rob\u00f3tica para extirpaci\u00f3n de ves\u00edcula biliar<\/title>\n<meta name=\"description\" content=\"\u00bfNecesita que le extirpen la ves\u00edcula biliar? El Dr. Dmitri Alden realiza cirug\u00eda avanzada de colecistectom\u00eda rob\u00f3tica m\u00ednimamente invasiva, en Nueva York.\" \/>\n<meta name=\"robots\" content=\"index, follow, max-snippet:-1, max-image-preview:large, max-video-preview:-1\" \/>\n<link rel=\"canonical\" href=\"https:\/\/liversurgeryny.com\/es\/colecistectomia-robotica\/\" \/>\n<meta property=\"og:locale\" content=\"es_ES\" \/>\n<meta property=\"og:type\" content=\"article\" \/>\n<meta property=\"og:title\" content=\"Colecistectom\u00eda rob\u00f3tica en Nueva York | Cirug\u00eda rob\u00f3tica para extirpaci\u00f3n de ves\u00edcula biliar\" \/>\n<meta property=\"og:description\" content=\"\u00bfNecesita que le extirpen la ves\u00edcula biliar? El Dr. Dmitri Alden realiza cirug\u00eda avanzada de colecistectom\u00eda rob\u00f3tica m\u00ednimamente invasiva, en Nueva York.\" \/>\n<meta property=\"og:url\" content=\"https:\/\/liversurgeryny.com\/es\/colecistectomia-robotica\/\" \/>\n<meta property=\"og:site_name\" content=\"Dmitri Alden, MD, FACS\" \/>\n<meta property=\"article:modified_time\" content=\"2022-10-12T09:00:15+00:00\" \/>\n<meta property=\"og:image\" content=\"https:\/\/liversurgeryny.com\/wp-content\/uploads\/2022\/09\/background-2.jpg\" \/>\n<meta name=\"twitter:card\" content=\"summary_large_image\" \/>\n<meta name=\"twitter:image\" content=\"https:\/\/liversurgeryny.com\/wp-content\/uploads\/2022\/09\/background-2.jpg\" \/>\n<meta name=\"twitter:label1\" content=\"Tiempo de lectura\" \/>\n\t<meta name=\"twitter:data1\" content=\"3 minutos\" \/>\n<!-- \/ Yoast SEO plugin. -->","yoast_head_json":{"title":"Colecistectom\u00eda rob\u00f3tica en Nueva York | Cirug\u00eda rob\u00f3tica para extirpaci\u00f3n de ves\u00edcula biliar","description":"\u00bfNecesita que le extirpen la ves\u00edcula biliar? El Dr. Dmitri Alden realiza cirug\u00eda avanzada de colecistectom\u00eda rob\u00f3tica m\u00ednimamente invasiva, en Nueva York.","robots":{"index":"index","follow":"follow","max-snippet":"max-snippet:-1","max-image-preview":"max-image-preview:large","max-video-preview":"max-video-preview:-1"},"canonical":"https:\/\/liversurgeryny.com\/es\/colecistectomia-robotica\/","og_locale":"es_ES","og_type":"article","og_title":"Colecistectom\u00eda rob\u00f3tica en Nueva York | Cirug\u00eda rob\u00f3tica para extirpaci\u00f3n de ves\u00edcula biliar","og_description":"\u00bfNecesita que le extirpen la ves\u00edcula biliar? El Dr. Dmitri Alden realiza cirug\u00eda avanzada de colecistectom\u00eda rob\u00f3tica m\u00ednimamente invasiva, en Nueva York.","og_url":"https:\/\/liversurgeryny.com\/es\/colecistectomia-robotica\/","og_site_name":"Dmitri Alden, MD, FACS","article_modified_time":"2022-10-12T09:00:15+00:00","og_image":[{"url":"https:\/\/liversurgeryny.com\/wp-content\/uploads\/2022\/09\/background-2.jpg","type":"","width":"","height":""}],"twitter_card":"summary_large_image","twitter_image":"https:\/\/liversurgeryny.com\/wp-content\/uploads\/2022\/09\/background-2.jpg","twitter_misc":{"Tiempo de lectura":"3 minutos"},"schema":{"@context":"https:\/\/schema.org","@graph":[{"@type":"WebPage","@id":"https:\/\/liversurgeryny.com\/es\/colecistectomia-robotica\/","url":"https:\/\/liversurgeryny.com\/es\/colecistectomia-robotica\/","name":"Colecistectom\u00eda rob\u00f3tica en Nueva York | Cirug\u00eda rob\u00f3tica para extirpaci\u00f3n de ves\u00edcula biliar","isPartOf":{"@id":"https:\/\/liversurgeryny.com\/#website"},"datePublished":"2022-08-15T21:22:38+00:00","dateModified":"2022-10-12T09:00:15+00:00","description":"\u00bfNecesita que le extirpen la ves\u00edcula biliar? El Dr. Dmitri Alden realiza cirug\u00eda avanzada de colecistectom\u00eda rob\u00f3tica m\u00ednimamente invasiva, en Nueva York.","breadcrumb":{"@id":"https:\/\/liversurgeryny.com\/es\/colecistectomia-robotica\/#breadcrumb"},"inLanguage":"es","potentialAction":[{"@type":"ReadAction","target":["https:\/\/liversurgeryny.com\/es\/colecistectomia-robotica\/"]}]},{"@type":"BreadcrumbList","@id":"https:\/\/liversurgeryny.com\/es\/colecistectomia-robotica\/#breadcrumb","itemListElement":[{"@type":"ListItem","position":1,"name":"Home","item":"https:\/\/liversurgeryny.com\/es\/"},{"@type":"ListItem","position":2,"name":"Colecistectom\u00eda rob\u00f3tica"}]},{"@type":"WebSite","@id":"https:\/\/liversurgeryny.com\/#website","url":"https:\/\/liversurgeryny.com\/","name":"Dmitri Alden, MD, FACS","description":"","potentialAction":[{"@type":"SearchAction","target":{"@type":"EntryPoint","urlTemplate":"https:\/\/liversurgeryny.com\/?s={search_term_string}"},"query-input":{"@type":"PropertyValueSpecification","valueRequired":true,"valueName":"search_term_string"}}],"inLanguage":"es"}]}},"_links":{"self":[{"href":"https:\/\/liversurgeryny.com\/es\/wp-json\/wp\/v2\/pages\/2275","targetHints":{"allow":["GET"]}}],"collection":[{"href":"https:\/\/liversurgeryny.com\/es\/wp-json\/wp\/v2\/pages"}],"about":[{"href":"https:\/\/liversurgeryny.com\/es\/wp-json\/wp\/v2\/types\/page"}],"author":[{"embeddable":true,"href":"https:\/\/liversurgeryny.com\/es\/wp-json\/wp\/v2\/users\/1"}],"replies":[{"embeddable":true,"href":"https:\/\/liversurgeryny.com\/es\/wp-json\/wp\/v2\/comments?post=2275"}],"version-history":[{"count":2,"href":"https:\/\/liversurgeryny.com\/es\/wp-json\/wp\/v2\/pages\/2275\/revisions"}],"predecessor-version":[{"id":2277,"href":"https:\/\/liversurgeryny.com\/es\/wp-json\/wp\/v2\/pages\/2275\/revisions\/2277"}],"wp:attachment":[{"href":"https:\/\/liversurgeryny.com\/es\/wp-json\/wp\/v2\/media?parent=2275"}],"curies":[{"name":"wp","href":"https:\/\/api.w.org\/{rel}","templated":true}]}}