{"id":2272,"date":"2022-08-16T06:10:39","date_gmt":"2022-08-16T11:10:39","guid":{"rendered":"https:\/\/liversurgeryny.com\/?page_id=2272"},"modified":"2022-10-12T03:55:39","modified_gmt":"2022-10-12T08:55:39","slug":"procedimiento-de-whipple-totalmente-robotizado","status":"publish","type":"page","link":"https:\/\/liversurgeryny.com\/es\/cirugia-para-pancreas\/procedimiento-de-whipple-totalmente-robotizado\/","title":{"rendered":"Procedimiento de Whipple totalmente robotizado"},"content":{"rendered":"<p>El procedimiento de Whipple, tambi\u00e9n llamado \u2018pancreaticoduodenectom\u00eda\u2019, es uno de los m\u00e9todos m\u00e1s efectivos, aunque tambi\u00e9n complejos dentro de la cirug\u00eda general, para extirpar tumores y otros trastornos en el p\u00e1ncreas, los conductos biliares o los intestinos. Requiere la extracci\u00f3n de partes del sistema gastrointestinal que posteriormente deber\u00e1n ser reconectados. El Dr. Dmitri Alden es uno de los pocos cirujanos onc\u00f3logos que realizan este procedimiento de manera totalmente rob\u00f3tica en la Ciudad de Nueva York.<\/p>\n<h2>\u00bfEn qu\u00e9 consiste el procedimiento de Whipple?<\/h2>\n<p>Este procedimiento consiste en la extirpaci\u00f3n de la cabeza del p\u00e1ncreas, la ves\u00edcula biliar, el duodeno (primera parte del intestino delgado) y el conducto biliar. Una vez que se retiran los componentes necesarios, y en funci\u00f3n del problema que se presente, los elementos restantes deben ser reconectados quir\u00fargicamente. Esta cirug\u00eda tan precisa y delicada puede llegar a tardar entre 5 y 6 horas, lo que puede resultar agotador para los cirujanos y el equipo m\u00e9dico que la realizan. La raz\u00f3n m\u00e1s com\u00fan por la que se recomienda el procedimiento de Whipple es el tratamiento de tumores pancre\u00e1ticos o c\u00e1ncer, aunque tambi\u00e9n puede ser usado frente a otras afecciones del tracto gastrointestinal.<\/p>\n<h3>Ventajas del procedimiento de Whipple totalmente robotizado<\/h3>\n<p>Antiguamente, el procedimiento de Whipple se realizaba exclusivamente a trav\u00e9s de la cirug\u00eda abierta tradicional, pero hoy en d\u00eda se puede realizar por v\u00eda laparosc\u00f3pica y mediante un sistema totalmente rob\u00f3tico, lo que presenta varias ventajas, como le enumeramos a continuaci\u00f3n:<\/p>\n<ul>\n<li>Los micro movimientos necesarios en el procedimiento de Whipple son mucho m\u00e1s precisos.<\/li>\n<li>La visibilidad dentro del abdomen tiene una perspectiva 3D muy superior.<\/li>\n<li>Al tratarse de brazos totalmente rob\u00f3ticos, son movidos mec\u00e1nicamente y no por el cirujano.<\/li>\n<li>Al ser un procedimiento totalmente robotizado, elimina toda posibilidad de temblores.<\/li>\n<li>Los movimientos repetitivos pueden ser realizados incansablemente, durante todo el procedimiento.<\/li>\n<li>Requiere de incisiones m\u00e1s peque\u00f1as, ninguna de ellas en medio del abdomen, lo que se traduce en una m\u00e1s r\u00e1pida recuperaci\u00f3n y un mejor resultado est\u00e9tico para el paciente.<\/li>\n<li>Las estancias hospitalarias son m\u00ednimas.<\/li>\n<\/ul>\n<p>Para muchos pacientes con c\u00e1ncer de p\u00e1ncreas y tumores en el tracto gastrointestinal, el procedimiento de Whipple totalmente robotizado constituye una extraordinaria alternativa. Sin embargo, no todos los pacientes son candidatos \u00f3ptimos para someterse a este tipo de cirug\u00edas. En aquellos pacientes en los que una pancreaticoduodenectom\u00eda pudiera ser recomendable, el Dr. Dmitri Alden y su amplio equipo de colaboradores ayudar\u00e1n a determinar la mejor alternativa quir\u00fargica y de tratamiento integral.<\/p>\n<p>Si usted ha sido diagnosticado con c\u00e1ncer de p\u00e1ncreas y desea la asistencia de uno de los mejores cirujanos onc\u00f3logos, especialista en la utilizaci\u00f3n del procedimiento de Whipple totalmente robotizado, m\u00e9todo m\u00ednimamente invasivo con el que podr\u00e1 beneficiarse de los mejores resultados m\u00e9dicos y de una m\u00e1s r\u00e1pida recuperaci\u00f3n, comun\u00edquese hoy mismo y programe una consulta con el Dr. Dmitri Alden llamando a nuestras oficinas en la Ciudad de Nueva York.<\/p>\n","protected":false},"excerpt":{"rendered":"<p>El procedimiento de Whipple, tambi\u00e9n llamado \u2018pancreaticoduodenectom\u00eda\u2019, es uno de los m\u00e9todos m\u00e1s efectivos, aunque tambi\u00e9n complejos dentro de la cirug\u00eda general, para extirpar tumores y otros trastornos en el p\u00e1ncreas, los conductos biliares o los intestinos. Requiere la extracci\u00f3n de partes del sistema gastrointestinal que posteriormente deber\u00e1n ser reconectados. El Dr. Dmitri Alden es&hellip; <a href=\"https:\/\/liversurgeryny.com\/es\/cirugia-para-pancreas\/procedimiento-de-whipple-totalmente-robotizado\/\" class=\"btn btn-outline-primary  more-link d-none\">Seguir leyendo<\/a><\/p>\n","protected":false},"author":1,"featured_media":0,"parent":2296,"menu_order":0,"comment_status":"closed","ping_status":"closed","template":"","meta":{"_acf_changed":false,"footnotes":""},"class_list":["post-2272","page","type-page","status-publish"],"acf":[],"yoast_head":"<!-- This site is optimized with the Yoast SEO plugin v27.4 - https:\/\/yoast.com\/product\/yoast-seo-wordpress\/ -->\n<title>Procedimiento de Whipple robotizado en Nueva York | tratamiento m\u00ednimamente invasivo del c\u00e1ncer | Nueva York<\/title>\n<meta name=\"description\" content=\"El procedimiento de Whipple es un m\u00e9todo quir\u00fargico por el que se extirpa el c\u00e1ncer de la cavidad abdominal. El Dr. Dmitri Alden realiza el procedimiento de Whipple totalmente robotizado en las cirug\u00edas que practica en Nueva York.\" \/>\n<meta name=\"robots\" content=\"index, follow, max-snippet:-1, max-image-preview:large, max-video-preview:-1\" \/>\n<link rel=\"canonical\" href=\"https:\/\/liversurgeryny.com\/es\/procedimiento-de-whipple-totalmente-robotizado\/\" \/>\n<meta property=\"og:locale\" content=\"es_ES\" \/>\n<meta property=\"og:type\" content=\"article\" \/>\n<meta property=\"og:title\" content=\"Procedimiento de Whipple robotizado en Nueva York | tratamiento m\u00ednimamente invasivo del c\u00e1ncer | Nueva York\" \/>\n<meta property=\"og:description\" content=\"El procedimiento de Whipple es un m\u00e9todo quir\u00fargico por el que se extirpa el c\u00e1ncer de la cavidad abdominal. El Dr. Dmitri Alden realiza el procedimiento de Whipple totalmente robotizado en las cirug\u00edas que practica en Nueva York.\" \/>\n<meta property=\"og:url\" content=\"https:\/\/liversurgeryny.com\/es\/procedimiento-de-whipple-totalmente-robotizado\/\" \/>\n<meta property=\"og:site_name\" content=\"Dmitri Alden, MD, FACS\" \/>\n<meta property=\"article:modified_time\" content=\"2022-10-12T08:55:39+00:00\" \/>\n<meta property=\"og:image\" content=\"https:\/\/liversurgeryny.com\/wp-content\/uploads\/2022\/09\/background-2.jpg\" \/>\n<meta name=\"twitter:card\" content=\"summary_large_image\" \/>\n<meta name=\"twitter:image\" content=\"https:\/\/liversurgeryny.com\/wp-content\/uploads\/2022\/09\/background-2.jpg\" \/>\n<meta name=\"twitter:label1\" content=\"Tiempo de lectura\" \/>\n\t<meta name=\"twitter:data1\" content=\"3 minutos\" \/>\n<!-- \/ Yoast SEO plugin. -->","yoast_head_json":{"title":"Procedimiento de Whipple robotizado en Nueva York | tratamiento m\u00ednimamente invasivo del c\u00e1ncer | Nueva York","description":"El procedimiento de Whipple es un m\u00e9todo quir\u00fargico por el que se extirpa el c\u00e1ncer de la cavidad abdominal. El Dr. Dmitri Alden realiza el procedimiento de Whipple totalmente robotizado en las cirug\u00edas que practica en Nueva York.","robots":{"index":"index","follow":"follow","max-snippet":"max-snippet:-1","max-image-preview":"max-image-preview:large","max-video-preview":"max-video-preview:-1"},"canonical":"https:\/\/liversurgeryny.com\/es\/procedimiento-de-whipple-totalmente-robotizado\/","og_locale":"es_ES","og_type":"article","og_title":"Procedimiento de Whipple robotizado en Nueva York | tratamiento m\u00ednimamente invasivo del c\u00e1ncer | Nueva York","og_description":"El procedimiento de Whipple es un m\u00e9todo quir\u00fargico por el que se extirpa el c\u00e1ncer de la cavidad abdominal. El Dr. Dmitri Alden realiza el procedimiento de Whipple totalmente robotizado en las cirug\u00edas que practica en Nueva York.","og_url":"https:\/\/liversurgeryny.com\/es\/procedimiento-de-whipple-totalmente-robotizado\/","og_site_name":"Dmitri Alden, MD, FACS","article_modified_time":"2022-10-12T08:55:39+00:00","og_image":[{"url":"https:\/\/liversurgeryny.com\/wp-content\/uploads\/2022\/09\/background-2.jpg","type":"","width":"","height":""}],"twitter_card":"summary_large_image","twitter_image":"https:\/\/liversurgeryny.com\/wp-content\/uploads\/2022\/09\/background-2.jpg","twitter_misc":{"Tiempo de lectura":"3 minutos"},"schema":{"@context":"https:\/\/schema.org","@graph":[{"@type":"WebPage","@id":"https:\/\/liversurgeryny.com\/es\/procedimiento-de-whipple-totalmente-robotizado\/","url":"https:\/\/liversurgeryny.com\/es\/procedimiento-de-whipple-totalmente-robotizado\/","name":"Procedimiento de Whipple robotizado en Nueva York | tratamiento m\u00ednimamente invasivo del c\u00e1ncer | Nueva York","isPartOf":{"@id":"https:\/\/liversurgeryny.com\/#website"},"datePublished":"2022-08-16T11:10:39+00:00","dateModified":"2022-10-12T08:55:39+00:00","description":"El procedimiento de Whipple es un m\u00e9todo quir\u00fargico por el que se extirpa el c\u00e1ncer de la cavidad abdominal. El Dr. Dmitri Alden realiza el procedimiento de Whipple totalmente robotizado en las cirug\u00edas que practica en Nueva York.","breadcrumb":{"@id":"https:\/\/liversurgeryny.com\/es\/procedimiento-de-whipple-totalmente-robotizado\/#breadcrumb"},"inLanguage":"es","potentialAction":[{"@type":"ReadAction","target":["https:\/\/liversurgeryny.com\/es\/procedimiento-de-whipple-totalmente-robotizado\/"]}]},{"@type":"BreadcrumbList","@id":"https:\/\/liversurgeryny.com\/es\/procedimiento-de-whipple-totalmente-robotizado\/#breadcrumb","itemListElement":[{"@type":"ListItem","position":1,"name":"Home","item":"https:\/\/liversurgeryny.com\/es\/"},{"@type":"ListItem","position":2,"name":"Cirug\u00eda para p\u00e1ncreas","item":"https:\/\/liversurgeryny.com\/es\/cirugia-para-pancreas\/"},{"@type":"ListItem","position":3,"name":"Procedimiento de Whipple totalmente robotizado"}]},{"@type":"WebSite","@id":"https:\/\/liversurgeryny.com\/#website","url":"https:\/\/liversurgeryny.com\/","name":"Dmitri Alden, MD, FACS","description":"","potentialAction":[{"@type":"SearchAction","target":{"@type":"EntryPoint","urlTemplate":"https:\/\/liversurgeryny.com\/?s={search_term_string}"},"query-input":{"@type":"PropertyValueSpecification","valueRequired":true,"valueName":"search_term_string"}}],"inLanguage":"es"}]}},"_links":{"self":[{"href":"https:\/\/liversurgeryny.com\/es\/wp-json\/wp\/v2\/pages\/2272","targetHints":{"allow":["GET"]}}],"collection":[{"href":"https:\/\/liversurgeryny.com\/es\/wp-json\/wp\/v2\/pages"}],"about":[{"href":"https:\/\/liversurgeryny.com\/es\/wp-json\/wp\/v2\/types\/page"}],"author":[{"embeddable":true,"href":"https:\/\/liversurgeryny.com\/es\/wp-json\/wp\/v2\/users\/1"}],"replies":[{"embeddable":true,"href":"https:\/\/liversurgeryny.com\/es\/wp-json\/wp\/v2\/comments?post=2272"}],"version-history":[{"count":2,"href":"https:\/\/liversurgeryny.com\/es\/wp-json\/wp\/v2\/pages\/2272\/revisions"}],"predecessor-version":[{"id":2274,"href":"https:\/\/liversurgeryny.com\/es\/wp-json\/wp\/v2\/pages\/2272\/revisions\/2274"}],"up":[{"embeddable":true,"href":"https:\/\/liversurgeryny.com\/es\/wp-json\/wp\/v2\/pages\/2296"}],"wp:attachment":[{"href":"https:\/\/liversurgeryny.com\/es\/wp-json\/wp\/v2\/media?parent=2272"}],"curies":[{"name":"wp","href":"https:\/\/api.w.org\/{rel}","templated":true}]}}