{"id":2269,"date":"2022-08-15T16:09:00","date_gmt":"2022-08-15T21:09:00","guid":{"rendered":"https:\/\/liversurgeryny.com\/?page_id=2269"},"modified":"2022-10-12T03:48:50","modified_gmt":"2022-10-12T08:48:50","slug":"reseccion-robotica-de-higado-con-da-vinci-xi","status":"publish","type":"page","link":"https:\/\/liversurgeryny.com\/es\/reseccion-robotica-de-higado-con-da-vinci-xi\/","title":{"rendered":"Resecci\u00f3n rob\u00f3tica de h\u00edgado con Da Vinci Xi\u2122"},"content":{"rendered":"<p>La tecnolog\u00eda m\u00e9dica ha mejorado la seguridad y la eficacia de muchos procedimientos quir\u00fargicos y uno de los avances m\u00e1s incre\u00edbles que se han producido en las \u00faltimas d\u00e9cadas es la, cada vez mayor, asistencia de robots en estas intervenciones. El sistema rob\u00f3tico Da Vinci se utiliza en una amplia gama de cirug\u00edas, tanto generales como especializadas, alcanzando \u00e9xitos sin precedentes. El Dr. Dmitri Alden es uno de los mejores cirujanos onc\u00f3logos, experto en la t\u00e9cnica de resecci\u00f3n hep\u00e1tica mediante el sistema rob\u00f3tico Da Vinci Xi\u2122, pr\u00e1ctica quir\u00fargica que realiza en New York.<\/p>\n<p>Da Vinci Xi\u2122 es un sistema de rob\u00f3tica avanzada que mejora la precisi\u00f3n y, por tanto, la seguridad durante cirug\u00edas complejas, como la resecci\u00f3n hep\u00e1tica. Este sistema consta de tres componentes: una consola para el cirujano, un carrito con los brazos rob\u00f3ticos y otro con los monitores para la visi\u00f3n. Cuando el Dr. Alden realiza una resecci\u00f3n hep\u00e1tica con este sistema, desde la consola del cirujano controla los brazos rob\u00f3ticos y, unido a la visi\u00f3n 3D y en alta definici\u00f3n que recibe de la anatom\u00eda del paciente, consigue mover los instrumentos mec\u00e1nicamente como si \u00e9stos fueran sus propias manos, aunque con mucha mayor precisi\u00f3n y rango de movimientos de lo que unas manos humanas podr\u00edan alcanzar. As\u00ed, los dos carritos trabajan durante la intervenci\u00f3n, sincronizados y en perfecta comunicaci\u00f3n en tiempo real con la consola del cirujano.<\/p>\n<h2>Beneficios de la cirug\u00eda rob\u00f3tica de h\u00edgado<\/h2>\n<p>La cirug\u00eda para la resecci\u00f3n hep\u00e1tica mediante el sistema rob\u00f3tico Da Vinci Xi\u2122 puede ser empleada en muchos de los casos en que es necesario extirpar tumores hep\u00e1ticos. Este m\u00e9todo es mucho menos invasivo que la cirug\u00eda abierta tradicional y proporciona una opci\u00f3n m\u00e1s eficaz y, por tanto, segura para el tratamiento del c\u00e1ncer de h\u00edgado. A continuaci\u00f3n, le enumeramos algunos de los beneficios de utilizar la tecnolog\u00eda del sistema rob\u00f3tico Da Vinci Xi\u2122 para la resecci\u00f3n hep\u00e1tica:<\/p>\n<ul>\n<li><strong>Incisiones m\u00e1s peque\u00f1as:<\/strong> en lugar de realizar un gran corte para acceder al h\u00edgado, se utilizan varias incisiones del tama\u00f1o suficiente para permitir que los peque\u00f1os instrumentos rob\u00f3ticos realicen la resecci\u00f3n. Esto reduce significativamente las afectaciones al tejido circundante, disminuyendo as\u00ed el riesgo de hernias.<\/li>\n<li><strong>Reducci\u00f3n de las complicaciones:<\/strong> gracias a la naturaleza m\u00ednimamente invasiva de este tipo de cirug\u00edas, disminuye sensiblemente la p\u00e9rdida de sangre, por lo que rara vez se necesitan transfusiones sangu\u00edneas, reduciendo igualmente los riesgos de infecciones, en comparaci\u00f3n con la cirug\u00eda abierta.<\/li>\n<li><strong>Recuperaci\u00f3n m\u00e1s r\u00e1pida y con menos dolor:<\/strong> gracias a este m\u00e9todo, los pacientes se pueden recuperar de la cirug\u00eda con mucha mayor rapidez, lo que minimiza el tiempo de estancia en el hospital. Tambi\u00e9n el dolor se reduce sensiblemente, debido a una mucho menor afectaci\u00f3n en los m\u00fasculos y tejidos del abdomen.<\/li>\n<\/ul>\n<p>Si bien el sistema rob\u00f3tico Da Vinci Xi\u2122 no puede ser utilizado en todas las cirug\u00edas de resecci\u00f3n hep\u00e1tica o hepatectom\u00eda, cuando esto es posible, resulta una excelente opci\u00f3n. El Dr. Dmitri Alden es l\u00edder en la utilizaci\u00f3n de t\u00e9cnicas quir\u00fargicas asistidas por robot, obteniendo los mejores resultados para sus pacientes. Si desea obtener m\u00e1s informaci\u00f3n sobre las opciones disponibles de cirug\u00eda hep\u00e1tica con uno de los mejores cirujanos del pa\u00eds y especialista en enfermedades hep\u00e1ticas, comun\u00edquese hoy mismo con nuestras oficinas en Manhattan y programe una consulta con el Dr. Alden.<\/p>\n","protected":false},"excerpt":{"rendered":"<p>La tecnolog\u00eda m\u00e9dica ha mejorado la seguridad y la eficacia de muchos procedimientos quir\u00fargicos y uno de los avances m\u00e1s incre\u00edbles que se han producido en las \u00faltimas d\u00e9cadas es la, cada vez mayor, asistencia de robots en estas intervenciones. El sistema rob\u00f3tico Da Vinci se utiliza en una amplia gama de cirug\u00edas, tanto generales&hellip; <a href=\"https:\/\/liversurgeryny.com\/es\/reseccion-robotica-de-higado-con-da-vinci-xi\/\" class=\"btn btn-outline-primary  more-link d-none\">Seguir leyendo<\/a><\/p>\n","protected":false},"author":1,"featured_media":0,"parent":0,"menu_order":0,"comment_status":"closed","ping_status":"closed","template":"","meta":{"_acf_changed":false,"footnotes":""},"class_list":["post-2269","page","type-page","status-publish"],"acf":[],"yoast_head":"<!-- This site is optimized with the Yoast SEO plugin v27.4 - https:\/\/yoast.com\/product\/yoast-seo-wordpress\/ -->\n<title>Resecci\u00f3n de h\u00edgado en Nueva York mediante el sistema rob\u00f3tico Da Vinci Xi\u2122 | Cirug\u00eda para hepatectom\u00eda<\/title>\n<meta name=\"description\" content=\"La cirug\u00eda asistida por robot puede ofrecer una opci\u00f3n m\u00e1s segura en aquellos pacientes que requieren de hepatectom\u00eda. El Dr. Dmitri Alden realiza cirug\u00eda para la resecci\u00f3n hep\u00e1tica mediante el sistema rob\u00f3tico Da Vinci Xi\u2122 en Nueva York.\" \/>\n<meta name=\"robots\" content=\"index, follow, max-snippet:-1, max-image-preview:large, max-video-preview:-1\" \/>\n<link rel=\"canonical\" href=\"https:\/\/liversurgeryny.com\/es\/reseccion-robotica-de-higado-con-da-vinci-xi\/\" \/>\n<meta property=\"og:locale\" content=\"es_ES\" \/>\n<meta property=\"og:type\" content=\"article\" \/>\n<meta property=\"og:title\" content=\"Resecci\u00f3n de h\u00edgado en Nueva York mediante el sistema rob\u00f3tico Da Vinci Xi\u2122 | Cirug\u00eda para hepatectom\u00eda\" \/>\n<meta property=\"og:description\" content=\"La cirug\u00eda asistida por robot puede ofrecer una opci\u00f3n m\u00e1s segura en aquellos pacientes que requieren de hepatectom\u00eda. El Dr. Dmitri Alden realiza cirug\u00eda para la resecci\u00f3n hep\u00e1tica mediante el sistema rob\u00f3tico Da Vinci Xi\u2122 en Nueva York.\" \/>\n<meta property=\"og:url\" content=\"https:\/\/liversurgeryny.com\/es\/reseccion-robotica-de-higado-con-da-vinci-xi\/\" \/>\n<meta property=\"og:site_name\" content=\"Dmitri Alden, MD, FACS\" \/>\n<meta property=\"article:modified_time\" content=\"2022-10-12T08:48:50+00:00\" \/>\n<meta property=\"og:image\" content=\"https:\/\/liversurgeryny.com\/wp-content\/uploads\/2022\/09\/background-2.jpg\" \/>\n<meta name=\"twitter:card\" content=\"summary_large_image\" \/>\n<meta name=\"twitter:image\" content=\"https:\/\/liversurgeryny.com\/wp-content\/uploads\/2022\/09\/background-2.jpg\" \/>\n<meta name=\"twitter:label1\" content=\"Tiempo de lectura\" \/>\n\t<meta name=\"twitter:data1\" content=\"3 minutos\" \/>\n<!-- \/ Yoast SEO plugin. -->","yoast_head_json":{"title":"Resecci\u00f3n de h\u00edgado en Nueva York mediante el sistema rob\u00f3tico Da Vinci Xi\u2122 | Cirug\u00eda para hepatectom\u00eda","description":"La cirug\u00eda asistida por robot puede ofrecer una opci\u00f3n m\u00e1s segura en aquellos pacientes que requieren de hepatectom\u00eda. El Dr. Dmitri Alden realiza cirug\u00eda para la resecci\u00f3n hep\u00e1tica mediante el sistema rob\u00f3tico Da Vinci Xi\u2122 en Nueva York.","robots":{"index":"index","follow":"follow","max-snippet":"max-snippet:-1","max-image-preview":"max-image-preview:large","max-video-preview":"max-video-preview:-1"},"canonical":"https:\/\/liversurgeryny.com\/es\/reseccion-robotica-de-higado-con-da-vinci-xi\/","og_locale":"es_ES","og_type":"article","og_title":"Resecci\u00f3n de h\u00edgado en Nueva York mediante el sistema rob\u00f3tico Da Vinci Xi\u2122 | Cirug\u00eda para hepatectom\u00eda","og_description":"La cirug\u00eda asistida por robot puede ofrecer una opci\u00f3n m\u00e1s segura en aquellos pacientes que requieren de hepatectom\u00eda. El Dr. Dmitri Alden realiza cirug\u00eda para la resecci\u00f3n hep\u00e1tica mediante el sistema rob\u00f3tico Da Vinci Xi\u2122 en Nueva York.","og_url":"https:\/\/liversurgeryny.com\/es\/reseccion-robotica-de-higado-con-da-vinci-xi\/","og_site_name":"Dmitri Alden, MD, FACS","article_modified_time":"2022-10-12T08:48:50+00:00","og_image":[{"url":"https:\/\/liversurgeryny.com\/wp-content\/uploads\/2022\/09\/background-2.jpg","type":"","width":"","height":""}],"twitter_card":"summary_large_image","twitter_image":"https:\/\/liversurgeryny.com\/wp-content\/uploads\/2022\/09\/background-2.jpg","twitter_misc":{"Tiempo de lectura":"3 minutos"},"schema":{"@context":"https:\/\/schema.org","@graph":[{"@type":"WebPage","@id":"https:\/\/liversurgeryny.com\/es\/reseccion-robotica-de-higado-con-da-vinci-xi\/","url":"https:\/\/liversurgeryny.com\/es\/reseccion-robotica-de-higado-con-da-vinci-xi\/","name":"Resecci\u00f3n de h\u00edgado en Nueva York mediante el sistema rob\u00f3tico Da Vinci Xi\u2122 | Cirug\u00eda para hepatectom\u00eda","isPartOf":{"@id":"https:\/\/liversurgeryny.com\/#website"},"datePublished":"2022-08-15T21:09:00+00:00","dateModified":"2022-10-12T08:48:50+00:00","description":"La cirug\u00eda asistida por robot puede ofrecer una opci\u00f3n m\u00e1s segura en aquellos pacientes que requieren de hepatectom\u00eda. El Dr. Dmitri Alden realiza cirug\u00eda para la resecci\u00f3n hep\u00e1tica mediante el sistema rob\u00f3tico Da Vinci Xi\u2122 en Nueva York.","breadcrumb":{"@id":"https:\/\/liversurgeryny.com\/es\/reseccion-robotica-de-higado-con-da-vinci-xi\/#breadcrumb"},"inLanguage":"es","potentialAction":[{"@type":"ReadAction","target":["https:\/\/liversurgeryny.com\/es\/reseccion-robotica-de-higado-con-da-vinci-xi\/"]}]},{"@type":"BreadcrumbList","@id":"https:\/\/liversurgeryny.com\/es\/reseccion-robotica-de-higado-con-da-vinci-xi\/#breadcrumb","itemListElement":[{"@type":"ListItem","position":1,"name":"Home","item":"https:\/\/liversurgeryny.com\/es\/"},{"@type":"ListItem","position":2,"name":"Resecci\u00f3n rob\u00f3tica de h\u00edgado con Da Vinci Xi\u2122"}]},{"@type":"WebSite","@id":"https:\/\/liversurgeryny.com\/#website","url":"https:\/\/liversurgeryny.com\/","name":"Dmitri Alden, MD, FACS","description":"","potentialAction":[{"@type":"SearchAction","target":{"@type":"EntryPoint","urlTemplate":"https:\/\/liversurgeryny.com\/?s={search_term_string}"},"query-input":{"@type":"PropertyValueSpecification","valueRequired":true,"valueName":"search_term_string"}}],"inLanguage":"es"}]}},"_links":{"self":[{"href":"https:\/\/liversurgeryny.com\/es\/wp-json\/wp\/v2\/pages\/2269","targetHints":{"allow":["GET"]}}],"collection":[{"href":"https:\/\/liversurgeryny.com\/es\/wp-json\/wp\/v2\/pages"}],"about":[{"href":"https:\/\/liversurgeryny.com\/es\/wp-json\/wp\/v2\/types\/page"}],"author":[{"embeddable":true,"href":"https:\/\/liversurgeryny.com\/es\/wp-json\/wp\/v2\/users\/1"}],"replies":[{"embeddable":true,"href":"https:\/\/liversurgeryny.com\/es\/wp-json\/wp\/v2\/comments?post=2269"}],"version-history":[{"count":2,"href":"https:\/\/liversurgeryny.com\/es\/wp-json\/wp\/v2\/pages\/2269\/revisions"}],"predecessor-version":[{"id":2271,"href":"https:\/\/liversurgeryny.com\/es\/wp-json\/wp\/v2\/pages\/2269\/revisions\/2271"}],"wp:attachment":[{"href":"https:\/\/liversurgeryny.com\/es\/wp-json\/wp\/v2\/media?parent=2269"}],"curies":[{"name":"wp","href":"https:\/\/api.w.org\/{rel}","templated":true}]}}