{"id":2265,"date":"2022-08-14T16:52:56","date_gmt":"2022-08-14T21:52:56","guid":{"rendered":"https:\/\/liversurgeryny.com\/?page_id=2265"},"modified":"2022-10-12T03:41:09","modified_gmt":"2022-10-12T08:41:09","slug":"cirugia-laparoscopica-y-robotica-de-cancer","status":"publish","type":"page","link":"https:\/\/liversurgeryny.com\/es\/cirugia-laparoscopica-y-robotica-de-cancer\/","title":{"rendered":"Cirug\u00eda laparosc\u00f3pica y rob\u00f3tica de c\u00e1ncer"},"content":{"rendered":"<p>La cirug\u00eda laparosc\u00f3pica y rob\u00f3tica del h\u00edgado y p\u00e1ncreas es un nuevo y emergente campo de la medicina para el que los cirujanos, no solo necesitan una amplia experiencia en operaciones tradicionales de dichos \u00f3rganos vitales, sino que tambi\u00e9n precisan de un entrenamiento especial tanto en capacitaci\u00f3n laparosc\u00f3pica como rob\u00f3tica. El Dr. Dmitri Alden est\u00e1 altamente capacitado y cuenta con una amplia experiencia en cirug\u00eda laparosc\u00f3pica y rob\u00f3tica de h\u00edgado y p\u00e1ncreas.<\/p>\n<p>Por favor, tenga en cuenta que el Dr. Alden acepta su seguro m\u00e9dico si \u00e9ste incluye su tratamiento en el plan de coberturas, pero de no ser as\u00ed y dada la singularidad de su especialidad, su oficina le ayudar\u00e1, como lo hace frecuentemente, en la obtenci\u00f3n de las autorizaciones previas que requiera la compa\u00f1\u00eda aseguradora, contact\u00e1ndola para conocer a fondo los beneficios a los que usted tiene derecho y haci\u00e9ndolos valer. Usted disfrutar\u00e1 del lujo y los beneficios de la medicina acad\u00e9mica de m\u00e1s alta calidad, en un ambiente y servicios de primera clase, sin sufrir las molestas p\u00e9rdidas de tiempo y la burocracia, tan habituales en las salas de espera de los hospitales. La mayor\u00eda de las p\u00f3lizas de seguros reembolsan a los pacientes gran parte del costo de la cirug\u00eda y, para facilitarlo, nuestro coordinador quir\u00fargico le ayudar\u00e1 entreg\u00e1ndole una detallada cotizaci\u00f3n del tratamiento.<\/p>\n<p><strong>El Dr. Alden, cirujano de c\u00e1ncer de h\u00edgado y p\u00e1ncreas, adem\u00e1s de una consulta presencial en su consultorio de la Ciudad de Nueva York, proporciona tambi\u00e9n consultas virtuales a pacientes y profesionales m\u00e9dicos que est\u00e9n en cualquier lugar del mundo. Por favor, para m\u00e1s informaci\u00f3n, llame hoy mismo a nuestras oficinas.<\/strong><\/p>\n<p>Las intervenciones de cirug\u00eda laparosc\u00f3pica y rob\u00f3tica son, t\u00e9cnicamente, procedimientos extremadamente desafiantes que requieren de una considerable concentraci\u00f3n y una gran capacidad tanto f\u00edsica como mental para ser realizadas de manera segura. La recompensa suele ser una r\u00e1pida sanaci\u00f3n y recuperaci\u00f3n, con una corta estad\u00eda en el hospital, un acceso casi inmediato a los tratamientos complementarios que se necesitaran, y un excelente resultado est\u00e9tico. Este tipo de operaciones, pr\u00e1cticamente no dejan cicatrices en el abdomen y, aunque los m\u00e1s cr\u00edticos afirman que este asunto es secundario y resulta hasta irrelevante para los pacientes que est\u00e1n siendo tratados de un c\u00e1ncer mayor, nuestros cirujanos y especialistas piensan lo contrario.<\/p>\n<blockquote><p>Mi ap\u00e9ndice no andaba bien as\u00ed que acab\u00e9 en la sala de emergencias del Hospital Lenox Hill, donde el Dr. Alden me realiz\u00f3 una apendicectom\u00eda laparosc\u00f3pica. Fue la cirug\u00eda m\u00e1s tranquila de mi vida. Los dolores postoperatorios fueron m\u00ednimos y despu\u00e9s de un d\u00eda pas\u00e9 a tomar simplemente Tylenol. Dos d\u00edas despu\u00e9s de eso, ya no tengo necesidad de tomar nada. Han pasado ya tres semanas y ni siquiera puedo ver d\u00f3nde fueron hechas las incisiones. Estoy completamente curado y no tengo ni rastro de la operaci\u00f3n. El Dr. Alden es un cirujano asombroso. <strong>~ Google<\/strong><\/p><\/blockquote>\n<p>Los aspectos psicol\u00f3gicos que envuelven una cirug\u00eda son tomados muy en serio por nosotros, por ello, aunque un buen resultado est\u00e9tico pudiera no ser la principal preocupaci\u00f3n de nuestros pacientes, s\u00ed representa una especial importancia para muchos de ellos. La ausencia de grandes cicatrices deformantes mejora, no solo la condici\u00f3n y el rendimiento f\u00edsico del paciente, sino tambi\u00e9n su bienestar emocional y su calidad de vida en general, aspectos que preocupan a muchos de ellos.<\/p>\n<h2>Procedimientos de cirug\u00eda laparosc\u00f3pica y rob\u00f3tica de c\u00e1ncer que se practican<\/h2>\n<ol>\n<li>Resecci\u00f3n hep\u00e1tica (m\u00e9todo abierto): hepatectom\u00eda derecha\/izquierda, lobectom\u00eda, resecciones anat\u00f3micas sectoriales y segmentarias, resecciones no anat\u00f3micas.<\/li>\n<li>Resecci\u00f3n hep\u00e1tica laparosc\u00f3pica.<\/li>\n<li>Resecci\u00f3n hep\u00e1tica asistida, utilizando el sistema rob\u00f3tico Da Vinci.<\/li>\n<li>Resecci\u00f3n vascular y reconstrucci\u00f3n de vasos sangu\u00edneos hep\u00e1ticos (vena porta, arteria hep\u00e1tica y vena cava).<\/li>\n<li>Ablaci\u00f3n por microondas (MWA) de tumores hep\u00e1ticos, incluye intervenciones transcut\u00e1neas y laparosc\u00f3picas m\u00ednimamente invasivas, guiadas por ultrasonido.<\/li>\n<li>Implantes de bombas intrahep\u00e1ticas para quimioterapia intraarterial.<\/li>\n<li>Reconstrucci\u00f3n y reparaci\u00f3n biliar, incluidos aquellos casos intrahep\u00e1ticos complejos que precisan de m\u00faltiples conexiones de conductos biliares.<\/li>\n<li>Cirug\u00eda para correcci\u00f3n de hipertensi\u00f3n portal (porto-caval, meso-caval y otros tipos de derivaciones quir\u00fargicas).<\/li>\n<li>Procedimiento de Whipple.<\/li>\n<li>Pancreatectom\u00eda distal, realizada en la actualidad, casi exclusivamente, mediante el sistema rob\u00f3tico Da Vinci.<\/li>\n<li>Cirug\u00eda para la pancreatitis cr\u00f3nica (procedimiento de Puestow, procedimiento de Frey).<\/li>\n<li>Cirug\u00eda laparosc\u00f3pica para los pseudoquistes pancre\u00e1ticos, realizada casi exclusivamente mediante laparoscopia o con el sistema rob\u00f3tico Da Vinci.<\/li>\n<li>Otras cirug\u00edas laparosc\u00f3picas de la parte superior del abdomen, dirigidas a problemas en est\u00f3mago, bazo y gl\u00e1ndula suprarrenal.<\/li>\n<li>Cirug\u00eda para tumores abdominales extremadamente grandes, con uso ocasional de circulaci\u00f3n sangu\u00ednea extracorp\u00f3rea o derivaci\u00f3n venosa (bypass).<\/li>\n<\/ol>\n<h2>Descripci\u00f3n de la tecnolog\u00eda empleada en cirug\u00eda laparosc\u00f3pica y rob\u00f3tica para el c\u00e1ncer<\/h2>\n<p>Los \u00faltimos avances en t\u00e9cnicas quir\u00fargicas, instrumentaci\u00f3n y tecnolog\u00eda han hecho posible que las intervenciones quir\u00fargicas en el h\u00edgado, los conductos biliares y el p\u00e1ncreas se hayan vuelto m\u00ednimamente invasivas. Aunque estos procedimientos son rara vez propuestos por otros doctores en todo el mundo, son realizados de manera rutinaria y con gran \u00e9xito por el Dr. Alden en el <a href=\"https:\/\/lenoxhill.northwell.edu\/\" target=\"_blank\" rel=\"noreferrer noopener\">Hospital Lenox Hill<\/a>.<\/p>\n<dl id=\"faq-1\" class=\"flc-faq\"><dt>\u00bfQu\u00e9 es una cirug\u00eda m\u00ednimamente invasiva?<\/dt><dd><p>El desarrollo de t\u00e9cnicas de cirug\u00eda m\u00ednimamente invasivas tiene como principal objetivo el poder realizar intervenciones quir\u00fargicas utilizando peque\u00f1as incisiones que no comprometan el resultado ni la calidad de \u00e9stas. Much\u00edsimos cirujanos llevan a\u00f1os trabajando arduamente con ingenieros y con la industria m\u00e9dica para desarrollar herramientas cada vez m\u00e1s eficaces y adaptadas a procedimientos quir\u00fargicos m\u00ednimamente invasivos.<\/p>\n<p>El primer resultado de este trabajo conjunto fue la aparici\u00f3n de la laparoscopia, cuyo m\u00e9todo ha sido ya adoptado en todo el mundo y supone hoy en d\u00eda, un est\u00e1ndar en muchos procedimientos quir\u00fargicos. El segundo paso importante lo ha supuesto la creaci\u00f3n del sistema rob\u00f3tico Da Vinci, considerado por muchos una maravilla moderna, en lo que a innovaci\u00f3n quir\u00fargica se refiere. Estos sistemas e instrumentos hacen posible que los cirujanos m\u00e1s calificados y capacitados puedan realizar intervenciones complejas, sin apenas dejar cicatrices.<\/p>\n<\/dd><dt>\u00bfQu\u00e9 es una laparoscopia?<\/dt><dd><p>La laparoscopia es una t\u00e9cnica mediante la cual se realizan operaciones quir\u00fargicas en el abdomen a trav\u00e9s de peque\u00f1as incisiones (generalmente de 0.5-1.5 cm), mucho menores en comparaci\u00f3n con las utilizadas en la cirug\u00eda tradicional. A trav\u00e9s de estos peque\u00f1os orificios realizados se introducen una peque\u00f1a c\u00e1mara y los diferentes instrumentos quir\u00fargicos necesarios para la intervenci\u00f3n, todo ello a la vez que se bombea di\u00f3xido de carbono en la cavidad abdominal, con el fin de inflarla como un globo y crear un amplio espacio de trabajo.<\/p>\n<p>Durante la laparoscopia, el cirujano y sus asistentes mueven los diferentes instrumentos dentro del cuerpo del paciente, en funci\u00f3n del problema que deban tratar y apoy\u00e1ndose en las im\u00e1genes que transmite la c\u00e1mara introducida en la cavidad abdominal. Los m\u00e1s grandes desaf\u00edos de esta t\u00e9cnica son, por una parte, la extrema coordinaci\u00f3n ojo-mano que debe tener el equipo quir\u00fargico en todo momento y, en segundo lugar, la capacidad del cirujano de interpretar im\u00e1genes bidimensionales mostradas en el monitor de TV y convertirlas en el espacio tridimensional sobre el que realiza la cirug\u00eda real.<\/p>\n<\/dd><dt>El sistema rob\u00f3tico Da Vinci<\/dt><dd><p>La creaci\u00f3n de este sistema rob\u00f3tico ha permitido que los cirujanos pudieran superar algunos de los desaf\u00edos planteados por la laparoscopia. Estas intervenciones comienzan como un procedimiento laparosc\u00f3pico habitual, pero en el momento en que las incisiones son realizadas y la c\u00e1mara es introducida en el abdomen, el robot se \u201cacopla\u201d al paciente, mediante la conexi\u00f3n de brazos mec\u00e1nicos con distinto instrumental que se inserta en \u00e9l. A continuaci\u00f3n, el cirujano se presenta frente a una consola desde la que mueve los brazos rob\u00f3ticos en funci\u00f3n de sus necesidades.<\/p>\n<p>El sistema rob\u00f3tico Da Vinci aborda muchas de las dificultades y frustraciones con que se enfrenta com\u00fanmente la laparoscopia, como por ejemplo la limitaci\u00f3n en la capacidad de rotaci\u00f3n de los instrumentos. Los brazos rob\u00f3ticos posibilitan una rotaci\u00f3n real de 360 grados, lo que permite una manipulaci\u00f3n m\u00e1s f\u00e1cil de tejidos y una sutura mucho m\u00e1s r\u00e1pida y segura. El sistema Da Vinci utiliza tambi\u00e9n un sistema de c\u00e1maras dobles que crean una vista del \u00e1rea de operaci\u00f3n casi tridimensional en la consola del cirujano, mejorando la percepci\u00f3n de profundidad, lo que incrementa la precisi\u00f3n y, por tanto, la seguridad para el paciente.<\/p>\n<\/dd><dt>\u00bfSoy candidato a una cirug\u00eda laparosc\u00f3pica o rob\u00f3tica de h\u00edgado o p\u00e1ncreas?<\/dt><dd><p>La mayor\u00eda de los procedimientos m\u00e1s comunes que se realizan hoy en d\u00eda en h\u00edgado y p\u00e1ncreas pueden realizarse en nuestras instalaciones mediante la utilizaci\u00f3n de t\u00e9cnicas laparosc\u00f3picas o rob\u00f3ticas. De hecho, la inmensa mayor\u00eda de nuestras cirug\u00edas son realizadas procurando que sean m\u00ednimamente invasivas, por lo que, si alg\u00fan otro m\u00e9dico le ha dicho que esto no es posible, probablemente a\u00fan podr\u00edamos ofrecerle esta opci\u00f3n, gracias a nuestra amplia experiencia en este campo.<\/p>\n<p>Desafortunadamente, no todos los pacientes ni todas las dolencias pueden ser tratadas de esta manera. La decisi\u00f3n debe estar basada en m\u00faltiples factores, muchos de ellos dif\u00edciles de resumir brevemente. Algunos de los aspectos que juegan un papel importante a la hora de decidir si un paciente puede o no ser candidato a una cirug\u00eda laparosc\u00f3pica o rob\u00f3tica son el tama\u00f1o del tumor (o tumores), su ubicaci\u00f3n, su proximidad a los vasos sangu\u00edneos grandes, el estado de salud general del paciente y la tolerancia de \u00e9ste a que su abdomen se expanda con aire durante un per\u00edodo prolongado de tiempo.<\/p>\n<p>Por favor, comun\u00edquese hoy mismo con nuestras oficinas en la Ciudad de Nueva York para una valoraci\u00f3n detallada de su caso.<\/p>\n<\/dd><\/dl>\n<p>Para obtener m\u00e1s informaci\u00f3n relacionada con la cirug\u00eda laparosc\u00f3pica y rob\u00f3tica de c\u00e1ncer o para programar una consulta, por favor no dude en comunicarse hoy mismo con el Dr. Dmitri Alden, MD, FACS, cirujano onc\u00f3logo para h\u00edgado, p\u00e1ncreas y conductos biliares en la Ciudad de Nueva York, llamando al tel\u00e9fono (+1) (212) 434-6216, o a trav\u00e9s de nuestra p\u00e1gina web.<\/p>\n","protected":false},"excerpt":{"rendered":"<p>La cirug\u00eda laparosc\u00f3pica y rob\u00f3tica del h\u00edgado y p\u00e1ncreas es un nuevo y emergente campo de la medicina para el que los cirujanos, no solo necesitan una amplia experiencia en operaciones tradicionales de dichos \u00f3rganos vitales, sino que tambi\u00e9n precisan de un entrenamiento especial tanto en capacitaci\u00f3n laparosc\u00f3pica como rob\u00f3tica. El Dr. Dmitri Alden est\u00e1&hellip; <a href=\"https:\/\/liversurgeryny.com\/es\/cirugia-laparoscopica-y-robotica-de-cancer\/\" class=\"btn btn-outline-primary  more-link d-none\">Seguir leyendo<\/a><\/p>\n","protected":false},"author":1,"featured_media":0,"parent":0,"menu_order":0,"comment_status":"closed","ping_status":"closed","template":"","meta":{"_acf_changed":false,"footnotes":""},"class_list":["post-2265","page","type-page","status-publish"],"acf":[],"yoast_head":"<!-- This site is optimized with the Yoast SEO plugin v27.4 - https:\/\/yoast.com\/product\/yoast-seo-wordpress\/ -->\n<title>Cirug\u00eda laparosc\u00f3pica y rob\u00f3tica de h\u00edgado\/p\u00e1ncreas en Nueva York | Nueva York<\/title>\n<meta name=\"description\" content=\"Cirug\u00eda laparosc\u00f3pica y rob\u00f3tica para el c\u00e1ncer en Nueva York: El cirujano para el c\u00e1ncer de h\u00edgado y p\u00e1ncreas, Dmitry Alden, MD, realiza cirug\u00eda laparosc\u00f3pica y rob\u00f3tica de c\u00e1ncer de h\u00edgado y p\u00e1ncreas.\" \/>\n<meta name=\"robots\" content=\"index, follow, max-snippet:-1, max-image-preview:large, max-video-preview:-1\" \/>\n<link rel=\"canonical\" href=\"https:\/\/liversurgeryny.com\/es\/cirugia-laparoscopica-y-robotica-de-cancer\/\" \/>\n<meta property=\"og:locale\" content=\"es_ES\" \/>\n<meta property=\"og:type\" content=\"article\" \/>\n<meta property=\"og:title\" content=\"Cirug\u00eda laparosc\u00f3pica y rob\u00f3tica de h\u00edgado\/p\u00e1ncreas en Nueva York | Nueva York\" \/>\n<meta property=\"og:description\" content=\"Cirug\u00eda laparosc\u00f3pica y rob\u00f3tica para el c\u00e1ncer en Nueva York: El cirujano para el c\u00e1ncer de h\u00edgado y p\u00e1ncreas, Dmitry Alden, MD, realiza cirug\u00eda laparosc\u00f3pica y rob\u00f3tica de c\u00e1ncer de h\u00edgado y p\u00e1ncreas.\" \/>\n<meta property=\"og:url\" content=\"https:\/\/liversurgeryny.com\/es\/cirugia-laparoscopica-y-robotica-de-cancer\/\" \/>\n<meta property=\"og:site_name\" content=\"Dmitri Alden, MD, FACS\" \/>\n<meta property=\"article:modified_time\" content=\"2022-10-12T08:41:09+00:00\" \/>\n<meta property=\"og:image\" content=\"https:\/\/liversurgeryny.com\/wp-content\/uploads\/2022\/09\/background-2.jpg\" \/>\n<meta name=\"twitter:card\" content=\"summary_large_image\" \/>\n<meta name=\"twitter:image\" content=\"https:\/\/liversurgeryny.com\/wp-content\/uploads\/2022\/09\/background-2.jpg\" \/>\n<!-- \/ Yoast SEO plugin. -->","yoast_head_json":{"title":"Cirug\u00eda laparosc\u00f3pica y rob\u00f3tica de h\u00edgado\/p\u00e1ncreas en Nueva York | Nueva York","description":"Cirug\u00eda laparosc\u00f3pica y rob\u00f3tica para el c\u00e1ncer en Nueva York: El cirujano para el c\u00e1ncer de h\u00edgado y p\u00e1ncreas, Dmitry Alden, MD, realiza cirug\u00eda laparosc\u00f3pica y rob\u00f3tica de c\u00e1ncer de h\u00edgado y p\u00e1ncreas.","robots":{"index":"index","follow":"follow","max-snippet":"max-snippet:-1","max-image-preview":"max-image-preview:large","max-video-preview":"max-video-preview:-1"},"canonical":"https:\/\/liversurgeryny.com\/es\/cirugia-laparoscopica-y-robotica-de-cancer\/","og_locale":"es_ES","og_type":"article","og_title":"Cirug\u00eda laparosc\u00f3pica y rob\u00f3tica de h\u00edgado\/p\u00e1ncreas en Nueva York | Nueva York","og_description":"Cirug\u00eda laparosc\u00f3pica y rob\u00f3tica para el c\u00e1ncer en Nueva York: El cirujano para el c\u00e1ncer de h\u00edgado y p\u00e1ncreas, Dmitry Alden, MD, realiza cirug\u00eda laparosc\u00f3pica y rob\u00f3tica de c\u00e1ncer de h\u00edgado y p\u00e1ncreas.","og_url":"https:\/\/liversurgeryny.com\/es\/cirugia-laparoscopica-y-robotica-de-cancer\/","og_site_name":"Dmitri Alden, MD, FACS","article_modified_time":"2022-10-12T08:41:09+00:00","og_image":[{"url":"https:\/\/liversurgeryny.com\/wp-content\/uploads\/2022\/09\/background-2.jpg","type":"","width":"","height":""}],"twitter_card":"summary_large_image","twitter_image":"https:\/\/liversurgeryny.com\/wp-content\/uploads\/2022\/09\/background-2.jpg","schema":{"@context":"https:\/\/schema.org","@graph":[{"@type":"WebPage","@id":"https:\/\/liversurgeryny.com\/es\/cirugia-laparoscopica-y-robotica-de-cancer\/","url":"https:\/\/liversurgeryny.com\/es\/cirugia-laparoscopica-y-robotica-de-cancer\/","name":"Cirug\u00eda laparosc\u00f3pica y rob\u00f3tica de h\u00edgado\/p\u00e1ncreas en Nueva York | Nueva York","isPartOf":{"@id":"https:\/\/liversurgeryny.com\/#website"},"datePublished":"2022-08-14T21:52:56+00:00","dateModified":"2022-10-12T08:41:09+00:00","description":"Cirug\u00eda laparosc\u00f3pica y rob\u00f3tica para el c\u00e1ncer en Nueva York: El cirujano para el c\u00e1ncer de h\u00edgado y p\u00e1ncreas, Dmitry Alden, MD, realiza cirug\u00eda laparosc\u00f3pica y rob\u00f3tica de c\u00e1ncer de h\u00edgado y p\u00e1ncreas.","breadcrumb":{"@id":"https:\/\/liversurgeryny.com\/es\/cirugia-laparoscopica-y-robotica-de-cancer\/#breadcrumb"},"inLanguage":"es","potentialAction":[{"@type":"ReadAction","target":["https:\/\/liversurgeryny.com\/es\/cirugia-laparoscopica-y-robotica-de-cancer\/"]}]},{"@type":"BreadcrumbList","@id":"https:\/\/liversurgeryny.com\/es\/cirugia-laparoscopica-y-robotica-de-cancer\/#breadcrumb","itemListElement":[{"@type":"ListItem","position":1,"name":"Home","item":"https:\/\/liversurgeryny.com\/es\/"},{"@type":"ListItem","position":2,"name":"Cirug\u00eda laparosc\u00f3pica y rob\u00f3tica de c\u00e1ncer"}]},{"@type":"WebSite","@id":"https:\/\/liversurgeryny.com\/#website","url":"https:\/\/liversurgeryny.com\/","name":"Dmitri Alden, MD, FACS","description":"","potentialAction":[{"@type":"SearchAction","target":{"@type":"EntryPoint","urlTemplate":"https:\/\/liversurgeryny.com\/?s={search_term_string}"},"query-input":{"@type":"PropertyValueSpecification","valueRequired":true,"valueName":"search_term_string"}}],"inLanguage":"es"}]}},"_links":{"self":[{"href":"https:\/\/liversurgeryny.com\/es\/wp-json\/wp\/v2\/pages\/2265","targetHints":{"allow":["GET"]}}],"collection":[{"href":"https:\/\/liversurgeryny.com\/es\/wp-json\/wp\/v2\/pages"}],"about":[{"href":"https:\/\/liversurgeryny.com\/es\/wp-json\/wp\/v2\/types\/page"}],"author":[{"embeddable":true,"href":"https:\/\/liversurgeryny.com\/es\/wp-json\/wp\/v2\/users\/1"}],"replies":[{"embeddable":true,"href":"https:\/\/liversurgeryny.com\/es\/wp-json\/wp\/v2\/comments?post=2265"}],"version-history":[{"count":2,"href":"https:\/\/liversurgeryny.com\/es\/wp-json\/wp\/v2\/pages\/2265\/revisions"}],"predecessor-version":[{"id":2267,"href":"https:\/\/liversurgeryny.com\/es\/wp-json\/wp\/v2\/pages\/2265\/revisions\/2267"}],"wp:attachment":[{"href":"https:\/\/liversurgeryny.com\/es\/wp-json\/wp\/v2\/media?parent=2265"}],"curies":[{"name":"wp","href":"https:\/\/api.w.org\/{rel}","templated":true}]}}